{"id":962,"date":"2021-09-30T11:01:41","date_gmt":"2021-09-30T09:01:41","guid":{"rendered":"https:\/\/www.bioethanolshop.nl\/?post_type=product&#038;p=962"},"modified":"2024-12-02T16:19:19","modified_gmt":"2024-12-02T15:19:19","slug":"veranda-semsiye-gaz-teras-isitici-mat-siyah-216x50x50cm-teras-isitici","status":"publish","type":"product","link":"https:\/\/www.bioethanolshop.nl\/tr\/product\/patio-umbrella-gas-terrasheater-mat-zwart-216x50x50cm-patioheater\/","title":{"rendered":"Veranda \u015eemsiye gazl\u0131 veranda \u0131s\u0131t\u0131c\u0131 mat siyah 216x50x50cm Veranda \u0131s\u0131t\u0131c\u0131"},"content":{"rendered":"<h2>Veranda \u015eemsiye gazl\u0131 veranda \u0131s\u0131t\u0131c\u0131 mat siyah 216x50x50cm Veranda \u0131s\u0131t\u0131c\u0131<\/h2>\n<p>UMBRELLA, yaz mevsiminizi uzatacak gazla \u00e7al\u0131\u015fan modern bir d\u0131\u015f mekan \u0131s\u0131t\u0131c\u0131s\u0131d\u0131r. Varl\u0131\u011f\u0131 sayesinde, bah\u00e7ede veya terasta aile ve arkada\u015flarla ge\u00e7irilen harika anlar\u0131n so\u011fuk ak\u015famlar\u0131n gelmesiyle sona ermesi gerekmez.<\/p>\n<p>UMBRELLA, yaz mevsiminizi uzatacak modern bir gazl\u0131 \u0131s\u0131t\u0131c\u0131d\u0131r. Varl\u0131\u011f\u0131 sayesinde, bah\u00e7ede veya terasta aile ve arkada\u015flarla ge\u00e7irilen harika anlar\u0131n so\u011fuk ak\u015famlar\u0131n gelmesiyle sona ermesi gerekmez. Cihaz size ho\u015f bir s\u0131cakl\u0131k ve benzersiz bir tasar\u0131m garanti eder ve \u00e7evreyi ayd\u0131nlatan etkileyici alevi sayesinde benzersiz bir atmosfer yarat\u0131r. S\u0131cakl\u0131k, atmosfer, konfor ve g\u00fcvenlik UMBRELLA'n\u0131n temel \u00f6zellikleridir.<\/p>\n<p><strong>MODERN TASARIM<\/strong><\/p>\n<p>UMBRELLA \u0131s\u0131t\u0131c\u0131, teras\u0131n\u0131zda veya bah\u00e7enizde benzersiz bir dekorasyon sa\u011flar. Restoran ve otel end\u00fcstrisinde yemek ve e\u011flence alan\u0131n\u0131 tamamlamak i\u00e7in ba\u015far\u0131yla kullan\u0131labilir.<\/p>\n<p>Is\u0131t\u0131c\u0131n\u0131n zarif tasar\u0131m\u0131 stilize edilmi\u015ftir ve ilgin\u00e7, g\u00f6z al\u0131c\u0131 bir dekorasyon olu\u015fturur. \u00c7ekici g\u00f6r\u00fcn\u00fcm ve ho\u015f s\u0131cakl\u0131k, evlerdeki veya restoranlardaki bah\u00e7elerin ve teraslar\u0131n ilkbahar, yaz ve sonbahar ak\u015famlar\u0131nda her zaman misafirlerle dolu olmas\u0131n\u0131 sa\u011flayacakt\u0131r.<\/p>\n<p><strong>RAHAT KULLANIM<\/strong><\/p>\n<p>Is\u0131t\u0131c\u0131n\u0131n \u00e7al\u0131\u015ft\u0131r\u0131lmas\u0131 sadece birka\u00e7 saniye s\u00fcrer. Son derece kullan\u0131\u015fl\u0131 ve sezgiseldir.<\/p>\n<p>S\u00fcrekli olarak tam g\u00fc\u00e7te, hatta 17 saate kadar \u00e7al\u0131\u015fabilir. Bir gaz t\u00fcp\u00fc ile \u00e7al\u0131\u015f\u0131r. Hem propan-b\u00fctan gaz\u0131 hem de saf propan i\u00e7in uygundur. Saf propan gaz \u015fi\u015felerini kullanman\u0131z\u0131 \u00f6neririz.<\/p>\n<p>UMBRELLA \u0131s\u0131t\u0131c\u0131 g\u00fcr\u00fclt\u00fc yapmaz ve kokmaz. \u00c7al\u0131\u015fmas\u0131 ayr\u0131ca hava sirk\u00fclasyonunu etkilemez, bu da \u00f6zellikle alerjisi olan kullan\u0131c\u0131lar i\u00e7in \u00f6nemlidir.<\/p>\n<p><strong>EN \u00dcST D\u00dcZEYDE G\u00dcVENLIK<\/strong><\/p>\n<p>UMBRELLA soba, cihaz\u0131n g\u00f6vdesine gizlenmi\u015f bir t\u00fcpten gelen s\u0131v\u0131 gazla \u00e7al\u0131\u015f\u0131r. Alevler, kullan\u0131c\u0131y\u0131 ate\u015fle do\u011frudan temastan koruyan \u00f6zel bir hazne i\u00e7ine yerle\u015ftirilmi\u015ftir.<\/p>\n<p>Is\u0131t\u0131c\u0131n\u0131n tasar\u0131m\u0131 ve yap\u0131s\u0131, yanan ate\u015fin r\u00fczgardan korunmas\u0131n\u0131 garanti eder. UMBRELLA \u0131s\u0131t\u0131c\u0131, cihaz\u0131n devrilmesi durumunda reg\u00fclat\u00f6re giden gaz beslemesini otomatik olarak kesen ve ayn\u0131 anda alevi s\u00f6nd\u00fcren \u00f6zel bir devrilme \u00f6nleyici damper ile donat\u0131lm\u0131\u015ft\u0131r.<\/p>\n<p>Is\u0131t\u0131c\u0131, kontrols\u00fcz yak\u0131t s\u0131z\u0131nt\u0131s\u0131na kar\u015f\u0131 koruma sa\u011flayan tamamen g\u00fcvenli, manuel bir gaz kontrol sistemi ile donat\u0131lm\u0131\u015ft\u0131r. Ayr\u0131ca cihaz, alevin kontrol br\u00fcl\u00f6r\u00fcnden \u00fcflenmesi durumunda br\u00fcl\u00f6re giden gaz beslemesini kesen bir termokupl sens\u00f6r\u00fc ile donat\u0131lm\u0131\u015ft\u0131r.<\/p>","protected":false},"excerpt":{"rendered":"<p class=\"page-heading\" data-bltgi=\"k6AZw5ViqNJSzQipqzRF-g.2_7.8\">Veranda \u015eemsiye gazl\u0131 veranda \u0131s\u0131t\u0131c\u0131 mat siyah 216x50x50cm Veranda \u0131s\u0131t\u0131c\u0131<\/p>","protected":false},"featured_media":964,"comment_status":"closed","ping_status":"closed","template":"","meta":{"_acf_changed":false},"product_brand":[],"product_cat":[76,66,65],"product_tag":[53,54,52],"class_list":{"0":"post-962","1":"product","2":"type-product","3":"status-publish","4":"has-post-thumbnail","6":"product_cat-bioethanolshop-black-friday","7":"product_cat-kratki","8":"product_cat-terrasheaters-op-gas","9":"product_tag-gasheater","10":"product_tag-patioheater","11":"product_tag-terrasheater","13":"first","14":"outofstock","15":"taxable","16":"shipping-taxable","17":"purchasable","18":"product-type-simple"},"bundled_by":[],"bundle_stock_status":"outofstock","bundle_stock_quantity":null,"bundle_virtual":false,"bundle_layout":"","bundle_add_to_cart_form_location":"","bundle_editable_in_cart":false,"bundle_sold_individually_context":"","bundle_item_grouping":"","bundle_min_size":"","bundle_max_size":"","bundle_price":[],"bundled_items":[],"bundle_sell_ids":[],"acf":[],"yoast_head":"<!-- This site is optimized with the Yoast SEO Premium plugin v27.2 (Yoast SEO v27.2) - https:\/\/yoast.com\/product\/yoast-seo-premium-wordpress\/ -->\n<title>Patio Umbrella gas terrasheater mat zwart 216x50x50cm Patioheater<\/title>\n<meta name=\"description\" content=\"ACTIEPRIJS: Patio Umbrella gas terrasheater mat zwart 216x50x50cm Patioheater is een moderne buitenverwarmer op gas van hoge kwaliteit\" \/>\n<meta name=\"robots\" content=\"index, follow, max-snippet:-1, max-image-preview:large, max-video-preview:-1\" \/>\n<link rel=\"canonical\" href=\"https:\/\/www.bioethanolshop.nl\/tr\/urun\/veranda-semsiye-gaz-teras-isitici-mat-siyah-216x50x50cm-teras-isitici\/\" \/>\n<meta property=\"og:locale\" content=\"tr_TR\" \/>\n<meta property=\"og:type\" content=\"article\" \/>\n<meta property=\"og:title\" content=\"Patio Umbrella gas terrasheater mat zwart 216x50x50cm Patioheater\" \/>\n<meta property=\"og:description\" content=\"ACTIEPRIJS: Patio Umbrella gas terrasheater mat zwart 216x50x50cm Patioheater is een moderne buitenverwarmer op gas van hoge kwaliteit\" \/>\n<meta property=\"og:url\" content=\"https:\/\/www.bioethanolshop.nl\/tr\/urun\/veranda-semsiye-gaz-teras-isitici-mat-siyah-216x50x50cm-teras-isitici\/\" \/>\n<meta property=\"og:site_name\" content=\"Bioethanolshop.nl\" \/>\n<meta property=\"article:publisher\" content=\"https:\/\/www.facebook.com\/profile.php?id=100064154436458\" \/>\n<meta property=\"article:modified_time\" content=\"2024-12-02T15:19:19+00:00\" \/>\n<meta property=\"og:image\" content=\"https:\/\/www.bioethanolshop.nl\/wp-content\/uploads\/2021\/09\/umbrella2.gif\" \/>\n\t<meta property=\"og:image:width\" content=\"800\" \/>\n\t<meta property=\"og:image:height\" content=\"800\" \/>\n\t<meta property=\"og:image:type\" content=\"image\/gif\" \/>\n<meta name=\"twitter:card\" content=\"summary_large_image\" \/>\n<meta name=\"twitter:label1\" content=\"Tahmini okuma s\u00fcresi\" \/>\n\t<meta name=\"twitter:data1\" content=\"2 dakika\" \/>\n<!-- \/ Yoast SEO Premium plugin. -->","yoast_head_json":{"title":"Veranda \u015eemsiye gazl\u0131 veranda \u0131s\u0131t\u0131c\u0131 mat siyah 216x50x50cm Veranda \u0131s\u0131t\u0131c\u0131","description":"ACTION PRICE: Patio Umbrella gazl\u0131 veranda \u0131s\u0131t\u0131c\u0131 mat siyah 216x50x50cm Patioheater, y\u00fcksek kaliteli modern bir d\u0131\u015f mekan gazl\u0131 \u0131s\u0131t\u0131c\u0131d\u0131r","robots":{"index":"index","follow":"follow","max-snippet":"max-snippet:-1","max-image-preview":"max-image-preview:large","max-video-preview":"max-video-preview:-1"},"canonical":"https:\/\/www.bioethanolshop.nl\/tr\/urun\/veranda-semsiye-gaz-teras-isitici-mat-siyah-216x50x50cm-teras-isitici\/","og_locale":"tr_TR","og_type":"article","og_title":"Patio Umbrella gas terrasheater mat zwart 216x50x50cm Patioheater","og_description":"ACTIEPRIJS: Patio Umbrella gas terrasheater mat zwart 216x50x50cm Patioheater is een moderne buitenverwarmer op gas van hoge kwaliteit","og_url":"https:\/\/www.bioethanolshop.nl\/tr\/urun\/veranda-semsiye-gaz-teras-isitici-mat-siyah-216x50x50cm-teras-isitici\/","og_site_name":"Bioethanolshop.nl","article_publisher":"https:\/\/www.facebook.com\/profile.php?id=100064154436458","article_modified_time":"2024-12-02T15:19:19+00:00","og_image":[{"width":800,"height":800,"url":"https:\/\/www.bioethanolshop.nl\/wp-content\/uploads\/2021\/09\/umbrella2.gif","type":"image\/gif"}],"twitter_card":"summary_large_image","twitter_misc":{"Tahmini okuma s\u00fcresi":"2 dakika"},"schema":{"@context":"https:\/\/schema.org","@graph":[{"@type":"WebPage","@id":"https:\/\/www.bioethanolshop.nl\/product\/patio-umbrella-gas-terrasheater-mat-zwart-216x50x50cm-patioheater\/","url":"https:\/\/www.bioethanolshop.nl\/product\/patio-umbrella-gas-terrasheater-mat-zwart-216x50x50cm-patioheater\/","name":"Veranda \u015eemsiye gazl\u0131 veranda \u0131s\u0131t\u0131c\u0131 mat siyah 216x50x50cm Veranda \u0131s\u0131t\u0131c\u0131","isPartOf":{"@id":"https:\/\/www.bioethanolshop.nl\/en\/#website"},"primaryImageOfPage":{"@id":"https:\/\/www.bioethanolshop.nl\/product\/patio-umbrella-gas-terrasheater-mat-zwart-216x50x50cm-patioheater\/#primaryimage"},"image":{"@id":"https:\/\/www.bioethanolshop.nl\/product\/patio-umbrella-gas-terrasheater-mat-zwart-216x50x50cm-patioheater\/#primaryimage"},"thumbnailUrl":"https:\/\/www.bioethanolshop.nl\/wp-content\/uploads\/2021\/09\/umbrella2.gif","datePublished":"2021-09-30T09:01:41+00:00","dateModified":"2024-12-02T15:19:19+00:00","description":"ACTION PRICE: Patio Umbrella gazl\u0131 veranda \u0131s\u0131t\u0131c\u0131 mat siyah 216x50x50cm Patioheater, y\u00fcksek kaliteli modern bir d\u0131\u015f mekan gazl\u0131 \u0131s\u0131t\u0131c\u0131d\u0131r","breadcrumb":{"@id":"https:\/\/www.bioethanolshop.nl\/product\/patio-umbrella-gas-terrasheater-mat-zwart-216x50x50cm-patioheater\/#breadcrumb"},"inLanguage":"tr","potentialAction":[{"@type":"ReadAction","target":["https:\/\/www.bioethanolshop.nl\/product\/patio-umbrella-gas-terrasheater-mat-zwart-216x50x50cm-patioheater\/"]}]},{"@type":"ImageObject","inLanguage":"tr","@id":"https:\/\/www.bioethanolshop.nl\/product\/patio-umbrella-gas-terrasheater-mat-zwart-216x50x50cm-patioheater\/#primaryimage","url":"https:\/\/www.bioethanolshop.nl\/wp-content\/uploads\/2021\/09\/umbrella2.gif","contentUrl":"https:\/\/www.bioethanolshop.nl\/wp-content\/uploads\/2021\/09\/umbrella2.gif","width":800,"height":800,"caption":"Umbrella gas terrasheater"},{"@type":"BreadcrumbList","@id":"https:\/\/www.bioethanolshop.nl\/product\/patio-umbrella-gas-terrasheater-mat-zwart-216x50x50cm-patioheater\/#breadcrumb","itemListElement":[{"@type":"ListItem","position":1,"name":"Home","item":"https:\/\/www.bioethanolshop.nl\/"},{"@type":"ListItem","position":2,"name":"Winkel","item":"https:\/\/www.bioethanolshop.nl\/en\/store\/"},{"@type":"ListItem","position":3,"name":"Patio Umbrella gas terrasheater mat zwart 216x50x50cm Patioheater"}]},{"@type":"WebSite","@id":"https:\/\/www.bioethanolshop.nl\/en\/#website","url":"https:\/\/www.bioethanolshop.nl\/en\/","name":"Bioethanolshop.co.uk","description":"Biyoetanolde en b\u00fcy\u00fck ve en kaliteli biyoetanol!","potentialAction":[{"@type":"SearchAction","target":{"@type":"EntryPoint","urlTemplate":"https:\/\/www.bioethanolshop.nl\/en\/?s={search_term_string}"},"query-input":{"@type":"PropertyValueSpecification","valueRequired":true,"valueName":"search_term_string"}}],"inLanguage":"tr"}]}},"_links":{"self":[{"href":"https:\/\/www.bioethanolshop.nl\/tr\/wp-json\/wp\/v2\/product\/962","targetHints":{"allow":["GET"]}}],"collection":[{"href":"https:\/\/www.bioethanolshop.nl\/tr\/wp-json\/wp\/v2\/product"}],"about":[{"href":"https:\/\/www.bioethanolshop.nl\/tr\/wp-json\/wp\/v2\/types\/product"}],"replies":[{"embeddable":true,"href":"https:\/\/www.bioethanolshop.nl\/tr\/wp-json\/wp\/v2\/comments?post=962"}],"version-history":[{"count":1,"href":"https:\/\/www.bioethanolshop.nl\/tr\/wp-json\/wp\/v2\/product\/962\/revisions"}],"predecessor-version":[{"id":11457,"href":"https:\/\/www.bioethanolshop.nl\/tr\/wp-json\/wp\/v2\/product\/962\/revisions\/11457"}],"wp:featuredmedia":[{"embeddable":true,"href":"https:\/\/www.bioethanolshop.nl\/tr\/wp-json\/wp\/v2\/media\/964"}],"wp:attachment":[{"href":"https:\/\/www.bioethanolshop.nl\/tr\/wp-json\/wp\/v2\/media?parent=962"}],"wp:term":[{"taxonomy":"product_brand","embeddable":true,"href":"https:\/\/www.bioethanolshop.nl\/tr\/wp-json\/wp\/v2\/product_brand?post=962"},{"taxonomy":"product_cat","embeddable":true,"href":"https:\/\/www.bioethanolshop.nl\/tr\/wp-json\/wp\/v2\/product_cat?post=962"},{"taxonomy":"product_tag","embeddable":true,"href":"https:\/\/www.bioethanolshop.nl\/tr\/wp-json\/wp\/v2\/product_tag?post=962"}],"curies":[{"name":"wp","href":"https:\/\/api.w.org\/{rel}","templated":true}]}}