{"id":660,"date":"2021-06-10T11:31:29","date_gmt":"2021-06-10T09:31:29","guid":{"rendered":"https:\/\/www.bioethanolshop.nl\/?post_type=product&#038;p=660"},"modified":"2024-12-06T14:09:59","modified_gmt":"2024-12-06T13:09:59","slug":"gaz-yakitli-veranda-isitici-serbest-kapakli-13kw-220cm","status":"publish","type":"product","link":"https:\/\/www.bioethanolshop.nl\/tr\/product\/terrasheater-op-gas-rvs-patioheater-met-gratis-hoes-13kw-220cm\/","title":{"rendered":"Gazl\u0131 veranda \u0131s\u0131t\u0131c\u0131 \u00dcCRETS\u0130Z kapakl\u0131 paslanmaz \u00e7elik veranda \u0131s\u0131t\u0131c\u0131 13kW 220cm"},"content":{"rendered":"<h1>Gazl\u0131 veranda \u0131s\u0131t\u0131c\u0131 \u00dcCRETS\u0130Z kapakl\u0131 paslanmaz \u00e7elik veranda \u0131s\u0131t\u0131c\u0131 13kW 220cm<\/h1>\n<h2><strong>paslanmaz \u00e7elik veranda \u0131s\u0131t\u0131c\u0131 BASIN\u00c7 KONTROLL\u00dc, ANT\u0130-KANTAR ANAHTARLI VE \u00dcCRETS\u0130Z GAZLI ISITMA K\u0130T\u0130 <\/strong><strong>KORUYUCU KAPAK<\/strong><\/h2>\n<p>1x Gazl\u0131 paslanmaz \u00e7elik veranda \u0131s\u0131t\u0131c\u0131 paslanmaz \u00e7elik koruyucu kapak, bas\u0131n\u00e7 reg\u00fclat\u00f6r\u00fc ve ticari d\u0131\u015f mekan kullan\u0131m\u0131 i\u00e7in tekerlekler ile komple set ve ayr\u0131ca \u00f6zel olarak da kullan\u0131labilir.<\/p>\n<h3><strong>Detaylar paslanmaz \u00e7elik veranda \u0131s\u0131t\u0131c\u0131<\/strong>:<\/h3>\n<p>Boyutlar: H 220.0 x \u00d8 81 cm<br \/>\nMalzeme: paslanmaz \u00e7elik<br \/>\nRenk: f\u0131r\u00e7alanm\u0131\u015f g\u00fcm\u00fc\u015f<br \/>\nA\u011f\u0131rl\u0131k: 17 kg<br \/>\nAksesuarlar: Is\u0131tma mantar\u0131, hortumlu bas\u0131n\u00e7 reg\u00fclat\u00f6r\u00fc, tekerlekler ve hava ko\u015fullar\u0131na kar\u015f\u0131 koruma kapa\u011f\u0131.<br \/>\nG\u00fcvenlik: Devrilme \u00f6nleyici anahtar<br \/>\nAte\u015fleme: piezoelektrik ate\u015fleme<br \/>\nIs\u0131tma kapasitesi: maks. 13 kW (450-945 g\/h)<br \/>\nGaz tipi: propan gaz\u0131, b\u00fctan gaz\u0131 ve kar\u0131\u015f\u0131mlar\u0131 (LPG)<\/p>\n<h3><strong>A\u00e7\u0131klama veranda \u0131s\u0131t\u0131c\u0131<\/strong>:<\/h3>\n<p>Bir gazl\u0131 \u0131s\u0131t\u0131c\u0131 sat\u0131n al\u0131rken, her zaman gerekli t\u00fcm par\u00e7alar\u0131n mevcut oldu\u011fundan emin olmal\u0131s\u0131n\u0131z.<\/p>\n<p>Bioethanolshop'ta, gerekli t\u00fcm par\u00e7alar zaten kite dahil edilmi\u015ftir ve bunlar ayr\u0131ca test i\u015faretleriyle birlikte gelir.<br \/>\nGenellikle, bas\u0131n\u00e7 reg\u00fclat\u00f6r\u00fc veya koruyucu kapak gibi \u00f6nemli aksesuarlar daha sonra sat\u0131n al\u0131n\u0131r.<br \/>\n\"Burnster\" model veranda \u0131s\u0131t\u0131c\u0131 setimizde her \u015fey dahildir, bu nedenle bunu daha sonra sipari\u015f etmenize gerek yoktur ve kalitesi test edilmi\u015ftir.<\/p>\n<p>Gaz ba\u011flant\u0131s\u0131, 13 kiloWatt'a kadar \u0131s\u0131tma \u00e7\u0131k\u0131\u015f\u0131na ve piezo ate\u015flemeli basit \u00e7al\u0131\u015fmaya olanak tan\u0131r<br \/>\nve kontrol d\u00fc\u011fmesi sayesinde istenen \u0131s\u0131 \u00e7\u0131k\u0131\u015f\u0131 kolayca ayarlanabilir.<br \/>\nGeni\u015f yans\u0131t\u0131c\u0131 ekran, verimli radyant \u0131s\u0131 sa\u011flar ve sonu\u00e7 olarak s\u0131cak havan\u0131n yukar\u0131 do\u011fru ka\u00e7mas\u0131n\u0131 \u00f6nler.<\/p>\n<p>Bu nedenle yak\u0131n \u00e7evredeki insanlar h\u0131zl\u0131 bir \u015fekilde ho\u015f bir s\u0131cakl\u0131k hissederler.<br \/>\nY\u00fcksek kaliteli veranda \u0131s\u0131t\u0131c\u0131, bah\u00e7e teras\u0131nda \u00f6zel olarak kullan\u0131labilir ve ayr\u0131ca <a href=\"https:\/\/www.rentmasters.nl\/product\/224\/terrasheater-exclusief-gas\">Parti \u00e7ad\u0131r\u0131.<\/a><br \/>\nTicari olarak restoran, bira bah\u00e7esi veya a\u00e7\u0131k hava partilerinde kullan\u0131l\u0131r.<\/p>\n<p>G\u00fcvenli\u011finize de b\u00fcy\u00fck \u00f6nem verdik, devrilme \u00f6nleyici anahtar devrilecek gibi olursa otomatik kapanma sa\u011flar.<br \/>\nBu, \u0131s\u0131t\u0131c\u0131n\u0131n d\u00fc\u015fmesi halinde yanmas\u0131n\u0131 \u00f6nler.<br \/>\nKolay hareket ettirme veya ayarlama i\u00e7in tekerlekler gibi \u00f6zellikler<br \/>\npaslanmaz \u00e7elik veranda \u0131s\u0131t\u0131c\u0131s\u0131n\u0131n teslimat\u0131 elbette teslimat kapsam\u0131na dahildir.<br \/>\nArt\u0131 \u00dcCRETS\u0130Z koruyucu k\u0131l\u0131f!<\/p>\n<h3><strong>Teslimat kapsam\u0131:<\/strong><\/h3>\n<p>1x set Teras \u0131s\u0131t\u0131c\u0131, listelenen aksesuarlarla birlikte, dekorasyonsuz.<\/p>\n<p>Bah\u00e7enizin veya teras\u0131n\u0131z\u0131n daha fazla dekorasyonu i\u00e7in <a href=\"https:\/\/www.bioethanolshop.nl\/tr\/urun-kategori%cc%87si%cc%87-23\/gunes-enerjili-bahce-aydinlatmasi\/\">bah\u00e7e lambalar\u0131<\/a> Kategori<\/p>","protected":false},"excerpt":{"rendered":"<p class=\"page-heading\" data-bltgi=\"k6AZw5ViqNJSzQipqzRF-g.2_7.8\"><span class=\"h-boxedright--xs\" data-test=\"title\">Veranda gazl\u0131 veranda \u0131s\u0131t\u0131c\u0131 paslanmaz \u00e7elik, \u00dcCRETS\u0130Z kapakl\u0131 13kW 220cm<\/span><\/p>","protected":false},"featured_media":2849,"comment_status":"closed","ping_status":"closed","template":"","meta":{"_acf_changed":false},"product_brand":[],"product_cat":[76,40,65],"product_tag":[53,54,52],"class_list":{"0":"post-660","1":"product","2":"type-product","3":"status-publish","4":"has-post-thumbnail","6":"product_cat-bioethanolshop-black-friday","7":"product_cat-kynast-solar","8":"product_cat-terrasheaters-op-gas","9":"product_tag-gasheater","10":"product_tag-patioheater","11":"product_tag-terrasheater","13":"first","14":"outofstock","15":"taxable","16":"shipping-taxable","17":"purchasable","18":"product-type-simple"},"bundled_by":[],"bundle_stock_status":"outofstock","bundle_stock_quantity":null,"bundle_virtual":false,"bundle_layout":"","bundle_add_to_cart_form_location":"","bundle_editable_in_cart":false,"bundle_sold_individually_context":"","bundle_item_grouping":"","bundle_min_size":"","bundle_max_size":"","bundle_price":[],"bundled_items":[],"bundle_sell_ids":[],"acf":[],"yoast_head":"<!-- This site is optimized with the Yoast SEO Premium plugin v27.2 (Yoast SEO v27.2) - https:\/\/yoast.com\/product\/yoast-seo-premium-wordpress\/ -->\n<title>Terrasheater op gas RVS patioheater met GRATIS hoes 13kW 220cm | Bioethanolshop.nl<\/title>\n<meta name=\"description\" content=\"Patio gas terrasheater RVS op wielen 13kW 220cm Compleet uitgevoerd met drukregelaar, anti kantel schakelaar en GRATIS beschermhoes\" \/>\n<meta name=\"robots\" content=\"index, follow, max-snippet:-1, max-image-preview:large, max-video-preview:-1\" \/>\n<link rel=\"canonical\" href=\"https:\/\/www.bioethanolshop.nl\/tr\/urun\/gaz-yakitli-veranda-isitici-serbest-kapakli-13kw-220cm\/\" \/>\n<meta property=\"og:locale\" content=\"tr_TR\" \/>\n<meta property=\"og:type\" content=\"article\" \/>\n<meta property=\"og:title\" content=\"Terrasheater op gas RVS patioheater met GRATIS hoes 13kW 220cm\" \/>\n<meta property=\"og:description\" content=\"Patio gas terrasheater RVS op wielen 13kW 220cm Compleet uitgevoerd met drukregelaar, anti kantel schakelaar en GRATIS beschermhoes\" \/>\n<meta property=\"og:url\" content=\"https:\/\/www.bioethanolshop.nl\/tr\/urun\/gaz-yakitli-veranda-isitici-serbest-kapakli-13kw-220cm\/\" \/>\n<meta property=\"og:site_name\" content=\"Bioethanolshop.nl\" \/>\n<meta property=\"article:publisher\" content=\"https:\/\/www.facebook.com\/profile.php?id=100064154436458\" \/>\n<meta property=\"article:modified_time\" content=\"2024-12-06T13:09:59+00:00\" \/>\n<meta property=\"og:image\" content=\"https:\/\/www.bioethanolshop.nl\/wp-content\/uploads\/2021\/06\/613-401068-b.jpg\" \/>\n\t<meta property=\"og:image:width\" content=\"2000\" \/>\n\t<meta property=\"og:image:height\" content=\"2000\" \/>\n\t<meta property=\"og:image:type\" content=\"image\/jpeg\" \/>\n<meta name=\"twitter:card\" content=\"summary_large_image\" \/>\n<meta name=\"twitter:label1\" content=\"Tahmini okuma s\u00fcresi\" \/>\n\t<meta name=\"twitter:data1\" content=\"2 dakika\" \/>\n<!-- \/ Yoast SEO Premium plugin. -->","yoast_head_json":{"title":"Gazl\u0131 teras \u0131s\u0131t\u0131c\u0131 \u00dcCRETS\u0130Z kapakl\u0131 paslanmaz \u00e7elik veranda \u0131s\u0131t\u0131c\u0131 13kW 220cm | Bioethanolshop.nl","description":"Veranda gazl\u0131 \u0131s\u0131t\u0131c\u0131 paslanmaz \u00e7elik tekerlekli 13kW 220cm Bas\u0131n\u00e7 reg\u00fclat\u00f6r\u00fc, e\u011filme \u00f6nleyici anahtar ve \u00dcCRETS\u0130Z koruyucu kapak ile birlikte","robots":{"index":"index","follow":"follow","max-snippet":"max-snippet:-1","max-image-preview":"max-image-preview:large","max-video-preview":"max-video-preview:-1"},"canonical":"https:\/\/www.bioethanolshop.nl\/tr\/urun\/gaz-yakitli-veranda-isitici-serbest-kapakli-13kw-220cm\/","og_locale":"tr_TR","og_type":"article","og_title":"Terrasheater op gas RVS patioheater met GRATIS hoes 13kW 220cm","og_description":"Patio gas terrasheater RVS op wielen 13kW 220cm Compleet uitgevoerd met drukregelaar, anti kantel schakelaar en GRATIS beschermhoes","og_url":"https:\/\/www.bioethanolshop.nl\/tr\/urun\/gaz-yakitli-veranda-isitici-serbest-kapakli-13kw-220cm\/","og_site_name":"Bioethanolshop.nl","article_publisher":"https:\/\/www.facebook.com\/profile.php?id=100064154436458","article_modified_time":"2024-12-06T13:09:59+00:00","og_image":[{"width":2000,"height":2000,"url":"https:\/\/www.bioethanolshop.nl\/wp-content\/uploads\/2021\/06\/613-401068-b.jpg","type":"image\/jpeg"}],"twitter_card":"summary_large_image","twitter_misc":{"Tahmini okuma s\u00fcresi":"2 dakika"},"schema":{"@context":"https:\/\/schema.org","@graph":[{"@type":"WebPage","@id":"https:\/\/www.bioethanolshop.nl\/product\/terrasheater-op-gas-rvs-patioheater-met-gratis-hoes-13kw-220cm\/","url":"https:\/\/www.bioethanolshop.nl\/product\/terrasheater-op-gas-rvs-patioheater-met-gratis-hoes-13kw-220cm\/","name":"Gazl\u0131 teras \u0131s\u0131t\u0131c\u0131 \u00dcCRETS\u0130Z kapakl\u0131 paslanmaz \u00e7elik veranda \u0131s\u0131t\u0131c\u0131 13kW 220cm | Bioethanolshop.nl","isPartOf":{"@id":"https:\/\/www.bioethanolshop.nl\/en\/#website"},"primaryImageOfPage":{"@id":"https:\/\/www.bioethanolshop.nl\/product\/terrasheater-op-gas-rvs-patioheater-met-gratis-hoes-13kw-220cm\/#primaryimage"},"image":{"@id":"https:\/\/www.bioethanolshop.nl\/product\/terrasheater-op-gas-rvs-patioheater-met-gratis-hoes-13kw-220cm\/#primaryimage"},"thumbnailUrl":"https:\/\/www.bioethanolshop.nl\/wp-content\/uploads\/2021\/06\/613-401068-b.jpg","datePublished":"2021-06-10T09:31:29+00:00","dateModified":"2024-12-06T13:09:59+00:00","description":"Veranda gazl\u0131 \u0131s\u0131t\u0131c\u0131 paslanmaz \u00e7elik tekerlekli 13kW 220cm Bas\u0131n\u00e7 reg\u00fclat\u00f6r\u00fc, e\u011filme \u00f6nleyici anahtar ve \u00dcCRETS\u0130Z koruyucu kapak ile birlikte","breadcrumb":{"@id":"https:\/\/www.bioethanolshop.nl\/product\/terrasheater-op-gas-rvs-patioheater-met-gratis-hoes-13kw-220cm\/#breadcrumb"},"inLanguage":"tr","potentialAction":[{"@type":"ReadAction","target":["https:\/\/www.bioethanolshop.nl\/product\/terrasheater-op-gas-rvs-patioheater-met-gratis-hoes-13kw-220cm\/"]}]},{"@type":"ImageObject","inLanguage":"tr","@id":"https:\/\/www.bioethanolshop.nl\/product\/terrasheater-op-gas-rvs-patioheater-met-gratis-hoes-13kw-220cm\/#primaryimage","url":"https:\/\/www.bioethanolshop.nl\/wp-content\/uploads\/2021\/06\/613-401068-b.jpg","contentUrl":"https:\/\/www.bioethanolshop.nl\/wp-content\/uploads\/2021\/06\/613-401068-b.jpg","width":2000,"height":2000,"caption":"Terrasheater op gas"},{"@type":"BreadcrumbList","@id":"https:\/\/www.bioethanolshop.nl\/product\/terrasheater-op-gas-rvs-patioheater-met-gratis-hoes-13kw-220cm\/#breadcrumb","itemListElement":[{"@type":"ListItem","position":1,"name":"Home","item":"https:\/\/www.bioethanolshop.nl\/"},{"@type":"ListItem","position":2,"name":"Winkel","item":"https:\/\/www.bioethanolshop.nl\/en\/store\/"},{"@type":"ListItem","position":3,"name":"Terrasheater op gas RVS patioheater met GRATIS hoes 13kW 220cm"}]},{"@type":"WebSite","@id":"https:\/\/www.bioethanolshop.nl\/en\/#website","url":"https:\/\/www.bioethanolshop.nl\/en\/","name":"Bioethanolshop.co.uk","description":"Biyoetanolde en b\u00fcy\u00fck ve en kaliteli biyoetanol!","potentialAction":[{"@type":"SearchAction","target":{"@type":"EntryPoint","urlTemplate":"https:\/\/www.bioethanolshop.nl\/en\/?s={search_term_string}"},"query-input":{"@type":"PropertyValueSpecification","valueRequired":true,"valueName":"search_term_string"}}],"inLanguage":"tr"}]}},"_links":{"self":[{"href":"https:\/\/www.bioethanolshop.nl\/tr\/wp-json\/wp\/v2\/product\/660","targetHints":{"allow":["GET"]}}],"collection":[{"href":"https:\/\/www.bioethanolshop.nl\/tr\/wp-json\/wp\/v2\/product"}],"about":[{"href":"https:\/\/www.bioethanolshop.nl\/tr\/wp-json\/wp\/v2\/types\/product"}],"replies":[{"embeddable":true,"href":"https:\/\/www.bioethanolshop.nl\/tr\/wp-json\/wp\/v2\/comments?post=660"}],"version-history":[{"count":2,"href":"https:\/\/www.bioethanolshop.nl\/tr\/wp-json\/wp\/v2\/product\/660\/revisions"}],"predecessor-version":[{"id":14987,"href":"https:\/\/www.bioethanolshop.nl\/tr\/wp-json\/wp\/v2\/product\/660\/revisions\/14987"}],"wp:featuredmedia":[{"embeddable":true,"href":"https:\/\/www.bioethanolshop.nl\/tr\/wp-json\/wp\/v2\/media\/2849"}],"wp:attachment":[{"href":"https:\/\/www.bioethanolshop.nl\/tr\/wp-json\/wp\/v2\/media?parent=660"}],"wp:term":[{"taxonomy":"product_brand","embeddable":true,"href":"https:\/\/www.bioethanolshop.nl\/tr\/wp-json\/wp\/v2\/product_brand?post=660"},{"taxonomy":"product_cat","embeddable":true,"href":"https:\/\/www.bioethanolshop.nl\/tr\/wp-json\/wp\/v2\/product_cat?post=660"},{"taxonomy":"product_tag","embeddable":true,"href":"https:\/\/www.bioethanolshop.nl\/tr\/wp-json\/wp\/v2\/product_tag?post=660"}],"curies":[{"name":"wp","href":"https:\/\/api.w.org\/{rel}","templated":true}]}}