{"id":589,"date":"2021-05-12T09:55:20","date_gmt":"2021-05-12T07:55:20","guid":{"rendered":"https:\/\/www.bioethanolshop.nl\/?post_type=product&#038;p=589"},"modified":"2024-07-16T14:47:54","modified_gmt":"2024-07-16T12:47:54","slug":"kynast-solar-15cm-cam-atmosfer-lamba-craquele-cam-ile-10-leds","status":"publish","type":"product","link":"https:\/\/www.bioethanolshop.nl\/tr\/product\/kynast-solar-15cm-glazen-sfeerlamp-craquele-glas-met-10-leds\/","title":{"rendered":"Kynast Solar 15cm cam ambiyans lambas\u0131 10 LED'li crackle cam"},"content":{"rendered":"<h2>Kynast Solar 15cm cam ambiyans lambas\u0131 10 LED'li crackle cam<\/h2>\n<p>D\u0131\u015f mekan ayd\u0131nlatmas\u0131 i\u00e7in yeni bir sansasyon, bu 15 cm'lik \u00e7\u0131t\u0131r cam k\u00fcre. Topra\u011fa yerle\u015ftirmek veya masa \u00fczerinde s\u00fcslemek i\u00e7in ek par\u00e7a ile birlikte verilen g\u00fczel \u0131\u015f\u0131k g\u00f6sterisi.<\/p>\n<p>Ak\u015famlar\u0131 bah\u00e7e, kamp, tekne, teras i\u00e7in harika. D\u0131\u015f mekan ayd\u0131nlatmas\u0131ndaki son trend i\u00e7in \u015fimdi haz\u0131r olun.<\/p>\n<p>G\u00fcne\u015f ampul\u00fc krakle cam \u00d815cm<\/p>\n<p>Boyut yakla\u015f\u0131k: \u00d8 15cm<br \/>\nMalzeme: cam \/ plastik<br \/>\nK\u0131r\u0131k cam g\u00f6r\u00fcn\u00fcm\u00fc<br \/>\ns\u0131cak beyaz LED zinciri (10 LED)<br \/>\nA\u00e7ma \/ kapama<br \/>\nG\u00fcne\u015f paneli: amorf<br \/>\nPil: 1x AAA 200 mAh NI-MH<\/p>","protected":false},"excerpt":{"rendered":"<p>Kynast Solar 15cm cam ambiyans lambas\u0131 10 LED'li crackle cam<\/p>","protected":false},"featured_media":590,"comment_status":"closed","ping_status":"closed","template":"","meta":{"_acf_changed":false},"product_brand":[],"product_cat":[40,36],"product_tag":[37,39,38],"class_list":{"0":"post-589","1":"product","2":"type-product","3":"status-publish","4":"has-post-thumbnail","6":"product_cat-kynast-solar","7":"product_cat-solar-tuinverlichting","8":"product_tag-solar","9":"product_tag-solar-tafellamp","10":"product_tag-tuinlamp","12":"first","13":"outofstock","14":"taxable","15":"shipping-taxable","16":"purchasable","17":"product-type-simple"},"bundled_by":[],"bundle_stock_status":"outofstock","bundle_stock_quantity":null,"bundle_virtual":false,"bundle_layout":"","bundle_add_to_cart_form_location":"","bundle_editable_in_cart":false,"bundle_sold_individually_context":"","bundle_item_grouping":"","bundle_min_size":"","bundle_max_size":"","bundle_price":[],"bundled_items":[],"bundle_sell_ids":[],"acf":[],"yoast_head":"<!-- This site is optimized with the Yoast SEO Premium plugin v27.2 (Yoast SEO v27.2) - https:\/\/yoast.com\/product\/yoast-seo-premium-wordpress\/ -->\n<title>Kynast Solar 15cm glazen sfeerlamp craquel\u00e9 glas met 10 LEDs - LED tuinhanglamp<\/title>\n<meta name=\"description\" content=\"Kynast SOLAR LED Tuin Tafellamp warm wit licht met dimmer voor buiten. Werkt op zonne energie met een brandduur van 8 uur.\" \/>\n<meta name=\"robots\" content=\"index, follow, max-snippet:-1, max-image-preview:large, max-video-preview:-1\" \/>\n<link rel=\"canonical\" href=\"https:\/\/www.bioethanolshop.nl\/tr\/urun\/kynast-solar-15cm-cam-atmosfer-lamba-craquele-cam-ile-10-leds\/\" \/>\n<meta property=\"og:locale\" content=\"tr_TR\" \/>\n<meta property=\"og:type\" content=\"article\" \/>\n<meta property=\"og:title\" content=\"Kynast Solar 15cm glazen sfeerlamp craquel\u00e9 glas met 10 LEDs\" \/>\n<meta property=\"og:description\" content=\"Kynast SOLAR LED Tuin Tafellamp warm wit licht met dimmer voor buiten. Werkt op zonne energie met een brandduur van 8 uur.\" \/>\n<meta property=\"og:url\" content=\"https:\/\/www.bioethanolshop.nl\/tr\/urun\/kynast-solar-15cm-cam-atmosfer-lamba-craquele-cam-ile-10-leds\/\" \/>\n<meta property=\"og:site_name\" content=\"Bioethanolshop.nl\" \/>\n<meta property=\"article:publisher\" content=\"https:\/\/www.facebook.com\/profile.php?id=100064154436458\" \/>\n<meta property=\"article:modified_time\" content=\"2024-07-16T12:47:54+00:00\" \/>\n<meta property=\"og:image\" content=\"https:\/\/www.bioethanolshop.nl\/wp-content\/uploads\/2021\/05\/Kynast-glazen-sfeerlamp-craquele-glas-5.jpg\" \/>\n\t<meta property=\"og:image:width\" content=\"1191\" \/>\n\t<meta property=\"og:image:height\" content=\"1200\" \/>\n\t<meta property=\"og:image:type\" content=\"image\/jpeg\" \/>\n<meta name=\"twitter:card\" content=\"summary_large_image\" \/>\n<!-- \/ Yoast SEO Premium plugin. -->","yoast_head_json":{"title":"Kynast Solar 15cm cam ortam \u0131\u015f\u0131\u011f\u0131 10 LED'li crackle cam - LED bah\u00e7e sark\u0131t \u0131\u015f\u0131\u011f\u0131","description":"Kynast SOLAR LED Bah\u00e7e Masa Lambas\u0131 d\u0131\u015f mekan kullan\u0131m\u0131 i\u00e7in dimmerli s\u0131cak beyaz \u0131\u015f\u0131k. G\u00fcne\u015f enerjisi ile \u00e7al\u0131\u015f\u0131r ve 8 saat yanma s\u00fcresi vard\u0131r.","robots":{"index":"index","follow":"follow","max-snippet":"max-snippet:-1","max-image-preview":"max-image-preview:large","max-video-preview":"max-video-preview:-1"},"canonical":"https:\/\/www.bioethanolshop.nl\/tr\/urun\/kynast-solar-15cm-cam-atmosfer-lamba-craquele-cam-ile-10-leds\/","og_locale":"tr_TR","og_type":"article","og_title":"Kynast Solar 15cm glazen sfeerlamp craquel\u00e9 glas met 10 LEDs","og_description":"Kynast SOLAR LED Tuin Tafellamp warm wit licht met dimmer voor buiten. Werkt op zonne energie met een brandduur van 8 uur.","og_url":"https:\/\/www.bioethanolshop.nl\/tr\/urun\/kynast-solar-15cm-cam-atmosfer-lamba-craquele-cam-ile-10-leds\/","og_site_name":"Bioethanolshop.nl","article_publisher":"https:\/\/www.facebook.com\/profile.php?id=100064154436458","article_modified_time":"2024-07-16T12:47:54+00:00","og_image":[{"width":1191,"height":1200,"url":"https:\/\/www.bioethanolshop.nl\/wp-content\/uploads\/2021\/05\/Kynast-glazen-sfeerlamp-craquele-glas-5.jpg","type":"image\/jpeg"}],"twitter_card":"summary_large_image","schema":{"@context":"https:\/\/schema.org","@graph":[{"@type":"WebPage","@id":"https:\/\/www.bioethanolshop.nl\/product\/kynast-solar-15cm-glazen-sfeerlamp-craquele-glas-met-10-leds\/","url":"https:\/\/www.bioethanolshop.nl\/product\/kynast-solar-15cm-glazen-sfeerlamp-craquele-glas-met-10-leds\/","name":"Kynast Solar 15cm cam ortam \u0131\u015f\u0131\u011f\u0131 10 LED'li crackle cam - LED bah\u00e7e sark\u0131t \u0131\u015f\u0131\u011f\u0131","isPartOf":{"@id":"https:\/\/www.bioethanolshop.nl\/en\/#website"},"primaryImageOfPage":{"@id":"https:\/\/www.bioethanolshop.nl\/product\/kynast-solar-15cm-glazen-sfeerlamp-craquele-glas-met-10-leds\/#primaryimage"},"image":{"@id":"https:\/\/www.bioethanolshop.nl\/product\/kynast-solar-15cm-glazen-sfeerlamp-craquele-glas-met-10-leds\/#primaryimage"},"thumbnailUrl":"https:\/\/www.bioethanolshop.nl\/wp-content\/uploads\/2021\/05\/Kynast-glazen-sfeerlamp-craquele-glas-5.jpg","datePublished":"2021-05-12T07:55:20+00:00","dateModified":"2024-07-16T12:47:54+00:00","description":"Kynast SOLAR LED Bah\u00e7e Masa Lambas\u0131 d\u0131\u015f mekan kullan\u0131m\u0131 i\u00e7in dimmerli s\u0131cak beyaz \u0131\u015f\u0131k. G\u00fcne\u015f enerjisi ile \u00e7al\u0131\u015f\u0131r ve 8 saat yanma s\u00fcresi vard\u0131r.","breadcrumb":{"@id":"https:\/\/www.bioethanolshop.nl\/product\/kynast-solar-15cm-glazen-sfeerlamp-craquele-glas-met-10-leds\/#breadcrumb"},"inLanguage":"tr","potentialAction":[{"@type":"ReadAction","target":["https:\/\/www.bioethanolshop.nl\/product\/kynast-solar-15cm-glazen-sfeerlamp-craquele-glas-met-10-leds\/"]}]},{"@type":"ImageObject","inLanguage":"tr","@id":"https:\/\/www.bioethanolshop.nl\/product\/kynast-solar-15cm-glazen-sfeerlamp-craquele-glas-met-10-leds\/#primaryimage","url":"https:\/\/www.bioethanolshop.nl\/wp-content\/uploads\/2021\/05\/Kynast-glazen-sfeerlamp-craquele-glas-5.jpg","contentUrl":"https:\/\/www.bioethanolshop.nl\/wp-content\/uploads\/2021\/05\/Kynast-glazen-sfeerlamp-craquele-glas-5.jpg","width":1191,"height":1200,"caption":"Kynast glazen sfeerlamp craquel\u00e9 glas"},{"@type":"BreadcrumbList","@id":"https:\/\/www.bioethanolshop.nl\/product\/kynast-solar-15cm-glazen-sfeerlamp-craquele-glas-met-10-leds\/#breadcrumb","itemListElement":[{"@type":"ListItem","position":1,"name":"Home","item":"https:\/\/www.bioethanolshop.nl\/"},{"@type":"ListItem","position":2,"name":"Winkel","item":"https:\/\/www.bioethanolshop.nl\/en\/store\/"},{"@type":"ListItem","position":3,"name":"Kynast Solar 15cm glazen sfeerlamp craquel\u00e9 glas met 10 LEDs"}]},{"@type":"WebSite","@id":"https:\/\/www.bioethanolshop.nl\/en\/#website","url":"https:\/\/www.bioethanolshop.nl\/en\/","name":"Bioethanolshop.co.uk","description":"Biyoetanolde en b\u00fcy\u00fck ve en kaliteli biyoetanol!","potentialAction":[{"@type":"SearchAction","target":{"@type":"EntryPoint","urlTemplate":"https:\/\/www.bioethanolshop.nl\/en\/?s={search_term_string}"},"query-input":{"@type":"PropertyValueSpecification","valueRequired":true,"valueName":"search_term_string"}}],"inLanguage":"tr"}]}},"_links":{"self":[{"href":"https:\/\/www.bioethanolshop.nl\/tr\/wp-json\/wp\/v2\/product\/589","targetHints":{"allow":["GET"]}}],"collection":[{"href":"https:\/\/www.bioethanolshop.nl\/tr\/wp-json\/wp\/v2\/product"}],"about":[{"href":"https:\/\/www.bioethanolshop.nl\/tr\/wp-json\/wp\/v2\/types\/product"}],"replies":[{"embeddable":true,"href":"https:\/\/www.bioethanolshop.nl\/tr\/wp-json\/wp\/v2\/comments?post=589"}],"version-history":[{"count":1,"href":"https:\/\/www.bioethanolshop.nl\/tr\/wp-json\/wp\/v2\/product\/589\/revisions"}],"predecessor-version":[{"id":12808,"href":"https:\/\/www.bioethanolshop.nl\/tr\/wp-json\/wp\/v2\/product\/589\/revisions\/12808"}],"wp:featuredmedia":[{"embeddable":true,"href":"https:\/\/www.bioethanolshop.nl\/tr\/wp-json\/wp\/v2\/media\/590"}],"wp:attachment":[{"href":"https:\/\/www.bioethanolshop.nl\/tr\/wp-json\/wp\/v2\/media?parent=589"}],"wp:term":[{"taxonomy":"product_brand","embeddable":true,"href":"https:\/\/www.bioethanolshop.nl\/tr\/wp-json\/wp\/v2\/product_brand?post=589"},{"taxonomy":"product_cat","embeddable":true,"href":"https:\/\/www.bioethanolshop.nl\/tr\/wp-json\/wp\/v2\/product_cat?post=589"},{"taxonomy":"product_tag","embeddable":true,"href":"https:\/\/www.bioethanolshop.nl\/tr\/wp-json\/wp\/v2\/product_tag?post=589"}],"curies":[{"name":"wp","href":"https:\/\/api.w.org\/{rel}","templated":true}]}}