{"id":580,"date":"2021-05-12T09:22:38","date_gmt":"2021-05-12T07:22:38","guid":{"rendered":"https:\/\/www.bioethanolshop.nl\/?post_type=product&#038;p=580"},"modified":"2024-07-16T14:47:56","modified_gmt":"2024-07-16T12:47:56","slug":"kynast-solar-led-garden-pendant-lamp-ball-lamp-20cm-4-led-solar-energy","status":"publish","type":"product","link":"https:\/\/www.bioethanolshop.nl\/tr\/product\/kynast-solar-led-tuin-hanglamp-kogellamp-20cm-4-leds-zonne-energie\/","title":{"rendered":"Kynast Solar LED Bah\u00e7e sark\u0131t lamba top \u0131\u015f\u0131k 20cm 4 LED g\u00fcne\u015f enerjisi"},"content":{"rendered":"<h2>Kynast Solar LED Bah\u00e7e sark\u0131t lamba top \u0131\u015f\u0131k 20cm 4 LED g\u00fcne\u015f enerjisi<\/h2>\n<p>D\u0131\u015f mekan kullan\u0131m\u0131 i\u00e7in Kynast Garden markal\u0131 dekoratif solar sark\u0131t lamba. Balkon, teras ya da rahat bir bah\u00e7e k\u00f6\u015fesi i\u00e7in bu LED sark\u0131t lamba, 8 saate kadar yanma s\u00fcresiyle s\u0131cak beyaz \u0131\u015f\u0131k sa\u011flar.<\/p>\n<p><strong>K\u0131sa bir a\u00e7\u0131klama: <\/strong><br \/>\nLastik halka, kanca ve asmak i\u00e7in g\u00f6z i\u00e7eren yuvarlak tasar\u0131ml\u0131, g\u00fcne\u015f enerjili LED sark\u0131t lamba.<br \/>\nAk\u015famlar\u0131 ve geceleri zarif bah\u00e7e veya veranda ayd\u0131nlatmas\u0131 i\u00e7in yuvarlak tasar\u0131ml\u0131 birinci s\u0131n\u0131f solar LED sark\u0131t \u0131\u015f\u0131k<br \/>\nDahili alacakaranl\u0131k anahtar\u0131 sayesinde, LED bah\u00e7e lambas\u0131 alacakaranl\u0131kta otomatik olarak parlayacak ve g\u00fcn boyunca g\u00fcne\u015f enerjisi ile \u015farj olacakt\u0131r.<\/p>\n<p><strong>\u00dcr\u00fcn detaylar\u0131<\/strong>:<br \/>\n- Renk: beyaz-gri<br \/>\n- Kapatmak i\u00e7in<br \/>\n- Y\u00fcksek kaliteli plastik g\u00f6vde<br \/>\n- Dahil<br \/>\nKau\u00e7uk halka, kanca ve g\u00f6z<br \/>\n- Boyutlar: \u00d8 20 cm x Y 72 cm (as\u0131l\u0131)<br \/>\n- S\u0131cak beyaz \u0131\u015f\u0131kl\u0131 4 LED<br \/>\n- \u015earj edilebilir pil (1 x AA 1.2V 600mAh)<br \/>\n- Bir d\u00fc\u011fmeye basarak a\u00e7ma\/kapama anahtar\u0131<\/p>\n<p><strong>Teknik veriler:<\/strong><br \/>\nModel ad\u0131: Solar LED sark\u0131t lamba<br \/>\nHedef kitle: Bah\u00e7e aksesuarlar\u0131<br \/>\nMarka: KYNAST Garden<br \/>\nY\u00fckseklik: 72 cm<br \/>\n\u00c7ap: 20 cm<br \/>\nBoyut: 20 x 72 cm<br \/>\nA\u011f\u0131rl\u0131k: 0,5 kg<br \/>\nMalzeme: plastik, kau\u00e7uk<br \/>\nRenk: beyaz<\/p>\n<p><strong>Teslimat kapsam\u0131 <\/strong>: 1 x Premium LED Solar - Sark\u0131t lamba \u00d8 20 cm s\u0131cak beyaz aksesuarl\u0131.<\/p>","protected":false},"excerpt":{"rendered":"<p>Kynast Solar LED Bah\u00e7e sark\u0131t lamba top \u0131\u015f\u0131k 20cm 4 LED g\u00fcne\u015f enerjisi<\/p>","protected":false},"featured_media":623,"comment_status":"closed","ping_status":"closed","template":"","meta":{"_acf_changed":false},"product_brand":[],"product_cat":[79,40,36],"product_tag":[37,39,38],"class_list":{"0":"post-580","1":"product","2":"type-product","3":"status-publish","4":"has-post-thumbnail","6":"product_cat-kerst-en-relatiegeschenken","7":"product_cat-kynast-solar","8":"product_cat-solar-tuinverlichting","9":"product_tag-solar","10":"product_tag-solar-tafellamp","11":"product_tag-tuinlamp","13":"first","14":"outofstock","15":"taxable","16":"shipping-taxable","17":"purchasable","18":"product-type-simple"},"bundled_by":[],"bundle_stock_status":"outofstock","bundle_stock_quantity":null,"bundle_virtual":false,"bundle_layout":"","bundle_add_to_cart_form_location":"","bundle_editable_in_cart":false,"bundle_sold_individually_context":"","bundle_item_grouping":"","bundle_min_size":"","bundle_max_size":"","bundle_price":[],"bundled_items":[],"bundle_sell_ids":[],"acf":[],"yoast_head":"<!-- This site is optimized with the Yoast SEO Premium plugin v27.2 (Yoast SEO v27.2) - https:\/\/yoast.com\/product\/yoast-seo-premium-wordpress\/ -->\n<title>Kynast Solar LED Tuin hanglamp kogellamp 20cm 4 LEDs zonne-energie - LED tuinhanglamp<\/title>\n<meta name=\"description\" content=\"Kynast SOLAR LED Tuin Tafellamp warm wit licht met dimmer voor buiten. Werkt op zonne energie met een brandduur van 8 uur.\" \/>\n<meta name=\"robots\" content=\"index, follow, max-snippet:-1, max-image-preview:large, max-video-preview:-1\" \/>\n<link rel=\"canonical\" href=\"https:\/\/www.bioethanolshop.nl\/tr\/urun\/kynast-solar-led-garden-pendant-lamp-ball-lamp-20cm-4-led-solar-energy\/\" \/>\n<meta property=\"og:locale\" content=\"tr_TR\" \/>\n<meta property=\"og:type\" content=\"article\" \/>\n<meta property=\"og:title\" content=\"Kynast Solar LED Tuin hanglamp kogellamp 20cm 4 LEDs zonne-energie\" \/>\n<meta property=\"og:description\" content=\"Kynast SOLAR LED Tuin Tafellamp warm wit licht met dimmer voor buiten. Werkt op zonne energie met een brandduur van 8 uur.\" \/>\n<meta property=\"og:url\" content=\"https:\/\/www.bioethanolshop.nl\/tr\/urun\/kynast-solar-led-garden-pendant-lamp-ball-lamp-20cm-4-led-solar-energy\/\" \/>\n<meta property=\"og:site_name\" content=\"Bioethanolshop.nl\" \/>\n<meta property=\"article:publisher\" content=\"https:\/\/www.facebook.com\/profile.php?id=100064154436458\" \/>\n<meta property=\"article:modified_time\" content=\"2024-07-16T12:47:56+00:00\" \/>\n<meta property=\"og:image\" content=\"https:\/\/www.bioethanolshop.nl\/wp-content\/uploads\/2021\/05\/kynast-hanglamp.jpg\" \/>\n\t<meta property=\"og:image:width\" content=\"1000\" \/>\n\t<meta property=\"og:image:height\" content=\"1000\" \/>\n\t<meta property=\"og:image:type\" content=\"image\/jpeg\" \/>\n<meta name=\"twitter:card\" content=\"summary_large_image\" \/>\n<meta name=\"twitter:label1\" content=\"Tahmini okuma s\u00fcresi\" \/>\n\t<meta name=\"twitter:data1\" content=\"1 dakika\" \/>\n<!-- \/ Yoast SEO Premium plugin. -->","yoast_head_json":{"title":"Kynast Solar LED Bah\u00e7e sark\u0131t lamba top lamba 20cm 4 LED g\u00fcne\u015f - LED bah\u00e7e sark\u0131t lamba","description":"Kynast SOLAR LED Bah\u00e7e Masa Lambas\u0131 d\u0131\u015f mekan kullan\u0131m\u0131 i\u00e7in dimmerli s\u0131cak beyaz \u0131\u015f\u0131k. G\u00fcne\u015f enerjisi ile \u00e7al\u0131\u015f\u0131r ve 8 saat yanma s\u00fcresi vard\u0131r.","robots":{"index":"index","follow":"follow","max-snippet":"max-snippet:-1","max-image-preview":"max-image-preview:large","max-video-preview":"max-video-preview:-1"},"canonical":"https:\/\/www.bioethanolshop.nl\/tr\/urun\/kynast-solar-led-garden-pendant-lamp-ball-lamp-20cm-4-led-solar-energy\/","og_locale":"tr_TR","og_type":"article","og_title":"Kynast Solar LED Tuin hanglamp kogellamp 20cm 4 LEDs zonne-energie","og_description":"Kynast SOLAR LED Tuin Tafellamp warm wit licht met dimmer voor buiten. Werkt op zonne energie met een brandduur van 8 uur.","og_url":"https:\/\/www.bioethanolshop.nl\/tr\/urun\/kynast-solar-led-garden-pendant-lamp-ball-lamp-20cm-4-led-solar-energy\/","og_site_name":"Bioethanolshop.nl","article_publisher":"https:\/\/www.facebook.com\/profile.php?id=100064154436458","article_modified_time":"2024-07-16T12:47:56+00:00","og_image":[{"width":1000,"height":1000,"url":"https:\/\/www.bioethanolshop.nl\/wp-content\/uploads\/2021\/05\/kynast-hanglamp.jpg","type":"image\/jpeg"}],"twitter_card":"summary_large_image","twitter_misc":{"Tahmini okuma s\u00fcresi":"1 dakika"},"schema":{"@context":"https:\/\/schema.org","@graph":[{"@type":"WebPage","@id":"https:\/\/www.bioethanolshop.nl\/product\/kynast-solar-led-tuin-hanglamp-kogellamp-20cm-4-leds-zonne-energie\/","url":"https:\/\/www.bioethanolshop.nl\/product\/kynast-solar-led-tuin-hanglamp-kogellamp-20cm-4-leds-zonne-energie\/","name":"Kynast Solar LED Bah\u00e7e sark\u0131t lamba top lamba 20cm 4 LED g\u00fcne\u015f - LED bah\u00e7e sark\u0131t lamba","isPartOf":{"@id":"https:\/\/www.bioethanolshop.nl\/en\/#website"},"primaryImageOfPage":{"@id":"https:\/\/www.bioethanolshop.nl\/product\/kynast-solar-led-tuin-hanglamp-kogellamp-20cm-4-leds-zonne-energie\/#primaryimage"},"image":{"@id":"https:\/\/www.bioethanolshop.nl\/product\/kynast-solar-led-tuin-hanglamp-kogellamp-20cm-4-leds-zonne-energie\/#primaryimage"},"thumbnailUrl":"https:\/\/www.bioethanolshop.nl\/wp-content\/uploads\/2021\/05\/kynast-hanglamp.jpg","datePublished":"2021-05-12T07:22:38+00:00","dateModified":"2024-07-16T12:47:56+00:00","description":"Kynast SOLAR LED Bah\u00e7e Masa Lambas\u0131 d\u0131\u015f mekan kullan\u0131m\u0131 i\u00e7in dimmerli s\u0131cak beyaz \u0131\u015f\u0131k. G\u00fcne\u015f enerjisi ile \u00e7al\u0131\u015f\u0131r ve 8 saat yanma s\u00fcresi vard\u0131r.","breadcrumb":{"@id":"https:\/\/www.bioethanolshop.nl\/product\/kynast-solar-led-tuin-hanglamp-kogellamp-20cm-4-leds-zonne-energie\/#breadcrumb"},"inLanguage":"tr","potentialAction":[{"@type":"ReadAction","target":["https:\/\/www.bioethanolshop.nl\/product\/kynast-solar-led-tuin-hanglamp-kogellamp-20cm-4-leds-zonne-energie\/"]}]},{"@type":"ImageObject","inLanguage":"tr","@id":"https:\/\/www.bioethanolshop.nl\/product\/kynast-solar-led-tuin-hanglamp-kogellamp-20cm-4-leds-zonne-energie\/#primaryimage","url":"https:\/\/www.bioethanolshop.nl\/wp-content\/uploads\/2021\/05\/kynast-hanglamp.jpg","contentUrl":"https:\/\/www.bioethanolshop.nl\/wp-content\/uploads\/2021\/05\/kynast-hanglamp.jpg","width":1000,"height":1000,"caption":"Kynast solar hanglamp"},{"@type":"BreadcrumbList","@id":"https:\/\/www.bioethanolshop.nl\/product\/kynast-solar-led-tuin-hanglamp-kogellamp-20cm-4-leds-zonne-energie\/#breadcrumb","itemListElement":[{"@type":"ListItem","position":1,"name":"Home","item":"https:\/\/www.bioethanolshop.nl\/"},{"@type":"ListItem","position":2,"name":"Winkel","item":"https:\/\/www.bioethanolshop.nl\/en\/store\/"},{"@type":"ListItem","position":3,"name":"Kynast Solar LED Tuin hanglamp kogellamp 20cm 4 LEDs zonne-energie"}]},{"@type":"WebSite","@id":"https:\/\/www.bioethanolshop.nl\/en\/#website","url":"https:\/\/www.bioethanolshop.nl\/en\/","name":"Bioethanolshop.co.uk","description":"Biyoetanolde en b\u00fcy\u00fck ve en kaliteli biyoetanol!","potentialAction":[{"@type":"SearchAction","target":{"@type":"EntryPoint","urlTemplate":"https:\/\/www.bioethanolshop.nl\/en\/?s={search_term_string}"},"query-input":{"@type":"PropertyValueSpecification","valueRequired":true,"valueName":"search_term_string"}}],"inLanguage":"tr"}]}},"_links":{"self":[{"href":"https:\/\/www.bioethanolshop.nl\/tr\/wp-json\/wp\/v2\/product\/580","targetHints":{"allow":["GET"]}}],"collection":[{"href":"https:\/\/www.bioethanolshop.nl\/tr\/wp-json\/wp\/v2\/product"}],"about":[{"href":"https:\/\/www.bioethanolshop.nl\/tr\/wp-json\/wp\/v2\/types\/product"}],"replies":[{"embeddable":true,"href":"https:\/\/www.bioethanolshop.nl\/tr\/wp-json\/wp\/v2\/comments?post=580"}],"version-history":[{"count":1,"href":"https:\/\/www.bioethanolshop.nl\/tr\/wp-json\/wp\/v2\/product\/580\/revisions"}],"predecessor-version":[{"id":12810,"href":"https:\/\/www.bioethanolshop.nl\/tr\/wp-json\/wp\/v2\/product\/580\/revisions\/12810"}],"wp:featuredmedia":[{"embeddable":true,"href":"https:\/\/www.bioethanolshop.nl\/tr\/wp-json\/wp\/v2\/media\/623"}],"wp:attachment":[{"href":"https:\/\/www.bioethanolshop.nl\/tr\/wp-json\/wp\/v2\/media?parent=580"}],"wp:term":[{"taxonomy":"product_brand","embeddable":true,"href":"https:\/\/www.bioethanolshop.nl\/tr\/wp-json\/wp\/v2\/product_brand?post=580"},{"taxonomy":"product_cat","embeddable":true,"href":"https:\/\/www.bioethanolshop.nl\/tr\/wp-json\/wp\/v2\/product_cat?post=580"},{"taxonomy":"product_tag","embeddable":true,"href":"https:\/\/www.bioethanolshop.nl\/tr\/wp-json\/wp\/v2\/product_tag?post=580"}],"curies":[{"name":"wp","href":"https:\/\/api.w.org\/{rel}","templated":true}]}}