{"id":10388,"date":"2023-12-03T09:05:53","date_gmt":"2023-12-03T08:05:53","guid":{"rendered":"https:\/\/www.bioethanolshop.nl\/?post_type=product&#038;p=10388"},"modified":"2023-12-03T09:08:48","modified_gmt":"2023-12-03T08:08:48","slug":"5-ve-10-litrelik-bidonlar-icin-biyoetanol-dagitim-muslugu-3","status":"publish","type":"product","link":"https:\/\/www.bioethanolshop.nl\/tr\/product\/kieselgreen-bio-ethanol-doseerkraan-voor-5-liter-jerrycans-96-6-geuren-en-geurloos\/","title":{"rendered":"KieselGreen 5 litrelik bidonlar i\u00e7in biyoetanol da\u011f\u0131t\u0131m muslu\u011fu (96.6%) kokusuz ve kokusuz"},"content":{"rendered":"<h3>KieselGreen Bio-ethanol doseerkraan voor 5 liter jerrycans (96.6%)<\/h3>\n<p><strong>Perfect te gebruiken op onze 5 liter jerrycans 96.6% en geuren en geurloos.<\/strong><\/p>\n<p>\u015e\u00f6minenizi yeniden doldururken biyoetanol dozaj\u0131n\u0131 ayarlamak art\u0131k daha da kolay.<\/p>\n<p><strong>Bu kapak muslu\u011fu \u015funun i\u00e7in kullan\u0131labilir:<\/strong><\/p>\n<ul>\n<li style=\"font-weight: 400;\" aria-level=\"1\"><a href=\"https:\/\/www.bioethanolshop.nl\/tr\/\"><span style=\"font-weight: 400;\">\u015f\u00f6mineniz i\u00e7in yak\u0131t doldurma<\/span><\/a><\/li>\n<li style=\"font-weight: 400;\" aria-level=\"1\"><span style=\"font-weight: 400;\">5 liter jerrycans 96.6<strong>%<\/strong> <strong>geuren en geurloos <\/strong>dozaj<\/span><\/li>\n<\/ul>","protected":false},"excerpt":{"rendered":"<p>KieselGreen 5 litrelik bidonlar i\u00e7in biyoetanol da\u011f\u0131t\u0131m muslu\u011fu (96.6%) kokusuz ve kokusuz<\/p>","protected":false},"featured_media":12,"comment_status":"closed","ping_status":"closed","template":"","meta":{"_acf_changed":false},"product_brand":[],"product_cat":[58,21,20],"product_tag":[62,59],"class_list":{"0":"post-10388","1":"product","2":"type-product","3":"status-publish","4":"has-post-thumbnail","6":"product_cat-bioethanol-96-6-in-jerrycan","7":"product_cat-kieselgreen-groenemorgen","8":"product_cat-overige-biologische-olieproducten","9":"product_tag-doseerkraan","10":"product_tag-jerrycan","12":"first","13":"instock","14":"taxable","15":"shipping-taxable","16":"purchasable","17":"product-type-simple"},"bundled_by":[],"bundle_stock_status":"instock","bundle_stock_quantity":null,"bundle_virtual":false,"bundle_layout":"","bundle_add_to_cart_form_location":"","bundle_editable_in_cart":false,"bundle_sold_individually_context":"","bundle_item_grouping":"","bundle_min_size":"","bundle_max_size":"","bundle_price":[],"bundled_items":[],"bundle_sell_ids":[],"acf":[],"yoast_head":"<!-- This site is optimized with the Yoast SEO Premium plugin v27.2 (Yoast SEO v27.2) - https:\/\/yoast.com\/product\/yoast-seo-premium-wordpress\/ -->\n<title>KieselGreen Bio-ethanol doseerkraan voor 5 liter jerrycans (96.6%) geuren en geurloos | Bioethanolshop.nl<\/title>\n<meta name=\"description\" content=\"KieselGreen Bio-ethanol doseerkraan voor 5 liter jerrycans (96.6%) geuren en geurloos KieselGreen Bio-ethanol doseerkraan voor 5 liter jerrycans (96.6%) geuren en geurloos Bioethanolshop.nl\" \/>\n<meta name=\"robots\" content=\"index, follow, max-snippet:-1, max-image-preview:large, max-video-preview:-1\" \/>\n<link rel=\"canonical\" href=\"https:\/\/www.bioethanolshop.nl\/tr\/urun\/5-ve-10-litrelik-bidonlar-icin-biyoetanol-dagitim-muslugu-3\/\" \/>\n<meta property=\"og:locale\" content=\"tr_TR\" \/>\n<meta property=\"og:type\" content=\"article\" \/>\n<meta property=\"og:title\" content=\"KieselGreen Bio-ethanol doseerkraan voor 5 liter jerrycans (96.6%) geuren en geurloos\" \/>\n<meta property=\"og:description\" content=\"KieselGreen Bio-ethanol doseerkraan voor 5 liter jerrycans (96.6%) geuren en geurloos KieselGreen Bio-ethanol doseerkraan voor 5 liter jerrycans (96.6%) geuren en geurloos Bioethanolshop.nl\" \/>\n<meta property=\"og:url\" content=\"https:\/\/www.bioethanolshop.nl\/tr\/urun\/5-ve-10-litrelik-bidonlar-icin-biyoetanol-dagitim-muslugu-3\/\" \/>\n<meta property=\"og:site_name\" content=\"Bioethanolshop.nl\" \/>\n<meta property=\"article:publisher\" content=\"https:\/\/www.facebook.com\/profile.php?id=100064154436458\" \/>\n<meta property=\"article:modified_time\" content=\"2023-12-03T08:08:48+00:00\" \/>\n<meta property=\"og:image\" content=\"https:\/\/www.bioethanolshop.nl\/wp-content\/uploads\/2021\/02\/bio_ethanol_dose_4d8376dc5c07e-1.jpg\" \/>\n\t<meta property=\"og:image:width\" content=\"700\" \/>\n\t<meta property=\"og:image:height\" content=\"700\" \/>\n\t<meta property=\"og:image:type\" content=\"image\/jpeg\" \/>\n<meta name=\"twitter:card\" content=\"summary_large_image\" \/>\n<meta name=\"twitter:label1\" content=\"Tahmini okuma s\u00fcresi\" \/>\n\t<meta name=\"twitter:data1\" content=\"1 dakika\" \/>\n<!-- \/ Yoast SEO Premium plugin. -->","yoast_head_json":{"title":"KieselGreen Bio-ethanol doseerkraan voor 5 liter jerrycans (96.6%) geuren en geurloos | Bioethanolshop.nl","description":"KieselGreen Bio-ethanol doseerkraan voor 5 liter jerrycans (96.6%) geuren en geurloos KieselGreen Bio-ethanol doseerkraan voor 5 liter jerrycans (96.6%) geuren en geurloos Bioethanolshop.nl","robots":{"index":"index","follow":"follow","max-snippet":"max-snippet:-1","max-image-preview":"max-image-preview:large","max-video-preview":"max-video-preview:-1"},"canonical":"https:\/\/www.bioethanolshop.nl\/tr\/urun\/5-ve-10-litrelik-bidonlar-icin-biyoetanol-dagitim-muslugu-3\/","og_locale":"tr_TR","og_type":"article","og_title":"KieselGreen Bio-ethanol doseerkraan voor 5 liter jerrycans (96.6%) geuren en geurloos","og_description":"KieselGreen Bio-ethanol doseerkraan voor 5 liter jerrycans (96.6%) geuren en geurloos KieselGreen Bio-ethanol doseerkraan voor 5 liter jerrycans (96.6%) geuren en geurloos Bioethanolshop.nl","og_url":"https:\/\/www.bioethanolshop.nl\/tr\/urun\/5-ve-10-litrelik-bidonlar-icin-biyoetanol-dagitim-muslugu-3\/","og_site_name":"Bioethanolshop.nl","article_publisher":"https:\/\/www.facebook.com\/profile.php?id=100064154436458","article_modified_time":"2023-12-03T08:08:48+00:00","og_image":[{"width":700,"height":700,"url":"https:\/\/www.bioethanolshop.nl\/wp-content\/uploads\/2021\/02\/bio_ethanol_dose_4d8376dc5c07e-1.jpg","type":"image\/jpeg"}],"twitter_card":"summary_large_image","twitter_misc":{"Tahmini okuma s\u00fcresi":"1 dakika"},"schema":{"@context":"https:\/\/schema.org","@graph":[{"@type":"WebPage","@id":"https:\/\/www.bioethanolshop.nl\/product\/kieselgreen-bio-ethanol-doseerkraan-voor-5-liter-jerrycans-96-6-geuren-en-geurloos\/","url":"https:\/\/www.bioethanolshop.nl\/product\/kieselgreen-bio-ethanol-doseerkraan-voor-5-liter-jerrycans-96-6-geuren-en-geurloos\/","name":"KieselGreen Bio-ethanol doseerkraan voor 5 liter jerrycans (96.6%) geuren en geurloos | Bioethanolshop.nl","isPartOf":{"@id":"https:\/\/www.bioethanolshop.nl\/en\/#website"},"primaryImageOfPage":{"@id":"https:\/\/www.bioethanolshop.nl\/product\/kieselgreen-bio-ethanol-doseerkraan-voor-5-liter-jerrycans-96-6-geuren-en-geurloos\/#primaryimage"},"image":{"@id":"https:\/\/www.bioethanolshop.nl\/product\/kieselgreen-bio-ethanol-doseerkraan-voor-5-liter-jerrycans-96-6-geuren-en-geurloos\/#primaryimage"},"thumbnailUrl":"https:\/\/www.bioethanolshop.nl\/wp-content\/uploads\/2021\/02\/bio_ethanol_dose_4d8376dc5c07e-1.jpg","datePublished":"2023-12-03T08:05:53+00:00","dateModified":"2023-12-03T08:08:48+00:00","description":"KieselGreen Bio-ethanol doseerkraan voor 5 liter jerrycans (96.6%) geuren en geurloos KieselGreen Bio-ethanol doseerkraan voor 5 liter jerrycans (96.6%) geuren en geurloos Bioethanolshop.nl","breadcrumb":{"@id":"https:\/\/www.bioethanolshop.nl\/product\/kieselgreen-bio-ethanol-doseerkraan-voor-5-liter-jerrycans-96-6-geuren-en-geurloos\/#breadcrumb"},"inLanguage":"tr","potentialAction":[{"@type":"ReadAction","target":["https:\/\/www.bioethanolshop.nl\/product\/kieselgreen-bio-ethanol-doseerkraan-voor-5-liter-jerrycans-96-6-geuren-en-geurloos\/"]}]},{"@type":"ImageObject","inLanguage":"tr","@id":"https:\/\/www.bioethanolshop.nl\/product\/kieselgreen-bio-ethanol-doseerkraan-voor-5-liter-jerrycans-96-6-geuren-en-geurloos\/#primaryimage","url":"https:\/\/www.bioethanolshop.nl\/wp-content\/uploads\/2021\/02\/bio_ethanol_dose_4d8376dc5c07e-1.jpg","contentUrl":"https:\/\/www.bioethanolshop.nl\/wp-content\/uploads\/2021\/02\/bio_ethanol_dose_4d8376dc5c07e-1.jpg","width":700,"height":700},{"@type":"BreadcrumbList","@id":"https:\/\/www.bioethanolshop.nl\/product\/kieselgreen-bio-ethanol-doseerkraan-voor-5-liter-jerrycans-96-6-geuren-en-geurloos\/#breadcrumb","itemListElement":[{"@type":"ListItem","position":1,"name":"Home","item":"https:\/\/www.bioethanolshop.nl\/"},{"@type":"ListItem","position":2,"name":"Winkel","item":"https:\/\/www.bioethanolshop.nl\/en\/store\/"},{"@type":"ListItem","position":3,"name":"KieselGreen Bio-ethanol doseerkraan voor 5 liter jerrycans (96.6%) geuren en geurloos"}]},{"@type":"WebSite","@id":"https:\/\/www.bioethanolshop.nl\/en\/#website","url":"https:\/\/www.bioethanolshop.nl\/en\/","name":"Bioethanolshop.co.uk","description":"Biyoetanolde en b\u00fcy\u00fck ve en kaliteli biyoetanol!","potentialAction":[{"@type":"SearchAction","target":{"@type":"EntryPoint","urlTemplate":"https:\/\/www.bioethanolshop.nl\/en\/?s={search_term_string}"},"query-input":{"@type":"PropertyValueSpecification","valueRequired":true,"valueName":"search_term_string"}}],"inLanguage":"tr"}]}},"_links":{"self":[{"href":"https:\/\/www.bioethanolshop.nl\/tr\/wp-json\/wp\/v2\/product\/10388","targetHints":{"allow":["GET"]}}],"collection":[{"href":"https:\/\/www.bioethanolshop.nl\/tr\/wp-json\/wp\/v2\/product"}],"about":[{"href":"https:\/\/www.bioethanolshop.nl\/tr\/wp-json\/wp\/v2\/types\/product"}],"replies":[{"embeddable":true,"href":"https:\/\/www.bioethanolshop.nl\/tr\/wp-json\/wp\/v2\/comments?post=10388"}],"version-history":[{"count":1,"href":"https:\/\/www.bioethanolshop.nl\/tr\/wp-json\/wp\/v2\/product\/10388\/revisions"}],"predecessor-version":[{"id":10389,"href":"https:\/\/www.bioethanolshop.nl\/tr\/wp-json\/wp\/v2\/product\/10388\/revisions\/10389"}],"wp:featuredmedia":[{"embeddable":true,"href":"https:\/\/www.bioethanolshop.nl\/tr\/wp-json\/wp\/v2\/media\/12"}],"wp:attachment":[{"href":"https:\/\/www.bioethanolshop.nl\/tr\/wp-json\/wp\/v2\/media?parent=10388"}],"wp:term":[{"taxonomy":"product_brand","embeddable":true,"href":"https:\/\/www.bioethanolshop.nl\/tr\/wp-json\/wp\/v2\/product_brand?post=10388"},{"taxonomy":"product_cat","embeddable":true,"href":"https:\/\/www.bioethanolshop.nl\/tr\/wp-json\/wp\/v2\/product_cat?post=10388"},{"taxonomy":"product_tag","embeddable":true,"href":"https:\/\/www.bioethanolshop.nl\/tr\/wp-json\/wp\/v2\/product_tag?post=10388"}],"curies":[{"name":"wp","href":"https:\/\/api.w.org\/{rel}","templated":true}]}}