{"id":91,"date":"2021-02-09T12:10:17","date_gmt":"2021-02-09T12:10:17","guid":{"rendered":"https:\/\/www.bioethanolshop.nl\/?page_id=91"},"modified":"2023-08-09T11:36:18","modified_gmt":"2023-08-09T09:36:18","slug":"kurabiyeler","status":"publish","type":"page","link":"https:\/\/www.bioethanolshop.nl\/tr\/cookies\/","title":{"rendered":"\u00c7erezler"},"content":{"rendered":"<div data-elementor-type=\"wp-page\" data-elementor-id=\"91\" class=\"elementor elementor-91\" data-elementor-post-type=\"page\">\n\t\t\t\t\t\t<section class=\"elementor-section elementor-top-section elementor-element elementor-element-4270d6f1 elementor-section-boxed elementor-section-height-default elementor-section-height-default wd-section-disabled\" data-id=\"4270d6f1\" data-element_type=\"section\" data-e-type=\"section\">\n\t\t\t\t\t\t<div class=\"elementor-container elementor-column-gap-default\">\n\t\t\t\t\t<div class=\"elementor-column elementor-col-100 elementor-top-column elementor-element elementor-element-25898617\" data-id=\"25898617\" data-element_type=\"column\" data-e-type=\"column\">\n\t\t\t<div class=\"elementor-widget-wrap elementor-element-populated\">\n\t\t\t\t\t\t<div class=\"elementor-element elementor-element-569b774 color-scheme-inherit text-left elementor-widget elementor-widget-text-editor\" data-id=\"569b774\" data-element_type=\"widget\" data-e-type=\"widget\" data-widget_type=\"text-editor.default\">\n\t\t\t\t<div class=\"elementor-widget-container\">\n\t\t\t\t\t\t\t\t\t\n<p>Bu web sitesi \u00e7erez kullanmaktad\u0131r. \u00c7erezler, bilgisayar\u0131n\u0131z\u0131n sabit diskinde veya belle\u011finde depolanan basit k\u00fc\u00e7\u00fck metin dosyalar\u0131d\u0131r. \u00c7erezler bilgisayar\u0131n\u0131za veya bilgisayar\u0131n\u0131zda depolanan dosyalara zarar veremez. \u00c7erezler bilgisayar\u0131n\u0131za internet taray\u0131c\u0131s\u0131 taraf\u0131ndan yerle\u015ftirilir. Bu web sitesi arac\u0131l\u0131\u011f\u0131yla a\u015fa\u011f\u0131daki \u00e7erez t\u00fcrleri yerle\u015ftirilebilir:<\/p>\n\n\n\n<p><strong>Fonksiyonel \u00e7erezler<br><\/strong>Bu \u00e7erezler, belirli kullan\u0131c\u0131 tercihlerini saklayarak web sitesini daha kullan\u0131c\u0131 dostu hale getirmek i\u00e7in kullan\u0131l\u0131r. \u00d6rne\u011fin, belirli g\u00f6r\u00fcnt\u00fcleme tercihlerini tutmak i\u00e7in.<\/p>\n\n\n\n<p><strong>Web sitesi analizi i\u00e7in \u00e7erezler<br><\/strong>Google Inc. taraf\u0131ndan sa\u011flanan bir web analiz hizmeti olan Google Analytics'i kullan\u0131yoruz. Google Analytics, kullan\u0131c\u0131lar\u0131n web sitesini nas\u0131l kulland\u0131\u011f\u0131n\u0131 analiz etmemize yard\u0131mc\u0131 olmak i\u00e7in \u00e7erezler kullan\u0131r. \u00c7erez taraf\u0131ndan web sitesini kullan\u0131m\u0131n\u0131z hakk\u0131nda olu\u015fturulan bilgiler (IP adresiniz dahil) Google'a iletilecek ve Google taraf\u0131ndan ABD'deki sunucularda saklanacakt\u0131r. Google bu bilgileri, web sitesinin nas\u0131l kullan\u0131ld\u0131\u011f\u0131n\u0131 izlemek, bizim i\u00e7in web sitesi etkinli\u011fi hakk\u0131nda raporlar derlemek ve web sitesi etkinli\u011fi ve internet kullan\u0131m\u0131yla ilgili di\u011fer hizmetleri sa\u011flamak i\u00e7in kullan\u0131r. Google bu bilgileri, yasal olarak Google'\u0131n bunu yapmas\u0131 gerekiyorsa veya bu \u00fc\u00e7\u00fcnc\u00fc taraflar bilgileri Google ad\u0131na i\u015fliyorsa \u00fc\u00e7\u00fcnc\u00fc taraflara sa\u011flayabilir. Google, IP adresinizi Google taraf\u0131ndan tutulan di\u011fer verilerle birle\u015ftirmeyecektir.<\/p>\n\n\n\n<p><strong>Di\u011fer \u00e7erezler<br><\/strong>Bu web sitesi Youtube.com gibi \u00fc\u00e7\u00fcnc\u00fc taraf web sitelerinden medya dosyalar\u0131 i\u00e7erebilir. Bu medya dosyalar\u0131n\u0131 oynat\u0131rken, bu \u00fc\u00e7\u00fcnc\u00fc taraflarca \u00e7erezler yerle\u015ftirilebilir. Ayr\u0131ca, bu web sitesi Facebook.com, LinkedIn.com, Pinterest, Google+, Instagram, Delicious ve Twitter.com gibi sosyal a\u011flar arac\u0131l\u0131\u011f\u0131yla belirli bilgileri payla\u015fma se\u00e7ene\u011fi sunar. Bu i\u015flevi kullan\u0131rken, bu sosyal a\u011flar hangi bilgilerin payla\u015f\u0131ld\u0131\u011f\u0131n\u0131 izlemek i\u00e7in bilgisayar\u0131n\u0131za \u00e7erezler yerle\u015ftirebilir.<\/p>\n\n\n\n<p><strong>Taray\u0131c\u0131n\u0131z arac\u0131l\u0131\u011f\u0131yla \u00e7erezleri engelleme<br><\/strong>\u00c7erezleri kabul edip etmeyece\u011finize veya reddedip etmeyece\u011finize ya da bir \u00e7erez ayarland\u0131\u011f\u0131nda taray\u0131c\u0131n\u0131z\u0131n sizi bilgilendirmesini isteyip istemedi\u011finize karar verebilirsiniz. Bunu yapmak i\u00e7in taray\u0131c\u0131n\u0131zdaki ayarlar\u0131 de\u011fi\u015ftirmeniz gerekir. Her taray\u0131c\u0131 farkl\u0131 oldu\u011fundan, \u00e7erez tercihlerinizi ayarlamak i\u00e7in l\u00fctfen taray\u0131c\u0131n\u0131z\u0131n \"yard\u0131m\" men\u00fcs\u00fcne bak\u0131n.<\/p>\n\t\t\t\t\t\t\t\t<\/div>\n\t\t\t\t<\/div>\n\t\t\t\t\t<\/div>\n\t\t<\/div>\n\t\t\t\t\t<\/div>\n\t\t<\/section>\n\t\t\t\t<\/div>","protected":false},"excerpt":{"rendered":"<p>Bu web sitesi \u00e7erez kullanmaktad\u0131r. \u00c7erezler, sabit diskte veya web sitesinde depolanan basit k\u00fc\u00e7\u00fck metin dosyalar\u0131d\u0131r.<\/p>","protected":false},"author":1,"featured_media":0,"parent":0,"menu_order":900,"comment_status":"closed","ping_status":"closed","template":"","meta":{"_acf_changed":false,"footnotes":""},"class_list":["post-91","page","type-page","status-publish","hentry"],"acf":[],"yoast_head":"<!-- This site is optimized with the Yoast SEO Premium plugin v27.2 (Yoast SEO v27.2) - https:\/\/yoast.com\/product\/yoast-seo-premium-wordpress\/ -->\n<title>Cookies | Bioethanolshop.nl<\/title>\n<meta name=\"robots\" content=\"index, follow, max-snippet:-1, max-image-preview:large, max-video-preview:-1\" \/>\n<link rel=\"canonical\" href=\"https:\/\/www.bioethanolshop.nl\/tr\/kurabiyeler\/\" \/>\n<meta property=\"og:locale\" content=\"tr_TR\" \/>\n<meta property=\"og:type\" content=\"article\" \/>\n<meta property=\"og:title\" content=\"Cookies\" \/>\n<meta property=\"og:description\" content=\"Deze website maakt gebruik van cookies. Cookies zijn eenvoudige kleine tekstbestanden die worden opgeslagen op de harde schijf of in\" \/>\n<meta property=\"og:url\" content=\"https:\/\/www.bioethanolshop.nl\/tr\/kurabiyeler\/\" \/>\n<meta property=\"og:site_name\" content=\"Bioethanolshop.nl\" \/>\n<meta property=\"article:publisher\" content=\"https:\/\/www.facebook.com\/profile.php?id=100064154436458\" \/>\n<meta property=\"article:modified_time\" content=\"2023-08-09T09:36:18+00:00\" \/>\n<meta name=\"twitter:card\" content=\"summary_large_image\" \/>\n<meta name=\"twitter:label1\" content=\"Tahmini okuma s\u00fcresi\" \/>\n\t<meta name=\"twitter:data1\" content=\"2 dakika\" \/>\n<!-- \/ Yoast SEO Premium plugin. -->","yoast_head_json":{"title":"\u00c7erezler | Bioethanolshop.com","robots":{"index":"index","follow":"follow","max-snippet":"max-snippet:-1","max-image-preview":"max-image-preview:large","max-video-preview":"max-video-preview:-1"},"canonical":"https:\/\/www.bioethanolshop.nl\/tr\/kurabiyeler\/","og_locale":"tr_TR","og_type":"article","og_title":"Cookies","og_description":"Deze website maakt gebruik van cookies. Cookies zijn eenvoudige kleine tekstbestanden die worden opgeslagen op de harde schijf of in","og_url":"https:\/\/www.bioethanolshop.nl\/tr\/kurabiyeler\/","og_site_name":"Bioethanolshop.nl","article_publisher":"https:\/\/www.facebook.com\/profile.php?id=100064154436458","article_modified_time":"2023-08-09T09:36:18+00:00","twitter_card":"summary_large_image","twitter_misc":{"Tahmini okuma s\u00fcresi":"2 dakika"},"schema":{"@context":"https:\/\/schema.org","@graph":[{"@type":"WebPage","@id":"https:\/\/www.bioethanolshop.nl\/cookies\/","url":"https:\/\/www.bioethanolshop.nl\/cookies\/","name":"\u00c7erezler | Bioethanolshop.com","isPartOf":{"@id":"https:\/\/www.bioethanolshop.nl\/en\/#website"},"datePublished":"2021-02-09T12:10:17+00:00","dateModified":"2023-08-09T09:36:18+00:00","breadcrumb":{"@id":"https:\/\/www.bioethanolshop.nl\/cookies\/#breadcrumb"},"inLanguage":"tr","potentialAction":[{"@type":"ReadAction","target":["https:\/\/www.bioethanolshop.nl\/cookies\/"]}]},{"@type":"BreadcrumbList","@id":"https:\/\/www.bioethanolshop.nl\/cookies\/#breadcrumb","itemListElement":[{"@type":"ListItem","position":1,"name":"Home","item":"https:\/\/www.bioethanolshop.nl\/"},{"@type":"ListItem","position":2,"name":"Cookies"}]},{"@type":"WebSite","@id":"https:\/\/www.bioethanolshop.nl\/en\/#website","url":"https:\/\/www.bioethanolshop.nl\/en\/","name":"Bioethanolshop.co.uk","description":"Biyoetanolde en b\u00fcy\u00fck ve en kaliteli biyoetanol!","potentialAction":[{"@type":"SearchAction","target":{"@type":"EntryPoint","urlTemplate":"https:\/\/www.bioethanolshop.nl\/en\/?s={search_term_string}"},"query-input":{"@type":"PropertyValueSpecification","valueRequired":true,"valueName":"search_term_string"}}],"inLanguage":"tr"}]}},"_links":{"self":[{"href":"https:\/\/www.bioethanolshop.nl\/tr\/wp-json\/wp\/v2\/pages\/91","targetHints":{"allow":["GET"]}}],"collection":[{"href":"https:\/\/www.bioethanolshop.nl\/tr\/wp-json\/wp\/v2\/pages"}],"about":[{"href":"https:\/\/www.bioethanolshop.nl\/tr\/wp-json\/wp\/v2\/types\/page"}],"author":[{"embeddable":true,"href":"https:\/\/www.bioethanolshop.nl\/tr\/wp-json\/wp\/v2\/users\/1"}],"replies":[{"embeddable":true,"href":"https:\/\/www.bioethanolshop.nl\/tr\/wp-json\/wp\/v2\/comments?post=91"}],"version-history":[{"count":3,"href":"https:\/\/www.bioethanolshop.nl\/tr\/wp-json\/wp\/v2\/pages\/91\/revisions"}],"predecessor-version":[{"id":8333,"href":"https:\/\/www.bioethanolshop.nl\/tr\/wp-json\/wp\/v2\/pages\/91\/revisions\/8333"}],"wp:attachment":[{"href":"https:\/\/www.bioethanolshop.nl\/tr\/wp-json\/wp\/v2\/media?parent=91"}],"curies":[{"name":"wp","href":"https:\/\/api.w.org\/{rel}","templated":true}]}}