{"id":252,"date":"2021-02-27T13:21:08","date_gmt":"2021-02-27T13:21:08","guid":{"rendered":"https:\/\/www.bioethanolshop.nl\/?page_id=252"},"modified":"2021-02-27T13:21:09","modified_gmt":"2021-02-27T13:21:09","slug":"teslimat-ve-toplama-2","status":"publish","type":"page","link":"https:\/\/www.bioethanolshop.nl\/tr\/verzendkosten-en-afhalen-2\/","title":{"rendered":"Nakliye masraflar\u0131 ve teslim alma"},"content":{"rendered":"<h3 class=\"wp-block-heading\" id=\"h-verwerkingskosten-bestelling\">Sipari\u015f i\u015fleme maliyetleri<\/h3>\n\n\n\n<p>Her sipari\u015f, depolama, paketleme malzemeleri vb. gibi i\u015flem maliyetlerine neden olur. KDV dahil 50,00 \u20ac'nun alt\u0131ndaki sipari\u015fler i\u00e7in, KDV hari\u00e7 5,74 \u20ac \/ KDV dahil 6,95 \u20ac tutar\u0131ndaki nakliye masraflar\u0131na ek olarak sipari\u015finizin i\u015fleme masraflar\u0131na bir katk\u0131 pay\u0131 al\u0131yoruz. Bu i\u015flem ve nakliye masraflar\u0131na toplam katk\u0131 pay\u0131 KDV hari\u00e7 9,00 \u20ac \/ KDV dahil 10,89 \u20ac'dur. Bu maliyetler web ma\u011fazalar\u0131m\u0131z\u0131n \u00f6deme sayfas\u0131nda g\u00f6r\u00fclebilir.<\/p>\n\n\n\n<h3 class=\"wp-block-heading\" id=\"h-verzendwijze-pakketzending\">Nakliye y\u00f6ntemi koli g\u00f6nderimi<\/h3>\n\n\n\n<p>Nakliye, PostNL, DHL veya TransMission gibi sayg\u0131n bir ta\u015f\u0131y\u0131c\u0131 veya paket teslimat hizmeti taraf\u0131ndan ger\u00e7ekle\u015ftirilir. Gerekli g\u00f6rd\u00fc\u011f\u00fcm\u00fcz takdirde ba\u015fka bir ta\u015f\u0131y\u0131c\u0131 kullanmaya karar verebiliriz. Buradaki yol g\u00f6sterici ilke her zaman makul bir maliyetle m\u00fcmk\u00fcn olan en h\u0131zl\u0131 teslimat s\u00fcresini sa\u011flamakt\u0131r.<\/p>\n\n\n\n<h3 class=\"wp-block-heading\" id=\"h-verzendkosten-palletzending\">Nakliye maliyetleri palet sevkiyat\u0131<\/h3>\n\n\n\n<p>Bir sipari\u015f o kadar b\u00fcy\u00fck veya a\u011f\u0131r olabilir ki palet sevkiyat\u0131 ile teslim edilmesi gerekebilir. Bu durumda, standart olarak bir depozito paleti \u00fczerinde teslim edilecektir. Al\u0131c\u0131n\u0131n teslimat s\u00fcr\u00fcc\u00fcs\u00fcne bo\u015f bir palet verememesi veya vermemesi durumunda, bunun i\u00e7in 15 \u20ac \u00fccret almam\u0131z gerekecektir. Depozito paleti al\u0131c\u0131 taraf\u0131ndan yerel bir nakliyeciye iade edilebilir. Depozito fiyatlar\u0131 \u00fclkeye\/b\u00f6lgeye g\u00f6re de\u011fi\u015febilir.<\/p>\n\n\n\n<p><strong>Hollanda ve Bel\u00e7ika i\u00e7indeki nakliye masraflar\u0131 KDV dahil 50,00 \u20ac veya \u00fczeri sipari\u015fler i\u00e7in \u00dcCRETS\u0130ZD\u0130R (nakliye malzemeleri \u00fczerindeki depozitoya tabidir)<\/strong><\/p>\n\n\n\n<h3 class=\"wp-block-heading\" id=\"h-verzendkosten-buiten-de-benelux\">Benel\u00fcks d\u0131\u015f\u0131ndaki nakliye masraflar\u0131<\/h3>\n\n\n\n<p>Avrupa i\u00e7inde (Benel\u00fcks d\u0131\u015f\u0131nda) sevkiyat i\u00e7in maliyetler talep \u00fczerine belirlenir. Bir kargo sevkiyat\u0131n\u0131n size ikinci kez veya daha sonra sunulmas\u0131 gerekiyorsa, ek masraflar i\u00e7in sizden \u00fccret al\u0131r\u0131z.<\/p>\n\n\n\n<h3 class=\"wp-block-heading\" id=\"h-afhalen\">Koleksiyon<\/h3>\n\n\n\n<p>K\u0131smen COVID-19 nedeniyle, tahsilat \u015fu anda m\u00fcmk\u00fcn de\u011fildir. Her sipari\u015f, o s\u0131rada ge\u00e7erli olan (acil durum) y\u00f6netmeliklere uygun olarak, se\u00e7ti\u011finiz ta\u015f\u0131y\u0131c\u0131 taraf\u0131ndan belirtti\u011finiz adrese teslim edilecektir.<\/p>","protected":false},"excerpt":{"rendered":"<p>Sipari\u015f i\u015fleme maliyetleri Her sipari\u015f, depolama, ambalaj malzemeleri vb. gibi i\u015fleme maliyetlerine neden olur. A\u015fa\u011f\u0131dakiler dahil 50,00 \u20ac alt\u0131ndaki sipari\u015fler i\u00e7in<\/p>","protected":false},"author":3,"featured_media":0,"parent":0,"menu_order":0,"comment_status":"closed","ping_status":"closed","template":"","meta":{"_acf_changed":false,"footnotes":""},"class_list":["post-252","page","type-page","status-publish","hentry"],"acf":[],"yoast_head":"<!-- This site is optimized with the Yoast SEO Premium plugin v27.5 (Yoast SEO v27.5) - https:\/\/yoast.com\/product\/yoast-seo-premium-wordpress\/ -->\n<title>Verzendkosten en afhalen | Bioethanolshop.nl<\/title>\n<meta name=\"robots\" content=\"index, follow, max-snippet:-1, max-image-preview:large, max-video-preview:-1\" \/>\n<link rel=\"canonical\" href=\"https:\/\/www.bioethanolshop.nl\/tr\/teslimat-ve-toplama-2\/\" \/>\n<meta property=\"og:locale\" content=\"tr_TR\" \/>\n<meta property=\"og:type\" content=\"article\" \/>\n<meta property=\"og:title\" content=\"Verzendkosten en afhalen\" \/>\n<meta property=\"og:description\" content=\"Verwerkingskosten bestelling Elke bestelling brengt verwerkingskosten met zich mee, zoals opslag, verpakkingsmateriaal, etcetera. Bij bestellingen onder de \u20ac 50,00 inclusief\" \/>\n<meta property=\"og:url\" content=\"https:\/\/www.bioethanolshop.nl\/tr\/teslimat-ve-toplama-2\/\" \/>\n<meta property=\"og:site_name\" content=\"Bioethanolshop.nl\" \/>\n<meta property=\"article:publisher\" content=\"https:\/\/www.facebook.com\/profile.php?id=100064154436458\" \/>\n<meta property=\"article:modified_time\" content=\"2021-02-27T13:21:09+00:00\" \/>\n<meta name=\"twitter:card\" content=\"summary_large_image\" \/>\n<meta name=\"twitter:label1\" content=\"Tahmini okuma s\u00fcresi\" \/>\n\t<meta name=\"twitter:data1\" content=\"1 dakika\" \/>\n<!-- \/ Yoast SEO Premium plugin. -->","yoast_head_json":{"title":"Nakliye ve teslim alma | Bioethanolshop.com","robots":{"index":"index","follow":"follow","max-snippet":"max-snippet:-1","max-image-preview":"max-image-preview:large","max-video-preview":"max-video-preview:-1"},"canonical":"https:\/\/www.bioethanolshop.nl\/tr\/teslimat-ve-toplama-2\/","og_locale":"tr_TR","og_type":"article","og_title":"Verzendkosten en afhalen","og_description":"Verwerkingskosten bestelling Elke bestelling brengt verwerkingskosten met zich mee, zoals opslag, verpakkingsmateriaal, etcetera. Bij bestellingen onder de \u20ac 50,00 inclusief","og_url":"https:\/\/www.bioethanolshop.nl\/tr\/teslimat-ve-toplama-2\/","og_site_name":"Bioethanolshop.nl","article_publisher":"https:\/\/www.facebook.com\/profile.php?id=100064154436458","article_modified_time":"2021-02-27T13:21:09+00:00","twitter_card":"summary_large_image","twitter_misc":{"Tahmini okuma s\u00fcresi":"1 dakika"},"schema":{"@context":"https:\/\/schema.org","@graph":[{"@type":"WebPage","@id":"https:\/\/www.bioethanolshop.nl\/verzendkosten-en-afhalen-2\/","url":"https:\/\/www.bioethanolshop.nl\/verzendkosten-en-afhalen-2\/","name":"Nakliye ve teslim alma | Bioethanolshop.com","isPartOf":{"@id":"https:\/\/www.bioethanolshop.nl\/en\/#website"},"datePublished":"2021-02-27T13:21:08+00:00","dateModified":"2021-02-27T13:21:09+00:00","breadcrumb":{"@id":"https:\/\/www.bioethanolshop.nl\/verzendkosten-en-afhalen-2\/#breadcrumb"},"inLanguage":"tr","potentialAction":[{"@type":"ReadAction","target":["https:\/\/www.bioethanolshop.nl\/verzendkosten-en-afhalen-2\/"]}]},{"@type":"BreadcrumbList","@id":"https:\/\/www.bioethanolshop.nl\/verzendkosten-en-afhalen-2\/#breadcrumb","itemListElement":[{"@type":"ListItem","position":1,"name":"Home","item":"https:\/\/www.bioethanolshop.nl\/"},{"@type":"ListItem","position":2,"name":"Verzendkosten en afhalen"}]},{"@type":"WebSite","@id":"https:\/\/www.bioethanolshop.nl\/en\/#website","url":"https:\/\/www.bioethanolshop.nl\/en\/","name":"Bioethanolshop.co.uk","description":"Biyoetanolde en b\u00fcy\u00fck ve en kaliteli biyoetanol!","potentialAction":[{"@type":"SearchAction","target":{"@type":"EntryPoint","urlTemplate":"https:\/\/www.bioethanolshop.nl\/en\/?s={search_term_string}"},"query-input":{"@type":"PropertyValueSpecification","valueRequired":true,"valueName":"search_term_string"}}],"inLanguage":"tr"}]}},"_links":{"self":[{"href":"https:\/\/www.bioethanolshop.nl\/tr\/wp-json\/wp\/v2\/pages\/252","targetHints":{"allow":["GET"]}}],"collection":[{"href":"https:\/\/www.bioethanolshop.nl\/tr\/wp-json\/wp\/v2\/pages"}],"about":[{"href":"https:\/\/www.bioethanolshop.nl\/tr\/wp-json\/wp\/v2\/types\/page"}],"author":[{"embeddable":true,"href":"https:\/\/www.bioethanolshop.nl\/tr\/wp-json\/wp\/v2\/users\/3"}],"replies":[{"embeddable":true,"href":"https:\/\/www.bioethanolshop.nl\/tr\/wp-json\/wp\/v2\/comments?post=252"}],"version-history":[{"count":1,"href":"https:\/\/www.bioethanolshop.nl\/tr\/wp-json\/wp\/v2\/pages\/252\/revisions"}],"predecessor-version":[{"id":253,"href":"https:\/\/www.bioethanolshop.nl\/tr\/wp-json\/wp\/v2\/pages\/252\/revisions\/253"}],"wp:attachment":[{"href":"https:\/\/www.bioethanolshop.nl\/tr\/wp-json\/wp\/v2\/media?parent=252"}],"curies":[{"name":"wp","href":"https:\/\/api.w.org\/{rel}","templated":true}]}}