{"id":975,"date":"2021-09-30T11:44:10","date_gmt":"2021-09-30T09:44:10","guid":{"rendered":"https:\/\/www.bioethanolshop.nl\/?post_type=product&#038;p=975"},"modified":"2023-11-06T08:19:12","modified_gmt":"2023-11-06T07:19:12","slug":"kynast-solar-led-tradgardsbordslampa-varmvitt-ljus-med-dimmer-18","status":"publish","type":"product","link":"https:\/\/www.bioethanolshop.nl\/sv\/product\/sfeerhaard-bioethanol-haard-hotel-zwart-70cm-tafelhaard\/","title":{"rendered":"Bioetanolkamin HOTEL svart 70cm bordseldstad"},"content":{"rendered":"<h2>Sfeerhaard Bioethanol haard HOTEL zwart 70cm tafelhaard met vuurlijn van 25cm<\/h2>\n<p>Voor biovuurhaarden bestaan geen beperkingen, dergelijke toestellen vereisen geen ingewikkelde installatie of aansluiting op de schoorsteen, ze zijn gemakkelijk te installeren en te gebruiken. Ze kunnen zowel in een ruim huis als in een kleinere flat worden geplaatst.<\/p>\n<p>Bio sfeerhaarden zijn ook een uitstekende oplossing voor de binnenhuisarchitectuur. Het ruime assortiment maakt het mogelijk ze te gebruiken in de meest originele idee\u00ebn.<br \/>\nZe worden gestookt met ecologische brandstof in de vorm van bioethanol, wat resulteert in echt vuur.<\/p>\n<p><strong>NATUURLIJK WARM<\/strong><\/p>\n<p>Deze sfeerhaard verhoogt de temperatuur tot meerdere graden Celsius, afhankelijk van de hoogte van de vlam en de grootte van het binnenwerk. De 100% opgewekte warmte wordt doorgegeven aan de kamer, waardoor de biofireplace een extra verwarmingsbron kan zijn.<\/p>\n<p><strong>COMFORTABEL GEBRUIK<\/strong><\/p>\n<p>U giet de biobrandstof gewoon bij tot het niveau dat in de houder is aangegeven. Het is mogelijk om de vlam op elk moment te regelen en te doven. Vergeet niet om de ruimte waar de sfeerhaard staat te ventileren.<\/p>\n<p>Bijvullen alleen als de brandstof opgebrand is of minimaal 15 minuten niet gebrand heeft.<\/p>\n<p><strong>GARANTIE VAN KWALITEIT<\/strong><\/p>\n<p>Deze sfeerhaarden zijn gemaakt van hoogwaardige materialen. Het productieproces wordt uitgevoerd volgens de wereldnormen, dat wordt bevestigd door de verkregen ISO 9001:2015 certificering.<\/p>\n<p>FOCUS OP VEILIGHEID<\/p>\n<p>Het productieproces van de biofireplace wordt gecontroleerd door T\u00dcV &#8211; deze sfeerhaard heeft het Duitse T\u00dcV-veiligheidscertificaat.<\/p>\n<p>De T\u00dcV-gecertificeerde container heeft een extra speciale kamer die voorkomt dat er brandstof wordt gemorst als de tank per ongeluk wordt overvuld. Hij heeft ook een indicator voor het maximale brandstofniveau.<\/p>\n<p>Een absorberende inlage in het midden van de tank vermindert het brandstofverbruik en beschermt tegen het morsen van biobrandstoffen wanneer het toestel wordt gekanteld.<\/p>\n<p>Bovendien is de biofireplace uitgerust met een beglazing die de oven scheidt van de kamer, wat de veiligheid van het gebruik ervan nog verhoogt.<\/p>","protected":false},"excerpt":{"rendered":"<div class=\"puik-content-header__header puik-content-header__header--image\">Bioetanolkamin HOTEL svart 70cm bordseldstad<\/div>","protected":false},"featured_media":977,"comment_status":"closed","ping_status":"closed","template":"","meta":{"_acf_changed":false},"product_brand":[],"product_cat":[70,76,66],"product_tag":[74,73,75],"class_list":{"0":"post-975","1":"product","2":"type-product","3":"status-publish","4":"has-post-thumbnail","6":"product_cat-bioethanol-tafelhaard","7":"product_cat-bioethanolshop-black-friday","8":"product_cat-kratki","9":"product_tag-bioethanol-haard","10":"product_tag-sfeerhaard","11":"product_tag-tafelhaard","13":"first","14":"outofstock","15":"taxable","16":"shipping-taxable","17":"purchasable","18":"product-type-simple"},"bundled_by":[],"bundle_stock_status":"outofstock","bundle_stock_quantity":null,"bundle_virtual":false,"bundle_layout":"","bundle_add_to_cart_form_location":"","bundle_editable_in_cart":false,"bundle_sold_individually_context":"","bundle_item_grouping":"","bundle_min_size":"","bundle_max_size":"","bundle_price":[],"bundled_items":[],"bundle_sell_ids":[],"acf":[],"yoast_head":"<!-- This site is optimized with the Yoast SEO Premium plugin v27.2 (Yoast SEO v27.2) - https:\/\/yoast.com\/product\/yoast-seo-premium-wordpress\/ -->\n<title>Sfeerhaard Bioethanol haard HOTEL zwart 70cm tafelhaard | Bioethanolshop.nl<\/title>\n<meta name=\"description\" content=\"ACTIEPRIJS: Sfeerhaard Bioethanol haard HOTEL zwart 70cm tafelhaardmodern design, uniek ontwerp, mooi groot\" \/>\n<meta name=\"robots\" content=\"index, follow, max-snippet:-1, max-image-preview:large, max-video-preview:-1\" \/>\n<link rel=\"canonical\" href=\"https:\/\/www.bioethanolshop.nl\/sv\/produkt-2\/kynast-solar-led-tradgardsbordslampa-varmvitt-ljus-med-dimmer-18\/\" \/>\n<meta property=\"og:locale\" content=\"sv_SE\" \/>\n<meta property=\"og:type\" content=\"article\" \/>\n<meta property=\"og:title\" content=\"Sfeerhaard Bioethanol haard HOTEL zwart 70cm tafelhaard\" \/>\n<meta property=\"og:description\" content=\"ACTIEPRIJS: Sfeerhaard Bioethanol haard HOTEL zwart 70cm tafelhaardmodern design, uniek ontwerp, mooi groot\" \/>\n<meta property=\"og:url\" content=\"https:\/\/www.bioethanolshop.nl\/sv\/produkt-2\/kynast-solar-led-tradgardsbordslampa-varmvitt-ljus-med-dimmer-18\/\" \/>\n<meta property=\"og:site_name\" content=\"Bioethanolshop.nl\" \/>\n<meta property=\"article:publisher\" content=\"https:\/\/www.facebook.com\/profile.php?id=100064154436458\" \/>\n<meta property=\"article:modified_time\" content=\"2023-11-06T07:19:12+00:00\" \/>\n<meta property=\"og:image\" content=\"https:\/\/www.bioethanolshop.nl\/wp-content\/uploads\/2021\/09\/hotel-black.png\" \/>\n\t<meta property=\"og:image:width\" content=\"960\" \/>\n\t<meta property=\"og:image:height\" content=\"960\" \/>\n\t<meta property=\"og:image:type\" content=\"image\/png\" \/>\n<meta name=\"twitter:card\" content=\"summary_large_image\" \/>\n<meta name=\"twitter:label1\" content=\"Ber\u00e4knad l\u00e4stid\" \/>\n\t<meta name=\"twitter:data1\" content=\"2 minuter\" \/>\n<!-- \/ Yoast SEO Premium plugin. -->","yoast_head_json":{"title":"Sfeerhaard Bioethanol haard HOTEL zwart 70cm tafelhaard | Bioethanolshop.nl","description":"ACTIEPRIJS: Sfeerhaard Bioethanol haard HOTEL zwart 70cm tafelhaardmodern design, uniek ontwerp, mooi groot","robots":{"index":"index","follow":"follow","max-snippet":"max-snippet:-1","max-image-preview":"max-image-preview:large","max-video-preview":"max-video-preview:-1"},"canonical":"https:\/\/www.bioethanolshop.nl\/sv\/produkt-2\/kynast-solar-led-tradgardsbordslampa-varmvitt-ljus-med-dimmer-18\/","og_locale":"sv_SE","og_type":"article","og_title":"Sfeerhaard Bioethanol haard HOTEL zwart 70cm tafelhaard","og_description":"ACTIEPRIJS: Sfeerhaard Bioethanol haard HOTEL zwart 70cm tafelhaardmodern design, uniek ontwerp, mooi groot","og_url":"https:\/\/www.bioethanolshop.nl\/sv\/produkt-2\/kynast-solar-led-tradgardsbordslampa-varmvitt-ljus-med-dimmer-18\/","og_site_name":"Bioethanolshop.nl","article_publisher":"https:\/\/www.facebook.com\/profile.php?id=100064154436458","article_modified_time":"2023-11-06T07:19:12+00:00","og_image":[{"width":960,"height":960,"url":"https:\/\/www.bioethanolshop.nl\/wp-content\/uploads\/2021\/09\/hotel-black.png","type":"image\/png"}],"twitter_card":"summary_large_image","twitter_misc":{"Ber\u00e4knad l\u00e4stid":"2 minuter"},"schema":{"@context":"https:\/\/schema.org","@graph":[{"@type":"WebPage","@id":"https:\/\/www.bioethanolshop.nl\/product\/sfeerhaard-bioethanol-haard-hotel-zwart-70cm-tafelhaard\/","url":"https:\/\/www.bioethanolshop.nl\/product\/sfeerhaard-bioethanol-haard-hotel-zwart-70cm-tafelhaard\/","name":"Sfeerhaard Bioethanol haard HOTEL zwart 70cm tafelhaard | Bioethanolshop.nl","isPartOf":{"@id":"https:\/\/www.bioethanolshop.nl\/en\/#website"},"primaryImageOfPage":{"@id":"https:\/\/www.bioethanolshop.nl\/product\/sfeerhaard-bioethanol-haard-hotel-zwart-70cm-tafelhaard\/#primaryimage"},"image":{"@id":"https:\/\/www.bioethanolshop.nl\/product\/sfeerhaard-bioethanol-haard-hotel-zwart-70cm-tafelhaard\/#primaryimage"},"thumbnailUrl":"https:\/\/www.bioethanolshop.nl\/wp-content\/uploads\/2021\/09\/hotel-black.png","datePublished":"2021-09-30T09:44:10+00:00","dateModified":"2023-11-06T07:19:12+00:00","description":"ACTIEPRIJS: Sfeerhaard Bioethanol haard HOTEL zwart 70cm tafelhaardmodern design, uniek ontwerp, mooi groot","breadcrumb":{"@id":"https:\/\/www.bioethanolshop.nl\/product\/sfeerhaard-bioethanol-haard-hotel-zwart-70cm-tafelhaard\/#breadcrumb"},"inLanguage":"sv-SE","potentialAction":[{"@type":"ReadAction","target":["https:\/\/www.bioethanolshop.nl\/product\/sfeerhaard-bioethanol-haard-hotel-zwart-70cm-tafelhaard\/"]}]},{"@type":"ImageObject","inLanguage":"sv-SE","@id":"https:\/\/www.bioethanolshop.nl\/product\/sfeerhaard-bioethanol-haard-hotel-zwart-70cm-tafelhaard\/#primaryimage","url":"https:\/\/www.bioethanolshop.nl\/wp-content\/uploads\/2021\/09\/hotel-black.png","contentUrl":"https:\/\/www.bioethanolshop.nl\/wp-content\/uploads\/2021\/09\/hotel-black.png","width":960,"height":960,"caption":"Bioethanol haard HOTEL"},{"@type":"BreadcrumbList","@id":"https:\/\/www.bioethanolshop.nl\/product\/sfeerhaard-bioethanol-haard-hotel-zwart-70cm-tafelhaard\/#breadcrumb","itemListElement":[{"@type":"ListItem","position":1,"name":"Home","item":"https:\/\/www.bioethanolshop.nl\/"},{"@type":"ListItem","position":2,"name":"Winkel","item":"https:\/\/www.bioethanolshop.nl\/en\/store\/"},{"@type":"ListItem","position":3,"name":"Sfeerhaard Bioethanol haard HOTEL zwart 70cm tafelhaard"}]},{"@type":"WebSite","@id":"https:\/\/www.bioethanolshop.nl\/en\/#website","url":"https:\/\/www.bioethanolshop.nl\/en\/","name":"Bioethanolshop.nl","description":"St\u00f6rst p\u00e5 bioetanol och bioetanol av b\u00e4sta kvalitet!","potentialAction":[{"@type":"SearchAction","target":{"@type":"EntryPoint","urlTemplate":"https:\/\/www.bioethanolshop.nl\/en\/?s={search_term_string}"},"query-input":{"@type":"PropertyValueSpecification","valueRequired":true,"valueName":"search_term_string"}}],"inLanguage":"sv-SE"}]}},"_links":{"self":[{"href":"https:\/\/www.bioethanolshop.nl\/sv\/wp-json\/wp\/v2\/product\/975","targetHints":{"allow":["GET"]}}],"collection":[{"href":"https:\/\/www.bioethanolshop.nl\/sv\/wp-json\/wp\/v2\/product"}],"about":[{"href":"https:\/\/www.bioethanolshop.nl\/sv\/wp-json\/wp\/v2\/types\/product"}],"replies":[{"embeddable":true,"href":"https:\/\/www.bioethanolshop.nl\/sv\/wp-json\/wp\/v2\/comments?post=975"}],"version-history":[{"count":1,"href":"https:\/\/www.bioethanolshop.nl\/sv\/wp-json\/wp\/v2\/product\/975\/revisions"}],"predecessor-version":[{"id":9532,"href":"https:\/\/www.bioethanolshop.nl\/sv\/wp-json\/wp\/v2\/product\/975\/revisions\/9532"}],"wp:featuredmedia":[{"embeddable":true,"href":"https:\/\/www.bioethanolshop.nl\/sv\/wp-json\/wp\/v2\/media\/977"}],"wp:attachment":[{"href":"https:\/\/www.bioethanolshop.nl\/sv\/wp-json\/wp\/v2\/media?parent=975"}],"wp:term":[{"taxonomy":"product_brand","embeddable":true,"href":"https:\/\/www.bioethanolshop.nl\/sv\/wp-json\/wp\/v2\/product_brand?post=975"},{"taxonomy":"product_cat","embeddable":true,"href":"https:\/\/www.bioethanolshop.nl\/sv\/wp-json\/wp\/v2\/product_cat?post=975"},{"taxonomy":"product_tag","embeddable":true,"href":"https:\/\/www.bioethanolshop.nl\/sv\/wp-json\/wp\/v2\/product_tag?post=975"}],"curies":[{"name":"wp","href":"https:\/\/api.w.org\/{rel}","templated":true}]}}