{"id":596,"date":"2021-05-12T10:05:40","date_gmt":"2021-05-12T08:05:40","guid":{"rendered":"https:\/\/www.bioethanolshop.nl\/?post_type=product&#038;p=596"},"modified":"2023-09-13T08:30:18","modified_gmt":"2023-09-13T06:30:18","slug":"kynast-solar-led-tradgardsbordslampa-varmvitt-ljus-med-dimmer-6","status":"publish","type":"product","link":"https:\/\/www.bioethanolshop.nl\/sv\/product\/kynast-solar-25cm-glazen-sfeerlamp-craquele-glas-met-30-leds\/","title":{"rendered":"Kynast Solar 25cm st\u00e4mningslampa i glas craquel\u00e9 glas med 30 lysdioder"},"content":{"rendered":"<h2>Kynast Solar 25cm st\u00e4mningslampa i glas craquel\u00e9 glas med 30 lysdioder<\/h2>\n<p>Kynast Solar is de nieuwste sensatie voor de buiten sfeer verlichting, deze glazen craquel\u00e9 glazen bol van 30cm. Prachtig lichtbeeld, geleverd met insteker om in de grond te plaatsen of ter decoratie op tafel.<\/p>\n<p>Prachtig voor in de tuin, camping, boot, terras in de avonduren. Ben nu klaar voor de laatste trend op het gebied van <a href=\"https:\/\/www.bioethanolshop.nl\/sv\/produktkategori\/solbelysning-for-tradgarden\/\">buitenverlichting<\/a>.<\/p>\n<p><a href=\"https:\/\/en.wikipedia.org\/wiki\/Solar_lamp\">Solenergi<\/a> bol craquel\u00e9 glas \u00d825cm<\/p>\n<ul>\n<li>Afmeting ca .: \u00d8 25cm<br \/>\nMateriaal: glas \/ kunststof<br \/>\nGebroken glaslook<br \/>\nwarm witte led-ketting (30 leds)<br \/>\nIn- \/ uitschakelen<br \/>\nZonnepaneel: amorf<br \/>\nBatterij: 1x AA 600 mAh NI-MH<\/li>\n<\/ul>","protected":false},"excerpt":{"rendered":"<h3>Kynast Solar 25cm st\u00e4mningslampa i glas craquel\u00e9 glas med 30 lysdioder<\/h3>","protected":false},"featured_media":590,"comment_status":"closed","ping_status":"closed","template":"","meta":{"_acf_changed":false},"product_brand":[],"product_cat":[40,36],"product_tag":[37,39,38],"class_list":{"0":"post-596","1":"product","2":"type-product","3":"status-publish","4":"has-post-thumbnail","6":"product_cat-kynast-solar","7":"product_cat-solar-tuinverlichting","8":"product_tag-solar","9":"product_tag-solar-tafellamp","10":"product_tag-tuinlamp","12":"first","13":"outofstock","14":"taxable","15":"shipping-taxable","16":"purchasable","17":"product-type-simple"},"bundled_by":[],"bundle_stock_status":"outofstock","bundle_stock_quantity":null,"bundle_virtual":false,"bundle_layout":"","bundle_add_to_cart_form_location":"","bundle_editable_in_cart":false,"bundle_sold_individually_context":"","bundle_item_grouping":"","bundle_min_size":"","bundle_max_size":"","bundle_price":[],"bundled_items":[],"bundle_sell_ids":[],"acf":[],"yoast_head":"<!-- This site is optimized with the Yoast SEO Premium plugin v27.2 (Yoast SEO v27.2) - https:\/\/yoast.com\/product\/yoast-seo-premium-wordpress\/ -->\n<title>Kynast Solar 25cm glazen sfeerlamp met 30 LEDs speciaal glas<\/title>\n<meta name=\"description\" content=\"Kynast SOLAR LED Tuin Tafellamp warm wit licht met dimmer voor buiten. Werkt op zonne energie met een brandduur van 8 uur.\" \/>\n<meta name=\"robots\" content=\"index, follow, max-snippet:-1, max-image-preview:large, max-video-preview:-1\" \/>\n<link rel=\"canonical\" href=\"https:\/\/www.bioethanolshop.nl\/sv\/produkt-2\/kynast-solar-led-tradgardsbordslampa-varmvitt-ljus-med-dimmer-6\/\" \/>\n<meta property=\"og:locale\" content=\"sv_SE\" \/>\n<meta property=\"og:type\" content=\"article\" \/>\n<meta property=\"og:title\" content=\"Kynast Solar 25cm glazen sfeerlamp craquel\u00e9 glas met 30 LEDs\" \/>\n<meta property=\"og:description\" content=\"Kynast SOLAR LED Tuin Tafellamp warm wit licht met dimmer voor buiten. Werkt op zonne energie met een brandduur van 8 uur.\" \/>\n<meta property=\"og:url\" content=\"https:\/\/www.bioethanolshop.nl\/sv\/produkt-2\/kynast-solar-led-tradgardsbordslampa-varmvitt-ljus-med-dimmer-6\/\" \/>\n<meta property=\"og:site_name\" content=\"Bioethanolshop.nl\" \/>\n<meta property=\"article:publisher\" content=\"https:\/\/www.facebook.com\/profile.php?id=100064154436458\" \/>\n<meta property=\"article:modified_time\" content=\"2023-09-13T06:30:18+00:00\" \/>\n<meta property=\"og:image\" content=\"https:\/\/www.bioethanolshop.nl\/wp-content\/uploads\/2021\/05\/Kynast-glazen-sfeerlamp-craquele-glas-5.jpg\" \/>\n\t<meta property=\"og:image:width\" content=\"1191\" \/>\n\t<meta property=\"og:image:height\" content=\"1200\" \/>\n\t<meta property=\"og:image:type\" content=\"image\/jpeg\" \/>\n<meta name=\"twitter:card\" content=\"summary_large_image\" \/>\n<!-- \/ Yoast SEO Premium plugin. -->","yoast_head_json":{"title":"Kynast Solar 25cm glazen sfeerlamp met 30 LEDs speciaal glas","description":"Kynast SOLAR LED Garden Table lamp varmvitt ljus med dimmer f\u00f6r utomhusbruk. Fungerar med solenergi och har en brinntid p\u00e5 8 timmar.","robots":{"index":"index","follow":"follow","max-snippet":"max-snippet:-1","max-image-preview":"max-image-preview:large","max-video-preview":"max-video-preview:-1"},"canonical":"https:\/\/www.bioethanolshop.nl\/sv\/produkt-2\/kynast-solar-led-tradgardsbordslampa-varmvitt-ljus-med-dimmer-6\/","og_locale":"sv_SE","og_type":"article","og_title":"Kynast Solar 25cm glazen sfeerlamp craquel\u00e9 glas met 30 LEDs","og_description":"Kynast SOLAR LED Tuin Tafellamp warm wit licht met dimmer voor buiten. Werkt op zonne energie met een brandduur van 8 uur.","og_url":"https:\/\/www.bioethanolshop.nl\/sv\/produkt-2\/kynast-solar-led-tradgardsbordslampa-varmvitt-ljus-med-dimmer-6\/","og_site_name":"Bioethanolshop.nl","article_publisher":"https:\/\/www.facebook.com\/profile.php?id=100064154436458","article_modified_time":"2023-09-13T06:30:18+00:00","og_image":[{"width":1191,"height":1200,"url":"https:\/\/www.bioethanolshop.nl\/wp-content\/uploads\/2021\/05\/Kynast-glazen-sfeerlamp-craquele-glas-5.jpg","type":"image\/jpeg"}],"twitter_card":"summary_large_image","schema":{"@context":"https:\/\/schema.org","@graph":[{"@type":"WebPage","@id":"https:\/\/www.bioethanolshop.nl\/product\/kynast-solar-25cm-glazen-sfeerlamp-craquele-glas-met-30-leds\/","url":"https:\/\/www.bioethanolshop.nl\/product\/kynast-solar-25cm-glazen-sfeerlamp-craquele-glas-met-30-leds\/","name":"Kynast Solar 25cm glazen sfeerlamp met 30 LEDs speciaal glas","isPartOf":{"@id":"https:\/\/www.bioethanolshop.nl\/en\/#website"},"primaryImageOfPage":{"@id":"https:\/\/www.bioethanolshop.nl\/product\/kynast-solar-25cm-glazen-sfeerlamp-craquele-glas-met-30-leds\/#primaryimage"},"image":{"@id":"https:\/\/www.bioethanolshop.nl\/product\/kynast-solar-25cm-glazen-sfeerlamp-craquele-glas-met-30-leds\/#primaryimage"},"thumbnailUrl":"https:\/\/www.bioethanolshop.nl\/wp-content\/uploads\/2021\/05\/Kynast-glazen-sfeerlamp-craquele-glas-5.jpg","datePublished":"2021-05-12T08:05:40+00:00","dateModified":"2023-09-13T06:30:18+00:00","description":"Kynast SOLAR LED Garden Table lamp varmvitt ljus med dimmer f\u00f6r utomhusbruk. Fungerar med solenergi och har en brinntid p\u00e5 8 timmar.","breadcrumb":{"@id":"https:\/\/www.bioethanolshop.nl\/product\/kynast-solar-25cm-glazen-sfeerlamp-craquele-glas-met-30-leds\/#breadcrumb"},"inLanguage":"sv-SE","potentialAction":[{"@type":"ReadAction","target":["https:\/\/www.bioethanolshop.nl\/product\/kynast-solar-25cm-glazen-sfeerlamp-craquele-glas-met-30-leds\/"]}]},{"@type":"ImageObject","inLanguage":"sv-SE","@id":"https:\/\/www.bioethanolshop.nl\/product\/kynast-solar-25cm-glazen-sfeerlamp-craquele-glas-met-30-leds\/#primaryimage","url":"https:\/\/www.bioethanolshop.nl\/wp-content\/uploads\/2021\/05\/Kynast-glazen-sfeerlamp-craquele-glas-5.jpg","contentUrl":"https:\/\/www.bioethanolshop.nl\/wp-content\/uploads\/2021\/05\/Kynast-glazen-sfeerlamp-craquele-glas-5.jpg","width":1191,"height":1200,"caption":"Kynast glazen sfeerlamp craquel\u00e9 glas"},{"@type":"BreadcrumbList","@id":"https:\/\/www.bioethanolshop.nl\/product\/kynast-solar-25cm-glazen-sfeerlamp-craquele-glas-met-30-leds\/#breadcrumb","itemListElement":[{"@type":"ListItem","position":1,"name":"Home","item":"https:\/\/www.bioethanolshop.nl\/"},{"@type":"ListItem","position":2,"name":"Winkel","item":"https:\/\/www.bioethanolshop.nl\/en\/store\/"},{"@type":"ListItem","position":3,"name":"Kynast Solar 25cm glazen sfeerlamp craquel\u00e9 glas met 30 LEDs"}]},{"@type":"WebSite","@id":"https:\/\/www.bioethanolshop.nl\/en\/#website","url":"https:\/\/www.bioethanolshop.nl\/en\/","name":"Bioethanolshop.nl","description":"St\u00f6rst p\u00e5 bioetanol och bioetanol av b\u00e4sta kvalitet!","potentialAction":[{"@type":"SearchAction","target":{"@type":"EntryPoint","urlTemplate":"https:\/\/www.bioethanolshop.nl\/en\/?s={search_term_string}"},"query-input":{"@type":"PropertyValueSpecification","valueRequired":true,"valueName":"search_term_string"}}],"inLanguage":"sv-SE"}]}},"_links":{"self":[{"href":"https:\/\/www.bioethanolshop.nl\/sv\/wp-json\/wp\/v2\/product\/596","targetHints":{"allow":["GET"]}}],"collection":[{"href":"https:\/\/www.bioethanolshop.nl\/sv\/wp-json\/wp\/v2\/product"}],"about":[{"href":"https:\/\/www.bioethanolshop.nl\/sv\/wp-json\/wp\/v2\/types\/product"}],"replies":[{"embeddable":true,"href":"https:\/\/www.bioethanolshop.nl\/sv\/wp-json\/wp\/v2\/comments?post=596"}],"version-history":[{"count":2,"href":"https:\/\/www.bioethanolshop.nl\/sv\/wp-json\/wp\/v2\/product\/596\/revisions"}],"predecessor-version":[{"id":8520,"href":"https:\/\/www.bioethanolshop.nl\/sv\/wp-json\/wp\/v2\/product\/596\/revisions\/8520"}],"wp:featuredmedia":[{"embeddable":true,"href":"https:\/\/www.bioethanolshop.nl\/sv\/wp-json\/wp\/v2\/media\/590"}],"wp:attachment":[{"href":"https:\/\/www.bioethanolshop.nl\/sv\/wp-json\/wp\/v2\/media?parent=596"}],"wp:term":[{"taxonomy":"product_brand","embeddable":true,"href":"https:\/\/www.bioethanolshop.nl\/sv\/wp-json\/wp\/v2\/product_brand?post=596"},{"taxonomy":"product_cat","embeddable":true,"href":"https:\/\/www.bioethanolshop.nl\/sv\/wp-json\/wp\/v2\/product_cat?post=596"},{"taxonomy":"product_tag","embeddable":true,"href":"https:\/\/www.bioethanolshop.nl\/sv\/wp-json\/wp\/v2\/product_tag?post=596"}],"curies":[{"name":"wp","href":"https:\/\/api.w.org\/{rel}","templated":true}]}}