{"id":1622,"date":"2021-11-23T20:14:49","date_gmt":"2021-11-23T19:14:49","guid":{"rendered":"https:\/\/www.bioethanolshop.nl\/?post_type=product&#038;p=1622"},"modified":"2022-11-24T10:24:34","modified_gmt":"2022-11-24T09:24:34","slug":"kynast-solar-led-tradgardsbordslampa-varmvitt-ljus-med-dimmer-30","status":"publish","type":"product","link":"https:\/\/www.bioethanolshop.nl\/sv\/product\/kratki-quebec-bio-ethanol-sfeerhaard-front-bioethanolhaard\/","title":{"rendered":"Kratki Quebec bioetanol spis Front bioetanol spis"},"content":{"rendered":"<h2>Kratki Quebec bioetanol spis Front bioetanol spis<\/h2>\n<p>Eftersom det inte finns n\u00e5gra begr\u00e4nsningar f\u00f6r bioetanoleldst\u00e4der, kr\u00e4ver s\u00e5dana apparater inte komplicerad installation eller anslutning till skorstenen; de \u00e4r l\u00e4tta att installera och anv\u00e4nda. De kan placeras antingen i ett rymligt hem eller i en mindre l\u00e4genhet.<\/p>\n<p>Kratki Quebec Kopen?<\/p>\n<p>De Kratki Quebec is een bio-ethanol haard welke op te hangen is aan elke muur. Deze moderne haard wint veel populariteit bij interieurbouw en moderne inrichtingen. De Kratki Quebec heeft de volgende specificaties:<\/p>\n<ul>\n<li>Gewicht: 45kg<\/li>\n<li>Bevestiging: Vrijstaand<\/li>\n<li>Br\u00e4nsle: Bioetanol<\/li>\n<li>Inhoud brandstof: 1,5L<\/li>\n<li>F\u00e4rg: Svart<\/li>\n<\/ul>\n<h3>Voordelen Kratki bio-haarden<\/h3>\n<p>N\u00e4r du v\u00e4ljer Kratki v\u00e4ljer du ett bra f\u00f6rh\u00e5llande mellan pris och kvalitet. Det finns ocks\u00e5 andra f\u00f6rdelar med en Kratki-eldstad, n\u00e4mligen<\/p>\n<ul>\n<li>H\u00e4rlig tillskottsv\u00e4rme: bioetanolkaminer avger behaglig v\u00e4rme<\/li>\n<li>Pris-kvalitet: mycket f\u00f6rdelaktigt pris j\u00e4mf\u00f6rt med andra m\u00e4rken<\/li>\n<li>Komfort: l\u00e4tt att fylla p\u00e5 utan manipulering<\/li>\n<li>Kvalitet: ISO 9001 : 2015-certifiering<\/li>\n<li>S\u00e4kerhet: T\u00dcV s\u00e4kerhetscertifikat<\/li>\n<\/ul>","protected":false},"excerpt":{"rendered":"<div class=\"puik-content-header__header puik-content-header__header--image\">\n<div class=\"puik-content-header__header puik-content-header__header--image\">\n<div class=\"puik-content-header__header puik-content-header__header--image\">\n<div class=\"puik-content-header__header puik-content-header__header--image\">\n<p>Kratki Quebec bioetanol spis Front bioetanol spis<\/p>\n<\/div>\n<\/div>\n<\/div>\n<\/div>","protected":false},"featured_media":1627,"comment_status":"closed","ping_status":"closed","template":"","meta":{"_acf_changed":false},"product_brand":[],"product_cat":[70,76,66],"product_tag":[74,73,75],"class_list":{"0":"post-1622","1":"product","2":"type-product","3":"status-publish","4":"has-post-thumbnail","6":"product_cat-bioethanol-tafelhaard","7":"product_cat-bioethanolshop-black-friday","8":"product_cat-kratki","9":"product_tag-bioethanol-haard","10":"product_tag-sfeerhaard","11":"product_tag-tafelhaard","13":"first","14":"instock","15":"taxable","16":"shipping-taxable","17":"purchasable","18":"product-type-simple"},"bundled_by":[],"bundle_stock_status":"instock","bundle_stock_quantity":null,"bundle_virtual":false,"bundle_layout":"","bundle_add_to_cart_form_location":"","bundle_editable_in_cart":false,"bundle_sold_individually_context":"","bundle_item_grouping":"","bundle_min_size":"","bundle_max_size":"","bundle_price":[],"bundled_items":[],"bundle_sell_ids":[],"acf":[],"yoast_head":"<!-- This site is optimized with the Yoast SEO Premium plugin v27.2 (Yoast SEO v27.2) - https:\/\/yoast.com\/product\/yoast-seo-premium-wordpress\/ -->\n<title>Kratki Quebec Bio-ethanol Sfeerhaard Front bioethanolhaard<\/title>\n<meta name=\"description\" content=\"ACTIEPRIJS: Sfeerhaard TANGO 4 bioethanol tafelbrander 40x40cm tafelhaard, uniek ontwerp, mooi in het zwart\" \/>\n<meta name=\"robots\" content=\"index, follow, max-snippet:-1, max-image-preview:large, max-video-preview:-1\" \/>\n<link rel=\"canonical\" href=\"https:\/\/www.bioethanolshop.nl\/sv\/produkt-2\/kynast-solar-led-tradgardsbordslampa-varmvitt-ljus-med-dimmer-30\/\" \/>\n<meta property=\"og:locale\" content=\"sv_SE\" \/>\n<meta property=\"og:type\" content=\"article\" \/>\n<meta property=\"og:title\" content=\"Kratki Quebec Bio-ethanol Sfeerhaard Front bioethanolhaard\" \/>\n<meta property=\"og:description\" content=\"ACTIEPRIJS: Sfeerhaard TANGO 4 bioethanol tafelbrander 40x40cm tafelhaard, uniek ontwerp, mooi in het zwart\" \/>\n<meta property=\"og:url\" content=\"https:\/\/www.bioethanolshop.nl\/sv\/produkt-2\/kynast-solar-led-tradgardsbordslampa-varmvitt-ljus-med-dimmer-30\/\" \/>\n<meta property=\"og:site_name\" content=\"Bioethanolshop.nl\" \/>\n<meta property=\"article:publisher\" content=\"https:\/\/www.facebook.com\/profile.php?id=100064154436458\" \/>\n<meta property=\"article:modified_time\" content=\"2022-11-24T09:24:34+00:00\" \/>\n<meta property=\"og:image\" content=\"https:\/\/www.bioethanolshop.nl\/wp-content\/uploads\/2021\/11\/Kratki-Quebec.jpg\" \/>\n\t<meta property=\"og:image:width\" content=\"1200\" \/>\n\t<meta property=\"og:image:height\" content=\"725\" \/>\n\t<meta property=\"og:image:type\" content=\"image\/jpeg\" \/>\n<meta name=\"twitter:card\" content=\"summary_large_image\" \/>\n<meta name=\"twitter:label1\" content=\"Ber\u00e4knad l\u00e4stid\" \/>\n\t<meta name=\"twitter:data1\" content=\"1 minut\" \/>\n<!-- \/ Yoast SEO Premium plugin. -->","yoast_head_json":{"title":"Kratki Quebec bioetanol spis Front bioetanol spis","description":"ACTIEPRIJS: Sfeerhaard TANGO 4 bioethanol tafelbrander 40x40cm tafelhaard, uniek ontwerp, mooi in het zwart","robots":{"index":"index","follow":"follow","max-snippet":"max-snippet:-1","max-image-preview":"max-image-preview:large","max-video-preview":"max-video-preview:-1"},"canonical":"https:\/\/www.bioethanolshop.nl\/sv\/produkt-2\/kynast-solar-led-tradgardsbordslampa-varmvitt-ljus-med-dimmer-30\/","og_locale":"sv_SE","og_type":"article","og_title":"Kratki Quebec Bio-ethanol Sfeerhaard Front bioethanolhaard","og_description":"ACTIEPRIJS: Sfeerhaard TANGO 4 bioethanol tafelbrander 40x40cm tafelhaard, uniek ontwerp, mooi in het zwart","og_url":"https:\/\/www.bioethanolshop.nl\/sv\/produkt-2\/kynast-solar-led-tradgardsbordslampa-varmvitt-ljus-med-dimmer-30\/","og_site_name":"Bioethanolshop.nl","article_publisher":"https:\/\/www.facebook.com\/profile.php?id=100064154436458","article_modified_time":"2022-11-24T09:24:34+00:00","og_image":[{"width":1200,"height":725,"url":"https:\/\/www.bioethanolshop.nl\/wp-content\/uploads\/2021\/11\/Kratki-Quebec.jpg","type":"image\/jpeg"}],"twitter_card":"summary_large_image","twitter_misc":{"Ber\u00e4knad l\u00e4stid":"1 minut"},"schema":{"@context":"https:\/\/schema.org","@graph":[{"@type":"WebPage","@id":"https:\/\/www.bioethanolshop.nl\/product\/kratki-quebec-bio-ethanol-sfeerhaard-front-bioethanolhaard\/","url":"https:\/\/www.bioethanolshop.nl\/product\/kratki-quebec-bio-ethanol-sfeerhaard-front-bioethanolhaard\/","name":"Kratki Quebec bioetanol spis Front bioetanol spis","isPartOf":{"@id":"https:\/\/www.bioethanolshop.nl\/en\/#website"},"primaryImageOfPage":{"@id":"https:\/\/www.bioethanolshop.nl\/product\/kratki-quebec-bio-ethanol-sfeerhaard-front-bioethanolhaard\/#primaryimage"},"image":{"@id":"https:\/\/www.bioethanolshop.nl\/product\/kratki-quebec-bio-ethanol-sfeerhaard-front-bioethanolhaard\/#primaryimage"},"thumbnailUrl":"https:\/\/www.bioethanolshop.nl\/wp-content\/uploads\/2021\/11\/Kratki-Quebec.jpg","datePublished":"2021-11-23T19:14:49+00:00","dateModified":"2022-11-24T09:24:34+00:00","description":"ACTIEPRIJS: Sfeerhaard TANGO 4 bioethanol tafelbrander 40x40cm tafelhaard, uniek ontwerp, mooi in het zwart","breadcrumb":{"@id":"https:\/\/www.bioethanolshop.nl\/product\/kratki-quebec-bio-ethanol-sfeerhaard-front-bioethanolhaard\/#breadcrumb"},"inLanguage":"sv-SE","potentialAction":[{"@type":"ReadAction","target":["https:\/\/www.bioethanolshop.nl\/product\/kratki-quebec-bio-ethanol-sfeerhaard-front-bioethanolhaard\/"]}]},{"@type":"ImageObject","inLanguage":"sv-SE","@id":"https:\/\/www.bioethanolshop.nl\/product\/kratki-quebec-bio-ethanol-sfeerhaard-front-bioethanolhaard\/#primaryimage","url":"https:\/\/www.bioethanolshop.nl\/wp-content\/uploads\/2021\/11\/Kratki-Quebec.jpg","contentUrl":"https:\/\/www.bioethanolshop.nl\/wp-content\/uploads\/2021\/11\/Kratki-Quebec.jpg","width":1200,"height":725,"caption":"Kratki Quebec"},{"@type":"BreadcrumbList","@id":"https:\/\/www.bioethanolshop.nl\/product\/kratki-quebec-bio-ethanol-sfeerhaard-front-bioethanolhaard\/#breadcrumb","itemListElement":[{"@type":"ListItem","position":1,"name":"Home","item":"https:\/\/www.bioethanolshop.nl\/"},{"@type":"ListItem","position":2,"name":"Winkel","item":"https:\/\/www.bioethanolshop.nl\/en\/store\/"},{"@type":"ListItem","position":3,"name":"Kratki Quebec Bio-ethanol Sfeerhaard Front bioethanolhaard"}]},{"@type":"WebSite","@id":"https:\/\/www.bioethanolshop.nl\/en\/#website","url":"https:\/\/www.bioethanolshop.nl\/en\/","name":"Bioethanolshop.nl","description":"St\u00f6rst p\u00e5 bioetanol och bioetanol av b\u00e4sta kvalitet!","potentialAction":[{"@type":"SearchAction","target":{"@type":"EntryPoint","urlTemplate":"https:\/\/www.bioethanolshop.nl\/en\/?s={search_term_string}"},"query-input":{"@type":"PropertyValueSpecification","valueRequired":true,"valueName":"search_term_string"}}],"inLanguage":"sv-SE"}]}},"_links":{"self":[{"href":"https:\/\/www.bioethanolshop.nl\/sv\/wp-json\/wp\/v2\/product\/1622","targetHints":{"allow":["GET"]}}],"collection":[{"href":"https:\/\/www.bioethanolshop.nl\/sv\/wp-json\/wp\/v2\/product"}],"about":[{"href":"https:\/\/www.bioethanolshop.nl\/sv\/wp-json\/wp\/v2\/types\/product"}],"replies":[{"embeddable":true,"href":"https:\/\/www.bioethanolshop.nl\/sv\/wp-json\/wp\/v2\/comments?post=1622"}],"version-history":[{"count":0,"href":"https:\/\/www.bioethanolshop.nl\/sv\/wp-json\/wp\/v2\/product\/1622\/revisions"}],"wp:featuredmedia":[{"embeddable":true,"href":"https:\/\/www.bioethanolshop.nl\/sv\/wp-json\/wp\/v2\/media\/1627"}],"wp:attachment":[{"href":"https:\/\/www.bioethanolshop.nl\/sv\/wp-json\/wp\/v2\/media?parent=1622"}],"wp:term":[{"taxonomy":"product_brand","embeddable":true,"href":"https:\/\/www.bioethanolshop.nl\/sv\/wp-json\/wp\/v2\/product_brand?post=1622"},{"taxonomy":"product_cat","embeddable":true,"href":"https:\/\/www.bioethanolshop.nl\/sv\/wp-json\/wp\/v2\/product_cat?post=1622"},{"taxonomy":"product_tag","embeddable":true,"href":"https:\/\/www.bioethanolshop.nl\/sv\/wp-json\/wp\/v2\/product_tag?post=1622"}],"curies":[{"name":"wp","href":"https:\/\/api.w.org\/{rel}","templated":true}]}}