{"id":97,"date":"2021-02-09T12:12:32","date_gmt":"2021-02-09T12:12:32","guid":{"rendered":"https:\/\/www.bioethanolshop.nl\/?page_id=97"},"modified":"2023-08-09T11:51:43","modified_gmt":"2023-08-09T09:51:43","slug":"leveranstid","status":"publish","type":"page","link":"https:\/\/www.bioethanolshop.nl\/sv\/levertijd\/","title":{"rendered":"Leveranstid"},"content":{"rendered":"<div data-elementor-type=\"wp-page\" data-elementor-id=\"97\" class=\"elementor elementor-97\" data-elementor-post-type=\"page\">\n\t\t\t\t\t\t<section class=\"elementor-section elementor-top-section elementor-element elementor-element-2969b6b4 elementor-section-boxed elementor-section-height-default elementor-section-height-default wd-section-disabled\" data-id=\"2969b6b4\" data-element_type=\"section\" data-e-type=\"section\">\n\t\t\t\t\t\t<div class=\"elementor-container elementor-column-gap-default\">\n\t\t\t\t\t<div class=\"elementor-column elementor-col-100 elementor-top-column elementor-element elementor-element-c6e5413\" data-id=\"c6e5413\" data-element_type=\"column\" data-e-type=\"column\">\n\t\t\t<div class=\"elementor-widget-wrap elementor-element-populated\">\n\t\t\t\t\t\t<div class=\"elementor-element elementor-element-5f4662a5 color-scheme-inherit text-left elementor-widget elementor-widget-text-editor\" data-id=\"5f4662a5\" data-element_type=\"widget\" data-e-type=\"widget\" data-widget_type=\"text-editor.default\">\n\t\t\t\t<div class=\"elementor-widget-container\">\n\t\t\t\t\t\t\t\t\t\n<p><strong>Leveranstid<\/strong><br>Vi kan skicka de flesta best\u00e4llningar samma dag. Om du har best\u00e4llt f\u00f6re klockan 17.00 levereras din best\u00e4llning, om den finns i lager, n\u00e4sta arbetsdag. Produkter som inte finns i lager har i n\u00e4stan alla fall en leveranstid p\u00e5 2-5 arbetsdagar. Du f\u00e5r alltid ett bekr\u00e4ftelsemeddelande fr\u00e5n oss med en sp\u00e5rningskod n\u00e4r en produkt har skickats. Du vet allts\u00e5 alltid var din best\u00e4llning finns och n\u00e4r v\u00e5ra leveranspartners (ungef\u00e4r) kommer att leverera den.<\/p>\n\n\n\n<p>N\u00e4r du best\u00e4ller hela pallar eller IBC-beh\u00e5llare \u00e4r det l\u00e4mpligt att kontakta oss i f\u00f6rv\u00e4g.<\/p>\n\t\t\t\t\t\t\t\t<\/div>\n\t\t\t\t<\/div>\n\t\t\t\t\t<\/div>\n\t\t<\/div>\n\t\t\t\t\t<\/div>\n\t\t<\/section>\n\t\t\t\t<\/div>","protected":false},"excerpt":{"rendered":"<p>LeveranstidVi kan skicka de flesta best\u00e4llningar samma dag. Om du har best\u00e4llt f\u00f6re kl. 17.00 kommer din best\u00e4llning, f\u00f6rutsatt<\/p>","protected":false},"author":1,"featured_media":0,"parent":0,"menu_order":0,"comment_status":"closed","ping_status":"closed","template":"","meta":{"_acf_changed":false,"footnotes":""},"class_list":["post-97","page","type-page","status-publish","hentry"],"acf":[],"yoast_head":"<!-- This site is optimized with the Yoast SEO Premium plugin v27.2 (Yoast SEO v27.2) - https:\/\/yoast.com\/product\/yoast-seo-premium-wordpress\/ -->\n<title>Levertijd | Bioethanolshop.nl<\/title>\n<meta name=\"robots\" content=\"index, follow, max-snippet:-1, max-image-preview:large, max-video-preview:-1\" \/>\n<link rel=\"canonical\" href=\"https:\/\/www.bioethanolshop.nl\/sv\/leveranstid\/\" \/>\n<meta property=\"og:locale\" content=\"sv_SE\" \/>\n<meta property=\"og:type\" content=\"article\" \/>\n<meta property=\"og:title\" content=\"Levertijd\" \/>\n<meta property=\"og:description\" content=\"LevertijdDe meeste bestellingen kunnen wij dezelfde dag nog versturen. Als je v\u00f3\u00f3r 17.00 uur hebt besteld, wordt je bestelling, mits\" \/>\n<meta property=\"og:url\" content=\"https:\/\/www.bioethanolshop.nl\/sv\/leveranstid\/\" \/>\n<meta property=\"og:site_name\" content=\"Bioethanolshop.nl\" \/>\n<meta property=\"article:publisher\" content=\"https:\/\/www.facebook.com\/profile.php?id=100064154436458\" \/>\n<meta property=\"article:modified_time\" content=\"2023-08-09T09:51:43+00:00\" \/>\n<meta name=\"twitter:card\" content=\"summary_large_image\" \/>\n<meta name=\"twitter:label1\" content=\"Ber\u00e4knad l\u00e4stid\" \/>\n\t<meta name=\"twitter:data1\" content=\"1 minut\" \/>\n<!-- \/ Yoast SEO Premium plugin. -->","yoast_head_json":{"title":"Leveranstid | Bioethanolshop.co.uk","robots":{"index":"index","follow":"follow","max-snippet":"max-snippet:-1","max-image-preview":"max-image-preview:large","max-video-preview":"max-video-preview:-1"},"canonical":"https:\/\/www.bioethanolshop.nl\/sv\/leveranstid\/","og_locale":"sv_SE","og_type":"article","og_title":"Levertijd","og_description":"LevertijdDe meeste bestellingen kunnen wij dezelfde dag nog versturen. Als je v\u00f3\u00f3r 17.00 uur hebt besteld, wordt je bestelling, mits","og_url":"https:\/\/www.bioethanolshop.nl\/sv\/leveranstid\/","og_site_name":"Bioethanolshop.nl","article_publisher":"https:\/\/www.facebook.com\/profile.php?id=100064154436458","article_modified_time":"2023-08-09T09:51:43+00:00","twitter_card":"summary_large_image","twitter_misc":{"Ber\u00e4knad l\u00e4stid":"1 minut"},"schema":{"@context":"https:\/\/schema.org","@graph":[{"@type":"WebPage","@id":"https:\/\/www.bioethanolshop.nl\/levertijd\/","url":"https:\/\/www.bioethanolshop.nl\/levertijd\/","name":"Leveranstid | Bioethanolshop.co.uk","isPartOf":{"@id":"https:\/\/www.bioethanolshop.nl\/en\/#website"},"datePublished":"2021-02-09T12:12:32+00:00","dateModified":"2023-08-09T09:51:43+00:00","breadcrumb":{"@id":"https:\/\/www.bioethanolshop.nl\/levertijd\/#breadcrumb"},"inLanguage":"sv-SE","potentialAction":[{"@type":"ReadAction","target":["https:\/\/www.bioethanolshop.nl\/levertijd\/"]}]},{"@type":"BreadcrumbList","@id":"https:\/\/www.bioethanolshop.nl\/levertijd\/#breadcrumb","itemListElement":[{"@type":"ListItem","position":1,"name":"Home","item":"https:\/\/www.bioethanolshop.nl\/"},{"@type":"ListItem","position":2,"name":"Levertijd"}]},{"@type":"WebSite","@id":"https:\/\/www.bioethanolshop.nl\/en\/#website","url":"https:\/\/www.bioethanolshop.nl\/en\/","name":"Bioethanolshop.nl","description":"St\u00f6rst p\u00e5 bioetanol och bioetanol av b\u00e4sta kvalitet!","potentialAction":[{"@type":"SearchAction","target":{"@type":"EntryPoint","urlTemplate":"https:\/\/www.bioethanolshop.nl\/en\/?s={search_term_string}"},"query-input":{"@type":"PropertyValueSpecification","valueRequired":true,"valueName":"search_term_string"}}],"inLanguage":"sv-SE"}]}},"_links":{"self":[{"href":"https:\/\/www.bioethanolshop.nl\/sv\/wp-json\/wp\/v2\/pages\/97","targetHints":{"allow":["GET"]}}],"collection":[{"href":"https:\/\/www.bioethanolshop.nl\/sv\/wp-json\/wp\/v2\/pages"}],"about":[{"href":"https:\/\/www.bioethanolshop.nl\/sv\/wp-json\/wp\/v2\/types\/page"}],"author":[{"embeddable":true,"href":"https:\/\/www.bioethanolshop.nl\/sv\/wp-json\/wp\/v2\/users\/1"}],"replies":[{"embeddable":true,"href":"https:\/\/www.bioethanolshop.nl\/sv\/wp-json\/wp\/v2\/comments?post=97"}],"version-history":[{"count":3,"href":"https:\/\/www.bioethanolshop.nl\/sv\/wp-json\/wp\/v2\/pages\/97\/revisions"}],"predecessor-version":[{"id":8354,"href":"https:\/\/www.bioethanolshop.nl\/sv\/wp-json\/wp\/v2\/pages\/97\/revisions\/8354"}],"wp:attachment":[{"href":"https:\/\/www.bioethanolshop.nl\/sv\/wp-json\/wp\/v2\/media?parent=97"}],"curies":[{"name":"wp","href":"https:\/\/api.w.org\/{rel}","templated":true}]}}