{"id":95,"date":"2021-02-09T12:12:12","date_gmt":"2021-02-09T12:12:12","guid":{"rendered":"https:\/\/www.bioethanolshop.nl\/?page_id=95"},"modified":"2023-08-09T11:51:04","modified_gmt":"2023-08-09T09:51:04","slug":"betala","status":"publish","type":"page","link":"https:\/\/www.bioethanolshop.nl\/sv\/betalen\/","title":{"rendered":"Betala"},"content":{"rendered":"<div data-elementor-type=\"wp-page\" data-elementor-id=\"95\" class=\"elementor elementor-95\" data-elementor-post-type=\"page\">\n\t\t\t\t\t\t<section class=\"elementor-section elementor-top-section elementor-element elementor-element-105cb355 elementor-section-boxed elementor-section-height-default elementor-section-height-default wd-section-disabled\" data-id=\"105cb355\" data-element_type=\"section\" data-e-type=\"section\">\n\t\t\t\t\t\t<div class=\"elementor-container elementor-column-gap-default\">\n\t\t\t\t\t<div class=\"elementor-column elementor-col-100 elementor-top-column elementor-element elementor-element-2ef1eb42\" data-id=\"2ef1eb42\" data-element_type=\"column\" data-e-type=\"column\">\n\t\t\t<div class=\"elementor-widget-wrap elementor-element-populated\">\n\t\t\t\t\t\t<div class=\"elementor-element elementor-element-4481f816 color-scheme-inherit text-left elementor-widget elementor-widget-text-editor\" data-id=\"4481f816\" data-element_type=\"widget\" data-e-type=\"widget\" data-widget_type=\"text-editor.default\">\n\t\t\t\t<div class=\"elementor-widget-container\">\n\t\t\t\t\t\t\t\t\t\n<p><strong>iDEAL<\/strong><br>Du betalar i din betrodda internetbetalningsmilj\u00f6, baserat p\u00e5 din egen banks s\u00e4kerhetsmetoder.<\/p>\n\n\n\n<p><strong>Hur fungerar iDEAL?<br><\/strong>Du v\u00e4ljer iDEAL som betalningsmetod och v\u00e4ljer sedan din bank. D\u00e4refter kommer du att omdirigeras till din banks webbplats, d\u00e4r betalningsordern \u00e4r klar f\u00f6r dig. Din bank ber dig fylla i n\u00e5gra uppgifter och du godk\u00e4nner betalningen. Beloppet debiteras direkt fr\u00e5n ditt checkkonto och vi informeras om att best\u00e4llningen \u00e4r betald.<\/p>\n\n\n\n<p><strong>Bank\u00f6verf\u00f6ring i f\u00f6rv\u00e4g<br><\/strong>Om du g\u00f6r en bank\u00f6verf\u00f6ring i f\u00f6rskott f\u00e5r du omedelbart efter att du har gjort din best\u00e4llning ett bekr\u00e4ftelsemail med betalningsreferensen och det totala beloppet som ska betalas. Din best\u00e4llning skickas efter att betalningen har mottagits, behandlingen av dessa betalningar kan ta 1-2 arbetsdagar.<\/p>\n\n\n\n<p><strong>Betala p\u00e5 faktura<br><\/strong>Om du har best\u00e4llt fr\u00e5n oss flera g\u00e5nger erbjuder vi m\u00f6jligheten att leverera best\u00e4llningar mot faktura. Detta f\u00f6rfarande kommer att diskuteras och \u00f6verl\u00e4mnas till v\u00e5r kreditbed\u00f6mare. F\u00f6r detta beh\u00f6ver vi alla dina uppgifter och en skriftlig orderbekr\u00e4ftelse. Best\u00e4llningen skickas sedan omedelbart till dig. Fakturan ska betalas omedelbart efter leveransen med bank\u00f6verf\u00f6ring. Vid missbruk eller on\u00f6digt dr\u00f6jsm\u00e5l kommer vi att kalla in en kronofogde f\u00f6r att driva in det utest\u00e5ende beloppet.<\/p>\n\n\n\n<p><strong>Kreditkort och utl\u00e4ndska betalningsmetoder<br><\/strong>Vi st\u00f6der flera kreditkort: du kan betala med Visa, Mastercard och American Express. Du kan ocks\u00e5 betala med Sofort Uberweisung, KBC, MrCash och Maestro.<\/p>\n\n\n\n<p><strong>Betalningar med Paypal. Hur fungerar det?<br><\/strong>Med PayPal kan du handla p\u00e5 n\u00e4tet utan att l\u00e4mna ut din finansiella information. Du kan enkelt registrera dig hos dem med din e-postadress. Naturligtvis m\u00e5ste du f\u00f6rst ge dem dina bank- eller kreditkortsuppgifter. Fr\u00e5n och med d\u00e5 har du ett konto hos dem som \u00e4r kopplat till din e-postadress, och det g\u00e4ller \u00e4ven alla andra personer som har ett konto hos dem. www.paypal.com<\/p>\n\n\n\n<p>F\u00f6r att \u00f6verf\u00f6ra pengar till en annan PayPal-anv\u00e4ndare beh\u00f6ver du bara k\u00e4nna till den andra anv\u00e4ndarens e-postadress. Om du godk\u00e4nner betalningen dras beloppet automatiskt fr\u00e5n ditt konto. Betalningen bekr\u00e4ftas med ett e-postmeddelande.<\/p>\n\n\n\n<p>Du kan ocks\u00e5 s\u00e4tta in pengar p\u00e5 detta konto och betala direkt med det. Det \u00e4r gratis att \u00f6ppna ett konto, \u00f6verf\u00f6ra pengar till andra PayPal-anv\u00e4ndare och s\u00e4tta in pengar p\u00e5 ditt eget konto. Det \u00e4r inte alltid gratis att ta ut pengar fr\u00e5n ditt eget konto, ta emot pengar p\u00e5 ditt konto eller konvertera valuta.<\/p>\n\n\n\n<p><strong>Betala i efterhand med IN3<br><\/strong>Med IN3 kan du betala i 3 delbetalningar till 0% r\u00e4nta. IN3 \u00e4r den enda spridda betalningsmetoden utan BKR-registrering och r\u00e4nta. Du betalar i tre delbetalningar inom 60 dagar. IN3 g\u00f6r en kreditupplysning under best\u00e4llningsprocessen. Det kan h\u00e4nda att du inte f\u00e5r godk\u00e4nt, v\u00e4lj en annan betalningsmetod.<\/p>\n\n\n\n<p><strong>Kostnader f\u00f6r fraktmetoder<br><\/strong>iDEAL: Gratis<br>Bank\u00f6verf\u00f6ring i f\u00f6rv\u00e4g: Gratis<br>Faktura: Gratis (betalning omedelbart efter mottagandet)<br>Kreditkort: Gratis<br>IN3: Gratis<br>Paypal:3% butik<\/p>\n\t\t\t\t\t\t\t\t<\/div>\n\t\t\t\t<\/div>\n\t\t\t\t\t<\/div>\n\t\t<\/div>\n\t\t\t\t\t<\/div>\n\t\t<\/section>\n\t\t\t\t<\/div>","protected":false},"excerpt":{"rendered":"<p>iDEALU betalar i din vanliga betalningsmilj\u00f6 p\u00e5 n\u00e4tet, baserat p\u00e5 din egen banks s\u00e4kerhetsmetoder. Hur fungerar iDEAL? Du<\/p>","protected":false},"author":1,"featured_media":0,"parent":0,"menu_order":0,"comment_status":"closed","ping_status":"closed","template":"","meta":{"_acf_changed":false,"footnotes":""},"class_list":["post-95","page","type-page","status-publish","hentry"],"acf":[],"yoast_head":"<!-- This site is optimized with the Yoast SEO Premium plugin v27.2 (Yoast SEO v27.2) - https:\/\/yoast.com\/product\/yoast-seo-premium-wordpress\/ -->\n<title>Betalen | Bioethanolshop.nl<\/title>\n<meta name=\"robots\" content=\"index, follow, max-snippet:-1, max-image-preview:large, max-video-preview:-1\" \/>\n<link rel=\"canonical\" href=\"https:\/\/www.bioethanolshop.nl\/sv\/betala\/\" \/>\n<meta property=\"og:locale\" content=\"sv_SE\" \/>\n<meta property=\"og:type\" content=\"article\" \/>\n<meta property=\"og:title\" content=\"Betalen\" \/>\n<meta property=\"og:description\" content=\"iDEALU rekent af in uw vertrouwde internet betaalomgeving, op basis van de beveiligingsmethodes van uw eigen bank. Hoe werkt iDEAL?U\" \/>\n<meta property=\"og:url\" content=\"https:\/\/www.bioethanolshop.nl\/sv\/betala\/\" \/>\n<meta property=\"og:site_name\" content=\"Bioethanolshop.nl\" \/>\n<meta property=\"article:publisher\" content=\"https:\/\/www.facebook.com\/profile.php?id=100064154436458\" \/>\n<meta property=\"article:modified_time\" content=\"2023-08-09T09:51:04+00:00\" \/>\n<meta name=\"twitter:card\" content=\"summary_large_image\" \/>\n<meta name=\"twitter:label1\" content=\"Ber\u00e4knad l\u00e4stid\" \/>\n\t<meta name=\"twitter:data1\" content=\"3 minuter\" \/>\n<!-- \/ Yoast SEO Premium plugin. -->","yoast_head_json":{"title":"Betalning | Bioethanolshop.com","robots":{"index":"index","follow":"follow","max-snippet":"max-snippet:-1","max-image-preview":"max-image-preview:large","max-video-preview":"max-video-preview:-1"},"canonical":"https:\/\/www.bioethanolshop.nl\/sv\/betala\/","og_locale":"sv_SE","og_type":"article","og_title":"Betalen","og_description":"iDEALU rekent af in uw vertrouwde internet betaalomgeving, op basis van de beveiligingsmethodes van uw eigen bank. Hoe werkt iDEAL?U","og_url":"https:\/\/www.bioethanolshop.nl\/sv\/betala\/","og_site_name":"Bioethanolshop.nl","article_publisher":"https:\/\/www.facebook.com\/profile.php?id=100064154436458","article_modified_time":"2023-08-09T09:51:04+00:00","twitter_card":"summary_large_image","twitter_misc":{"Ber\u00e4knad l\u00e4stid":"3 minuter"},"schema":{"@context":"https:\/\/schema.org","@graph":[{"@type":"WebPage","@id":"https:\/\/www.bioethanolshop.nl\/betalen\/","url":"https:\/\/www.bioethanolshop.nl\/betalen\/","name":"Betalning | Bioethanolshop.com","isPartOf":{"@id":"https:\/\/www.bioethanolshop.nl\/en\/#website"},"datePublished":"2021-02-09T12:12:12+00:00","dateModified":"2023-08-09T09:51:04+00:00","breadcrumb":{"@id":"https:\/\/www.bioethanolshop.nl\/betalen\/#breadcrumb"},"inLanguage":"sv-SE","potentialAction":[{"@type":"ReadAction","target":["https:\/\/www.bioethanolshop.nl\/betalen\/"]}]},{"@type":"BreadcrumbList","@id":"https:\/\/www.bioethanolshop.nl\/betalen\/#breadcrumb","itemListElement":[{"@type":"ListItem","position":1,"name":"Home","item":"https:\/\/www.bioethanolshop.nl\/"},{"@type":"ListItem","position":2,"name":"Betalen"}]},{"@type":"WebSite","@id":"https:\/\/www.bioethanolshop.nl\/en\/#website","url":"https:\/\/www.bioethanolshop.nl\/en\/","name":"Bioethanolshop.nl","description":"St\u00f6rst p\u00e5 bioetanol och bioetanol av b\u00e4sta kvalitet!","potentialAction":[{"@type":"SearchAction","target":{"@type":"EntryPoint","urlTemplate":"https:\/\/www.bioethanolshop.nl\/en\/?s={search_term_string}"},"query-input":{"@type":"PropertyValueSpecification","valueRequired":true,"valueName":"search_term_string"}}],"inLanguage":"sv-SE"}]}},"_links":{"self":[{"href":"https:\/\/www.bioethanolshop.nl\/sv\/wp-json\/wp\/v2\/pages\/95","targetHints":{"allow":["GET"]}}],"collection":[{"href":"https:\/\/www.bioethanolshop.nl\/sv\/wp-json\/wp\/v2\/pages"}],"about":[{"href":"https:\/\/www.bioethanolshop.nl\/sv\/wp-json\/wp\/v2\/types\/page"}],"author":[{"embeddable":true,"href":"https:\/\/www.bioethanolshop.nl\/sv\/wp-json\/wp\/v2\/users\/1"}],"replies":[{"embeddable":true,"href":"https:\/\/www.bioethanolshop.nl\/sv\/wp-json\/wp\/v2\/comments?post=95"}],"version-history":[{"count":3,"href":"https:\/\/www.bioethanolshop.nl\/sv\/wp-json\/wp\/v2\/pages\/95\/revisions"}],"predecessor-version":[{"id":8351,"href":"https:\/\/www.bioethanolshop.nl\/sv\/wp-json\/wp\/v2\/pages\/95\/revisions\/8351"}],"wp:attachment":[{"href":"https:\/\/www.bioethanolshop.nl\/sv\/wp-json\/wp\/v2\/media?parent=95"}],"curies":[{"name":"wp","href":"https:\/\/api.w.org\/{rel}","templated":true}]}}