{"id":89,"date":"2021-02-09T12:09:19","date_gmt":"2021-02-09T12:09:19","guid":{"rendered":"https:\/\/www.bioethanolshop.nl\/?page_id=89"},"modified":"2023-08-09T11:49:35","modified_gmt":"2023-08-09T09:49:35","slug":"anvandarvillkor","status":"publish","type":"page","link":"https:\/\/www.bioethanolshop.nl\/sv\/gebruikersvoorwaarden\/","title":{"rendered":"Anv\u00e4ndarvillkor"},"content":{"rendered":"<div data-elementor-type=\"wp-page\" data-elementor-id=\"89\" class=\"elementor elementor-89\" data-elementor-post-type=\"page\">\n\t\t\t\t\t\t<section class=\"elementor-section elementor-top-section elementor-element elementor-element-21a62b1e elementor-section-boxed elementor-section-height-default elementor-section-height-default wd-section-disabled\" data-id=\"21a62b1e\" data-element_type=\"section\" data-e-type=\"section\">\n\t\t\t\t\t\t<div class=\"elementor-container elementor-column-gap-default\">\n\t\t\t\t\t<div class=\"elementor-column elementor-col-100 elementor-top-column elementor-element elementor-element-7da138d2\" data-id=\"7da138d2\" data-element_type=\"column\" data-e-type=\"column\">\n\t\t\t<div class=\"elementor-widget-wrap elementor-element-populated\">\n\t\t\t\t\t\t<div class=\"elementor-element elementor-element-6f324228 color-scheme-inherit text-left elementor-widget elementor-widget-text-editor\" data-id=\"6f324228\" data-element_type=\"widget\" data-e-type=\"widget\" data-widget_type=\"text-editor.default\">\n\t\t\t\t<div class=\"elementor-widget-container\">\n\t\t\t\t\t\t\t\t\t\n<ol class=\"wp-block-list\">\n<li><strong>Fastighet<\/strong><\/li>\n<\/ol>\n\n\n\n<p>Denna webbplats \u00e4gs av KBH B.V. (KvK 66830257), som handlar under namnet Bioethanolshop. Genom att anv\u00e4nda denna webbplats godk\u00e4nner du att dessa anv\u00e4ndarvillkor \u00e4r till\u00e4mpliga. Om du inte vill godk\u00e4nna dessa anv\u00e4ndningsvillkor (eller en del av dem) eller om du p\u00e5 annat s\u00e4tt inte accepterar att dessa villkor \u00e4r till\u00e4mpliga, \u00e4r det inte till\u00e5tet att anv\u00e4nda denna webbplats.<\/p>\n\n\n\n<ol class=\"wp-block-list\" start=\"2\">\n<li><strong>Anv\u00e4nd<br><\/strong>Det \u00e4r inte till\u00e5tet att anv\u00e4nda webbplatsen p\u00e5 ett otillb\u00f6rligt s\u00e4tt. Utan skriftligt tillst\u00e5nd f\u00e5r information, data och material p\u00e5 denna webbplats inte anv\u00e4ndas f\u00f6r att tillhandah\u00e5lla tj\u00e4nster f\u00f6r eller till tredje part och f\u00e5r inte delas med eller g\u00f6ras tillg\u00e4ngliga f\u00f6r tredje part. Detta inneb\u00e4r bland annat att anv\u00e4ndaren inte f\u00e5r anv\u00e4nda mjukvara och\/eller h\u00e5rdvara och\/eller l\u00f6sningar, eller manuella processer av liknande eller liknande slag, som syftar till att ta \u00f6ver information och data som g\u00f6rs tillg\u00e4ngliga via webbplatsen (t.ex. \"screen scrapping\" och\/eller anv\u00e4ndning av en robot, \"bot\", \"spider\", \"web crawler\" etcetera). Anv\u00e4ndaren ska dessutom avst\u00e5 fr\u00e5n att skapa eller l\u00e5ta skapa l\u00e4nkar till webbplatsen.<br><\/li>\n\n\n\n<li><strong>Immateriella r\u00e4ttigheter<br><\/strong>Information, data och material p\u00e5 denna webbplats och dess utformning, inklusive texter, datafiler, fotografier, logotyper och annat (fast och\/eller r\u00f6rligt) bild- och ljudmaterial skyddas av upphovsr\u00e4tt, varum\u00e4rken, databasr\u00e4ttigheter och\/eller andra immateriella r\u00e4ttigheter. Ingenting i dessa anv\u00e4ndarvillkor \u00e4r avsett att \u00f6verf\u00f6ra immateriella r\u00e4ttigheter till anv\u00e4ndaren. All anv\u00e4ndning av webbplatsen som inte uttryckligen \u00e4r till\u00e5ten enligt dessa villkor och\/eller all reproduktion (inklusive redigering) och\/eller publicering av webbplatsens inneh\u00e5ll och utformning utg\u00f6r ett intr\u00e5ng i KBH BV:s immateriella r\u00e4ttigheter och\/eller r\u00e4ttigheterna f\u00f6r den part fr\u00e5n vilken en licens erh\u00e5llits och \u00e4r d\u00e4rf\u00f6r inte till\u00e5ten utan f\u00f6reg\u00e5ende skriftligt samtycke.<br><\/li>\n\n\n\n<li><strong>Ansvar<\/strong><br>\u00c4ven om KBH BV kontinuerligt str\u00e4var efter att h\u00e5lla informationen p\u00e5 webbplatsen tillf\u00f6rlitlig, fullst\u00e4ndig och uppdaterad, kan KBH BV inte garantera att informationen \u00e4r korrekt, fullst\u00e4ndig och uppdaterad.<br>KBH BV ansvarar inte f\u00f6r direkta eller indirekta skador eller f\u00f6rluster som anv\u00e4ndaren eller n\u00e5gon tredje part lider till f\u00f6ljd av anv\u00e4ndningen av (information och material) p\u00e5 denna webbplats.<br><\/li>\n\n\n\n<li><strong>Leveranser inom gemenskapen utan moms<br><\/strong>Om du best\u00e4ller inom EU, men utanf\u00f6r Nederl\u00e4nderna, kan du anv\u00e4nda ett giltigt momsnummer (moms-ID) f\u00f6r att l\u00e4gga en best\u00e4llning i kundvagnen och betala utan moms. Om ditt momsregistreringsnummer \u00e4r validerat kommer momsen inte att visas i korgen och det belopp som ska betalas kommer ocks\u00e5 att visas utan moms i kassan, p\u00e5 din orderbekr\u00e4ftelse och p\u00e5 motsvarande faktura. Om ditt momsnummer INTE valideras i korgen, men du vill f\u00e5 en momsfri faktura i efterhand, kostar det en avgift. Dessa kostnader \u00e4r 15,- \u20ac exkl. moms per faktura eller korrigering som ska g\u00f6ras.<br><\/li>\n\n\n\n<li><strong>\u00d6vriga<br><\/strong>Anv\u00e4ndningen av webbplatsen och dessa villkor omfattas av nederl\u00e4ndsk lag. Alla tvister i samband med webbplatsen kommer att h\u00e4nskjutas till distriktsdomstolen i Almelo, Nederl\u00e4nderna.<\/li>\n<\/ol>\n\t\t\t\t\t\t\t\t<\/div>\n\t\t\t\t<\/div>\n\t\t\t\t\t<\/div>\n\t\t<\/div>\n\t\t\t\t\t<\/div>\n\t\t<\/section>\n\t\t\t\t<\/div>","protected":false},"excerpt":{"rendered":"<p>Denna webbplats \u00e4gs av KBH B.V. (KvK 66830257), som handlar under namnet Bioethanolshop. Genom att anv\u00e4nda denna<\/p>","protected":false},"author":1,"featured_media":0,"parent":0,"menu_order":900,"comment_status":"closed","ping_status":"closed","template":"","meta":{"_acf_changed":false,"footnotes":""},"class_list":["post-89","page","type-page","status-publish","hentry"],"acf":[],"yoast_head":"<!-- This site is optimized with the Yoast SEO Premium plugin v27.2 (Yoast SEO v27.2) - https:\/\/yoast.com\/product\/yoast-seo-premium-wordpress\/ -->\n<title>Gebruikersvoorwaarden | Bioethanolshop.nl<\/title>\n<meta name=\"robots\" content=\"index, follow, max-snippet:-1, max-image-preview:large, max-video-preview:-1\" \/>\n<link rel=\"canonical\" href=\"https:\/\/www.bioethanolshop.nl\/sv\/anvandarvillkor\/\" \/>\n<meta property=\"og:locale\" content=\"sv_SE\" \/>\n<meta property=\"og:type\" content=\"article\" \/>\n<meta property=\"og:title\" content=\"Gebruikersvoorwaarden\" \/>\n<meta property=\"og:description\" content=\"Deze website is eigendom van KBH B.V. (KvK 66830257), ondermeer handelend onder de naam Bioethanolshop. Door het gebruik van deze\" \/>\n<meta property=\"og:url\" content=\"https:\/\/www.bioethanolshop.nl\/sv\/anvandarvillkor\/\" \/>\n<meta property=\"og:site_name\" content=\"Bioethanolshop.nl\" \/>\n<meta property=\"article:publisher\" content=\"https:\/\/www.facebook.com\/profile.php?id=100064154436458\" \/>\n<meta property=\"article:modified_time\" content=\"2023-08-09T09:49:35+00:00\" \/>\n<meta name=\"twitter:card\" content=\"summary_large_image\" \/>\n<meta name=\"twitter:label1\" content=\"Ber\u00e4knad l\u00e4stid\" \/>\n\t<meta name=\"twitter:data1\" content=\"3 minuter\" \/>\n<!-- \/ Yoast SEO Premium plugin. -->","yoast_head_json":{"title":"Anv\u00e4ndarvillkor | Bioethanolshop.com","robots":{"index":"index","follow":"follow","max-snippet":"max-snippet:-1","max-image-preview":"max-image-preview:large","max-video-preview":"max-video-preview:-1"},"canonical":"https:\/\/www.bioethanolshop.nl\/sv\/anvandarvillkor\/","og_locale":"sv_SE","og_type":"article","og_title":"Gebruikersvoorwaarden","og_description":"Deze website is eigendom van KBH B.V. (KvK 66830257), ondermeer handelend onder de naam Bioethanolshop. Door het gebruik van deze","og_url":"https:\/\/www.bioethanolshop.nl\/sv\/anvandarvillkor\/","og_site_name":"Bioethanolshop.nl","article_publisher":"https:\/\/www.facebook.com\/profile.php?id=100064154436458","article_modified_time":"2023-08-09T09:49:35+00:00","twitter_card":"summary_large_image","twitter_misc":{"Ber\u00e4knad l\u00e4stid":"3 minuter"},"schema":{"@context":"https:\/\/schema.org","@graph":[{"@type":"WebPage","@id":"https:\/\/www.bioethanolshop.nl\/gebruikersvoorwaarden\/","url":"https:\/\/www.bioethanolshop.nl\/gebruikersvoorwaarden\/","name":"Anv\u00e4ndarvillkor | Bioethanolshop.com","isPartOf":{"@id":"https:\/\/www.bioethanolshop.nl\/en\/#website"},"datePublished":"2021-02-09T12:09:19+00:00","dateModified":"2023-08-09T09:49:35+00:00","breadcrumb":{"@id":"https:\/\/www.bioethanolshop.nl\/gebruikersvoorwaarden\/#breadcrumb"},"inLanguage":"sv-SE","potentialAction":[{"@type":"ReadAction","target":["https:\/\/www.bioethanolshop.nl\/gebruikersvoorwaarden\/"]}]},{"@type":"BreadcrumbList","@id":"https:\/\/www.bioethanolshop.nl\/gebruikersvoorwaarden\/#breadcrumb","itemListElement":[{"@type":"ListItem","position":1,"name":"Home","item":"https:\/\/www.bioethanolshop.nl\/"},{"@type":"ListItem","position":2,"name":"Gebruikersvoorwaarden"}]},{"@type":"WebSite","@id":"https:\/\/www.bioethanolshop.nl\/en\/#website","url":"https:\/\/www.bioethanolshop.nl\/en\/","name":"Bioethanolshop.nl","description":"St\u00f6rst p\u00e5 bioetanol och bioetanol av b\u00e4sta kvalitet!","potentialAction":[{"@type":"SearchAction","target":{"@type":"EntryPoint","urlTemplate":"https:\/\/www.bioethanolshop.nl\/en\/?s={search_term_string}"},"query-input":{"@type":"PropertyValueSpecification","valueRequired":true,"valueName":"search_term_string"}}],"inLanguage":"sv-SE"}]}},"_links":{"self":[{"href":"https:\/\/www.bioethanolshop.nl\/sv\/wp-json\/wp\/v2\/pages\/89","targetHints":{"allow":["GET"]}}],"collection":[{"href":"https:\/\/www.bioethanolshop.nl\/sv\/wp-json\/wp\/v2\/pages"}],"about":[{"href":"https:\/\/www.bioethanolshop.nl\/sv\/wp-json\/wp\/v2\/types\/page"}],"author":[{"embeddable":true,"href":"https:\/\/www.bioethanolshop.nl\/sv\/wp-json\/wp\/v2\/users\/1"}],"replies":[{"embeddable":true,"href":"https:\/\/www.bioethanolshop.nl\/sv\/wp-json\/wp\/v2\/comments?post=89"}],"version-history":[{"count":3,"href":"https:\/\/www.bioethanolshop.nl\/sv\/wp-json\/wp\/v2\/pages\/89\/revisions"}],"predecessor-version":[{"id":8345,"href":"https:\/\/www.bioethanolshop.nl\/sv\/wp-json\/wp\/v2\/pages\/89\/revisions\/8345"}],"wp:attachment":[{"href":"https:\/\/www.bioethanolshop.nl\/sv\/wp-json\/wp\/v2\/media?parent=89"}],"curies":[{"name":"wp","href":"https:\/\/api.w.org\/{rel}","templated":true}]}}