{"id":113,"date":"2021-02-09T12:42:21","date_gmt":"2021-02-09T12:42:21","guid":{"rendered":"https:\/\/www.bioethanolshop.nl\/?page_id=113"},"modified":"2023-10-06T11:23:42","modified_gmt":"2023-10-06T09:23:42","slug":"om-oss","status":"publish","type":"page","link":"https:\/\/www.bioethanolshop.nl\/sv\/over-ons\/","title":{"rendered":"Om oss"},"content":{"rendered":"<div data-elementor-type=\"wp-page\" data-elementor-id=\"113\" class=\"elementor elementor-113\" data-elementor-post-type=\"page\">\n\t\t\t\t\t\t<section class=\"elementor-section elementor-top-section elementor-element elementor-element-47714ea7 elementor-section-boxed elementor-section-height-default elementor-section-height-default wd-section-disabled\" data-id=\"47714ea7\" data-element_type=\"section\" data-e-type=\"section\">\n\t\t\t\t\t\t<div class=\"elementor-container elementor-column-gap-default\">\n\t\t\t\t\t<div class=\"elementor-column elementor-col-100 elementor-top-column elementor-element elementor-element-528f6a61\" data-id=\"528f6a61\" data-element_type=\"column\" data-e-type=\"column\">\n\t\t\t<div class=\"elementor-widget-wrap elementor-element-populated\">\n\t\t\t\t\t\t<div class=\"elementor-element elementor-element-716cc628 color-scheme-inherit text-left elementor-widget elementor-widget-text-editor\" data-id=\"716cc628\" data-element_type=\"widget\" data-e-type=\"widget\" data-widget_type=\"text-editor.default\">\n\t\t\t\t<div class=\"elementor-widget-container\">\n\t\t\t\t\t\t\t\t\t<h4><strong>Webshop Bioethanolshop<\/strong><\/h4>\n<p>Bioethanolshop \u00e4r platsen d\u00e4r du kan k\u00f6pa bioetanol p\u00e5 internet. Bioethanolshop \u00e4r verksamt i Nederl\u00e4nderna och Belgien. Vi kan leverera m\u00e4ngder fr\u00e5n 1 liter upp till hela pallar eller IBC-containrar, som l\u00e4tt kan levereras hemifr\u00e5n.<\/p>\n<p>Med v\u00e4nliga h\u00e4lsningar,<\/p>\n<p>Bioethanolshop.nl<br>Hendrik ter Kuilestraat 173<br>7547 SK Enschede<\/p>\n<p>(Ingen butik, upph\u00e4mtning ej m\u00f6jlig!)<\/p>\n<ul>\n<li><strong>Handelskammaren i Enschede:<\/strong> 66830257<\/li>\n<li><strong>Momsregistreringsnummer:<\/strong> NL856715372B01<\/li>\n<li><strong>Tfn NL:<\/strong> 053 200 55 68 (13.00 - 16.00 | m\u00e5n-fre)<\/li>\n<li><strong>Tel BE:<\/strong> 03 808 1669 (13.00 - 16.00 | m\u00e5n-fre)<\/li>\n<\/ul>\t\t\t\t\t\t\t\t<\/div>\n\t\t\t\t<\/div>\n\t\t\t\t\t<\/div>\n\t\t<\/div>\n\t\t\t\t\t<\/div>\n\t\t<\/section>\n\t\t\t\t<\/div>","protected":false},"excerpt":{"rendered":"<p>Webshop Bioethanolshop Bioethanolshop \u00e4r adressen f\u00f6r att k\u00f6pa bioetanol \u00f6ver internet. Bioethanolshop \u00e4r verksamt i Nederl\u00e4nderna och Belgien. P\u00e5<\/p>","protected":false},"author":1,"featured_media":0,"parent":0,"menu_order":0,"comment_status":"closed","ping_status":"closed","template":"","meta":{"_acf_changed":false,"footnotes":""},"class_list":["post-113","page","type-page","status-publish","hentry"],"acf":[],"yoast_head":"<!-- This site is optimized with the Yoast SEO Premium plugin v27.2 (Yoast SEO v27.2) - https:\/\/yoast.com\/product\/yoast-seo-premium-wordpress\/ -->\n<title>Over ons | Bioethanolshop.nl<\/title>\n<meta name=\"robots\" content=\"index, follow, max-snippet:-1, max-image-preview:large, max-video-preview:-1\" \/>\n<link rel=\"canonical\" href=\"https:\/\/www.bioethanolshop.nl\/sv\/om-oss\/\" \/>\n<meta property=\"og:locale\" content=\"sv_SE\" \/>\n<meta property=\"og:type\" content=\"article\" \/>\n<meta property=\"og:title\" content=\"Over ons\" \/>\n<meta property=\"og:description\" content=\"Webshop Bioethanolshop Bioethanolshop is het adres om bioethanol te kopen via internet. Bioethanolshop is actief in Nederland en Belgie. Bij\" \/>\n<meta property=\"og:url\" content=\"https:\/\/www.bioethanolshop.nl\/sv\/om-oss\/\" \/>\n<meta property=\"og:site_name\" content=\"Bioethanolshop.nl\" \/>\n<meta property=\"article:publisher\" content=\"https:\/\/www.facebook.com\/profile.php?id=100064154436458\" \/>\n<meta property=\"article:modified_time\" content=\"2023-10-06T09:23:42+00:00\" \/>\n<meta name=\"twitter:card\" content=\"summary_large_image\" \/>\n<meta name=\"twitter:label1\" content=\"Ber\u00e4knad l\u00e4stid\" \/>\n\t<meta name=\"twitter:data1\" content=\"1 minut\" \/>\n<!-- \/ Yoast SEO Premium plugin. -->","yoast_head_json":{"title":"Om oss | Bioethanolshop.co.uk","robots":{"index":"index","follow":"follow","max-snippet":"max-snippet:-1","max-image-preview":"max-image-preview:large","max-video-preview":"max-video-preview:-1"},"canonical":"https:\/\/www.bioethanolshop.nl\/sv\/om-oss\/","og_locale":"sv_SE","og_type":"article","og_title":"Over ons","og_description":"Webshop Bioethanolshop Bioethanolshop is het adres om bioethanol te kopen via internet. Bioethanolshop is actief in Nederland en Belgie. Bij","og_url":"https:\/\/www.bioethanolshop.nl\/sv\/om-oss\/","og_site_name":"Bioethanolshop.nl","article_publisher":"https:\/\/www.facebook.com\/profile.php?id=100064154436458","article_modified_time":"2023-10-06T09:23:42+00:00","twitter_card":"summary_large_image","twitter_misc":{"Ber\u00e4knad l\u00e4stid":"1 minut"},"schema":{"@context":"https:\/\/schema.org","@graph":[{"@type":"WebPage","@id":"https:\/\/www.bioethanolshop.nl\/over-ons\/","url":"https:\/\/www.bioethanolshop.nl\/over-ons\/","name":"Om oss | Bioethanolshop.co.uk","isPartOf":{"@id":"https:\/\/www.bioethanolshop.nl\/en\/#website"},"datePublished":"2021-02-09T12:42:21+00:00","dateModified":"2023-10-06T09:23:42+00:00","breadcrumb":{"@id":"https:\/\/www.bioethanolshop.nl\/over-ons\/#breadcrumb"},"inLanguage":"sv-SE","potentialAction":[{"@type":"ReadAction","target":["https:\/\/www.bioethanolshop.nl\/over-ons\/"]}]},{"@type":"BreadcrumbList","@id":"https:\/\/www.bioethanolshop.nl\/over-ons\/#breadcrumb","itemListElement":[{"@type":"ListItem","position":1,"name":"Home","item":"https:\/\/www.bioethanolshop.nl\/"},{"@type":"ListItem","position":2,"name":"Over ons"}]},{"@type":"WebSite","@id":"https:\/\/www.bioethanolshop.nl\/en\/#website","url":"https:\/\/www.bioethanolshop.nl\/en\/","name":"Bioethanolshop.nl","description":"St\u00f6rst p\u00e5 bioetanol och bioetanol av b\u00e4sta kvalitet!","potentialAction":[{"@type":"SearchAction","target":{"@type":"EntryPoint","urlTemplate":"https:\/\/www.bioethanolshop.nl\/en\/?s={search_term_string}"},"query-input":{"@type":"PropertyValueSpecification","valueRequired":true,"valueName":"search_term_string"}}],"inLanguage":"sv-SE"}]}},"_links":{"self":[{"href":"https:\/\/www.bioethanolshop.nl\/sv\/wp-json\/wp\/v2\/pages\/113","targetHints":{"allow":["GET"]}}],"collection":[{"href":"https:\/\/www.bioethanolshop.nl\/sv\/wp-json\/wp\/v2\/pages"}],"about":[{"href":"https:\/\/www.bioethanolshop.nl\/sv\/wp-json\/wp\/v2\/types\/page"}],"author":[{"embeddable":true,"href":"https:\/\/www.bioethanolshop.nl\/sv\/wp-json\/wp\/v2\/users\/1"}],"replies":[{"embeddable":true,"href":"https:\/\/www.bioethanolshop.nl\/sv\/wp-json\/wp\/v2\/comments?post=113"}],"version-history":[{"count":3,"href":"https:\/\/www.bioethanolshop.nl\/sv\/wp-json\/wp\/v2\/pages\/113\/revisions"}],"predecessor-version":[{"id":8759,"href":"https:\/\/www.bioethanolshop.nl\/sv\/wp-json\/wp\/v2\/pages\/113\/revisions\/8759"}],"wp:attachment":[{"href":"https:\/\/www.bioethanolshop.nl\/sv\/wp-json\/wp\/v2\/media?parent=113"}],"curies":[{"name":"wp","href":"https:\/\/api.w.org\/{rel}","templated":true}]}}