{"id":111,"date":"2021-02-09T12:41:02","date_gmt":"2021-02-09T12:41:02","guid":{"rendered":"https:\/\/www.bioethanolshop.nl\/?page_id=111"},"modified":"2023-08-09T11:53:09","modified_gmt":"2023-08-09T09:53:09","slug":"frakt-och-insamling","status":"publish","type":"page","link":"https:\/\/www.bioethanolshop.nl\/sv\/verzendkosten-en-afhalen\/","title":{"rendered":"F\u00f6rs\u00e4ndelsekostnader"},"content":{"rendered":"<div data-elementor-type=\"wp-page\" data-elementor-id=\"111\" class=\"elementor elementor-111\" data-elementor-post-type=\"page\">\n\t\t\t\t\t\t<section class=\"elementor-section elementor-top-section elementor-element elementor-element-43b59f33 elementor-section-boxed elementor-section-height-default elementor-section-height-default wd-section-disabled\" data-id=\"43b59f33\" data-element_type=\"section\" data-e-type=\"section\">\n\t\t\t\t\t\t<div class=\"elementor-container elementor-column-gap-default\">\n\t\t\t\t\t<div class=\"elementor-column elementor-col-100 elementor-top-column elementor-element elementor-element-e245702\" data-id=\"e245702\" data-element_type=\"column\" data-e-type=\"column\">\n\t\t\t<div class=\"elementor-widget-wrap elementor-element-populated\">\n\t\t\t\t\t\t<div class=\"elementor-element elementor-element-7d7aad36 color-scheme-inherit text-left elementor-widget elementor-widget-text-editor\" data-id=\"7d7aad36\" data-element_type=\"widget\" data-e-type=\"widget\" data-widget_type=\"text-editor.default\">\n\t\t\t\t<div class=\"elementor-widget-container\">\n\t\t\t\t\t\t\t\t\t\n<p><strong>Kostnader f\u00f6r orderhantering<br><\/strong>Varje best\u00e4llning medf\u00f6r behandlingskostnader, t.ex. f\u00f6r lagring, f\u00f6rpackningsmaterial osv. F\u00f6r best\u00e4llningar under 50,00 euro inklusive moms tar vi ut\u00f6ver fraktkostnaderna p\u00e5 5,74 euro exklusive moms \/ 6,95 euro inklusive moms ocks\u00e5 ut ett bidrag till behandlingskostnaderna f\u00f6r din best\u00e4llning. Det totala bidraget till dessa bearbetnings- och fraktkostnader \u00e4r 9,00 \u20ac exkl. moms \/ 10,89 \u20ac inkl. moms. Dessa kostnader \u00e4r synliga i kassan i v\u00e5ra webbutiker.<\/p>\n\n\n\n<p><strong>Fraktmetod paketf\u00f6rs\u00e4ndelse<br><\/strong>Transporten utf\u00f6rs av en v\u00e4lrenommerad transport\u00f6r eller paketleverant\u00f6r som PostNL, DHL, DPD eller TransMission. Om vi anser det n\u00f6dv\u00e4ndigt kan vi besluta att anv\u00e4nda en annan transport\u00f6r. Utg\u00e5ngspunkten \u00e4r alltid en optimal anslutning till snabbast m\u00f6jliga leveranstid till rimliga kostnader.<\/p>\n\n\n\n<p>F\u00f6rs\u00e4ndelsekostnader pallf\u00f6rs\u00e4ndelse<br>Det kan h\u00e4nda att en best\u00e4llning \u00e4r s\u00e5 stor eller tung att den m\u00e5ste levereras med hj\u00e4lp av en palltransport. I s\u00e5 fall levereras den p\u00e5 en pall med pant. Om mottagaren inte kan eller vill ge leverant\u00f6ren en tom pall m\u00e5ste vi ta ut 15,00 euro f\u00f6r detta. Den pall som inneh\u00e5ller pant kan l\u00e4mnas in av mottagaren till en lokal transport\u00f6r. Depositionspriserna kan skilja sig \u00e5t mellan olika l\u00e4nder\/regioner.<\/p>\n\n\n\n<p>Fraktkostnaderna inom Nederl\u00e4nderna och Belgien \u00e4r GRATIS vid en best\u00e4llning p\u00e5 50,00 \u20ac inkl. moms eller mer (f\u00f6rutom eventuell deposition f\u00f6r fraktmaterial).<\/p>\n\n\n\n<p><strong>Fraktkostnader utanf\u00f6r Benelux<br><\/strong>Kostnaderna f\u00f6r frakt inom Europa (utanf\u00f6r Benelux) kan du f\u00e5 p\u00e5 beg\u00e4ran. Om en frakt m\u00e5ste erbjudas dig en andra eller senare g\u00e5ng, debiterar vi dig de extra kostnaderna.<\/p>\n\n\n\n<p><strong>H\u00e4mta upp<br><\/strong>Delvis p\u00e5 grund av COVID-19 \u00e4r det f\u00f6r n\u00e4rvarande inte m\u00f6jligt att h\u00e4mta din best\u00e4llning. Varje best\u00e4llning levereras till din adress av v\u00e5r valda transport\u00f6r, med h\u00e4nsyn till g\u00e4llande (n\u00f6d-)best\u00e4mmelser.<\/p>\n\t\t\t\t\t\t\t\t<\/div>\n\t\t\t\t<\/div>\n\t\t\t\t\t<\/div>\n\t\t<\/div>\n\t\t\t\t\t<\/div>\n\t\t<\/section>\n\t\t\t\t<\/div>","protected":false},"excerpt":{"rendered":"<p>Kostnader f\u00f6r hantering av best\u00e4llningarVarje best\u00e4llning medf\u00f6r kostnader f\u00f6r hantering, t.ex. lagring, f\u00f6rpackningsmaterial etcetera. F\u00f6r best\u00e4llningar under 50,00 \u20ac inklusive moms,<\/p>","protected":false},"author":1,"featured_media":0,"parent":0,"menu_order":0,"comment_status":"closed","ping_status":"closed","template":"","meta":{"_acf_changed":false,"footnotes":""},"class_list":["post-111","page","type-page","status-publish","hentry"],"acf":[],"yoast_head":"<!-- This site is optimized with the Yoast SEO Premium plugin v27.2 (Yoast SEO v27.2) - https:\/\/yoast.com\/product\/yoast-seo-premium-wordpress\/ -->\n<title>Verzendkosten | Bioethanolshop.nl<\/title>\n<meta name=\"robots\" content=\"index, follow, max-snippet:-1, max-image-preview:large, max-video-preview:-1\" \/>\n<link rel=\"canonical\" href=\"https:\/\/www.bioethanolshop.nl\/sv\/frakt-och-insamling\/\" \/>\n<meta property=\"og:locale\" content=\"sv_SE\" \/>\n<meta property=\"og:type\" content=\"article\" \/>\n<meta property=\"og:title\" content=\"Verzendkosten\" \/>\n<meta property=\"og:description\" content=\"Verwerkingskosten bestellingElke bestelling brengt verwerkingskosten met zich mee, zoals opslag, verpakkingsmateriaal, etcetera. Bij bestellingen onder de \u20ac 50,00 inclusief btw,\" \/>\n<meta property=\"og:url\" content=\"https:\/\/www.bioethanolshop.nl\/sv\/frakt-och-insamling\/\" \/>\n<meta property=\"og:site_name\" content=\"Bioethanolshop.nl\" \/>\n<meta property=\"article:publisher\" content=\"https:\/\/www.facebook.com\/profile.php?id=100064154436458\" \/>\n<meta property=\"article:modified_time\" content=\"2023-08-09T09:53:09+00:00\" \/>\n<meta name=\"twitter:card\" content=\"summary_large_image\" \/>\n<meta name=\"twitter:label1\" content=\"Ber\u00e4knad l\u00e4stid\" \/>\n\t<meta name=\"twitter:data1\" content=\"2 minuter\" \/>\n<!-- \/ Yoast SEO Premium plugin. -->","yoast_head_json":{"title":"Fraktkostnader | Bioethanolshop.com","robots":{"index":"index","follow":"follow","max-snippet":"max-snippet:-1","max-image-preview":"max-image-preview:large","max-video-preview":"max-video-preview:-1"},"canonical":"https:\/\/www.bioethanolshop.nl\/sv\/frakt-och-insamling\/","og_locale":"sv_SE","og_type":"article","og_title":"Verzendkosten","og_description":"Verwerkingskosten bestellingElke bestelling brengt verwerkingskosten met zich mee, zoals opslag, verpakkingsmateriaal, etcetera. Bij bestellingen onder de \u20ac 50,00 inclusief btw,","og_url":"https:\/\/www.bioethanolshop.nl\/sv\/frakt-och-insamling\/","og_site_name":"Bioethanolshop.nl","article_publisher":"https:\/\/www.facebook.com\/profile.php?id=100064154436458","article_modified_time":"2023-08-09T09:53:09+00:00","twitter_card":"summary_large_image","twitter_misc":{"Ber\u00e4knad l\u00e4stid":"2 minuter"},"schema":{"@context":"https:\/\/schema.org","@graph":[{"@type":"WebPage","@id":"https:\/\/www.bioethanolshop.nl\/verzendkosten-en-afhalen\/","url":"https:\/\/www.bioethanolshop.nl\/verzendkosten-en-afhalen\/","name":"Fraktkostnader | Bioethanolshop.com","isPartOf":{"@id":"https:\/\/www.bioethanolshop.nl\/en\/#website"},"datePublished":"2021-02-09T12:41:02+00:00","dateModified":"2023-08-09T09:53:09+00:00","breadcrumb":{"@id":"https:\/\/www.bioethanolshop.nl\/verzendkosten-en-afhalen\/#breadcrumb"},"inLanguage":"sv-SE","potentialAction":[{"@type":"ReadAction","target":["https:\/\/www.bioethanolshop.nl\/verzendkosten-en-afhalen\/"]}]},{"@type":"BreadcrumbList","@id":"https:\/\/www.bioethanolshop.nl\/verzendkosten-en-afhalen\/#breadcrumb","itemListElement":[{"@type":"ListItem","position":1,"name":"Home","item":"https:\/\/www.bioethanolshop.nl\/"},{"@type":"ListItem","position":2,"name":"Verzendkosten"}]},{"@type":"WebSite","@id":"https:\/\/www.bioethanolshop.nl\/en\/#website","url":"https:\/\/www.bioethanolshop.nl\/en\/","name":"Bioethanolshop.nl","description":"St\u00f6rst p\u00e5 bioetanol och bioetanol av b\u00e4sta kvalitet!","potentialAction":[{"@type":"SearchAction","target":{"@type":"EntryPoint","urlTemplate":"https:\/\/www.bioethanolshop.nl\/en\/?s={search_term_string}"},"query-input":{"@type":"PropertyValueSpecification","valueRequired":true,"valueName":"search_term_string"}}],"inLanguage":"sv-SE"}]}},"_links":{"self":[{"href":"https:\/\/www.bioethanolshop.nl\/sv\/wp-json\/wp\/v2\/pages\/111","targetHints":{"allow":["GET"]}}],"collection":[{"href":"https:\/\/www.bioethanolshop.nl\/sv\/wp-json\/wp\/v2\/pages"}],"about":[{"href":"https:\/\/www.bioethanolshop.nl\/sv\/wp-json\/wp\/v2\/types\/page"}],"author":[{"embeddable":true,"href":"https:\/\/www.bioethanolshop.nl\/sv\/wp-json\/wp\/v2\/users\/1"}],"replies":[{"embeddable":true,"href":"https:\/\/www.bioethanolshop.nl\/sv\/wp-json\/wp\/v2\/comments?post=111"}],"version-history":[{"count":3,"href":"https:\/\/www.bioethanolshop.nl\/sv\/wp-json\/wp\/v2\/pages\/111\/revisions"}],"predecessor-version":[{"id":8361,"href":"https:\/\/www.bioethanolshop.nl\/sv\/wp-json\/wp\/v2\/pages\/111\/revisions\/8361"}],"wp:attachment":[{"href":"https:\/\/www.bioethanolshop.nl\/sv\/wp-json\/wp\/v2\/media?parent=111"}],"curies":[{"name":"wp","href":"https:\/\/api.w.org\/{rel}","templated":true}]}}