{"id":250,"date":"2021-02-27T13:03:05","date_gmt":"2021-02-27T12:03:05","guid":{"rendered":"https:\/\/www.bioethanolshop.nl\/?post_type=product&#038;p=250"},"modified":"2022-10-23T07:24:36","modified_gmt":"2022-10-23T05:24:36","slug":"razkuzevanje-alkohol-podior-80-razkuzilo-5-litrov-jerrycan","status":"publish","type":"product","link":"https:\/\/www.bioethanolshop.nl\/sl\/product\/desinfecterende-alcohol-podior-80-desinfectiezuil-desinfectiemiddel-5-liter-jerrycan\/","title":{"rendered":"Alkohol za razku\u017eevanje Podior 80% razku\u017eilo 5 litrov"},"content":{"rendered":"<h2>Alkohol za razku\u017eevanje Podior 80% razku\u017eilo 5 litrov<\/h2>\n<p><strong>Ta izdelek je teko\u010dina, pripravljena za uporabo, ki jo je treba uporabljati nerazred\u010deno.<br \/>\n<\/strong><\/p>\n<p><strong>OPOMBA: To ni zdravilo za, na primer, Corona ali COVID-19. Je le orodje, ki vam pomaga pri osebni higieni in higieni okolja.<\/strong><\/p>\n<p>Alkoholno \u010distilo za razku\u017eevanje lahko uporabite nerazred\u010deno. To razku\u017eilo ima antibakterijski u\u010dinek in je primerno za povr\u0161ine, odporne na alkohol. To \u010distilno sredstvo, dobavljeno v 5-litrski plo\u010devinki, je na osnovi alkohola\/etanola.<\/p>\n<p>Temu \u010distilu je dodan etanol 80%, ki je idealen za razku\u017eevanje.<\/p>\n<p>Uporaba: za razpr\u0161ilne in dezinfekcijske kolone.<\/p>\n<h2>Razku\u017eevanje ko\u017ee<\/h2>\n<p>Sredstvo je namenjeno samo za razku\u017eevanje trajno nepo\u0161kodovane ko\u017ee, tj. ko\u017ee, ki se po razku\u017eevanju ne bo odprla ali prebodla. Najprej ko\u017eo o\u010distite in jo dobro osu\u0161ite. Sredstvo nanesite na ko\u017eo, ki jo \u017eelite obdelati, na primer s celuloznim tamponom. Nanesite toliko sredstva, da bo obdelana ko\u017ea vla\u017ena ves \u010das namakanja (vsaj 30 sekund).<br \/>\nNato pustite, da se ko\u017ea posu\u0161i. Najmanj\u0161i \u010das nanosa: 30 sekund.<\/p>\n<p>Podior<br \/>\nAlkohol za razku\u017eevanje<br \/>\n80% razku\u017eevalna kolona<br \/>\nJerrycan 55 litrov<br \/>\nAlkoholno razku\u017eevanje ko\u017ee<\/p>","protected":false},"excerpt":{"rendered":"<p>Alkohol za razku\u017eevanje Podior 80% razku\u017eilo 5 litrov<\/p>\n<p>&nbsp;<\/p>","protected":false},"featured_media":251,"comment_status":"closed","ping_status":"closed","template":"","meta":{"_acf_changed":false},"product_brand":[],"product_cat":[21,16],"product_tag":[],"class_list":{"0":"post-250","1":"product","2":"type-product","3":"status-publish","4":"has-post-thumbnail","6":"product_cat-kieselgreen-groenemorgen","7":"product_cat-merken","9":"first","10":"outofstock","11":"taxable","12":"shipping-taxable","13":"purchasable","14":"product-type-simple"},"bundled_by":[],"bundle_stock_status":"outofstock","bundle_stock_quantity":null,"bundle_virtual":false,"bundle_layout":"","bundle_add_to_cart_form_location":"","bundle_editable_in_cart":false,"bundle_sold_individually_context":"","bundle_item_grouping":"","bundle_min_size":"","bundle_max_size":"","bundle_price":[],"bundled_items":[],"bundle_sell_ids":[],"acf":[],"yoast_head":"<!-- This site is optimized with the Yoast SEO Premium plugin v27.2 (Yoast SEO v27.2) - https:\/\/yoast.com\/product\/yoast-seo-premium-wordpress\/ -->\n<title>Desinfecterende alcohol Podior 80% desinfectiezuil desinfectiemiddel 5 Liter jerrycan | Bioethanolshop.nl<\/title>\n<meta name=\"robots\" content=\"index, follow, max-snippet:-1, max-image-preview:large, max-video-preview:-1\" \/>\n<link rel=\"canonical\" href=\"https:\/\/www.bioethanolshop.nl\/sl\/izdelek-2\/razkuzevanje-alkohol-podior-80-razkuzilo-5-litrov-jerrycan\/\" \/>\n<meta property=\"og:locale\" content=\"sl_SI\" \/>\n<meta property=\"og:type\" content=\"article\" \/>\n<meta property=\"og:title\" content=\"Desinfecterende alcohol Podior 80% desinfectiezuil desinfectiemiddel 5 Liter jerrycan\" \/>\n<meta property=\"og:description\" content=\"Desinfecterende alcohol Podior 80% desinfectiezuil desinfectiemiddel 5 Liter jerrycan  &nbsp;\" \/>\n<meta property=\"og:url\" content=\"https:\/\/www.bioethanolshop.nl\/sl\/izdelek-2\/razkuzevanje-alkohol-podior-80-razkuzilo-5-litrov-jerrycan\/\" \/>\n<meta property=\"og:site_name\" content=\"Bioethanolshop.nl\" \/>\n<meta property=\"article:publisher\" content=\"https:\/\/www.facebook.com\/profile.php?id=100064154436458\" \/>\n<meta property=\"article:modified_time\" content=\"2022-10-23T05:24:36+00:00\" \/>\n<meta property=\"og:image\" content=\"https:\/\/www.bioethanolshop.nl\/wp-content\/uploads\/2021\/02\/desinfecterende_alcohol_podior_desinfectiezuil_desinfectiemiddel_5_liter_jerrycan.jpg\" \/>\n\t<meta property=\"og:image:width\" content=\"700\" \/>\n\t<meta property=\"og:image:height\" content=\"700\" \/>\n\t<meta property=\"og:image:type\" content=\"image\/jpeg\" \/>\n<meta name=\"twitter:card\" content=\"summary_large_image\" \/>\n<meta name=\"twitter:label1\" content=\"Est. reading time\" \/>\n\t<meta name=\"twitter:data1\" content=\"1 minuta\" \/>\n<!-- \/ Yoast SEO Premium plugin. -->","yoast_head_json":{"title":"Alkohol za razku\u017eevanje Podior 80% za razku\u017eevanje kolon 5 litrov | Bioethanolshop.nl","robots":{"index":"index","follow":"follow","max-snippet":"max-snippet:-1","max-image-preview":"max-image-preview:large","max-video-preview":"max-video-preview:-1"},"canonical":"https:\/\/www.bioethanolshop.nl\/sl\/izdelek-2\/razkuzevanje-alkohol-podior-80-razkuzilo-5-litrov-jerrycan\/","og_locale":"sl_SI","og_type":"article","og_title":"Desinfecterende alcohol Podior 80% desinfectiezuil desinfectiemiddel 5 Liter jerrycan","og_description":"Desinfecterende alcohol Podior 80% desinfectiezuil desinfectiemiddel 5 Liter jerrycan  &nbsp;","og_url":"https:\/\/www.bioethanolshop.nl\/sl\/izdelek-2\/razkuzevanje-alkohol-podior-80-razkuzilo-5-litrov-jerrycan\/","og_site_name":"Bioethanolshop.nl","article_publisher":"https:\/\/www.facebook.com\/profile.php?id=100064154436458","article_modified_time":"2022-10-23T05:24:36+00:00","og_image":[{"width":700,"height":700,"url":"https:\/\/www.bioethanolshop.nl\/wp-content\/uploads\/2021\/02\/desinfecterende_alcohol_podior_desinfectiezuil_desinfectiemiddel_5_liter_jerrycan.jpg","type":"image\/jpeg"}],"twitter_card":"summary_large_image","twitter_misc":{"Est. reading time":"1 minuta"},"schema":{"@context":"https:\/\/schema.org","@graph":[{"@type":"WebPage","@id":"https:\/\/www.bioethanolshop.nl\/product\/desinfecterende-alcohol-podior-80-desinfectiezuil-desinfectiemiddel-5-liter-jerrycan\/","url":"https:\/\/www.bioethanolshop.nl\/product\/desinfecterende-alcohol-podior-80-desinfectiezuil-desinfectiemiddel-5-liter-jerrycan\/","name":"Alkohol za razku\u017eevanje Podior 80% za razku\u017eevanje kolon 5 litrov | Bioethanolshop.nl","isPartOf":{"@id":"https:\/\/www.bioethanolshop.nl\/en\/#website"},"primaryImageOfPage":{"@id":"https:\/\/www.bioethanolshop.nl\/product\/desinfecterende-alcohol-podior-80-desinfectiezuil-desinfectiemiddel-5-liter-jerrycan\/#primaryimage"},"image":{"@id":"https:\/\/www.bioethanolshop.nl\/product\/desinfecterende-alcohol-podior-80-desinfectiezuil-desinfectiemiddel-5-liter-jerrycan\/#primaryimage"},"thumbnailUrl":"https:\/\/www.bioethanolshop.nl\/wp-content\/uploads\/2021\/02\/desinfecterende_alcohol_podior_desinfectiezuil_desinfectiemiddel_5_liter_jerrycan.jpg","datePublished":"2021-02-27T12:03:05+00:00","dateModified":"2022-10-23T05:24:36+00:00","breadcrumb":{"@id":"https:\/\/www.bioethanolshop.nl\/product\/desinfecterende-alcohol-podior-80-desinfectiezuil-desinfectiemiddel-5-liter-jerrycan\/#breadcrumb"},"inLanguage":"sl-SI","potentialAction":[{"@type":"ReadAction","target":["https:\/\/www.bioethanolshop.nl\/product\/desinfecterende-alcohol-podior-80-desinfectiezuil-desinfectiemiddel-5-liter-jerrycan\/"]}]},{"@type":"ImageObject","inLanguage":"sl-SI","@id":"https:\/\/www.bioethanolshop.nl\/product\/desinfecterende-alcohol-podior-80-desinfectiezuil-desinfectiemiddel-5-liter-jerrycan\/#primaryimage","url":"https:\/\/www.bioethanolshop.nl\/wp-content\/uploads\/2021\/02\/desinfecterende_alcohol_podior_desinfectiezuil_desinfectiemiddel_5_liter_jerrycan.jpg","contentUrl":"https:\/\/www.bioethanolshop.nl\/wp-content\/uploads\/2021\/02\/desinfecterende_alcohol_podior_desinfectiezuil_desinfectiemiddel_5_liter_jerrycan.jpg","width":700,"height":700,"caption":"Handgel 80 procent"},{"@type":"BreadcrumbList","@id":"https:\/\/www.bioethanolshop.nl\/product\/desinfecterende-alcohol-podior-80-desinfectiezuil-desinfectiemiddel-5-liter-jerrycan\/#breadcrumb","itemListElement":[{"@type":"ListItem","position":1,"name":"Home","item":"https:\/\/www.bioethanolshop.nl\/"},{"@type":"ListItem","position":2,"name":"Winkel","item":"https:\/\/www.bioethanolshop.nl\/en\/store\/"},{"@type":"ListItem","position":3,"name":"Desinfecterende alcohol Podior 80% desinfectiezuil desinfectiemiddel 5 Liter jerrycan"}]},{"@type":"WebSite","@id":"https:\/\/www.bioethanolshop.nl\/en\/#website","url":"https:\/\/www.bioethanolshop.nl\/en\/","name":"Bioethanolshop.nl","description":"Najve\u010d bioetanola in najbolj\u0161a kakovost bioetanola!","potentialAction":[{"@type":"SearchAction","target":{"@type":"EntryPoint","urlTemplate":"https:\/\/www.bioethanolshop.nl\/en\/?s={search_term_string}"},"query-input":{"@type":"PropertyValueSpecification","valueRequired":true,"valueName":"search_term_string"}}],"inLanguage":"sl-SI"}]}},"_links":{"self":[{"href":"https:\/\/www.bioethanolshop.nl\/sl\/wp-json\/wp\/v2\/product\/250","targetHints":{"allow":["GET"]}}],"collection":[{"href":"https:\/\/www.bioethanolshop.nl\/sl\/wp-json\/wp\/v2\/product"}],"about":[{"href":"https:\/\/www.bioethanolshop.nl\/sl\/wp-json\/wp\/v2\/types\/product"}],"replies":[{"embeddable":true,"href":"https:\/\/www.bioethanolshop.nl\/sl\/wp-json\/wp\/v2\/comments?post=250"}],"version-history":[{"count":0,"href":"https:\/\/www.bioethanolshop.nl\/sl\/wp-json\/wp\/v2\/product\/250\/revisions"}],"wp:featuredmedia":[{"embeddable":true,"href":"https:\/\/www.bioethanolshop.nl\/sl\/wp-json\/wp\/v2\/media\/251"}],"wp:attachment":[{"href":"https:\/\/www.bioethanolshop.nl\/sl\/wp-json\/wp\/v2\/media?parent=250"}],"wp:term":[{"taxonomy":"product_brand","embeddable":true,"href":"https:\/\/www.bioethanolshop.nl\/sl\/wp-json\/wp\/v2\/product_brand?post=250"},{"taxonomy":"product_cat","embeddable":true,"href":"https:\/\/www.bioethanolshop.nl\/sl\/wp-json\/wp\/v2\/product_cat?post=250"},{"taxonomy":"product_tag","embeddable":true,"href":"https:\/\/www.bioethanolshop.nl\/sl\/wp-json\/wp\/v2\/product_tag?post=250"}],"curies":[{"name":"wp","href":"https:\/\/api.w.org\/{rel}","templated":true}]}}