{"id":245,"date":"2021-02-27T12:30:01","date_gmt":"2021-02-27T12:30:01","guid":{"rendered":"https:\/\/www.bioethanolshop.nl\/?post_type=product&#038;p=245"},"modified":"2022-05-19T16:25:15","modified_gmt":"2022-05-19T14:25:15","slug":"biofair-solarclean-solar-panel-cistilo-5-litrov-koncentrat-za-50-litrov","status":"publish","type":"product","link":"https:\/\/www.bioethanolshop.nl\/sl\/product\/biofair-solarclean-zonnepaneel-reiniger-5-liter-concentraat-voor-50-liter\/","title":{"rendered":"BioFair SolarClean \u010distilo za son\u010dne celice 5 litrov koncentrat za 50 litrov"},"content":{"rendered":"<h2>BioFair SolarClean \u010distilo za son\u010dne celice 5 litrov koncentrat za 50 litrov<\/h2>\n<p><strong>Sredstvo za \u010di\u0161\u010denje solarnih plo\u0161\u010d na rastlinski osnovi. Son\u010dne plo\u0161\u010de se zaradi naklona hitro uma\u017eejo, kar zmanj\u0161uje njihov izkoristek. Ne zapravljajte dragocene energije in vsaj dvakrat na leto o\u010distite son\u010dne celice. Energijski izkoristek va\u0161ih son\u010dnih kolektorjev se bo pove\u010dal do 30%!<\/strong><\/p>\n<p><strong>Ni \u0161kodljivo za okolje<\/strong><\/p>\n<ul>\n<li>Za proizvodnjo detergenta se uporabljajo samo biolo\u0161ko razgradljive snovi.<\/li>\n<li>\u010ci\u0161\u010denje in antistati\u010dnost, umazanija se manj hitro prilepi na kolektorje.<\/li>\n<li>Koncentrat ne vsebuje: fosfatov, boratov, formaldehida in halogenskih spojin<\/li>\n<li>Koncentrat se proizvaja na energetsko ozave\u0161\u010den na\u010din na lokaciji, certificirani po standardih EMAS in ISO 14001, ki ima ve\u010d kot 20 let izku\u0161enj z okoljsko ozave\u0161\u010deno proizvodnjo izdelkov.<\/li>\n<li>Za manj\u0161i vpliv na okolje je izdelek v obliki koncentrata, zato je manj embala\u017enega materiala.<\/li>\n<li>Visoka u\u010dinkovitost: 50 litrov detergenta iz 5 litrov koncentrata<\/li>\n<\/ul>\n<p><strong>\u010ci\u0161\u010denje je najbolje opraviti spomladi in ob obla\u010dnem vremenu ali zjutraj. Po potrebi ga lahko pozneje v letu ponovite, odvisno od tega, kako umazane so plo\u0161\u010de. Prostori, ki jih je verjetno treba \u010distiti dvakrat na leto, so na primer: na pode\u017eelju ali v bli\u017eini gozdov (ve\u010dja koli\u010dina prahu in cvetnega prahu).<\/strong><\/p>\n<p><strong>Razmerje me\u0161anja:\u00a0<\/strong>100 ml koncentrata in 100 ml bioetanola razred\u010dite do 1 litra z vodo.<\/p>\n<p><strong>Bodite pozorni<\/strong><\/p>\n<ul>\n<li>Koncentracijo \u010distilnega sredstva in etanola je treba prilagoditi stopnji onesna\u017eenosti solarnih plo\u0161\u010d.<\/li>\n<li>\u010ce ste v dvomih, vedno dodajte ve\u010d vode.<\/li>\n<li>Me\u0161anico vedno preizkusite na majhni povr\u0161ini plo\u0161\u010de.<\/li>\n<li>Med \u010di\u0161\u010denjem plo\u0161\u010do vedno \u010dim manj drgnite.<\/li>\n<li>Na koncu vedno sperite z vodo<\/li>\n<\/ul>\n<p>Sredstvo deluje hkrati kot \u010distilo in antistatik, tako da plo\u0161\u010da po \u010di\u0161\u010denju dlje \u010dasa ostane brez prahu.<\/p>\n<p>BN<\/p>\n<p>Biofair<br \/>\n\u010cistilec son\u010dnih panelov<br \/>\n\u010cistilo za son\u010dne celice<br \/>\nJerry Can 50 litrov<br \/>\nAlkoholni detergent<\/p>","protected":false},"excerpt":{"rendered":"<p>BioFair SolarClean \u010distilo za son\u010dne celice 5 litrov koncentrat za 50 litrov<\/p>\n<p>&nbsp;<\/p>","protected":false},"featured_media":246,"comment_status":"closed","ping_status":"closed","template":"","meta":{"_acf_changed":false},"product_brand":[],"product_cat":[30,16,20,67],"product_tag":[],"class_list":{"0":"post-245","1":"product","2":"type-product","3":"status-publish","4":"has-post-thumbnail","6":"product_cat-biofair","7":"product_cat-merken","8":"product_cat-overige-biologische-olieproducten","9":"product_cat-zonnepaneel-reiniger","11":"first","12":"instock","13":"taxable","14":"shipping-taxable","15":"purchasable","16":"product-type-simple"},"bundled_by":[],"bundle_stock_status":"instock","bundle_stock_quantity":null,"bundle_virtual":false,"bundle_layout":"","bundle_add_to_cart_form_location":"","bundle_editable_in_cart":false,"bundle_sold_individually_context":"","bundle_item_grouping":"","bundle_min_size":"","bundle_max_size":"","bundle_price":[],"bundled_items":[],"bundle_sell_ids":[],"acf":[],"yoast_head":"<!-- This site is optimized with the Yoast SEO Premium plugin v27.2 (Yoast SEO v27.2) - https:\/\/yoast.com\/product\/yoast-seo-premium-wordpress\/ -->\n<title>BioFair SolarClean zonnepaneel reiniger 5 liter concentraat voor 50 Liter | Bioethanolshop.nl<\/title>\n<meta name=\"robots\" content=\"index, follow, max-snippet:-1, max-image-preview:large, max-video-preview:-1\" \/>\n<link rel=\"canonical\" href=\"https:\/\/www.bioethanolshop.nl\/sl\/da\/izdelek\/biofair-solarclean-solar-panel-cleaner-5-liters-koncentrat-for-50-liters\/\" \/>\n<meta property=\"og:locale\" content=\"sl_SI\" \/>\n<meta property=\"og:type\" content=\"article\" \/>\n<meta property=\"og:title\" content=\"BioFair SolarClean zonnepaneel reiniger 5 liter concentraat voor 50 Liter\" \/>\n<meta property=\"og:description\" content=\"BioFair SolarClean zonnepaneel reiniger 5 liter concentraat voor 50 Liter  &nbsp;\" \/>\n<meta property=\"og:url\" content=\"https:\/\/www.bioethanolshop.nl\/sl\/da\/izdelek\/biofair-solarclean-solar-panel-cleaner-5-liters-koncentrat-for-50-liters\/\" \/>\n<meta property=\"og:site_name\" content=\"Bioethanolshop.nl\" \/>\n<meta property=\"article:publisher\" content=\"https:\/\/www.facebook.com\/profile.php?id=100064154436458\" \/>\n<meta property=\"article:modified_time\" content=\"2022-05-19T14:25:15+00:00\" \/>\n<meta property=\"og:image\" content=\"https:\/\/www.bioethanolshop.nl\/wp-content\/uploads\/2021\/02\/biofair-zonnecollector-reiniger.png\" \/>\n\t<meta property=\"og:image:width\" content=\"800\" \/>\n\t<meta property=\"og:image:height\" content=\"820\" \/>\n\t<meta property=\"og:image:type\" content=\"image\/png\" \/>\n<meta name=\"twitter:card\" content=\"summary_large_image\" \/>\n<meta name=\"twitter:label1\" content=\"Est. reading time\" \/>\n\t<meta name=\"twitter:data1\" content=\"1 minuta\" \/>\n<!-- \/ Yoast SEO Premium plugin. -->","yoast_head_json":{"title":"BioFair SolarClean \u010distilo za son\u010dne celice 5 litrov koncentrat za 50 litrov | Bioethanolshop.nl","robots":{"index":"index","follow":"follow","max-snippet":"max-snippet:-1","max-image-preview":"max-image-preview:large","max-video-preview":"max-video-preview:-1"},"canonical":"https:\/\/www.bioethanolshop.nl\/sl\/da\/izdelek\/biofair-solarclean-solar-panel-cleaner-5-liters-koncentrat-for-50-liters\/","og_locale":"sl_SI","og_type":"article","og_title":"BioFair SolarClean zonnepaneel reiniger 5 liter concentraat voor 50 Liter","og_description":"BioFair SolarClean zonnepaneel reiniger 5 liter concentraat voor 50 Liter  &nbsp;","og_url":"https:\/\/www.bioethanolshop.nl\/sl\/da\/izdelek\/biofair-solarclean-solar-panel-cleaner-5-liters-koncentrat-for-50-liters\/","og_site_name":"Bioethanolshop.nl","article_publisher":"https:\/\/www.facebook.com\/profile.php?id=100064154436458","article_modified_time":"2022-05-19T14:25:15+00:00","og_image":[{"width":800,"height":820,"url":"https:\/\/www.bioethanolshop.nl\/wp-content\/uploads\/2021\/02\/biofair-zonnecollector-reiniger.png","type":"image\/png"}],"twitter_card":"summary_large_image","twitter_misc":{"Est. reading time":"1 minuta"},"schema":{"@context":"https:\/\/schema.org","@graph":[{"@type":"WebPage","@id":"https:\/\/www.bioethanolshop.nl\/da\/produkt\/biofair-solarclean-solar-panel-cleaner-5-liters-koncentrat-for-50-liters\/","url":"https:\/\/www.bioethanolshop.nl\/da\/produkt\/biofair-solarclean-solar-panel-cleaner-5-liters-koncentrat-for-50-liters\/","name":"BioFair SolarClean \u010distilo za son\u010dne celice 5 litrov koncentrat za 50 litrov | Bioethanolshop.nl","isPartOf":{"@id":"https:\/\/www.bioethanolshop.nl\/en\/#website"},"primaryImageOfPage":{"@id":"https:\/\/www.bioethanolshop.nl\/da\/produkt\/biofair-solarclean-solar-panel-cleaner-5-liters-koncentrat-for-50-liters\/#primaryimage"},"image":{"@id":"https:\/\/www.bioethanolshop.nl\/da\/produkt\/biofair-solarclean-solar-panel-cleaner-5-liters-koncentrat-for-50-liters\/#primaryimage"},"thumbnailUrl":"https:\/\/www.bioethanolshop.nl\/wp-content\/uploads\/2021\/02\/biofair-zonnecollector-reiniger.png","datePublished":"2021-02-27T12:30:01+00:00","dateModified":"2022-05-19T14:25:15+00:00","breadcrumb":{"@id":"https:\/\/www.bioethanolshop.nl\/da\/produkt\/biofair-solarclean-solar-panel-cleaner-5-liters-koncentrat-for-50-liters\/#breadcrumb"},"inLanguage":"sl-SI","potentialAction":[{"@type":"ReadAction","target":["https:\/\/www.bioethanolshop.nl\/da\/produkt\/biofair-solarclean-solar-panel-cleaner-5-liters-koncentrat-for-50-liters\/"]}]},{"@type":"ImageObject","inLanguage":"sl-SI","@id":"https:\/\/www.bioethanolshop.nl\/da\/produkt\/biofair-solarclean-solar-panel-cleaner-5-liters-koncentrat-for-50-liters\/#primaryimage","url":"https:\/\/www.bioethanolshop.nl\/wp-content\/uploads\/2021\/02\/biofair-zonnecollector-reiniger.png","contentUrl":"https:\/\/www.bioethanolshop.nl\/wp-content\/uploads\/2021\/02\/biofair-zonnecollector-reiniger.png","width":800,"height":820,"caption":"zonnepaneel reiniger"},{"@type":"BreadcrumbList","@id":"https:\/\/www.bioethanolshop.nl\/da\/produkt\/biofair-solarclean-solar-panel-cleaner-5-liters-koncentrat-for-50-liters\/#breadcrumb","itemListElement":[{"@type":"ListItem","position":1,"name":"Home","item":"https:\/\/www.bioethanolshop.nl\/"},{"@type":"ListItem","position":2,"name":"Winkel","item":"https:\/\/www.bioethanolshop.nl\/en\/store\/"},{"@type":"ListItem","position":3,"name":"BioFair SolarClean zonnepaneel reiniger 5 liter concentraat voor 50 Liter"}]},{"@type":"WebSite","@id":"https:\/\/www.bioethanolshop.nl\/en\/#website","url":"https:\/\/www.bioethanolshop.nl\/en\/","name":"Bioethanolshop.nl","description":"Najve\u010d bioetanola in najbolj\u0161a kakovost bioetanola!","potentialAction":[{"@type":"SearchAction","target":{"@type":"EntryPoint","urlTemplate":"https:\/\/www.bioethanolshop.nl\/en\/?s={search_term_string}"},"query-input":{"@type":"PropertyValueSpecification","valueRequired":true,"valueName":"search_term_string"}}],"inLanguage":"sl-SI"}]}},"_links":{"self":[{"href":"https:\/\/www.bioethanolshop.nl\/sl\/wp-json\/wp\/v2\/product\/245","targetHints":{"allow":["GET"]}}],"collection":[{"href":"https:\/\/www.bioethanolshop.nl\/sl\/wp-json\/wp\/v2\/product"}],"about":[{"href":"https:\/\/www.bioethanolshop.nl\/sl\/wp-json\/wp\/v2\/types\/product"}],"replies":[{"embeddable":true,"href":"https:\/\/www.bioethanolshop.nl\/sl\/wp-json\/wp\/v2\/comments?post=245"}],"version-history":[{"count":0,"href":"https:\/\/www.bioethanolshop.nl\/sl\/wp-json\/wp\/v2\/product\/245\/revisions"}],"wp:featuredmedia":[{"embeddable":true,"href":"https:\/\/www.bioethanolshop.nl\/sl\/wp-json\/wp\/v2\/media\/246"}],"wp:attachment":[{"href":"https:\/\/www.bioethanolshop.nl\/sl\/wp-json\/wp\/v2\/media?parent=245"}],"wp:term":[{"taxonomy":"product_brand","embeddable":true,"href":"https:\/\/www.bioethanolshop.nl\/sl\/wp-json\/wp\/v2\/product_brand?post=245"},{"taxonomy":"product_cat","embeddable":true,"href":"https:\/\/www.bioethanolshop.nl\/sl\/wp-json\/wp\/v2\/product_cat?post=245"},{"taxonomy":"product_tag","embeddable":true,"href":"https:\/\/www.bioethanolshop.nl\/sl\/wp-json\/wp\/v2\/product_tag?post=245"}],"curies":[{"name":"wp","href":"https:\/\/api.w.org\/{rel}","templated":true}]}}