{"id":99,"date":"2021-02-09T12:13:34","date_gmt":"2021-02-09T12:13:34","guid":{"rendered":"https:\/\/www.bioethanolshop.nl\/?page_id=99"},"modified":"2023-08-09T11:52:34","modified_gmt":"2023-08-09T09:52:34","slug":"izmenjava-in-vracilo","status":"publish","type":"page","link":"https:\/\/www.bioethanolshop.nl\/sl\/ruilen-en-retouren\/","title":{"rendered":"Zamenjave in vra\u010dila"},"content":{"rendered":"<div data-elementor-type=\"wp-page\" data-elementor-id=\"99\" class=\"elementor elementor-99\" data-elementor-post-type=\"page\">\n\t\t\t\t\t\t<section class=\"elementor-section elementor-top-section elementor-element elementor-element-23dc03d7 elementor-section-boxed elementor-section-height-default elementor-section-height-default wd-section-disabled\" data-id=\"23dc03d7\" data-element_type=\"section\" data-e-type=\"section\">\n\t\t\t\t\t\t<div class=\"elementor-container elementor-column-gap-default\">\n\t\t\t\t\t<div class=\"elementor-column elementor-col-100 elementor-top-column elementor-element elementor-element-3977405a\" data-id=\"3977405a\" data-element_type=\"column\" data-e-type=\"column\">\n\t\t\t<div class=\"elementor-widget-wrap elementor-element-populated\">\n\t\t\t\t\t\t<div class=\"elementor-element elementor-element-225f5eaa color-scheme-inherit text-left elementor-widget elementor-widget-text-editor\" data-id=\"225f5eaa\" data-element_type=\"widget\" data-e-type=\"widget\" data-widget_type=\"text-editor.default\">\n\t\t\t\t<div class=\"elementor-widget-container\">\n\t\t\t\t\t\t\t\t\t\n<p><strong>Pravica do odstopa od pogodbe ob dostavi izdelkov<\/strong><\/p>\n\n\n\n<ol class=\"wp-block-list\">\n<li>Pri nakupu izdelkov lahko potro\u0161nik v 30 dneh prekine pogodbo brez navedbe razloga za razdrtje. To obdobje za\u010dne te\u010di naslednji dan po prejemu izdelka s strani potro\u0161nika ali v njegovem imenu.<\/li>\n\n\n\n<li>V tem obdobju bo potro\u0161nik z izdelkom in embala\u017eo ravnal previdno. Izdelek bo razpakiral ali uporabil le v obsegu, ki je potreben, da presodi, ali \u017eeli izdelek obdr\u017eati. \u010ce izkoristi pravico do odstopa od pogodbe, bo izdelek z vso prilo\u017eeno opremo in - \u010de je to razumno mogo\u010de - v originalnem stanju in embala\u017ei vrnil podjetniku v skladu z razumnimi in jasnimi navodili, ki jih je dal podjetnik.<\/li>\n\n\n\n<li>KBH BV povrne vsa pla\u010dila potro\u0161nika, vklju\u010dno z vsemi stro\u0161ki dostave, ki jih KBH BV zara\u010duna za vrnjeni izdelek, brez nepotrebnega odla\u0161anja, vendar v 14 dneh od dneva, ko jo potro\u0161nik obvesti o odstopu od pogodbe. \u010ce KBH BV ne ponudi prevzema izdelka, lahko z vra\u010dilom po\u010dakamo, dokler ne prejmemo izdelka ali dokler potro\u0161nik ne doka\u017ee, da je izdelek vrnil, karkoli nastopi prej. Uporabili bomo enako pla\u010dilno sredstvo, kot ga je potro\u0161nik uporabil za odpla\u010dilo, razen \u010de se potro\u0161nik strinja z druga\u010dnim na\u010dinom. Povra\u010dilo je za potro\u0161nika brezpla\u010dno.<\/li>\n<\/ol>\n\n\n\n<p><strong>Preklic naro\u010dila<br><\/strong>Naro\u010dilo je mogo\u010de brezpla\u010dno preklicati, \u010de \u0161e ni bilo odpremljeno. Odpovedi ni treba pla\u010dati. Naro\u010dilo lahko prekli\u010dete tako, da na naslov info@kbhonline.eu po\u0161ljete e-po\u0161tno sporo\u010dilo z navedbo \u017eelje po preklicu in \u0161tevilko naro\u010dila. Vsako pla\u010dilo bo povrnjeno v 7 dneh.<\/p>\n\n\n\n<p><strong>Postopek vra\u010danja<br><\/strong>\u017delite vrniti izdelek? Nato vas prosimo, da storite naslednje. Tako bomo lahko va\u0161o vrnitev opravili \u010dim bolj nemoteno.<\/p>\n\n\n\n<p><strong>Vrnitev sporo\u010dite na\u0161emu oddelku za storitve za stranke po e-po\u0161ti.<br><\/strong>Potrditev zahtevka boste prejeli po e-po\u0161ti.<br>Navodila za po\u0161iljanje izdelka boste prejeli po e-po\u0161ti.<br>Po prejemu po\u0161iljke vam bomo po e-po\u0161ti poslali potrdilo o prejemu.<\/p>\n\n\n\n<p>Praviloma boste odgovor prejeli v 2 delovnih dneh.<\/p>\n\n\n\n<p>Stro\u0161ki za vra\u010dilo \u010dlanka gredo na va\u0161 ra\u010dun.<\/p>\n\n\n\n<p>Uporabite lahko tudi evropski vzorec obrazca za izpla\u010dilo, ki ga lahko prenesete tukaj.<\/p>\n\n\n\n<p><strong>Stanje embala\u017ee ob vrnitvi<br><\/strong>Pri vra\u010danju nakupov poskrbite, da jih boste zapakirali v zunanjo \u0161katlo. Originalne embala\u017ee ali ohi\u0161ja ni dovoljeno po\u0161kodovati z lepilnim trakom, nalepkami ali drugimi lepilnimi materiali. \u017dal smo sicer prisiljeni zara\u010dunati stro\u0161ke \u010di\u0161\u010denja ali zamenjavo embala\u017enega materiala, da bi lahko tudi prihodnjega lastnika razveselili z novim nakupom.<\/p>\n\n\n\n<p><strong>Materiali za izjeme<br><\/strong>\u017dal ne moremo sprejeti nazaj odprtih paketov, steklenic ali higienskih izdelkov.<\/p>\n\n\n\n<p><strong>Prito\u017ebe<br><\/strong>Dru\u017eba KBH BV si prizadeva, da bi va\u0161e naro\u010dilo obravnavala \u010dim bolj pravilno. \u010ce imate slabe izku\u0161nje z na\u0161o storitvijo, nam to sporo\u010dite. Storili bomo vse, kar je v na\u0161i mo\u010di, da vas zadovoljimo. Prito\u017ebo lahko naslovite na poprodajni oddelek (info@kbhonline.eu).<\/p>\n\t\t\t\t\t\t\t\t<\/div>\n\t\t\t\t<\/div>\n\t\t\t\t\t<\/div>\n\t\t<\/div>\n\t\t\t\t\t<\/div>\n\t\t<\/section>\n\t\t\t\t<\/div>","protected":false},"excerpt":{"rendered":"<p>Pravica do odstopa od pogodbe ob dostavi izdelkov Preklic naro\u010dilaNaro\u010dilo lahko prekli\u010dete brezpla\u010dno, dokler \u0161e ni zaklju\u010deno.<\/p>","protected":false},"author":1,"featured_media":0,"parent":0,"menu_order":0,"comment_status":"closed","ping_status":"closed","template":"","meta":{"_acf_changed":false,"footnotes":""},"class_list":["post-99","page","type-page","status-publish","hentry"],"acf":[],"yoast_head":"<!-- This site is optimized with the Yoast SEO Premium plugin v27.2 (Yoast SEO v27.2) - https:\/\/yoast.com\/product\/yoast-seo-premium-wordpress\/ -->\n<title>Ruilen en retouren | Bioethanolshop.nl<\/title>\n<meta name=\"robots\" content=\"index, follow, max-snippet:-1, max-image-preview:large, max-video-preview:-1\" \/>\n<link rel=\"canonical\" href=\"https:\/\/www.bioethanolshop.nl\/sl\/izmenjava-in-vracilo\/\" \/>\n<meta property=\"og:locale\" content=\"sl_SI\" \/>\n<meta property=\"og:type\" content=\"article\" \/>\n<meta property=\"og:title\" content=\"Ruilen en retouren\" \/>\n<meta property=\"og:description\" content=\"Herroepingsrecht bij levering van producten Annulering van uw bestellingEen bestelling kan kosteloos geannuleerd worden zolang de order nog niet is\" \/>\n<meta property=\"og:url\" content=\"https:\/\/www.bioethanolshop.nl\/sl\/izmenjava-in-vracilo\/\" \/>\n<meta property=\"og:site_name\" content=\"Bioethanolshop.nl\" \/>\n<meta property=\"article:publisher\" content=\"https:\/\/www.facebook.com\/profile.php?id=100064154436458\" \/>\n<meta property=\"article:modified_time\" content=\"2023-08-09T09:52:34+00:00\" \/>\n<meta name=\"twitter:card\" content=\"summary_large_image\" \/>\n<meta name=\"twitter:label1\" content=\"Est. reading time\" \/>\n\t<meta name=\"twitter:data1\" content=\"3 minute\" \/>\n<!-- \/ Yoast SEO Premium plugin. -->","yoast_head_json":{"title":"Zamenjave in vra\u010dila | Bioethanolshop.co.uk","robots":{"index":"index","follow":"follow","max-snippet":"max-snippet:-1","max-image-preview":"max-image-preview:large","max-video-preview":"max-video-preview:-1"},"canonical":"https:\/\/www.bioethanolshop.nl\/sl\/izmenjava-in-vracilo\/","og_locale":"sl_SI","og_type":"article","og_title":"Ruilen en retouren","og_description":"Herroepingsrecht bij levering van producten Annulering van uw bestellingEen bestelling kan kosteloos geannuleerd worden zolang de order nog niet is","og_url":"https:\/\/www.bioethanolshop.nl\/sl\/izmenjava-in-vracilo\/","og_site_name":"Bioethanolshop.nl","article_publisher":"https:\/\/www.facebook.com\/profile.php?id=100064154436458","article_modified_time":"2023-08-09T09:52:34+00:00","twitter_card":"summary_large_image","twitter_misc":{"Est. reading time":"3 minute"},"schema":{"@context":"https:\/\/schema.org","@graph":[{"@type":"WebPage","@id":"https:\/\/www.bioethanolshop.nl\/ruilen-en-retouren\/","url":"https:\/\/www.bioethanolshop.nl\/ruilen-en-retouren\/","name":"Zamenjave in vra\u010dila | Bioethanolshop.co.uk","isPartOf":{"@id":"https:\/\/www.bioethanolshop.nl\/en\/#website"},"datePublished":"2021-02-09T12:13:34+00:00","dateModified":"2023-08-09T09:52:34+00:00","breadcrumb":{"@id":"https:\/\/www.bioethanolshop.nl\/ruilen-en-retouren\/#breadcrumb"},"inLanguage":"sl-SI","potentialAction":[{"@type":"ReadAction","target":["https:\/\/www.bioethanolshop.nl\/ruilen-en-retouren\/"]}]},{"@type":"BreadcrumbList","@id":"https:\/\/www.bioethanolshop.nl\/ruilen-en-retouren\/#breadcrumb","itemListElement":[{"@type":"ListItem","position":1,"name":"Home","item":"https:\/\/www.bioethanolshop.nl\/"},{"@type":"ListItem","position":2,"name":"Ruilen en retouren"}]},{"@type":"WebSite","@id":"https:\/\/www.bioethanolshop.nl\/en\/#website","url":"https:\/\/www.bioethanolshop.nl\/en\/","name":"Bioethanolshop.nl","description":"Najve\u010d bioetanola in najbolj\u0161a kakovost bioetanola!","potentialAction":[{"@type":"SearchAction","target":{"@type":"EntryPoint","urlTemplate":"https:\/\/www.bioethanolshop.nl\/en\/?s={search_term_string}"},"query-input":{"@type":"PropertyValueSpecification","valueRequired":true,"valueName":"search_term_string"}}],"inLanguage":"sl-SI"}]}},"_links":{"self":[{"href":"https:\/\/www.bioethanolshop.nl\/sl\/wp-json\/wp\/v2\/pages\/99","targetHints":{"allow":["GET"]}}],"collection":[{"href":"https:\/\/www.bioethanolshop.nl\/sl\/wp-json\/wp\/v2\/pages"}],"about":[{"href":"https:\/\/www.bioethanolshop.nl\/sl\/wp-json\/wp\/v2\/types\/page"}],"author":[{"embeddable":true,"href":"https:\/\/www.bioethanolshop.nl\/sl\/wp-json\/wp\/v2\/users\/1"}],"replies":[{"embeddable":true,"href":"https:\/\/www.bioethanolshop.nl\/sl\/wp-json\/wp\/v2\/comments?post=99"}],"version-history":[{"count":3,"href":"https:\/\/www.bioethanolshop.nl\/sl\/wp-json\/wp\/v2\/pages\/99\/revisions"}],"predecessor-version":[{"id":8358,"href":"https:\/\/www.bioethanolshop.nl\/sl\/wp-json\/wp\/v2\/pages\/99\/revisions\/8358"}],"wp:attachment":[{"href":"https:\/\/www.bioethanolshop.nl\/sl\/wp-json\/wp\/v2\/media?parent=99"}],"curies":[{"name":"wp","href":"https:\/\/api.w.org\/{rel}","templated":true}]}}