{"id":252,"date":"2021-02-27T13:21:08","date_gmt":"2021-02-27T13:21:08","guid":{"rendered":"https:\/\/www.bioethanolshop.nl\/?page_id=252"},"modified":"2021-02-27T13:21:09","modified_gmt":"2021-02-27T13:21:09","slug":"posiljanje-in-zbiranje-2","status":"publish","type":"page","link":"https:\/\/www.bioethanolshop.nl\/sl\/verzendkosten-en-afhalen-2\/","title":{"rendered":"Stro\u0161ki po\u0161iljanja in prevzem"},"content":{"rendered":"<h3 class=\"wp-block-heading\" id=\"h-verwerkingskosten-bestelling\">Stro\u0161ki obdelave naro\u010dil<\/h3>\n\n\n\n<p>Vsako naro\u010dilo vklju\u010duje stro\u0161ke obdelave, kot so stro\u0161ki skladi\u0161\u010denja, embala\u017ee itd. Za naro\u010dila, manj\u0161a od 50,00 EUR z DDV, poleg stro\u0161kov dostave v vi\u0161ini 5,74 EUR brez DDV \/ 6,95 EUR z DDV zara\u010dunamo tudi prispevek k stro\u0161kom obdelave naro\u010dila. Skupni prispevek za te stro\u0161ke obdelave in po\u0161iljanja zna\u0161a 9,00 \u20ac brez davka \/ 10,89 \u20ac z davkom. Ti stro\u0161ki so vidni na blagajni na\u0161ih spletnih trgovin.<\/p>\n\n\n\n<h3 class=\"wp-block-heading\" id=\"h-verzendwijze-pakketzending\">Na\u010din po\u0161iljanja po\u0161iljka paketna po\u0161iljka<\/h3>\n\n\n\n<p>Prevoz opravi ugleden prevoznik ali slu\u017eba za dostavo paketov, kot so PostNL, DHL ali TransMission. \u010ce se nam bo zdelo potrebno, se lahko odlo\u010dimo za uporabo drugega prevoznika. Izhodi\u0161\u010de je vedno optimalna povezava z najhitrej\u0161im mo\u017enim \u010dasom dostave ob razumnih stro\u0161kih.<\/p>\n\n\n\n<h3 class=\"wp-block-heading\" id=\"h-verzendkosten-palletzending\">Stro\u0161ki po\u0161iljanja po\u0161iljanje palet<\/h3>\n\n\n\n<p>Lahko se zgodi, da je naro\u010dilo tako veliko ali te\u017eko, da ga je treba dostaviti s po\u0161iljko na paletah. V tem primeru se dostavi na deponirani paleti. \u010ce prejemnik ne more ali no\u010de dostavljavcu izro\u010diti prazne palete, moramo za to zara\u010dunati 15,00 EUR. Paleto, na kateri je shranjen depozit, lahko prejemnik izro\u010di lokalnemu prevozniku. Cene depozitov se lahko razlikujejo glede na dr\u017eavo\/regijo.<\/p>\n\n\n\n<p><strong>Stro\u0161ki po\u0161iljanja na Nizozemskem in v Belgiji so BREZPLA\u010cNI pri naro\u010dilu v vrednosti 50,00 EUR z DDV ali ve\u010d (ob upo\u0161tevanju morebitnega pologa za prevozni material).<\/strong><\/p>\n\n\n\n<h3 class=\"wp-block-heading\" id=\"h-verzendkosten-buiten-de-benelux\">Stro\u0161ki dostave zunaj Beneluksa<\/h3>\n\n\n\n<p>Stro\u0161ki po\u0161iljanja po Evropi (zunaj Beneluksa) so na voljo na zahtevo. \u010ce vam moramo tovorno po\u0161iljko ponuditi drugi\u010d ali pozneje, vam bomo zara\u010dunali dodatne stro\u0161ke.<\/p>\n\n\n\n<h3 class=\"wp-block-heading\" id=\"h-afhalen\">Prevzem<\/h3>\n\n\n\n<p>Delno zaradi COVID-19 trenutno ni mogo\u010de prevzeti naro\u010dila. Vsako naro\u010dilo bo na va\u0161 naslov dostavil na\u0161 izbrani prevoznik, pri \u010demer bo upo\u0161teval veljavne (nujne) predpise.<\/p>","protected":false},"excerpt":{"rendered":"<p>Stro\u0161ki obdelave naro\u010dila Pri vsakem naro\u010dilu nastanejo stro\u0161ki obdelave, kot so stro\u0161ki skladi\u0161\u010denja, embala\u017ee itd. Za naro\u010dila do 50,00 EUR, vklju\u010dno z<\/p>","protected":false},"author":3,"featured_media":0,"parent":0,"menu_order":0,"comment_status":"closed","ping_status":"closed","template":"","meta":{"_acf_changed":false,"footnotes":""},"class_list":["post-252","page","type-page","status-publish","hentry"],"acf":[],"yoast_head":"<!-- This site is optimized with the Yoast SEO Premium plugin v27.5 (Yoast SEO v27.5) - https:\/\/yoast.com\/product\/yoast-seo-premium-wordpress\/ -->\n<title>Verzendkosten en afhalen | Bioethanolshop.nl<\/title>\n<meta name=\"robots\" content=\"index, follow, max-snippet:-1, max-image-preview:large, max-video-preview:-1\" \/>\n<link rel=\"canonical\" href=\"https:\/\/www.bioethanolshop.nl\/sl\/posiljanje-in-zbiranje-2\/\" \/>\n<meta property=\"og:locale\" content=\"sl_SI\" \/>\n<meta property=\"og:type\" content=\"article\" \/>\n<meta property=\"og:title\" content=\"Verzendkosten en afhalen\" \/>\n<meta property=\"og:description\" content=\"Verwerkingskosten bestelling Elke bestelling brengt verwerkingskosten met zich mee, zoals opslag, verpakkingsmateriaal, etcetera. Bij bestellingen onder de \u20ac 50,00 inclusief\" \/>\n<meta property=\"og:url\" content=\"https:\/\/www.bioethanolshop.nl\/sl\/posiljanje-in-zbiranje-2\/\" \/>\n<meta property=\"og:site_name\" content=\"Bioethanolshop.nl\" \/>\n<meta property=\"article:publisher\" content=\"https:\/\/www.facebook.com\/profile.php?id=100064154436458\" \/>\n<meta property=\"article:modified_time\" content=\"2021-02-27T13:21:09+00:00\" \/>\n<meta name=\"twitter:card\" content=\"summary_large_image\" \/>\n<meta name=\"twitter:label1\" content=\"Est. reading time\" \/>\n\t<meta name=\"twitter:data1\" content=\"1 minuta\" \/>\n<!-- \/ Yoast SEO Premium plugin. -->","yoast_head_json":{"title":"Dostava in prevzem | Bioethanolshop.com","robots":{"index":"index","follow":"follow","max-snippet":"max-snippet:-1","max-image-preview":"max-image-preview:large","max-video-preview":"max-video-preview:-1"},"canonical":"https:\/\/www.bioethanolshop.nl\/sl\/posiljanje-in-zbiranje-2\/","og_locale":"sl_SI","og_type":"article","og_title":"Verzendkosten en afhalen","og_description":"Verwerkingskosten bestelling Elke bestelling brengt verwerkingskosten met zich mee, zoals opslag, verpakkingsmateriaal, etcetera. Bij bestellingen onder de \u20ac 50,00 inclusief","og_url":"https:\/\/www.bioethanolshop.nl\/sl\/posiljanje-in-zbiranje-2\/","og_site_name":"Bioethanolshop.nl","article_publisher":"https:\/\/www.facebook.com\/profile.php?id=100064154436458","article_modified_time":"2021-02-27T13:21:09+00:00","twitter_card":"summary_large_image","twitter_misc":{"Est. reading time":"1 minuta"},"schema":{"@context":"https:\/\/schema.org","@graph":[{"@type":"WebPage","@id":"https:\/\/www.bioethanolshop.nl\/verzendkosten-en-afhalen-2\/","url":"https:\/\/www.bioethanolshop.nl\/verzendkosten-en-afhalen-2\/","name":"Dostava in prevzem | Bioethanolshop.com","isPartOf":{"@id":"https:\/\/www.bioethanolshop.nl\/en\/#website"},"datePublished":"2021-02-27T13:21:08+00:00","dateModified":"2021-02-27T13:21:09+00:00","breadcrumb":{"@id":"https:\/\/www.bioethanolshop.nl\/verzendkosten-en-afhalen-2\/#breadcrumb"},"inLanguage":"sl-SI","potentialAction":[{"@type":"ReadAction","target":["https:\/\/www.bioethanolshop.nl\/verzendkosten-en-afhalen-2\/"]}]},{"@type":"BreadcrumbList","@id":"https:\/\/www.bioethanolshop.nl\/verzendkosten-en-afhalen-2\/#breadcrumb","itemListElement":[{"@type":"ListItem","position":1,"name":"Home","item":"https:\/\/www.bioethanolshop.nl\/"},{"@type":"ListItem","position":2,"name":"Verzendkosten en afhalen"}]},{"@type":"WebSite","@id":"https:\/\/www.bioethanolshop.nl\/en\/#website","url":"https:\/\/www.bioethanolshop.nl\/en\/","name":"Bioethanolshop.nl","description":"Najve\u010d bioetanola in najbolj\u0161a kakovost bioetanola!","potentialAction":[{"@type":"SearchAction","target":{"@type":"EntryPoint","urlTemplate":"https:\/\/www.bioethanolshop.nl\/en\/?s={search_term_string}"},"query-input":{"@type":"PropertyValueSpecification","valueRequired":true,"valueName":"search_term_string"}}],"inLanguage":"sl-SI"}]}},"_links":{"self":[{"href":"https:\/\/www.bioethanolshop.nl\/sl\/wp-json\/wp\/v2\/pages\/252","targetHints":{"allow":["GET"]}}],"collection":[{"href":"https:\/\/www.bioethanolshop.nl\/sl\/wp-json\/wp\/v2\/pages"}],"about":[{"href":"https:\/\/www.bioethanolshop.nl\/sl\/wp-json\/wp\/v2\/types\/page"}],"author":[{"embeddable":true,"href":"https:\/\/www.bioethanolshop.nl\/sl\/wp-json\/wp\/v2\/users\/3"}],"replies":[{"embeddable":true,"href":"https:\/\/www.bioethanolshop.nl\/sl\/wp-json\/wp\/v2\/comments?post=252"}],"version-history":[{"count":1,"href":"https:\/\/www.bioethanolshop.nl\/sl\/wp-json\/wp\/v2\/pages\/252\/revisions"}],"predecessor-version":[{"id":253,"href":"https:\/\/www.bioethanolshop.nl\/sl\/wp-json\/wp\/v2\/pages\/252\/revisions\/253"}],"wp:attachment":[{"href":"https:\/\/www.bioethanolshop.nl\/sl\/wp-json\/wp\/v2\/media?parent=252"}],"curies":[{"name":"wp","href":"https:\/\/api.w.org\/{rel}","templated":true}]}}