{"id":99,"date":"2021-02-09T12:13:34","date_gmt":"2021-02-09T12:13:34","guid":{"rendered":"https:\/\/www.bioethanolshop.nl\/?page_id=99"},"modified":"2023-08-09T11:52:34","modified_gmt":"2023-08-09T09:52:34","slug":"vymena-a-vratenie","status":"publish","type":"page","link":"https:\/\/www.bioethanolshop.nl\/sk\/ruilen-en-retouren\/","title":{"rendered":"V\u00fdmena a vr\u00e1tenie tovaru"},"content":{"rendered":"<div data-elementor-type=\"wp-page\" data-elementor-id=\"99\" class=\"elementor elementor-99\" data-elementor-post-type=\"page\">\n\t\t\t\t\t\t<section class=\"elementor-section elementor-top-section elementor-element elementor-element-23dc03d7 elementor-section-boxed elementor-section-height-default elementor-section-height-default wd-section-disabled\" data-id=\"23dc03d7\" data-element_type=\"section\" data-e-type=\"section\">\n\t\t\t\t\t\t<div class=\"elementor-container elementor-column-gap-default\">\n\t\t\t\t\t<div class=\"elementor-column elementor-col-100 elementor-top-column elementor-element elementor-element-3977405a\" data-id=\"3977405a\" data-element_type=\"column\" data-e-type=\"column\">\n\t\t\t<div class=\"elementor-widget-wrap elementor-element-populated\">\n\t\t\t\t\t\t<div class=\"elementor-element elementor-element-225f5eaa color-scheme-inherit text-left elementor-widget elementor-widget-text-editor\" data-id=\"225f5eaa\" data-element_type=\"widget\" data-e-type=\"widget\" data-widget_type=\"text-editor.default\">\n\t\t\t\t<div class=\"elementor-widget-container\">\n\t\t\t\t\t\t\t\t\t\n<p><strong>Pr\u00e1vo na odst\u00fapenie od zmluvy pri dodan\u00ed v\u00fdrobkov<\/strong><\/p>\n\n\n\n<ol class=\"wp-block-list\">\n<li>Pri n\u00e1kupe v\u00fdrobkov m\u00f4\u017ee spotrebite\u013e vypoveda\u0165 zmluvu bez udania d\u00f4vodu po\u010das 30 dn\u00ed. T\u00e1to lehota za\u010d\u00edna plyn\u00fa\u0165 d\u0148om nasleduj\u00facim po prevzat\u00ed v\u00fdrobku spotrebite\u013eom alebo v jeho mene.<\/li>\n\n\n\n<li>Po\u010das tohto obdobia bude spotrebite\u013e s v\u00fdrobkom a obalom zaobch\u00e1dza\u0165 opatrne. V\u00fdrobok rozbal\u00ed alebo pou\u017eije len v rozsahu potrebnom na pos\u00fadenie, \u010di si chce v\u00fdrobok ponecha\u0165. Ak vyu\u017eije svoje pr\u00e1vo na odst\u00fapenie od zmluvy, vr\u00e1ti v\u00fdrobok so v\u0161etk\u00fdm dodan\u00fdm pr\u00edslu\u0161enstvom a - ak je to mo\u017en\u00e9 - v p\u00f4vodnom stave a balen\u00ed podnikate\u013eovi v s\u00falade s primeran\u00fdmi a jasn\u00fdmi pokynmi podnikate\u013ea.<\/li>\n\n\n\n<li>KBH BV vr\u00e1ti spotrebite\u013eovi v\u0161etky platby vr\u00e1tane n\u00e1kladov na doru\u010denie, ktor\u00e9 KBH BV za\u00fa\u010dtovala za vr\u00e1ten\u00fd v\u00fdrobok, bez zbyto\u010dn\u00e9ho odkladu, najnesk\u00f4r v\u0161ak do 14 dn\u00ed odo d\u0148a, ke\u010f jej spotrebite\u013e ozn\u00e1mil odst\u00fapenie od zmluvy. Pokia\u013e KBH BV nepon\u00fakne, \u017ee si v\u00fdrobok vyzdvihne sama, m\u00f4\u017eeme s vr\u00e1ten\u00edm platby po\u010dka\u0165, k\u00fdm v\u00fdrobok nedostaneme alebo k\u00fdm spotrebite\u013e nepreuk\u00e1\u017ee, \u017ee v\u00fdrobok vr\u00e1til, pod\u013ea toho, \u010do nastane sk\u00f4r. Pou\u017eijeme rovnak\u00fd platobn\u00fd prostriedok, ktor\u00fd spotrebite\u013e pou\u017eil na splatenie, pokia\u013e spotrebite\u013e nes\u00fahlas\u00ed s in\u00fdm sp\u00f4sobom. Vr\u00e1tenie pe\u0148az\u00ed je pre spotrebite\u013ea bezplatn\u00e9.<\/li>\n<\/ol>\n\n\n\n<p><strong>Zru\u0161enie va\u0161ej objedn\u00e1vky<br><\/strong>Objedn\u00e1vku je mo\u017en\u00e9 bezplatne zru\u0161i\u0165, pokia\u013e e\u0161te nebola odoslan\u00e1. Neexistuj\u00fa \u017eiadne storno poplatky. Objedn\u00e1vku m\u00f4\u017eete zru\u0161i\u0165 zaslan\u00edm e-mailu na adresu info@kbhonline.eu, v ktorom uvediete, \u017ee si \u017eel\u00e1te zru\u0161i\u0165 objedn\u00e1vku, a \u010d\u00edslo objedn\u00e1vky. V\u0161etky platby bud\u00fa vr\u00e1ten\u00e9 do 7 dn\u00ed.<\/p>\n\n\n\n<p><strong>Postup vr\u00e1tenia<br><\/strong>Chcete vr\u00e1ti\u0165 tovar? Potom v\u00e1s \u017eiadame, aby ste urobili nasledovn\u00e9. Takto m\u00f4\u017eeme va\u0161e vr\u00e1tenie vybavi\u0165 \u010do najhlad\u0161ie.<\/p>\n\n\n\n<p><strong>Nahl\u00e1ste vr\u00e1tenie tovaru n\u00e1\u0161mu oddeleniu slu\u017eieb z\u00e1kazn\u00edkom e-mailom.<br><\/strong>Potvrdenie va\u0161ej \u017eiadosti dostanete e-mailom.<br>Pokyny na odoslanie polo\u017eky dostanete e-mailom.<br>Po prijat\u00ed z\u00e1sielky v\u00e1m za\u0161leme potvrdenie o prijat\u00ed e-mailom.<\/p>\n\n\n\n<p>Odpove\u010f od n\u00e1s dostanete spravidla do 2 pracovn\u00fdch dn\u00ed.<\/p>\n\n\n\n<p>N\u00e1klady na vr\u00e1tenie \u010dl\u00e1nku id\u00fa na v\u00e1\u0161 \u00fa\u010det.<\/p>\n\n\n\n<p>M\u00f4\u017eete pou\u017ei\u0165 aj eur\u00f3psky vzor formul\u00e1ra na odst\u00fapenie od zmluvy, ktor\u00fd si m\u00f4\u017eete stiahnu\u0165 tu.<\/p>\n\n\n\n<p><strong>Stav obalu pri vr\u00e1ten\u00ed<br><\/strong>Pri vr\u00e1ten\u00ed n\u00e1kupu sa uistite, \u017ee ste ho zabalili do vonkaj\u0161ej \u0161katule. P\u00f4vodn\u00fd obal alebo puzdro sa nesmie po\u0161kodi\u0165 lepiacou p\u00e1skou, n\u00e1lepkami alebo in\u00fdmi lepiacimi materi\u00e1lmi. Bohu\u017eia\u013e, v opa\u010dnom pr\u00edpade sme n\u00faten\u00ed \u00fa\u010dtova\u0165 n\u00e1klady na \u010distenie alebo v\u00fdmenu obalov\u00e9ho materi\u00e1lu, aby sme mohli bud\u00facemu majite\u013eovi urobi\u0165 rados\u0165 aj z jeho nov\u00e9ho n\u00e1kupu.<\/p>\n\n\n\n<p><strong>V\u00fdnimo\u010dn\u00e9 materi\u00e1ly<br><\/strong>Otvoren\u00e9 obaly, f\u013ea\u0161e alebo hygienick\u00e9 v\u00fdrobky \u017eia\u013e nem\u00f4\u017eeme prija\u0165 sp\u00e4\u0165.<\/p>\n\n\n\n<p><strong>S\u0165a\u017enosti<br><\/strong>Spolo\u010dnos\u0165 KBH BV sa sna\u017e\u00ed spracova\u0165 va\u0161u objedn\u00e1vku \u010do najkorektnej\u0161ie. Ak m\u00e1te s na\u0161imi slu\u017ebami zl\u00e9 sk\u00fasenosti, dajte n\u00e1m vedie\u0165. Urob\u00edme v\u0161etko pre to, aby sme v\u00e1s uspokojili. Svoju s\u0165a\u017enos\u0165 m\u00f4\u017eete adresova\u0165 popredajn\u00e9mu oddeleniu (info@kbhonline.eu).<\/p>\n\t\t\t\t\t\t\t\t<\/div>\n\t\t\t\t<\/div>\n\t\t\t\t\t<\/div>\n\t\t<\/div>\n\t\t\t\t\t<\/div>\n\t\t<\/section>\n\t\t\t\t<\/div>","protected":false},"excerpt":{"rendered":"<p>Pr\u00e1vo na odst\u00fapenie od zmluvy pri dodan\u00ed v\u00fdrobkov Zru\u0161enie objedn\u00e1vkyObjedn\u00e1vku je mo\u017en\u00e9 bezplatne zru\u0161i\u0165, pokia\u013e e\u0161te nebola dokon\u010den\u00e1.<\/p>","protected":false},"author":1,"featured_media":0,"parent":0,"menu_order":0,"comment_status":"closed","ping_status":"closed","template":"","meta":{"_acf_changed":false,"footnotes":""},"class_list":["post-99","page","type-page","status-publish","hentry"],"acf":[],"yoast_head":"<!-- This site is optimized with the Yoast SEO Premium plugin v27.2 (Yoast SEO v27.2) - https:\/\/yoast.com\/product\/yoast-seo-premium-wordpress\/ -->\n<title>Ruilen en retouren | Bioethanolshop.nl<\/title>\n<meta name=\"robots\" content=\"index, follow, max-snippet:-1, max-image-preview:large, max-video-preview:-1\" \/>\n<link rel=\"canonical\" href=\"https:\/\/www.bioethanolshop.nl\/sk\/vymena-a-vratenie\/\" \/>\n<meta property=\"og:locale\" content=\"sk_SK\" \/>\n<meta property=\"og:type\" content=\"article\" \/>\n<meta property=\"og:title\" content=\"Ruilen en retouren\" \/>\n<meta property=\"og:description\" content=\"Herroepingsrecht bij levering van producten Annulering van uw bestellingEen bestelling kan kosteloos geannuleerd worden zolang de order nog niet is\" \/>\n<meta property=\"og:url\" content=\"https:\/\/www.bioethanolshop.nl\/sk\/vymena-a-vratenie\/\" \/>\n<meta property=\"og:site_name\" content=\"Bioethanolshop.nl\" \/>\n<meta property=\"article:publisher\" content=\"https:\/\/www.facebook.com\/profile.php?id=100064154436458\" \/>\n<meta property=\"article:modified_time\" content=\"2023-08-09T09:52:34+00:00\" \/>\n<meta name=\"twitter:card\" content=\"summary_large_image\" \/>\n<meta name=\"twitter:label1\" content=\"Predpokladan\u00fd \u010das \u010d\u00edtania\" \/>\n\t<meta name=\"twitter:data1\" content=\"3 min\u00faty\" \/>\n<!-- \/ Yoast SEO Premium plugin. -->","yoast_head_json":{"title":"V\u00fdmena a vr\u00e1tenie tovaru | Bioethanolshop.co.uk","robots":{"index":"index","follow":"follow","max-snippet":"max-snippet:-1","max-image-preview":"max-image-preview:large","max-video-preview":"max-video-preview:-1"},"canonical":"https:\/\/www.bioethanolshop.nl\/sk\/vymena-a-vratenie\/","og_locale":"sk_SK","og_type":"article","og_title":"Ruilen en retouren","og_description":"Herroepingsrecht bij levering van producten Annulering van uw bestellingEen bestelling kan kosteloos geannuleerd worden zolang de order nog niet is","og_url":"https:\/\/www.bioethanolshop.nl\/sk\/vymena-a-vratenie\/","og_site_name":"Bioethanolshop.nl","article_publisher":"https:\/\/www.facebook.com\/profile.php?id=100064154436458","article_modified_time":"2023-08-09T09:52:34+00:00","twitter_card":"summary_large_image","twitter_misc":{"Predpokladan\u00fd \u010das \u010d\u00edtania":"3 min\u00faty"},"schema":{"@context":"https:\/\/schema.org","@graph":[{"@type":"WebPage","@id":"https:\/\/www.bioethanolshop.nl\/ruilen-en-retouren\/","url":"https:\/\/www.bioethanolshop.nl\/ruilen-en-retouren\/","name":"V\u00fdmena a vr\u00e1tenie tovaru | Bioethanolshop.co.uk","isPartOf":{"@id":"https:\/\/www.bioethanolshop.nl\/en\/#website"},"datePublished":"2021-02-09T12:13:34+00:00","dateModified":"2023-08-09T09:52:34+00:00","breadcrumb":{"@id":"https:\/\/www.bioethanolshop.nl\/ruilen-en-retouren\/#breadcrumb"},"inLanguage":"sk-SK","potentialAction":[{"@type":"ReadAction","target":["https:\/\/www.bioethanolshop.nl\/ruilen-en-retouren\/"]}]},{"@type":"BreadcrumbList","@id":"https:\/\/www.bioethanolshop.nl\/ruilen-en-retouren\/#breadcrumb","itemListElement":[{"@type":"ListItem","position":1,"name":"Home","item":"https:\/\/www.bioethanolshop.nl\/"},{"@type":"ListItem","position":2,"name":"Ruilen en retouren"}]},{"@type":"WebSite","@id":"https:\/\/www.bioethanolshop.nl\/en\/#website","url":"https:\/\/www.bioethanolshop.nl\/en\/","name":"Bioethanolshop.nl","description":"Najv\u00e4\u010d\u0161\u00ed v\u00fdrobca bioetanolu a najkvalitnej\u0161\u00ed bioetanol!","potentialAction":[{"@type":"SearchAction","target":{"@type":"EntryPoint","urlTemplate":"https:\/\/www.bioethanolshop.nl\/en\/?s={search_term_string}"},"query-input":{"@type":"PropertyValueSpecification","valueRequired":true,"valueName":"search_term_string"}}],"inLanguage":"sk-SK"}]}},"_links":{"self":[{"href":"https:\/\/www.bioethanolshop.nl\/sk\/wp-json\/wp\/v2\/pages\/99","targetHints":{"allow":["GET"]}}],"collection":[{"href":"https:\/\/www.bioethanolshop.nl\/sk\/wp-json\/wp\/v2\/pages"}],"about":[{"href":"https:\/\/www.bioethanolshop.nl\/sk\/wp-json\/wp\/v2\/types\/page"}],"author":[{"embeddable":true,"href":"https:\/\/www.bioethanolshop.nl\/sk\/wp-json\/wp\/v2\/users\/1"}],"replies":[{"embeddable":true,"href":"https:\/\/www.bioethanolshop.nl\/sk\/wp-json\/wp\/v2\/comments?post=99"}],"version-history":[{"count":3,"href":"https:\/\/www.bioethanolshop.nl\/sk\/wp-json\/wp\/v2\/pages\/99\/revisions"}],"predecessor-version":[{"id":8358,"href":"https:\/\/www.bioethanolshop.nl\/sk\/wp-json\/wp\/v2\/pages\/99\/revisions\/8358"}],"wp:attachment":[{"href":"https:\/\/www.bioethanolshop.nl\/sk\/wp-json\/wp\/v2\/media?parent=99"}],"curies":[{"name":"wp","href":"https:\/\/api.w.org\/{rel}","templated":true}]}}