{"id":89,"date":"2021-02-09T12:09:19","date_gmt":"2021-02-09T12:09:19","guid":{"rendered":"https:\/\/www.bioethanolshop.nl\/?page_id=89"},"modified":"2023-08-09T11:49:35","modified_gmt":"2023-08-09T09:49:35","slug":"podmienky-pouzivania","status":"publish","type":"page","link":"https:\/\/www.bioethanolshop.nl\/sk\/gebruikersvoorwaarden\/","title":{"rendered":"Podmienky pou\u017e\u00edvania"},"content":{"rendered":"<div data-elementor-type=\"wp-page\" data-elementor-id=\"89\" class=\"elementor elementor-89\" data-elementor-post-type=\"page\">\n\t\t\t\t\t\t<section class=\"elementor-section elementor-top-section elementor-element elementor-element-21a62b1e elementor-section-boxed elementor-section-height-default elementor-section-height-default wd-section-disabled\" data-id=\"21a62b1e\" data-element_type=\"section\" data-e-type=\"section\">\n\t\t\t\t\t\t<div class=\"elementor-container elementor-column-gap-default\">\n\t\t\t\t\t<div class=\"elementor-column elementor-col-100 elementor-top-column elementor-element elementor-element-7da138d2\" data-id=\"7da138d2\" data-element_type=\"column\" data-e-type=\"column\">\n\t\t\t<div class=\"elementor-widget-wrap elementor-element-populated\">\n\t\t\t\t\t\t<div class=\"elementor-element elementor-element-6f324228 color-scheme-inherit text-left elementor-widget elementor-widget-text-editor\" data-id=\"6f324228\" data-element_type=\"widget\" data-e-type=\"widget\" data-widget_type=\"text-editor.default\">\n\t\t\t\t<div class=\"elementor-widget-container\">\n\t\t\t\t\t\t\t\t\t\n<ol class=\"wp-block-list\">\n<li><strong>Vlastn\u00edctvo<\/strong><\/li>\n<\/ol>\n\n\n\n<p>T\u00fato webov\u00fa str\u00e1nku vlastn\u00ed spolo\u010dnos\u0165 KBH B.V. (KvK 66830257), ktor\u00e1 obchoduje pod n\u00e1zvom Bioethanolshop. Pou\u017e\u00edvan\u00edm tejto webovej str\u00e1nky vyjadrujete svoj s\u00fahlas s platnos\u0165ou t\u00fdchto pou\u017e\u00edvate\u013esk\u00fdch podmienok. Ak si ne\u017eel\u00e1te s\u00fahlasi\u0165 s t\u00fdmito podmienkami pou\u017e\u00edvania (alebo ich \u010das\u0165ou), alebo neakceptujete platnos\u0165 t\u00fdchto podmienok ak\u00fdmko\u013evek in\u00fdm sp\u00f4sobom, nie je povolen\u00e9 pou\u017e\u00edva\u0165 t\u00fato webov\u00fa str\u00e1nku.<\/p>\n\n\n\n<ol class=\"wp-block-list\" start=\"2\">\n<li><strong>Pou\u017eite<br><\/strong>Pou\u017e\u00edvate\u013eom nie je dovolen\u00e9 pou\u017e\u00edva\u0165 webov\u00e9 str\u00e1nky nevhodn\u00fdm sp\u00f4sobom. Inform\u00e1cie, \u00fadaje a materi\u00e1ly na tejto webovej lokalite sa nesm\u00fa pou\u017e\u00edva\u0165 na poskytovanie slu\u017eieb tret\u00edm stran\u00e1m alebo pre tretie strany a nesm\u00fa sa zdie\u013ea\u0165 s tret\u00edmi stranami ani im spr\u00edstup\u0148ova\u0165, pokia\u013e na to nebol udelen\u00fd p\u00edsomn\u00fd s\u00fahlas. To okrem in\u00e9ho znamen\u00e1, \u017ee pou\u017e\u00edvate\u013e nesmie pou\u017e\u00edva\u0165 \u017eiadne softv\u00e9rov\u00e9 a\/alebo hardv\u00e9rov\u00e9 n\u00e1stroje a\/alebo rie\u0161enia alebo manu\u00e1lne postupy podobn\u00e9ho alebo podobn\u00e9ho charakteru, ktor\u00fdch cie\u013eom je prevzia\u0165 ak\u00e9ko\u013evek inform\u00e1cie a \u00fadaje spr\u00edstupnen\u00e9 prostredn\u00edctvom webovej str\u00e1nky (ako napr\u00edklad \"screen scrapping\" a\/alebo pou\u017e\u00edvanie robota, \"bota\", \"pav\u00faka\", \"web crawler\" at\u010f.). Pou\u017e\u00edvate\u013e sa \u010falej zdr\u017e\u00ed vytv\u00e1rania odkazov na webov\u00e9 str\u00e1nky alebo ich vytv\u00e1rania.<br><\/li>\n\n\n\n<li><strong>Du\u0161evn\u00e9 vlastn\u00edctvo<br><\/strong>Inform\u00e1cie, \u00fadaje a materi\u00e1ly na tejto webovej str\u00e1nke a jej dizajn vr\u00e1tane textov, d\u00e1tov\u00fdch s\u00faborov, fotografi\u00ed, log a in\u00e9ho (stacion\u00e1rneho a\/alebo pohybliv\u00e9ho) vizu\u00e1lneho a zvukov\u00e9ho materi\u00e1lu s\u00fa chr\u00e1nen\u00e9 autorsk\u00fdm pr\u00e1vom, ochrannou zn\u00e1mkou, pr\u00e1vom na datab\u00e1zy a\/alebo in\u00fdmi pr\u00e1vami du\u0161evn\u00e9ho vlastn\u00edctva. \u017diadne z t\u00fdchto podmienok pou\u017e\u00edvania nie je ur\u010den\u00e9 na prevod ak\u00fdchko\u013evek pr\u00e1v du\u0161evn\u00e9ho vlastn\u00edctva na pou\u017e\u00edvate\u013ea. Ak\u00e9ko\u013evek pou\u017eitie webovej str\u00e1nky, ktor\u00e9 nie je v\u00fdslovne povolen\u00e9 t\u00fdmito podmienkami, a\/alebo ak\u00e1ko\u013evek reprodukcia (vr\u00e1tane \u00fapravy) a\/alebo zverejnenie obsahu a dizajnu webovej str\u00e1nky predstavuje poru\u0161enie pr\u00e1v du\u0161evn\u00e9ho vlastn\u00edctva spolo\u010dnosti KBH BV a\/alebo strany, od ktorej bola z\u00edskan\u00e1 licencia, a preto nie je povolen\u00e9 bez predch\u00e1dzaj\u00faceho p\u00edsomn\u00e9ho s\u00fahlasu.<br><\/li>\n\n\n\n<li><strong>Zodpovednos\u0165<\/strong><br>Hoci KBH BV vynaklad\u00e1 neust\u00e1le \u00fasilie na to, aby inform\u00e1cie na webovej str\u00e1nke boli spo\u013eahliv\u00e9, \u00fapln\u00e9 a aktu\u00e1lne, nem\u00f4\u017ee zaru\u010di\u0165, \u017ee s\u00fa spr\u00e1vne, \u00fapln\u00e9 a aktu\u00e1lne.<br>Spolo\u010dnos\u0165 KBH BV nenesie zodpovednos\u0165 za \u017eiadne priame alebo nepriame \u0161kody alebo straty, ktor\u00e9 utrp\u00ed pou\u017e\u00edvate\u013e alebo ak\u00e1ko\u013evek tretia strana v d\u00f4sledku pou\u017e\u00edvania (inform\u00e1ci\u00ed a materi\u00e1lov) na tejto webovej str\u00e1nke.<br><\/li>\n\n\n\n<li><strong>Dod\u00e1vky v r\u00e1mci Spolo\u010denstva bez DPH<br><\/strong>Ak objedn\u00e1vate v r\u00e1mci E\u00da, ale mimo Holandska, m\u00f4\u017eete pou\u017ei\u0165 platn\u00e9 I\u010c DPH (VAT-ID) na zadanie objedn\u00e1vky v n\u00e1kupnom ko\u0161\u00edku a zaplati\u0165 bez DPH. Ak je va\u0161e \u010d\u00edslo DPH potvrden\u00e9, DPH sa v ko\u0161\u00edku nezobraz\u00ed a suma, ktor\u00e1 sa m\u00e1 zaplati\u0165, sa v pokladni, na potvrden\u00ed objedn\u00e1vky a na pr\u00edslu\u0161nej fakt\u00fare zobraz\u00ed bez DPH. Ak va\u0161e \u010d\u00edslo DPH NIE JE potvrden\u00e9 v ko\u0161\u00edku, ale chcete n\u00e1sledne dosta\u0165 fakt\u00faru bez DPH, je to spoplatnen\u00e9. Tieto n\u00e1klady s\u00fa 15,- \u20ac bez DPH za ka\u017ed\u00fa fakt\u00faru alebo opravu, ktor\u00e1 sa m\u00e1 vykona\u0165.<br><\/li>\n\n\n\n<li><strong>In\u00e9<br><\/strong>Pou\u017e\u00edvanie webovej str\u00e1nky a t\u00fdchto podmienok podlieha holandsk\u00e9mu pr\u00e1vu. V\u0161etky spory v s\u00favislosti s touto webovou str\u00e1nkou sa bud\u00fa rie\u0161i\u0165 na Okresnom s\u00fade v Almelo v Holandsku.<\/li>\n<\/ol>\n\t\t\t\t\t\t\t\t<\/div>\n\t\t\t\t<\/div>\n\t\t\t\t\t<\/div>\n\t\t<\/div>\n\t\t\t\t\t<\/div>\n\t\t<\/section>\n\t\t\t\t<\/div>","protected":false},"excerpt":{"rendered":"<p>Vlastn\u00edkom tejto webovej str\u00e1nky je spolo\u010dnos\u0165 KBH B.V. (KvK 66830257), ktor\u00e1 obchoduje pod n\u00e1zvom Bioethanolshop. Pou\u017e\u00edvan\u00edm tejto<\/p>","protected":false},"author":1,"featured_media":0,"parent":0,"menu_order":900,"comment_status":"closed","ping_status":"closed","template":"","meta":{"_acf_changed":false,"footnotes":""},"class_list":["post-89","page","type-page","status-publish","hentry"],"acf":[],"yoast_head":"<!-- This site is optimized with the Yoast SEO Premium plugin v27.2 (Yoast SEO v27.2) - https:\/\/yoast.com\/product\/yoast-seo-premium-wordpress\/ -->\n<title>Gebruikersvoorwaarden | Bioethanolshop.nl<\/title>\n<meta name=\"robots\" content=\"index, follow, max-snippet:-1, max-image-preview:large, max-video-preview:-1\" \/>\n<link rel=\"canonical\" href=\"https:\/\/www.bioethanolshop.nl\/sk\/podmienky-pouzivania\/\" \/>\n<meta property=\"og:locale\" content=\"sk_SK\" \/>\n<meta property=\"og:type\" content=\"article\" \/>\n<meta property=\"og:title\" content=\"Gebruikersvoorwaarden\" \/>\n<meta property=\"og:description\" content=\"Deze website is eigendom van KBH B.V. (KvK 66830257), ondermeer handelend onder de naam Bioethanolshop. Door het gebruik van deze\" \/>\n<meta property=\"og:url\" content=\"https:\/\/www.bioethanolshop.nl\/sk\/podmienky-pouzivania\/\" \/>\n<meta property=\"og:site_name\" content=\"Bioethanolshop.nl\" \/>\n<meta property=\"article:publisher\" content=\"https:\/\/www.facebook.com\/profile.php?id=100064154436458\" \/>\n<meta property=\"article:modified_time\" content=\"2023-08-09T09:49:35+00:00\" \/>\n<meta name=\"twitter:card\" content=\"summary_large_image\" \/>\n<meta name=\"twitter:label1\" content=\"Predpokladan\u00fd \u010das \u010d\u00edtania\" \/>\n\t<meta name=\"twitter:data1\" content=\"3 min\u00faty\" \/>\n<!-- \/ Yoast SEO Premium plugin. -->","yoast_head_json":{"title":"Podmienky pou\u017e\u00edvania | Bioethanolshop.com","robots":{"index":"index","follow":"follow","max-snippet":"max-snippet:-1","max-image-preview":"max-image-preview:large","max-video-preview":"max-video-preview:-1"},"canonical":"https:\/\/www.bioethanolshop.nl\/sk\/podmienky-pouzivania\/","og_locale":"sk_SK","og_type":"article","og_title":"Gebruikersvoorwaarden","og_description":"Deze website is eigendom van KBH B.V. (KvK 66830257), ondermeer handelend onder de naam Bioethanolshop. Door het gebruik van deze","og_url":"https:\/\/www.bioethanolshop.nl\/sk\/podmienky-pouzivania\/","og_site_name":"Bioethanolshop.nl","article_publisher":"https:\/\/www.facebook.com\/profile.php?id=100064154436458","article_modified_time":"2023-08-09T09:49:35+00:00","twitter_card":"summary_large_image","twitter_misc":{"Predpokladan\u00fd \u010das \u010d\u00edtania":"3 min\u00faty"},"schema":{"@context":"https:\/\/schema.org","@graph":[{"@type":"WebPage","@id":"https:\/\/www.bioethanolshop.nl\/gebruikersvoorwaarden\/","url":"https:\/\/www.bioethanolshop.nl\/gebruikersvoorwaarden\/","name":"Podmienky pou\u017e\u00edvania | Bioethanolshop.com","isPartOf":{"@id":"https:\/\/www.bioethanolshop.nl\/en\/#website"},"datePublished":"2021-02-09T12:09:19+00:00","dateModified":"2023-08-09T09:49:35+00:00","breadcrumb":{"@id":"https:\/\/www.bioethanolshop.nl\/gebruikersvoorwaarden\/#breadcrumb"},"inLanguage":"sk-SK","potentialAction":[{"@type":"ReadAction","target":["https:\/\/www.bioethanolshop.nl\/gebruikersvoorwaarden\/"]}]},{"@type":"BreadcrumbList","@id":"https:\/\/www.bioethanolshop.nl\/gebruikersvoorwaarden\/#breadcrumb","itemListElement":[{"@type":"ListItem","position":1,"name":"Home","item":"https:\/\/www.bioethanolshop.nl\/"},{"@type":"ListItem","position":2,"name":"Gebruikersvoorwaarden"}]},{"@type":"WebSite","@id":"https:\/\/www.bioethanolshop.nl\/en\/#website","url":"https:\/\/www.bioethanolshop.nl\/en\/","name":"Bioethanolshop.nl","description":"Najv\u00e4\u010d\u0161\u00ed v\u00fdrobca bioetanolu a najkvalitnej\u0161\u00ed bioetanol!","potentialAction":[{"@type":"SearchAction","target":{"@type":"EntryPoint","urlTemplate":"https:\/\/www.bioethanolshop.nl\/en\/?s={search_term_string}"},"query-input":{"@type":"PropertyValueSpecification","valueRequired":true,"valueName":"search_term_string"}}],"inLanguage":"sk-SK"}]}},"_links":{"self":[{"href":"https:\/\/www.bioethanolshop.nl\/sk\/wp-json\/wp\/v2\/pages\/89","targetHints":{"allow":["GET"]}}],"collection":[{"href":"https:\/\/www.bioethanolshop.nl\/sk\/wp-json\/wp\/v2\/pages"}],"about":[{"href":"https:\/\/www.bioethanolshop.nl\/sk\/wp-json\/wp\/v2\/types\/page"}],"author":[{"embeddable":true,"href":"https:\/\/www.bioethanolshop.nl\/sk\/wp-json\/wp\/v2\/users\/1"}],"replies":[{"embeddable":true,"href":"https:\/\/www.bioethanolshop.nl\/sk\/wp-json\/wp\/v2\/comments?post=89"}],"version-history":[{"count":3,"href":"https:\/\/www.bioethanolshop.nl\/sk\/wp-json\/wp\/v2\/pages\/89\/revisions"}],"predecessor-version":[{"id":8345,"href":"https:\/\/www.bioethanolshop.nl\/sk\/wp-json\/wp\/v2\/pages\/89\/revisions\/8345"}],"wp:attachment":[{"href":"https:\/\/www.bioethanolshop.nl\/sk\/wp-json\/wp\/v2\/media?parent=89"}],"curies":[{"name":"wp","href":"https:\/\/api.w.org\/{rel}","templated":true}]}}