{"id":86,"date":"2021-02-09T12:06:37","date_gmt":"2021-02-09T12:06:37","guid":{"rendered":"https:\/\/www.bioethanolshop.nl\/?page_id=86"},"modified":"2023-08-09T11:37:21","modified_gmt":"2023-08-09T09:37:21","slug":"vyhlasenie-o-ochrane-osobnych-udajov-a-o-ochrane-osobnych-udajov","status":"publish","type":"page","link":"https:\/\/www.bioethanolshop.nl\/sk\/privacy-verklaring-en-avg\/","title":{"rendered":"Vyhl\u00e1senie o ochrane osobn\u00fdch \u00fadajov"},"content":{"rendered":"<div data-elementor-type=\"wp-page\" data-elementor-id=\"86\" class=\"elementor elementor-86\" data-elementor-post-type=\"page\">\n\t\t\t\t\t\t<section class=\"elementor-section elementor-top-section elementor-element elementor-element-738e3271 elementor-section-boxed elementor-section-height-default elementor-section-height-default wd-section-disabled\" data-id=\"738e3271\" data-element_type=\"section\" data-e-type=\"section\">\n\t\t\t\t\t\t<div class=\"elementor-container elementor-column-gap-default\">\n\t\t\t\t\t<div class=\"elementor-column elementor-col-100 elementor-top-column elementor-element elementor-element-2e032421\" data-id=\"2e032421\" data-element_type=\"column\" data-e-type=\"column\">\n\t\t\t<div class=\"elementor-widget-wrap elementor-element-populated\">\n\t\t\t\t\t\t<div class=\"elementor-element elementor-element-195671db color-scheme-inherit text-left elementor-widget elementor-widget-text-editor\" data-id=\"195671db\" data-element_type=\"widget\" data-e-type=\"widget\" data-widget_type=\"text-editor.default\">\n\t\t\t\t<div class=\"elementor-widget-container\">\n\t\t\t\t\t\t\t\t\t\n<p><em>Posledn\u00e1 \u00faprava 23.02.2021<\/em><\/p>\n\n\n\n<p>Stiahnite si kompletn\u00e9 vyhl\u00e1senie o ochrane osobn\u00fdch \u00fadajov spolo\u010dnosti KBH BV (\u010d\u00edslo obchodnej komory 66830257, obchoduj\u00faca aj pod n\u00e1zvami KBH BV a Bioethanolshop). Toto vyhl\u00e1senie o ochrane osobn\u00fdch \u00fadajov sa zaober\u00e1 ak\u00fdmko\u013evek spracovan\u00edm osobn\u00fdch \u00fadajov na\u0161ich (potenci\u00e1lnych) z\u00e1kazn\u00edkov a pou\u017e\u00edvate\u013eov na\u0161ich webov\u00fdch str\u00e1nok vr\u00e1tane na\u0161ich webov\u00fdch obchodov na adrese bioethanolshop.nl a bioethanolshop.be, spolo\u010dne tie\u017e shop.<\/p>\n\n\n\n<p>stiahnu\u0165 vyhl\u00e1senie o ochrane osobn\u00fdch \u00fadajov<\/p>\n\n\n\n<p>Na tejto str\u00e1nke sme pre v\u00e1s zhrnuli d\u00f4le\u017eit\u00e9 inform\u00e1cie z n\u00e1\u0161ho vyhl\u00e1senia o ochrane osobn\u00fdch \u00fadajov vo forme \u010dasto kladen\u00fdch ot\u00e1zok a odpoved\u00ed na ne. M\u00f4\u017eete tak r\u00fdchlo n\u00e1js\u0165 inform\u00e1cie, ktor\u00e9 h\u013ead\u00e1te. Ak chcete z\u00edska\u0165 podrobn\u00e9 inform\u00e1cie o spracovan\u00ed va\u0161ich \u00fadajov, m\u00f4\u017eete si stiahnu\u0165 a pre\u010d\u00edta\u0165 na\u0161e vyhl\u00e1senie o ochrane osobn\u00fdch \u00fadajov vo form\u00e1te pdf.<\/p>\n\n\n\n<p>Na\u0161e vyhl\u00e1senie o ochrane osobn\u00fdch \u00fadajov sa vz\u0165ahuje na v\u0161etky spracovania osobn\u00fdch \u00fadajov na\u0161ich (potenci\u00e1lnych) z\u00e1kazn\u00edkov a pou\u017e\u00edvate\u013eov n\u00e1\u0161ho obchodu. Pod osobn\u00fdmi \u00fadajmi rozumieme inform\u00e1cie, ktor\u00e9 s\u00fa priamo alebo nepriamo vysledovate\u013en\u00e9 k jednotlivcovi bez toho, aby bolo zn\u00e1me jeho meno. Spome\u0148te si na \u010d\u00edslo z\u00e1kazn\u00edka, adresu, miesto bydliska, e-mailov\u00fa adresu, telef\u00f3nne \u010d\u00edslo, identifik\u00e1tory s\u00faborov cookie a finan\u010dn\u00e9 \u00fadaje (\u00fapln\u00fd zoznam n\u00e1jdete v na\u0161om vyhl\u00e1sen\u00ed o ochrane osobn\u00fdch \u00fadajov).<\/p>\n\n\n\n<p>V\u0161etky osobn\u00e9 \u00fadaje a in\u00e9 \u00fadaje sa \u010falej spolo\u010dne ozna\u010duj\u00fa ako \u00fadaje.<\/p>\n\n\n\n<p>Sme presved\u010den\u00ed, \u017ee je d\u00f4le\u017eit\u00e9, aby na\u0161e slu\u017eby boli spo\u013eahliv\u00e9 a transparentn\u00e9. Preto s va\u0161imi osobn\u00fdmi \u00fadajmi zaobch\u00e1dzame diskr\u00e9tne a opatrne a db\u00e1me na to, aby ka\u017ed\u00e9 spracovanie va\u0161ich \u00fadajov bolo v s\u00falade s platn\u00fdmi z\u00e1konmi a predpismi. Je mo\u017en\u00e9, \u017ee na\u0161e vyhl\u00e1senie o ochrane osobn\u00fdch \u00fadajov uprav\u00edme, ak si to bude vy\u017eadova\u0165 nov\u00fd v\u00fdvoj. Z tejto str\u00e1nky si m\u00f4\u017eete v\u017edy stiahnu\u0165 najnov\u0161iu verziu, aby ste boli informovan\u00ed o v\u0161etk\u00fdch zmen\u00e1ch.<\/p>\n\n\n\n<p><strong>Kto sprac\u00fava va\u0161e \u00fadaje a kto ich chr\u00e1ni?<\/strong><\/p>\n\n\n\n<p>Za spracovanie va\u0161ich \u00fadajov zodpoved\u00e1 spolo\u010dnos\u0165 Bioethanolshop. To znamen\u00e1, \u017ee spolo\u010dnos\u0165 Bioethanolshop rozhoduje o tom, ako a ktor\u00e9 va\u0161e \u00fadaje bud\u00fa spracovan\u00e9, na ak\u00e9 \u00fa\u010dely a ako dlho. Va\u0161e \u00fadaje nebudeme sprac\u00fava\u0165 bezd\u00f4vodne a len vtedy, ke\u010f ich budeme potrebova\u0165 na jeden alebo viacero konkr\u00e9tnych \u00fa\u010delov. Va\u0161e \u00fadaje nikdy nepred\u00e1me tret\u00edm stran\u00e1m.<\/p>\n\n\n\n<p><strong>Ak\u00e9 \u00fadaje sprac\u00favame a na \u010do ich pou\u017e\u00edvame?<\/strong><\/p>\n\n\n\n<p><strong>N\u00e1v\u0161teva a pou\u017e\u00edvanie obchodu (v\u0161eobecne)<\/strong><\/p>\n\n\n\n<p>Ke\u010f nav\u0161t\u00edvite n\u00e1\u0161 obchod, sprac\u00favame va\u0161e \u00fadaje. Patr\u00ed sem va\u0161a IP adresa, ale aj va\u0161e spr\u00e1vanie pri kliknut\u00ed a n\u00e1kupe, aby sme v\u00e1m mohli poskytova\u0165 osobnej\u0161ie a relevantnej\u0161ie slu\u017eby. S\u00fabory cookie n\u00e1m umo\u017e\u0148uj\u00fa napr\u00edklad zisti\u0165, ktor\u00e9 \u010dasti webovej lokality alebo aplik\u00e1cie ste si prezerali.<\/p>\n\n\n\n<p><strong>Vytvorenie a spr\u00e1va \u00fa\u010dtu<\/strong><\/p>\n\n\n\n<p>Ak chcete zada\u0165 objedn\u00e1vku v KBH BV, m\u00f4\u017eete si vytvori\u0165 \u00fa\u010det na na\u0161ich webov\u00fdch str\u00e1nkach. Potom sa m\u00f4\u017eete prihl\u00e1si\u0165 do svojho konta a spravova\u0165 ho. Na vytvorenie \u00fa\u010dtu a pou\u017e\u00edvanie v\u00e1\u0161ho \u00fa\u010dtu sprac\u00favame potrebn\u00e9 \u00fadaje o v\u00e1s.<\/p>\n\n\n\n<p><strong>K\u00fapte si polo\u017eky a nechajte si ich doru\u010di\u0165<\/strong><\/p>\n\n\n\n<p>Tovar, ktor\u00fd si zak\u00fapite v na\u0161om obchode, v\u00e1m doru\u010d\u00edme prostredn\u00edctvom spolo\u010dnost\u00ed DHL, Transmission, DPD. Po\u010das procesu objedn\u00e1vania sprac\u00favame r\u00f4zne \u00fadaje, napr\u00edklad zvolen\u00fd sp\u00f4sob platby a \u00fadaje na sledovanie va\u0161ej objedn\u00e1vky. Na z\u00e1klade va\u0161ich n\u00e1kupov v\u00e1m m\u00f4\u017eeme posiela\u0165 ponuky a inform\u00e1cie, napr\u00edklad e-mailom.<\/p>\n\n\n\n<p><strong>Ot\u00e1zky, s\u0165a\u017enosti, opravy a z\u00e1ruky<\/strong><\/p>\n\n\n\n<p>Ak polo\u017e\u00edte ot\u00e1zku alebo pod\u00e1te s\u0165a\u017enos\u0165 na tovar, po\u017eiadate o opravu, uplatn\u00edte si z\u00e1ruku alebo kontaktujete z\u00e1kazn\u00edcky servis z ak\u00e9hoko\u013evek in\u00e9ho d\u00f4vodu, je potrebn\u00e9 spracova\u0165 a ulo\u017ei\u0165 ur\u010dit\u00e9 \u00fadaje.<\/p>\n\n\n\n<p><strong>Marketing<\/strong><\/p>\n\n\n\n<p>Ak ste si vytvorili \u00fa\u010det a zak\u00fapili jeden alebo viacero polo\u017eiek, m\u00f4\u017eeme v\u00e1s oslovi\u0165 na marketingov\u00e9 \u00fa\u010dely. Rob\u00edme to prostredn\u00edctvom r\u00f4znych komunika\u010dn\u00fdch kan\u00e1lov. Okrem toho m\u00f4\u017eeme kombinova\u0165 inform\u00e1cie od in\u00fdch str\u00e1n s inform\u00e1ciami, ktor\u00e9 o v\u00e1s u\u017e m\u00e1me. Urob\u00edme to len s va\u0161\u00edm s\u00fahlasom.<\/p>\n\n\n\n<p><strong>Soci\u00e1lne m\u00e9di\u00e1<\/strong><\/p>\n\n\n\n<p>Ak komunikujete so spolo\u010dnos\u0165ou Bioethanolshop prostredn\u00edctvom soci\u00e1lnych m\u00e9di\u00ed, napr\u00edklad ak nap\u00ed\u0161ete koment\u00e1r, nahr\u00e1te m\u00e9di\u00e1, po\u0161lete spr\u00e1vu, zdie\u013eate \u010dl\u00e1nok z na\u0161ej webovej str\u00e1nky alebo kliknete na tla\u010didlo \"p\u00e1\u010di sa mi to\", m\u00f4\u017eeme z\u00edska\u0165 inform\u00e1cie, ako je va\u0161e (pou\u017e\u00edvate\u013esk\u00e9) meno, miesto bydliska, e-mailov\u00e1 adresa a pohlavie.<\/p>\n\n\n\n<p><strong>Recenzie<\/strong><\/p>\n\n\n\n<p>Recenziu m\u00f4\u017eete zanecha\u0165 v na\u0161om obchode alebo na str\u00e1nke hodnotiacej strany. Niekedy v\u00e1s o to po\u017eiadame po tom, \u010do ste si u n\u00e1s zak\u00fapili tovar, alebo z d\u00f4vodu propaga\u010dnej akcie na\u0161ich partnerov. V t\u00fdchto spr\u00e1vach sa m\u00f4\u017eete odhl\u00e1si\u0165 z odberu bud\u00facich spr\u00e1v. Recenzia, ktor\u00fa zverejn\u00edte, je vidite\u013en\u00e1 pre ostatn\u00fdch. M\u00f4\u017eete si vybra\u0165, ktor\u00e9 meno\/prez\u00fdvka sa m\u00e1 v recenzii zobrazi\u0165.<\/p>\n\n\n\n<p><strong>Intern\u00fd prieskum trhu<\/strong><\/p>\n\n\n\n<p>Vykon\u00e1vame prieskum trhu s cie\u013eom z\u00edska\u0165 inform\u00e1cie o na\u0161ich z\u00e1kazn\u00edkoch a trhu, na ktorom p\u00f4sob\u00edme. Na z\u00e1klade prieskumu trhu m\u00f4\u017eeme zlep\u0161i\u0165 n\u00e1\u0161 obchod a slu\u017eby. Tieto inform\u00e1cie pou\u017e\u00edvame aj ako z\u00e1klad pre na\u0161u marketingov\u00fa a komunika\u010dn\u00fa politiku. V ka\u017edej f\u00e1ze n\u00e1kupn\u00e9ho a marketingov\u00e9ho procesu analyzujeme n\u00e1kupn\u00e9 spr\u00e1vanie a motiv\u00e1ciu na\u0161ich z\u00e1kazn\u00edkov.<\/p>\n\n\n\n<p><strong>Vy\u0161etrovanie podvodov<\/strong><\/p>\n\n\n\n<p>Sektor, v ktorom KBH BV p\u00f4sob\u00ed, je citliv\u00fd na podvody. Preto vykon\u00e1vame vy\u0161etrovania zameran\u00e9 na boj proti podvodom. T\u00fdmto sp\u00f4sobom chceme zabr\u00e1ni\u0165 finan\u010dn\u00fdm \u0161kod\u00e1m a\/alebo \u0161kod\u00e1m na povesti v d\u00f4sledku podvodu. Va\u0161e z\u00e1kazn\u00edcke \u010d\u00edslo m\u00f4\u017eu zneu\u017ei\u0165 in\u00e9 osoby na sp\u00e1chanie podvodu. Predch\u00e1dzanie podvodom je preto nielen v na\u0161om, ale aj vo va\u0161om z\u00e1ujme.<\/p>\n\n\n\n<p><strong>Prieskum spokojnosti z\u00e1kazn\u00edkov<\/strong><\/p>\n\n\n\n<p>Aby sme mohli zlep\u0161i\u0165 va\u0161u z\u00e1kazn\u00edcku sk\u00fasenos\u0165, n\u00e1\u0161 obchod a slu\u017eby, potrebujeme pozna\u0165 sk\u00fasenosti a spokojnos\u0165 na\u0161ich z\u00e1kazn\u00edkov. \u00dadaje, ktor\u00e9 sprac\u00favame na tento \u00fa\u010del, n\u00e1jdete v na\u0161om vyhl\u00e1sen\u00ed o ochrane osobn\u00fdch \u00fadajov.<\/p>\n\n\n\n<p><strong>Ak\u00e9 \u00fadaje od v\u00e1s sprac\u00favaj\u00fa tretie strany?<\/strong><\/p>\n\n\n\n<p>Pri realiz\u00e1cii slu\u017eieb, dod\u00e1van\u00ed \u010dl\u00e1nkov a in\u00fdch \u010dinnost\u00ed n\u00e1m pom\u00e1haj\u00fa tretie strany. Ak tieto tretie strany sprac\u00favaj\u00fa va\u0161e \u00fadaje v mene spolo\u010dnosti KBH BV, robia to ako spracovate\u013e. V\u0161etky dohody o bezpe\u010dnosti, d\u00f4vernosti a va\u0161ich pr\u00e1vach s\u00fa zahrnut\u00e9 v zmluv\u00e1ch o spracovan\u00ed \u00fadajov, ktor\u00e9 sme uzavreli s t\u00fdmito tret\u00edmi stranami.<\/p>\n\n\n\n<p><strong>Ako zabezpe\u010dujeme va\u0161e \u00fadaje?<\/strong><\/p>\n\n\n\n<p>Va\u0161e s\u00fakromie je d\u00f4le\u017eit\u00e9, preto berieme bezpe\u010dnos\u0165 va\u0161ich inform\u00e1ci\u00ed ve\u013emi v\u00e1\u017ene. Prijali sme r\u00f4zne opatrenia, aby sme zabezpe\u010dili, \u017ee va\u0161e \u00fadaje s\u00fa a zostan\u00fa v bezpe\u010d\u00ed. Pri zabezpe\u010den\u00ed va\u0161ich \u00fadajov berieme do \u00favahy v\u0161etky rizik\u00e1 spracovania va\u0161ich \u00fadajov: napr\u00edklad v pr\u00edpade ich straty alebo zneu\u017eitia.<\/p>\n\n\n\n<p><strong>Ako dlho uchov\u00e1vame va\u0161e \u00fadaje?<\/strong><\/p>\n\n\n\n<p>Vo v\u0161eobecnosti va\u0161e \u00fadaje neuchov\u00e1vame dlh\u0161ie, ako je potrebn\u00e9 na \u00fa\u010del, na ktor\u00fd sme ich z\u00edskali. Potom tieto inform\u00e1cie odstr\u00e1nime alebo anonymizujeme. Anonymiz\u00e1cia znamen\u00e1, \u017ee zabezpe\u010d\u00edme, aby sa inform\u00e1cie u\u017e nedali vystopova\u0165 sp\u00e4\u0165 k v\u00e1m. Niekedy potrebujeme ur\u010dit\u00e9 inform\u00e1cie aj na dlh\u0161ie obdobie na in\u00fd \u00fa\u010del. V takom pr\u00edpade m\u00e1me na to d\u00f4vod a zabezpe\u010d\u00edme, aby boli tieto \u00fadaje pr\u00edstupn\u00e9 len na tento \u00fa\u010del. Potom va\u0161e \u00fadaje samozrejme anonymizujeme alebo odstr\u00e1nime.<\/p>\n\n\n\n<p><strong>Ak\u00e9 pr\u00e1va m\u00e1te ako z\u00e1kazn\u00edk?<\/strong><\/p>\n\n\n\n<p>Ako z\u00e1kazn\u00edk m\u00e1te ur\u010dit\u00e9 pr\u00e1va v s\u00favislosti so spracovan\u00edm va\u0161ich \u00fadajov spolo\u010dnos\u0165ou KBH BV. V \u00fa\u010dte si m\u00f4\u017eete v\u00e4\u010d\u0161inu vec\u00ed zariadi\u0165 sami. Svoje \u00fadaje si m\u00f4\u017eete prezera\u0165, meni\u0165 alebo po\u017eiada\u0165 o ich prevzatie. M\u00e1te v\u0161ak aj pr\u00e1vo na odstr\u00e1nenie svojich \u00fadajov a pr\u00e1vo na ich prenos.<\/p>\n\n\n\n<p><strong>Pou\u017e\u00edvame s\u00fabory cookie?<\/strong><\/p>\n\n\n\n<p>\u00c1no, pou\u017e\u00edvame r\u00f4zne typy s\u00faborov cookie a podobn\u00e9 techniky. Okrem in\u00e9ho s\u00fa potrebn\u00e9 na to, aby n\u00e1\u0161 obchod spr\u00e1vne fungoval a bol pre v\u00e1s pou\u017e\u00edvate\u013esky pr\u00edvetivej\u0161\u00ed. Viac inform\u00e1ci\u00ed o v\u0161etk\u00fdch s\u00faboroch cookie, ktor\u00e9 pou\u017e\u00edvame, a d\u00f4vodoch ich pou\u017e\u00edvania n\u00e1jdete v na\u0161om vyhl\u00e1sen\u00ed o s\u00faboroch cookie.<\/p>\n\n\n\n<p>Nechcete cookies? V\u017edy m\u00f4\u017eete zmeni\u0165 nastavenia alebo odstr\u00e1ni\u0165 s\u00fabory cookie sami. Na\u0161e vyhl\u00e1senie o s\u00faboroch cookie presne vysvet\u013euje, ako to urobi\u0165. Dobr\u00e9 vedie\u0165: Ak zak\u00e1\u017eete s\u00fabory cookie, n\u00e1\u0161 obchod nemus\u00ed fungova\u0165 spr\u00e1vne alebo nemus\u00ed fungova\u0165 v\u00f4bec.<\/p>\n\t\t\t\t\t\t\t\t<\/div>\n\t\t\t\t<\/div>\n\t\t\t\t\t<\/div>\n\t\t<\/div>\n\t\t\t\t\t<\/div>\n\t\t<\/section>\n\t\t\t\t<\/div>","protected":false},"excerpt":{"rendered":"<p>Posledn\u00e1 \u00faprava 23.02.2021 T\u00fdmto sa zverej\u0148uje \u00fapln\u00e9 vyhl\u00e1senie o ochrane osobn\u00fdch \u00fadajov spolo\u010dnosti KBH BV (\u010d\u00edslo obchodnej komory 66830257, ktor\u00e1 obchoduje aj pod n\u00e1zvami<\/p>","protected":false},"author":1,"featured_media":0,"parent":0,"menu_order":900,"comment_status":"closed","ping_status":"closed","template":"","meta":{"_acf_changed":false,"footnotes":""},"class_list":["post-86","page","type-page","status-publish","hentry"],"acf":[],"yoast_head":"<!-- This site is optimized with the Yoast SEO Premium plugin v27.2 (Yoast SEO v27.2) - https:\/\/yoast.com\/product\/yoast-seo-premium-wordpress\/ -->\n<title>Privacyverklaring | Bioethanolshop.nl<\/title>\n<meta name=\"robots\" content=\"index, follow, max-snippet:-1, max-image-preview:large, max-video-preview:-1\" \/>\n<link rel=\"canonical\" href=\"https:\/\/www.bioethanolshop.nl\/sk\/vyhlasenie-o-ochrane-osobnych-udajov-a-o-ochrane-osobnych-udajov\/\" \/>\n<meta property=\"og:locale\" content=\"sk_SK\" \/>\n<meta property=\"og:type\" content=\"article\" \/>\n<meta property=\"og:title\" content=\"Privacyverklaring\" \/>\n<meta property=\"og:description\" content=\"Laatst gewijzigd op 23.02.2021 Hierbij de volledige privacyverklaring van KBH BV (Kamer van Koophandel-nummer 66830257, tevens handelend onder de namen\" \/>\n<meta property=\"og:url\" content=\"https:\/\/www.bioethanolshop.nl\/sk\/vyhlasenie-o-ochrane-osobnych-udajov-a-o-ochrane-osobnych-udajov\/\" \/>\n<meta property=\"og:site_name\" content=\"Bioethanolshop.nl\" \/>\n<meta property=\"article:publisher\" content=\"https:\/\/www.facebook.com\/profile.php?id=100064154436458\" \/>\n<meta property=\"article:modified_time\" content=\"2023-08-09T09:37:21+00:00\" \/>\n<meta name=\"twitter:card\" content=\"summary_large_image\" \/>\n<meta name=\"twitter:label1\" content=\"Predpokladan\u00fd \u010das \u010d\u00edtania\" \/>\n\t<meta name=\"twitter:data1\" content=\"7 min\u00fat\" \/>\n<!-- \/ Yoast SEO Premium plugin. -->","yoast_head_json":{"title":"Vyhl\u00e1senie o ochrane osobn\u00fdch \u00fadajov | Bioethanolshop.com","robots":{"index":"index","follow":"follow","max-snippet":"max-snippet:-1","max-image-preview":"max-image-preview:large","max-video-preview":"max-video-preview:-1"},"canonical":"https:\/\/www.bioethanolshop.nl\/sk\/vyhlasenie-o-ochrane-osobnych-udajov-a-o-ochrane-osobnych-udajov\/","og_locale":"sk_SK","og_type":"article","og_title":"Privacyverklaring","og_description":"Laatst gewijzigd op 23.02.2021 Hierbij de volledige privacyverklaring van KBH BV (Kamer van Koophandel-nummer 66830257, tevens handelend onder de namen","og_url":"https:\/\/www.bioethanolshop.nl\/sk\/vyhlasenie-o-ochrane-osobnych-udajov-a-o-ochrane-osobnych-udajov\/","og_site_name":"Bioethanolshop.nl","article_publisher":"https:\/\/www.facebook.com\/profile.php?id=100064154436458","article_modified_time":"2023-08-09T09:37:21+00:00","twitter_card":"summary_large_image","twitter_misc":{"Predpokladan\u00fd \u010das \u010d\u00edtania":"7 min\u00fat"},"schema":{"@context":"https:\/\/schema.org","@graph":[{"@type":"WebPage","@id":"https:\/\/www.bioethanolshop.nl\/privacy-verklaring-en-avg\/","url":"https:\/\/www.bioethanolshop.nl\/privacy-verklaring-en-avg\/","name":"Vyhl\u00e1senie o ochrane osobn\u00fdch \u00fadajov | Bioethanolshop.com","isPartOf":{"@id":"https:\/\/www.bioethanolshop.nl\/en\/#website"},"datePublished":"2021-02-09T12:06:37+00:00","dateModified":"2023-08-09T09:37:21+00:00","breadcrumb":{"@id":"https:\/\/www.bioethanolshop.nl\/privacy-verklaring-en-avg\/#breadcrumb"},"inLanguage":"sk-SK","potentialAction":[{"@type":"ReadAction","target":["https:\/\/www.bioethanolshop.nl\/privacy-verklaring-en-avg\/"]}]},{"@type":"BreadcrumbList","@id":"https:\/\/www.bioethanolshop.nl\/privacy-verklaring-en-avg\/#breadcrumb","itemListElement":[{"@type":"ListItem","position":1,"name":"Home","item":"https:\/\/www.bioethanolshop.nl\/"},{"@type":"ListItem","position":2,"name":"Privacyverklaring"}]},{"@type":"WebSite","@id":"https:\/\/www.bioethanolshop.nl\/en\/#website","url":"https:\/\/www.bioethanolshop.nl\/en\/","name":"Bioethanolshop.nl","description":"Najv\u00e4\u010d\u0161\u00ed v\u00fdrobca bioetanolu a najkvalitnej\u0161\u00ed bioetanol!","potentialAction":[{"@type":"SearchAction","target":{"@type":"EntryPoint","urlTemplate":"https:\/\/www.bioethanolshop.nl\/en\/?s={search_term_string}"},"query-input":{"@type":"PropertyValueSpecification","valueRequired":true,"valueName":"search_term_string"}}],"inLanguage":"sk-SK"}]}},"_links":{"self":[{"href":"https:\/\/www.bioethanolshop.nl\/sk\/wp-json\/wp\/v2\/pages\/86","targetHints":{"allow":["GET"]}}],"collection":[{"href":"https:\/\/www.bioethanolshop.nl\/sk\/wp-json\/wp\/v2\/pages"}],"about":[{"href":"https:\/\/www.bioethanolshop.nl\/sk\/wp-json\/wp\/v2\/types\/page"}],"author":[{"embeddable":true,"href":"https:\/\/www.bioethanolshop.nl\/sk\/wp-json\/wp\/v2\/users\/1"}],"replies":[{"embeddable":true,"href":"https:\/\/www.bioethanolshop.nl\/sk\/wp-json\/wp\/v2\/comments?post=86"}],"version-history":[{"count":3,"href":"https:\/\/www.bioethanolshop.nl\/sk\/wp-json\/wp\/v2\/pages\/86\/revisions"}],"predecessor-version":[{"id":8337,"href":"https:\/\/www.bioethanolshop.nl\/sk\/wp-json\/wp\/v2\/pages\/86\/revisions\/8337"}],"wp:attachment":[{"href":"https:\/\/www.bioethanolshop.nl\/sk\/wp-json\/wp\/v2\/media?parent=86"}],"curies":[{"name":"wp","href":"https:\/\/api.w.org\/{rel}","templated":true}]}}