{"id":252,"date":"2021-02-27T13:21:08","date_gmt":"2021-02-27T13:21:08","guid":{"rendered":"https:\/\/www.bioethanolshop.nl\/?page_id=252"},"modified":"2021-02-27T13:21:09","modified_gmt":"2021-02-27T13:21:09","slug":"doprava-a-vyzdvihnutie-2","status":"publish","type":"page","link":"https:\/\/www.bioethanolshop.nl\/sk\/verzendkosten-en-afhalen-2\/","title":{"rendered":"N\u00e1klady na dopravu a vyzdvihnutie"},"content":{"rendered":"<h3 class=\"wp-block-heading\" id=\"h-verwerkingskosten-bestelling\">N\u00e1klady na spracovanie objedn\u00e1vky<\/h3>\n\n\n\n<p>Ka\u017ed\u00e1 objedn\u00e1vka si vy\u017eaduje n\u00e1klady na spracovanie, ako je skladovanie, baliaci materi\u00e1l at\u010f. Pri objedn\u00e1vkach ni\u017e\u0161\u00edch ako 50,00 EUR s DPH si okrem n\u00e1kladov na dopravu vo v\u00fd\u0161ke 5,74 EUR bez DPH \/ 6,95 EUR s DPH \u00fa\u010dtujeme aj pr\u00edspevok na n\u00e1klady na spracovanie va\u0161ej objedn\u00e1vky. Celkov\u00fd pr\u00edspevok na tieto n\u00e1klady na spracovanie a dopravu je 9,00 \u20ac bez dane \/ 10,89 \u20ac s da\u0148ou. Tieto n\u00e1klady s\u00fa vidite\u013en\u00e9 v pokladni na\u0161ich webov\u00fdch obchodov.<\/p>\n\n\n\n<h3 class=\"wp-block-heading\" id=\"h-verzendwijze-pakketzending\">Sp\u00f4sob prepravy z\u00e1sielky<\/h3>\n\n\n\n<p>Prepravu zabezpe\u010duje renomovan\u00fd prepravca alebo doru\u010dovate\u013e bal\u00edkov, napr\u00edklad PostNL, DHL alebo TransMission. Ak to budeme pova\u017eova\u0165 za potrebn\u00e9, m\u00f4\u017eeme sa rozhodn\u00fa\u0165 pou\u017ei\u0165 in\u00fd transport\u00e9r. V\u00fdchodiskov\u00fdm bodom je v\u017edy optim\u00e1lne spojenie s \u010do najr\u00fdchlej\u0161\u00edm \u010dasom dodania pri rozumn\u00fdch n\u00e1kladoch.<\/p>\n\n\n\n<h3 class=\"wp-block-heading\" id=\"h-verzendkosten-palletzending\">Prepravn\u00e9 n\u00e1klady na paletov\u00fa z\u00e1sielku<\/h3>\n\n\n\n<p>M\u00f4\u017ee sa sta\u0165, \u017ee objedn\u00e1vka je tak\u00e1 ve\u013ek\u00e1 alebo \u0165a\u017ek\u00e1, \u017ee sa mus\u00ed doru\u010di\u0165 paletovou z\u00e1sielkou. V takom pr\u00edpade sa dod\u00e1va na z\u00e1lohovej palete. Ak pr\u00edjemca nie je schopn\u00fd alebo ochotn\u00fd odovzda\u0165 doru\u010dovate\u013eovi pr\u00e1zdnu paletu, budeme si musie\u0165 \u00fa\u010dtova\u0165 15,00 EUR. Paletu so z\u00e1lohou m\u00f4\u017ee pr\u00edjemca odovzda\u0165 miestnemu prepravcovi. Ceny z\u00e1loh sa m\u00f4\u017eu v jednotliv\u00fdch krajin\u00e1ch\/regi\u00f3noch l\u00ed\u0161i\u0165.<\/p>\n\n\n\n<p><strong>Prepravn\u00e9 n\u00e1klady v r\u00e1mci Holandska a Belgicka s\u00fa ZDARMA pri objedn\u00e1vke v hodnote 50,00 \u20ac s DPH alebo vy\u0161\u0161ej (okrem pr\u00edpadnej z\u00e1lohy na prepravn\u00fd materi\u00e1l)<\/strong><\/p>\n\n\n\n<h3 class=\"wp-block-heading\" id=\"h-verzendkosten-buiten-de-benelux\">N\u00e1klady na dopravu mimo kraj\u00edn Beneluxu<\/h3>\n\n\n\n<p>N\u00e1klady na dopravu v r\u00e1mci Eur\u00f3py (mimo Beneluxu) s\u00fa na vy\u017eiadanie. Ak je potrebn\u00e9 pon\u00faknu\u0165 v\u00e1m n\u00e1kladn\u00fa z\u00e1sielku druh\u00fd alebo \u010fal\u0161\u00ed raz, budeme v\u00e1m \u00fa\u010dtova\u0165 dodato\u010dn\u00e9 n\u00e1klady.<\/p>\n\n\n\n<h3 class=\"wp-block-heading\" id=\"h-afhalen\">Vyzdvihnutie<\/h3>\n\n\n\n<p>\u010ciasto\u010dne kv\u00f4li COVID-19 nie je v s\u00fa\u010dasnosti mo\u017en\u00e9 vyzdvihn\u00fa\u0165 si objedn\u00e1vku. Ka\u017ed\u00fa objedn\u00e1vku v\u00e1m na va\u0161u adresu doru\u010d\u00ed n\u00e1\u0161 vybran\u00fd dopravca s oh\u013eadom na platn\u00e9 (n\u00fadzov\u00e9) predpisy.<\/p>","protected":false},"excerpt":{"rendered":"<p>N\u00e1klady na spracovanie objedn\u00e1vky Pri ka\u017edej objedn\u00e1vke vznikaj\u00fa n\u00e1klady na spracovanie, napr\u00edklad na skladovanie, baliaci materi\u00e1l at\u010f. Pri objedn\u00e1vkach do 50,00 EUR vr\u00e1tane<\/p>","protected":false},"author":3,"featured_media":0,"parent":0,"menu_order":0,"comment_status":"closed","ping_status":"closed","template":"","meta":{"_acf_changed":false,"footnotes":""},"class_list":["post-252","page","type-page","status-publish","hentry"],"acf":[],"yoast_head":"<!-- This site is optimized with the Yoast SEO Premium plugin v27.5 (Yoast SEO v27.5) - https:\/\/yoast.com\/product\/yoast-seo-premium-wordpress\/ -->\n<title>Verzendkosten en afhalen | Bioethanolshop.nl<\/title>\n<meta name=\"robots\" content=\"index, follow, max-snippet:-1, max-image-preview:large, max-video-preview:-1\" \/>\n<link rel=\"canonical\" href=\"https:\/\/www.bioethanolshop.nl\/sk\/doprava-a-vyzdvihnutie-2\/\" \/>\n<meta property=\"og:locale\" content=\"sk_SK\" \/>\n<meta property=\"og:type\" content=\"article\" \/>\n<meta property=\"og:title\" content=\"Verzendkosten en afhalen\" \/>\n<meta property=\"og:description\" content=\"Verwerkingskosten bestelling Elke bestelling brengt verwerkingskosten met zich mee, zoals opslag, verpakkingsmateriaal, etcetera. Bij bestellingen onder de \u20ac 50,00 inclusief\" \/>\n<meta property=\"og:url\" content=\"https:\/\/www.bioethanolshop.nl\/sk\/doprava-a-vyzdvihnutie-2\/\" \/>\n<meta property=\"og:site_name\" content=\"Bioethanolshop.nl\" \/>\n<meta property=\"article:publisher\" content=\"https:\/\/www.facebook.com\/profile.php?id=100064154436458\" \/>\n<meta property=\"article:modified_time\" content=\"2021-02-27T13:21:09+00:00\" \/>\n<meta name=\"twitter:card\" content=\"summary_large_image\" \/>\n<meta name=\"twitter:label1\" content=\"Predpokladan\u00fd \u010das \u010d\u00edtania\" \/>\n\t<meta name=\"twitter:data1\" content=\"1 min\u00fata\" \/>\n<!-- \/ Yoast SEO Premium plugin. -->","yoast_head_json":{"title":"Doprava a vyzdvihnutie | Bioethanolshop.com","robots":{"index":"index","follow":"follow","max-snippet":"max-snippet:-1","max-image-preview":"max-image-preview:large","max-video-preview":"max-video-preview:-1"},"canonical":"https:\/\/www.bioethanolshop.nl\/sk\/doprava-a-vyzdvihnutie-2\/","og_locale":"sk_SK","og_type":"article","og_title":"Verzendkosten en afhalen","og_description":"Verwerkingskosten bestelling Elke bestelling brengt verwerkingskosten met zich mee, zoals opslag, verpakkingsmateriaal, etcetera. Bij bestellingen onder de \u20ac 50,00 inclusief","og_url":"https:\/\/www.bioethanolshop.nl\/sk\/doprava-a-vyzdvihnutie-2\/","og_site_name":"Bioethanolshop.nl","article_publisher":"https:\/\/www.facebook.com\/profile.php?id=100064154436458","article_modified_time":"2021-02-27T13:21:09+00:00","twitter_card":"summary_large_image","twitter_misc":{"Predpokladan\u00fd \u010das \u010d\u00edtania":"1 min\u00fata"},"schema":{"@context":"https:\/\/schema.org","@graph":[{"@type":"WebPage","@id":"https:\/\/www.bioethanolshop.nl\/verzendkosten-en-afhalen-2\/","url":"https:\/\/www.bioethanolshop.nl\/verzendkosten-en-afhalen-2\/","name":"Doprava a vyzdvihnutie | Bioethanolshop.com","isPartOf":{"@id":"https:\/\/www.bioethanolshop.nl\/en\/#website"},"datePublished":"2021-02-27T13:21:08+00:00","dateModified":"2021-02-27T13:21:09+00:00","breadcrumb":{"@id":"https:\/\/www.bioethanolshop.nl\/verzendkosten-en-afhalen-2\/#breadcrumb"},"inLanguage":"sk-SK","potentialAction":[{"@type":"ReadAction","target":["https:\/\/www.bioethanolshop.nl\/verzendkosten-en-afhalen-2\/"]}]},{"@type":"BreadcrumbList","@id":"https:\/\/www.bioethanolshop.nl\/verzendkosten-en-afhalen-2\/#breadcrumb","itemListElement":[{"@type":"ListItem","position":1,"name":"Home","item":"https:\/\/www.bioethanolshop.nl\/"},{"@type":"ListItem","position":2,"name":"Verzendkosten en afhalen"}]},{"@type":"WebSite","@id":"https:\/\/www.bioethanolshop.nl\/en\/#website","url":"https:\/\/www.bioethanolshop.nl\/en\/","name":"Bioethanolshop.nl","description":"Najv\u00e4\u010d\u0161\u00ed v\u00fdrobca bioetanolu a najkvalitnej\u0161\u00ed bioetanol!","potentialAction":[{"@type":"SearchAction","target":{"@type":"EntryPoint","urlTemplate":"https:\/\/www.bioethanolshop.nl\/en\/?s={search_term_string}"},"query-input":{"@type":"PropertyValueSpecification","valueRequired":true,"valueName":"search_term_string"}}],"inLanguage":"sk-SK"}]}},"_links":{"self":[{"href":"https:\/\/www.bioethanolshop.nl\/sk\/wp-json\/wp\/v2\/pages\/252","targetHints":{"allow":["GET"]}}],"collection":[{"href":"https:\/\/www.bioethanolshop.nl\/sk\/wp-json\/wp\/v2\/pages"}],"about":[{"href":"https:\/\/www.bioethanolshop.nl\/sk\/wp-json\/wp\/v2\/types\/page"}],"author":[{"embeddable":true,"href":"https:\/\/www.bioethanolshop.nl\/sk\/wp-json\/wp\/v2\/users\/3"}],"replies":[{"embeddable":true,"href":"https:\/\/www.bioethanolshop.nl\/sk\/wp-json\/wp\/v2\/comments?post=252"}],"version-history":[{"count":1,"href":"https:\/\/www.bioethanolshop.nl\/sk\/wp-json\/wp\/v2\/pages\/252\/revisions"}],"predecessor-version":[{"id":253,"href":"https:\/\/www.bioethanolshop.nl\/sk\/wp-json\/wp\/v2\/pages\/252\/revisions\/253"}],"wp:attachment":[{"href":"https:\/\/www.bioethanolshop.nl\/sk\/wp-json\/wp\/v2\/media?parent=252"}],"curies":[{"name":"wp","href":"https:\/\/api.w.org\/{rel}","templated":true}]}}