{"id":967,"date":"2021-09-30T11:08:43","date_gmt":"2021-09-30T09:08:43","guid":{"rendered":"https:\/\/www.bioethanolshop.nl\/?post_type=product&#038;p=967"},"modified":"2024-12-21T17:46:18","modified_gmt":"2024-12-21T16:46:18","slug":"kynast-solar-led-garden-garden-table-lamp-warm-white-light-warm-white-light-with-dimmer-17","status":"publish","type":"product","link":"https:\/\/www.bioethanolshop.nl\/ro\/product\/patio-slim-gas-design-terrasheater-mat-zwart-143x41x41cm-patioheater\/","title":{"rendered":"Patio SLIM \u00eenc\u0103lzitor de teras\u0103 cu gaz de design negru mat 143x41x41cm"},"content":{"rendered":"<h2>Patio SLIM design gas terrasheater mat zwart 143x41x41cm patioheater<\/h2>\n<p>Wilt u uw favoriete plekjes &#8211; tuin, terras of balkon &#8211; snel veranderen, zodat ze een origineel en uniek karakter krijgen? Kies voor een gas PATIO Heater! Het is niet alleen een mooie decoratie van de buitenruimtes waarin ze geplaatst zijn, maar ook een warmtebron die een unieke sfeer kan cre\u00ebren!<\/p>\n<p><strong>UITZONDERLIJKHEID Patio SLIM design gas terrasheater<\/strong><\/p>\n<p>Speciaal met de meest veeleisende klanten in gedachten hebben we een unieke heater gecre\u00eberd. PATIO trekt de aandacht door het minimalisme en de uitzonderlijke aandacht voor detail, en het prachtige zicht op het vuur zal iedereen bekoren. Het onderste deel van de behuizing is afgewerkt met zwarte glaspanelen, waarvan de structuur gewatteerd lijkt te zijn. De constructie gaat zeker buiten het gewone om.<\/p>\n<p>PATIO maakt uw tuin, terras of balkon uniek. Het is een goede optie voor diegenen die op zoek zijn naar een comfortabele manier om hun handen buiten te warmen tijdens lange avonden met geliefden. Iedereen die u bezoekt zal gecharmeerd zijn van de schoonheid en de warmte die van PATIO uitgaat! Uw geliefde plekjes zullen een voorwerp van afgunst worden!<\/p>\n<p><strong>COMFORT VAN GEBRUIK Patio SLIM design gas terrasheater<\/strong><\/p>\n<p>Vuur in een seconde? Het is mogelijk met PATIO! E\u00e9n klik en u geniet van de warmte en de aanblik van vuur. Wat belangrijk is &#8211; u kunt de vlam op elk moment regelen en doven.<\/p>\n<p>PATIO is praktisch onderhoudsvrij &#8211; het enige wat u hoeft te doen is hem op de gekozen plaats te zetten.\u00a0 Ook het schoonmaken van de ramen kunt u vergeten &#8211; het vuur rookt niet op de ramen, zodat u altijd van een ongestoord zicht op vuur kunt genieten.<\/p>\n<p><strong>ECONOMISCH EN ECOLOGISCH Patio SLIM design gas terrasheater<\/strong><\/p>\n<p>Wij kiezen voor ecologie! Als u onze kachel koopt, zorgt u voor het milieu. U draagt niet bij aan de vorming van smog. Het toestel verbrandt schone brandstof &#8211; gas uit een cilinder (propaan-butaan of zuiver propaan).<\/p>\n<p>We geven ook om uw geld. PATIO is uiterst zuinig &#8211; het kan tot 30 uur ononderbroken op vol vermogen werken.<\/p>\n<p><strong>Patio SLIM design gas terrasheater 100% VEILIG\u00a0<\/strong><\/p>\n<p>Vertrouw ons, net als meer dan 1 000 000 andere gebruikers over de hele wereld! Vertrouw op een bewezen fabrikant met meer dan 20 jaar ervaring. Laat u niet misleiden door onbekende bedrijven&#8230;<\/p>\n<p>Innovatieve oplossingen en strenge kwaliteitscontrole betekenen dat we u met PATIO geven wat het belangrijkste in het leven is &#8211; rust en veiligheid. Kantelklep, thermokoppelsensor of speciaal ontworpen controller zorgen voor een storingsvrije werking. U hoeft zich nergens zorgen over te maken&#8230;<\/p>","protected":false},"excerpt":{"rendered":"<p class=\"page-heading\" data-bltgi=\"k6AZw5ViqNJSzQipqzRF-g.2_7.8\">Patio SLIM \u00eenc\u0103lzitor de teras\u0103 cu gaz de design negru mat 143x41x41cm<\/p>","protected":false},"featured_media":972,"comment_status":"closed","ping_status":"closed","template":"","meta":{"_acf_changed":false},"product_brand":[],"product_cat":[76,66,65],"product_tag":[53,54,52],"class_list":{"0":"post-967","1":"product","2":"type-product","3":"status-publish","4":"has-post-thumbnail","6":"product_cat-bioethanolshop-black-friday","7":"product_cat-kratki","8":"product_cat-terrasheaters-op-gas","9":"product_tag-gasheater","10":"product_tag-patioheater","11":"product_tag-terrasheater","13":"first","14":"outofstock","15":"taxable","16":"shipping-taxable","17":"purchasable","18":"product-type-simple"},"bundled_by":[],"bundle_stock_status":"outofstock","bundle_stock_quantity":null,"bundle_virtual":false,"bundle_layout":"","bundle_add_to_cart_form_location":"","bundle_editable_in_cart":false,"bundle_sold_individually_context":"","bundle_item_grouping":"","bundle_min_size":"","bundle_max_size":"","bundle_price":[],"bundled_items":[],"bundle_sell_ids":[],"acf":[],"yoast_head":"<!-- This site is optimized with the Yoast SEO Premium plugin v27.2 (Yoast SEO v27.2) - https:\/\/yoast.com\/product\/yoast-seo-premium-wordpress\/ -->\n<title>Patio SLIM gas design terrasheater mat zwart 143x41x41cm Patioheater | Bioethanolshop.nl<\/title>\n<meta name=\"description\" content=\"ACTIEPRIJS: Patio SLIM gas design terrasheater mat zwart 143x41x41cm Patioheater, modern design, uniek ontwerp\" \/>\n<meta name=\"robots\" content=\"index, follow, max-snippet:-1, max-image-preview:large, max-video-preview:-1\" \/>\n<link rel=\"canonical\" href=\"https:\/\/www.bioethanolshop.nl\/ro\/produs\/kynast-solar-led-garden-garden-table-lamp-warm-white-light-warm-white-light-with-dimmer-17\/\" \/>\n<meta property=\"og:locale\" content=\"ro_RO\" \/>\n<meta property=\"og:type\" content=\"article\" \/>\n<meta property=\"og:title\" content=\"Patio SLIM gas design terrasheater mat zwart 143x41x41cm Patioheater\" \/>\n<meta property=\"og:description\" content=\"ACTIEPRIJS: Patio SLIM gas design terrasheater mat zwart 143x41x41cm Patioheater, modern design, uniek ontwerp\" \/>\n<meta property=\"og:url\" content=\"https:\/\/www.bioethanolshop.nl\/ro\/produs\/kynast-solar-led-garden-garden-table-lamp-warm-white-light-warm-white-light-with-dimmer-17\/\" \/>\n<meta property=\"og:site_name\" content=\"Bioethanolshop.nl\" \/>\n<meta property=\"article:publisher\" content=\"https:\/\/www.facebook.com\/profile.php?id=100064154436458\" \/>\n<meta property=\"article:modified_time\" content=\"2024-12-21T16:46:18+00:00\" \/>\n<meta property=\"og:image\" content=\"https:\/\/www.bioethanolshop.nl\/wp-content\/uploads\/2021\/09\/www-ogrzewacz-gazowy-patio-stal-czarny-ogien-1-960-960-1-0-0.png\" \/>\n\t<meta property=\"og:image:width\" content=\"960\" \/>\n\t<meta property=\"og:image:height\" content=\"960\" \/>\n\t<meta property=\"og:image:type\" content=\"image\/png\" \/>\n<meta name=\"twitter:card\" content=\"summary_large_image\" \/>\n<meta name=\"twitter:label1\" content=\"Timp estimat pentru citire\" \/>\n\t<meta name=\"twitter:data1\" content=\"2 minute\" \/>\n<!-- \/ Yoast SEO Premium plugin. -->","yoast_head_json":{"title":"Patio SLIM gas design terrasheater mat zwart 143x41x41cm Patioheater | Bioethanolshop.nl","description":"ACTIEPRIJS: Patio SLIM gas design terrasheater mat zwart 143x41x41cm Patioheater, modern design, uniek ontwerp","robots":{"index":"index","follow":"follow","max-snippet":"max-snippet:-1","max-image-preview":"max-image-preview:large","max-video-preview":"max-video-preview:-1"},"canonical":"https:\/\/www.bioethanolshop.nl\/ro\/produs\/kynast-solar-led-garden-garden-table-lamp-warm-white-light-warm-white-light-with-dimmer-17\/","og_locale":"ro_RO","og_type":"article","og_title":"Patio SLIM gas design terrasheater mat zwart 143x41x41cm Patioheater","og_description":"ACTIEPRIJS: Patio SLIM gas design terrasheater mat zwart 143x41x41cm Patioheater, modern design, uniek ontwerp","og_url":"https:\/\/www.bioethanolshop.nl\/ro\/produs\/kynast-solar-led-garden-garden-table-lamp-warm-white-light-warm-white-light-with-dimmer-17\/","og_site_name":"Bioethanolshop.nl","article_publisher":"https:\/\/www.facebook.com\/profile.php?id=100064154436458","article_modified_time":"2024-12-21T16:46:18+00:00","og_image":[{"width":960,"height":960,"url":"https:\/\/www.bioethanolshop.nl\/wp-content\/uploads\/2021\/09\/www-ogrzewacz-gazowy-patio-stal-czarny-ogien-1-960-960-1-0-0.png","type":"image\/png"}],"twitter_card":"summary_large_image","twitter_misc":{"Timp estimat pentru citire":"2 minute"},"schema":{"@context":"https:\/\/schema.org","@graph":[{"@type":"WebPage","@id":"https:\/\/www.bioethanolshop.nl\/product\/patio-slim-gas-design-terrasheater-mat-zwart-143x41x41cm-patioheater\/","url":"https:\/\/www.bioethanolshop.nl\/product\/patio-slim-gas-design-terrasheater-mat-zwart-143x41x41cm-patioheater\/","name":"Patio SLIM gas design terrasheater mat zwart 143x41x41cm Patioheater | Bioethanolshop.nl","isPartOf":{"@id":"https:\/\/www.bioethanolshop.nl\/en\/#website"},"primaryImageOfPage":{"@id":"https:\/\/www.bioethanolshop.nl\/product\/patio-slim-gas-design-terrasheater-mat-zwart-143x41x41cm-patioheater\/#primaryimage"},"image":{"@id":"https:\/\/www.bioethanolshop.nl\/product\/patio-slim-gas-design-terrasheater-mat-zwart-143x41x41cm-patioheater\/#primaryimage"},"thumbnailUrl":"https:\/\/www.bioethanolshop.nl\/wp-content\/uploads\/2021\/09\/www-ogrzewacz-gazowy-patio-stal-czarny-ogien-1-960-960-1-0-0.png","datePublished":"2021-09-30T09:08:43+00:00","dateModified":"2024-12-21T16:46:18+00:00","description":"ACTIEPRIJS: Patio SLIM gas design terrasheater mat zwart 143x41x41cm Patioheater, modern design, uniek ontwerp","breadcrumb":{"@id":"https:\/\/www.bioethanolshop.nl\/product\/patio-slim-gas-design-terrasheater-mat-zwart-143x41x41cm-patioheater\/#breadcrumb"},"inLanguage":"ro-RO","potentialAction":[{"@type":"ReadAction","target":["https:\/\/www.bioethanolshop.nl\/product\/patio-slim-gas-design-terrasheater-mat-zwart-143x41x41cm-patioheater\/"]}]},{"@type":"ImageObject","inLanguage":"ro-RO","@id":"https:\/\/www.bioethanolshop.nl\/product\/patio-slim-gas-design-terrasheater-mat-zwart-143x41x41cm-patioheater\/#primaryimage","url":"https:\/\/www.bioethanolshop.nl\/wp-content\/uploads\/2021\/09\/www-ogrzewacz-gazowy-patio-stal-czarny-ogien-1-960-960-1-0-0.png","contentUrl":"https:\/\/www.bioethanolshop.nl\/wp-content\/uploads\/2021\/09\/www-ogrzewacz-gazowy-patio-stal-czarny-ogien-1-960-960-1-0-0.png","width":960,"height":960,"caption":"Patio SLIM gas terrasheater"},{"@type":"BreadcrumbList","@id":"https:\/\/www.bioethanolshop.nl\/product\/patio-slim-gas-design-terrasheater-mat-zwart-143x41x41cm-patioheater\/#breadcrumb","itemListElement":[{"@type":"ListItem","position":1,"name":"Home","item":"https:\/\/www.bioethanolshop.nl\/"},{"@type":"ListItem","position":2,"name":"Winkel","item":"https:\/\/www.bioethanolshop.nl\/en\/store\/"},{"@type":"ListItem","position":3,"name":"Patio SLIM gas design terrasheater mat zwart 143x41x41cm Patioheater"}]},{"@type":"WebSite","@id":"https:\/\/www.bioethanolshop.nl\/en\/#website","url":"https:\/\/www.bioethanolshop.nl\/en\/","name":"Bioethanolshop.nl","description":"Cel mai mare \u00een bioetanol \u0219i cel mai bun bioetanol de calitate!","potentialAction":[{"@type":"SearchAction","target":{"@type":"EntryPoint","urlTemplate":"https:\/\/www.bioethanolshop.nl\/en\/?s={search_term_string}"},"query-input":{"@type":"PropertyValueSpecification","valueRequired":true,"valueName":"search_term_string"}}],"inLanguage":"ro-RO"}]}},"_links":{"self":[{"href":"https:\/\/www.bioethanolshop.nl\/ro\/wp-json\/wp\/v2\/product\/967","targetHints":{"allow":["GET"]}}],"collection":[{"href":"https:\/\/www.bioethanolshop.nl\/ro\/wp-json\/wp\/v2\/product"}],"about":[{"href":"https:\/\/www.bioethanolshop.nl\/ro\/wp-json\/wp\/v2\/types\/product"}],"replies":[{"embeddable":true,"href":"https:\/\/www.bioethanolshop.nl\/ro\/wp-json\/wp\/v2\/comments?post=967"}],"version-history":[{"count":1,"href":"https:\/\/www.bioethanolshop.nl\/ro\/wp-json\/wp\/v2\/product\/967\/revisions"}],"predecessor-version":[{"id":10824,"href":"https:\/\/www.bioethanolshop.nl\/ro\/wp-json\/wp\/v2\/product\/967\/revisions\/10824"}],"wp:featuredmedia":[{"embeddable":true,"href":"https:\/\/www.bioethanolshop.nl\/ro\/wp-json\/wp\/v2\/media\/972"}],"wp:attachment":[{"href":"https:\/\/www.bioethanolshop.nl\/ro\/wp-json\/wp\/v2\/media?parent=967"}],"wp:term":[{"taxonomy":"product_brand","embeddable":true,"href":"https:\/\/www.bioethanolshop.nl\/ro\/wp-json\/wp\/v2\/product_brand?post=967"},{"taxonomy":"product_cat","embeddable":true,"href":"https:\/\/www.bioethanolshop.nl\/ro\/wp-json\/wp\/v2\/product_cat?post=967"},{"taxonomy":"product_tag","embeddable":true,"href":"https:\/\/www.bioethanolshop.nl\/ro\/wp-json\/wp\/v2\/product_tag?post=967"}],"curies":[{"name":"wp","href":"https:\/\/api.w.org\/{rel}","templated":true}]}}