{"id":962,"date":"2021-09-30T11:01:41","date_gmt":"2021-09-30T09:01:41","guid":{"rendered":"https:\/\/www.bioethanolshop.nl\/?post_type=product&#038;p=962"},"modified":"2024-12-02T16:19:19","modified_gmt":"2024-12-02T15:19:19","slug":"kynast-solar-led-garden-garden-table-lamp-warm-white-light-warm-white-light-with-dimmer-16","status":"publish","type":"product","link":"https:\/\/www.bioethanolshop.nl\/ro\/product\/patio-umbrella-gas-terrasheater-mat-zwart-216x50x50cm-patioheater\/","title":{"rendered":"Umbrel\u0103 de teras\u0103 Umbrela de teras\u0103 cu gaz negru mat 216x50x50cm"},"content":{"rendered":"<h2>Umbrel\u0103 de teras\u0103 Umbrela de teras\u0103 cu gaz negru mat 216x50x50cm<\/h2>\n<p>UMBRELLA is een moderne buitenverwarmer op gas die uw zomertijd zal verlengen. Dankzij zijn aanwezigheid hoeven heerlijke momenten in de tuin of op het terras in het gezelschap van familie en vrienden niet te eindigen met de komst van koudere avonden.<\/p>\n<p>UMBRELLA is een moderne gasverwarming die uw zomertijd zal verlengen. Dankzij zijn aanwezigheid hoeven heerlijke momenten in de tuin of op het terras in het gezelschap van familie en vrienden niet te eindigen met de komst van koudere avonden. Het toestel garandeert U een aangename temperatuur en een uniek design, en dankzij de indrukwekkende vlam die de omgeving verlicht, cre\u00ebert hij een unieke sfeer. Warmte, sfeer, comfort en veiligheid zijn de belangrijkste kenmerken van UMBRELLA.<\/p>\n<p><strong>MODERN DESIGN<\/strong><\/p>\n<p>De UMBRELLA heater is een unieke decoratie op uw terras of in uw tuin. Hij kan met succes worden gebruikt in het restaurant- en hotelwezen als aanvulling op de eet- en recreatieruimte.<\/p>\n<p>Het elegante ontwerp van de heater is gestileerd en vormt een interessante, in het oog springende decoratie. Aantrekkelijk uiterlijk en aangename warmte zullen ervoor zorgen dat de tuinen en terrassen in woningen of restaurants altijd vol zitten met gasten op zowel lente-, zomer- als herfstavonden.<\/p>\n<p><strong>COMFORTABEL GEBRUIK<\/strong><\/p>\n<p>Het opstarten van de verwarming vergt slechts enkele seconden. Het is uiterst comfortabel en intu\u00eftief.<\/p>\n<p>Het apparaat kan constant op vol vermogen werken, zelfs tot 17 uur. Het wordt gevoed door een gasfles. Het is geschikt voor zowel propaan-butaan gas als zuiver propaan. Wij raden het gebruik van de zuivere propaangasflessen aan.<\/p>\n<p>De UMBRELLA kachel maakt geen geluid en heeft geen geur. Zijn werking heeft ook geen invloed op de luchtcirculatie, wat vooral belangrijk is voor gebruikers met allergie\u00ebn.<\/p>\n<p><strong>VEILIGHEID OP HET HOOGSTE NIVEAU<\/strong><\/p>\n<p>De UMBRELLA-kachel wordt aangedreven door vloeibaar gas uit een cilinder die in de behuizing van het toestel is verborgen. De vlammen zijn ingesloten in een speciale kamer die de gebruiker beschermt tegen direct contact met het vuur.<\/p>\n<p>Het ontwerp en de structuur van het verwarmingstoestel garanderen een bescherming van het brandende vuur tegen de wind. De UMBRELLA-kachel is uitgerust met een speciale anti-rolklep, die bij omvallen van het toestel automatisch de gastoevoer naar de regelaar afsluit en tegelijkertijd de vlam dooft.<\/p>\n<p>De verwarmer is uitgerust met een volledig veilig, manueel gasregelsysteem dat beschermt tegen ongecontroleerde brandstoflekkage. Bovendien is het toestel uitgerust met een thermokoppelsensor die, als de vlam van de regelbrander wordt afgeblazen, de gastoevoer naar de brander afsluit.<\/p>","protected":false},"excerpt":{"rendered":"<p class=\"page-heading\" data-bltgi=\"k6AZw5ViqNJSzQipqzRF-g.2_7.8\">Umbrel\u0103 de teras\u0103 Umbrela de teras\u0103 cu gaz negru mat 216x50x50cm<\/p>","protected":false},"featured_media":964,"comment_status":"closed","ping_status":"closed","template":"","meta":{"_acf_changed":false},"product_brand":[],"product_cat":[76,66,65],"product_tag":[53,54,52],"class_list":{"0":"post-962","1":"product","2":"type-product","3":"status-publish","4":"has-post-thumbnail","6":"product_cat-bioethanolshop-black-friday","7":"product_cat-kratki","8":"product_cat-terrasheaters-op-gas","9":"product_tag-gasheater","10":"product_tag-patioheater","11":"product_tag-terrasheater","13":"first","14":"outofstock","15":"taxable","16":"shipping-taxable","17":"purchasable","18":"product-type-simple"},"bundled_by":[],"bundle_stock_status":"outofstock","bundle_stock_quantity":null,"bundle_virtual":false,"bundle_layout":"","bundle_add_to_cart_form_location":"","bundle_editable_in_cart":false,"bundle_sold_individually_context":"","bundle_item_grouping":"","bundle_min_size":"","bundle_max_size":"","bundle_price":[],"bundled_items":[],"bundle_sell_ids":[],"acf":[],"yoast_head":"<!-- This site is optimized with the Yoast SEO Premium plugin v27.2 (Yoast SEO v27.2) - https:\/\/yoast.com\/product\/yoast-seo-premium-wordpress\/ -->\n<title>Patio Umbrella gas terrasheater mat zwart 216x50x50cm Patioheater<\/title>\n<meta name=\"description\" content=\"ACTIEPRIJS: Patio Umbrella gas terrasheater mat zwart 216x50x50cm Patioheater is een moderne buitenverwarmer op gas van hoge kwaliteit\" \/>\n<meta name=\"robots\" content=\"index, follow, max-snippet:-1, max-image-preview:large, max-video-preview:-1\" \/>\n<link rel=\"canonical\" href=\"https:\/\/www.bioethanolshop.nl\/ro\/produs\/kynast-solar-led-garden-garden-table-lamp-warm-white-light-warm-white-light-with-dimmer-16\/\" \/>\n<meta property=\"og:locale\" content=\"ro_RO\" \/>\n<meta property=\"og:type\" content=\"article\" \/>\n<meta property=\"og:title\" content=\"Patio Umbrella gas terrasheater mat zwart 216x50x50cm Patioheater\" \/>\n<meta property=\"og:description\" content=\"ACTIEPRIJS: Patio Umbrella gas terrasheater mat zwart 216x50x50cm Patioheater is een moderne buitenverwarmer op gas van hoge kwaliteit\" \/>\n<meta property=\"og:url\" content=\"https:\/\/www.bioethanolshop.nl\/ro\/produs\/kynast-solar-led-garden-garden-table-lamp-warm-white-light-warm-white-light-with-dimmer-16\/\" \/>\n<meta property=\"og:site_name\" content=\"Bioethanolshop.nl\" \/>\n<meta property=\"article:publisher\" content=\"https:\/\/www.facebook.com\/profile.php?id=100064154436458\" \/>\n<meta property=\"article:modified_time\" content=\"2024-12-02T15:19:19+00:00\" \/>\n<meta property=\"og:image\" content=\"https:\/\/www.bioethanolshop.nl\/wp-content\/uploads\/2021\/09\/umbrella2.gif\" \/>\n\t<meta property=\"og:image:width\" content=\"800\" \/>\n\t<meta property=\"og:image:height\" content=\"800\" \/>\n\t<meta property=\"og:image:type\" content=\"image\/gif\" \/>\n<meta name=\"twitter:card\" content=\"summary_large_image\" \/>\n<meta name=\"twitter:label1\" content=\"Timp estimat pentru citire\" \/>\n\t<meta name=\"twitter:data1\" content=\"2 minute\" \/>\n<!-- \/ Yoast SEO Premium plugin. -->","yoast_head_json":{"title":"Umbrel\u0103 de teras\u0103 Umbrela de teras\u0103 cu gaz negru mat 216x50x50cm","description":"ACTIEPRIJS: Patio Umbrella gas terrasheater mat zwart 216x50x50cm Patioheater is een moderne buitenverwarmer op gas van hoge kwaliteit","robots":{"index":"index","follow":"follow","max-snippet":"max-snippet:-1","max-image-preview":"max-image-preview:large","max-video-preview":"max-video-preview:-1"},"canonical":"https:\/\/www.bioethanolshop.nl\/ro\/produs\/kynast-solar-led-garden-garden-table-lamp-warm-white-light-warm-white-light-with-dimmer-16\/","og_locale":"ro_RO","og_type":"article","og_title":"Patio Umbrella gas terrasheater mat zwart 216x50x50cm Patioheater","og_description":"ACTIEPRIJS: Patio Umbrella gas terrasheater mat zwart 216x50x50cm Patioheater is een moderne buitenverwarmer op gas van hoge kwaliteit","og_url":"https:\/\/www.bioethanolshop.nl\/ro\/produs\/kynast-solar-led-garden-garden-table-lamp-warm-white-light-warm-white-light-with-dimmer-16\/","og_site_name":"Bioethanolshop.nl","article_publisher":"https:\/\/www.facebook.com\/profile.php?id=100064154436458","article_modified_time":"2024-12-02T15:19:19+00:00","og_image":[{"width":800,"height":800,"url":"https:\/\/www.bioethanolshop.nl\/wp-content\/uploads\/2021\/09\/umbrella2.gif","type":"image\/gif"}],"twitter_card":"summary_large_image","twitter_misc":{"Timp estimat pentru citire":"2 minute"},"schema":{"@context":"https:\/\/schema.org","@graph":[{"@type":"WebPage","@id":"https:\/\/www.bioethanolshop.nl\/product\/patio-umbrella-gas-terrasheater-mat-zwart-216x50x50cm-patioheater\/","url":"https:\/\/www.bioethanolshop.nl\/product\/patio-umbrella-gas-terrasheater-mat-zwart-216x50x50cm-patioheater\/","name":"Umbrel\u0103 de teras\u0103 Umbrela de teras\u0103 cu gaz negru mat 216x50x50cm","isPartOf":{"@id":"https:\/\/www.bioethanolshop.nl\/en\/#website"},"primaryImageOfPage":{"@id":"https:\/\/www.bioethanolshop.nl\/product\/patio-umbrella-gas-terrasheater-mat-zwart-216x50x50cm-patioheater\/#primaryimage"},"image":{"@id":"https:\/\/www.bioethanolshop.nl\/product\/patio-umbrella-gas-terrasheater-mat-zwart-216x50x50cm-patioheater\/#primaryimage"},"thumbnailUrl":"https:\/\/www.bioethanolshop.nl\/wp-content\/uploads\/2021\/09\/umbrella2.gif","datePublished":"2021-09-30T09:01:41+00:00","dateModified":"2024-12-02T15:19:19+00:00","description":"ACTIEPRIJS: Patio Umbrella gas terrasheater mat zwart 216x50x50cm Patioheater is een moderne buitenverwarmer op gas van hoge kwaliteit","breadcrumb":{"@id":"https:\/\/www.bioethanolshop.nl\/product\/patio-umbrella-gas-terrasheater-mat-zwart-216x50x50cm-patioheater\/#breadcrumb"},"inLanguage":"ro-RO","potentialAction":[{"@type":"ReadAction","target":["https:\/\/www.bioethanolshop.nl\/product\/patio-umbrella-gas-terrasheater-mat-zwart-216x50x50cm-patioheater\/"]}]},{"@type":"ImageObject","inLanguage":"ro-RO","@id":"https:\/\/www.bioethanolshop.nl\/product\/patio-umbrella-gas-terrasheater-mat-zwart-216x50x50cm-patioheater\/#primaryimage","url":"https:\/\/www.bioethanolshop.nl\/wp-content\/uploads\/2021\/09\/umbrella2.gif","contentUrl":"https:\/\/www.bioethanolshop.nl\/wp-content\/uploads\/2021\/09\/umbrella2.gif","width":800,"height":800,"caption":"Umbrella gas terrasheater"},{"@type":"BreadcrumbList","@id":"https:\/\/www.bioethanolshop.nl\/product\/patio-umbrella-gas-terrasheater-mat-zwart-216x50x50cm-patioheater\/#breadcrumb","itemListElement":[{"@type":"ListItem","position":1,"name":"Home","item":"https:\/\/www.bioethanolshop.nl\/"},{"@type":"ListItem","position":2,"name":"Winkel","item":"https:\/\/www.bioethanolshop.nl\/en\/store\/"},{"@type":"ListItem","position":3,"name":"Patio Umbrella gas terrasheater mat zwart 216x50x50cm Patioheater"}]},{"@type":"WebSite","@id":"https:\/\/www.bioethanolshop.nl\/en\/#website","url":"https:\/\/www.bioethanolshop.nl\/en\/","name":"Bioethanolshop.nl","description":"Cel mai mare \u00een bioetanol \u0219i cel mai bun bioetanol de calitate!","potentialAction":[{"@type":"SearchAction","target":{"@type":"EntryPoint","urlTemplate":"https:\/\/www.bioethanolshop.nl\/en\/?s={search_term_string}"},"query-input":{"@type":"PropertyValueSpecification","valueRequired":true,"valueName":"search_term_string"}}],"inLanguage":"ro-RO"}]}},"_links":{"self":[{"href":"https:\/\/www.bioethanolshop.nl\/ro\/wp-json\/wp\/v2\/product\/962","targetHints":{"allow":["GET"]}}],"collection":[{"href":"https:\/\/www.bioethanolshop.nl\/ro\/wp-json\/wp\/v2\/product"}],"about":[{"href":"https:\/\/www.bioethanolshop.nl\/ro\/wp-json\/wp\/v2\/types\/product"}],"replies":[{"embeddable":true,"href":"https:\/\/www.bioethanolshop.nl\/ro\/wp-json\/wp\/v2\/comments?post=962"}],"version-history":[{"count":1,"href":"https:\/\/www.bioethanolshop.nl\/ro\/wp-json\/wp\/v2\/product\/962\/revisions"}],"predecessor-version":[{"id":11457,"href":"https:\/\/www.bioethanolshop.nl\/ro\/wp-json\/wp\/v2\/product\/962\/revisions\/11457"}],"wp:featuredmedia":[{"embeddable":true,"href":"https:\/\/www.bioethanolshop.nl\/ro\/wp-json\/wp\/v2\/media\/964"}],"wp:attachment":[{"href":"https:\/\/www.bioethanolshop.nl\/ro\/wp-json\/wp\/v2\/media?parent=962"}],"wp:term":[{"taxonomy":"product_brand","embeddable":true,"href":"https:\/\/www.bioethanolshop.nl\/ro\/wp-json\/wp\/v2\/product_brand?post=962"},{"taxonomy":"product_cat","embeddable":true,"href":"https:\/\/www.bioethanolshop.nl\/ro\/wp-json\/wp\/v2\/product_cat?post=962"},{"taxonomy":"product_tag","embeddable":true,"href":"https:\/\/www.bioethanolshop.nl\/ro\/wp-json\/wp\/v2\/product_tag?post=962"}],"curies":[{"name":"wp","href":"https:\/\/api.w.org\/{rel}","templated":true}]}}