{"id":608,"date":"2021-05-12T13:07:09","date_gmt":"2021-05-12T11:07:09","guid":{"rendered":"https:\/\/www.bioethanolshop.nl\/?post_type=product&#038;p=608"},"modified":"2024-07-16T14:47:51","modified_gmt":"2024-07-16T12:47:51","slug":"kynast-solar-led-garden-garden-table-lamp-warm-white-light-warm-white-light-with-dimmer-9","status":"publish","type":"product","link":"https:\/\/www.bioethanolshop.nl\/ro\/product\/kynast-solar-tuinfakkel-78cm-met-vlameffect-zonne-energie-led\/","title":{"rendered":"Kynast Lanterna solar\u0103 de gr\u0103din\u0103 78cm cu efect de flac\u0103r\u0103 cu energie solar\u0103 LED"},"content":{"rendered":"<h2>Kynast Lanterna solar\u0103 de gr\u0103din\u0103 78cm cu efect de flac\u0103r\u0103 cu energie solar\u0103 LED<\/h2>\n<p>Deze Premium tuinfakkel zorgt voor meer sfeer en verlichting in uw tuin. De lamp fakkel werk op zonne-energie en is gedecoreerd met een mooi bloemmotief. Door het vlameffect krijg je een speels lichtbeeld wat geweldig staat langs de randen van uw tuin of pad.<br \/>\nDe tuinfakkels zijn in verschillende lengtes leverbaar van 40cm, 50cm en 78cm.<\/p>\n<h3>Premium Tuinlamp Met Vlameffect &#8211; 78 cm<\/h3>\n<p>Deze Premium fakkel zorgt voor meer sfeer en <a href=\"https:\/\/www.bioethanolshop.nl\/ro\/categorie-produs\/iluminat-solar-de-gradina\/\">verlichting in uw tuin<\/a>. De solar lamp werk op zonne-energie en is gedecoreerd met een mooi bloemmotief. De tuinfakkel heeft en realistisch vlameffect en werkt met 1 oplaadbare batterij die door de zonnecel vanzelf weer wordt opgeladen. De tuinfakkel is 78 cm hoog en heeft een diameter van 12 cm. De tuinfakkel is gemaakt van stevig plastic en is uitgevoerd in tijdloos zwart.<br \/>\nDe fakkel steekt 70cm uit de grond.<\/p>\n<p>Caracteristici:<\/p>\n<ul>\n<li>Hoogte: 78 cm<\/li>\n<li>Breedte: 12cm<\/li>\n<li>Zichtbare hoogte: 70cm<\/li>\n<li>Levering van 1 stuks tuinfakkel<\/li>\n<li>Materiaal: Plastic<\/li>\n<li>Culoare: negru<\/li>\n<li>IP44 waterdicht<\/li>\n<li>Realistisch vlameffect<\/li>\n<li>Werkt op 1 oplaadbare AAA 1,2 V 600 mAH (Ni-mh) batterij (inbegrepen)<\/li>\n<li>Zonne-energie laad de batterij op<\/li>\n<li><strong>Let op!<\/strong> Plaats nooit een niet oplaadbare batterij!<\/li>\n<\/ul>\n<p>De tuinfakkel kunt u overal in uw tuin of op uw balkon plaatsen in de grond of bijvoorbeeld in een bloempot. Geen onhandige bedrading: Plaats de zonnefakkel waar u maar wilt en geniet van het sfeervolle licht. Ook super leuk om cadeau te geven ! Zo krijgt u een <a href=\"https:\/\/parkeninenschede.nl\/parken\/parken\/abraham-ledeboerpark\/\">parkgevoel<\/a> in eigen tuin.<\/p>\n<p>Kynast staat voor kwaliteit, de tuinlampen van Kynast zijn van de hoogste kwaliteit en worden met zorg gefabriceerd en verpakt. De tuinfakkel zijn voorzien van de laatste solar technologie zodat ze lang branden en ook nog lang meegaan in weer en wind. Wel adviseren wij u om de lampen in de winterperiode binnen te halen en goed op te bergen.<\/p>","protected":false},"excerpt":{"rendered":"<h2>Kynast Lanterna solar\u0103 de gr\u0103din\u0103 78cm cu efect de flac\u0103r\u0103 cu energie solar\u0103 LED<\/h2>\n<div style=\"width: 640px;\" class=\"wp-video\"><video class=\"wp-video-shortcode\" id=\"video-608-1\" width=\"640\" height=\"352\" preload=\"metadata\" controls=\"controls\"><source type=\"video\/mp4\" src=\"https:\/\/www.bioethanolshop.nl\/wp-content\/uploads\/2021\/05\/bdef0ef6-884c-4bdc-9ef5-aae7fe88943a.mp4?_=1\" \/><a href=\"https:\/\/www.bioethanolshop.nl\/wp-content\/uploads\/2021\/05\/bdef0ef6-884c-4bdc-9ef5-aae7fe88943a.mp4\">https:\/\/www.bioethanolshop.nl\/wp-content\/uploads\/2021\/05\/bdef0ef6-884c-4bdc-9ef5-aae7fe88943a.mp4<\/a><\/video><\/div>","protected":false},"featured_media":603,"comment_status":"closed","ping_status":"closed","template":"","meta":{"_acf_changed":false},"product_brand":[],"product_cat":[40,36],"product_tag":[37,39,38],"class_list":{"0":"post-608","1":"product","2":"type-product","3":"status-publish","4":"has-post-thumbnail","6":"product_cat-kynast-solar","7":"product_cat-solar-tuinverlichting","8":"product_tag-solar","9":"product_tag-solar-tafellamp","10":"product_tag-tuinlamp","12":"first","13":"outofstock","14":"taxable","15":"shipping-taxable","16":"purchasable","17":"product-type-simple"},"bundled_by":[],"bundle_stock_status":"outofstock","bundle_stock_quantity":null,"bundle_virtual":false,"bundle_layout":"","bundle_add_to_cart_form_location":"","bundle_editable_in_cart":false,"bundle_sold_individually_context":"","bundle_item_grouping":"","bundle_min_size":"","bundle_max_size":"","bundle_price":[],"bundled_items":[],"bundle_sell_ids":[],"acf":[],"yoast_head":"<!-- This site is optimized with the Yoast SEO Premium plugin v27.2 (Yoast SEO v27.2) - https:\/\/yoast.com\/product\/yoast-seo-premium-wordpress\/ -->\n<title>Kynast Solar tuinfakkel 78cm met vlameffect zonne energie LED<\/title>\n<meta name=\"description\" content=\"Kynast Solar LED Tuinfakkel 78cm hoog voor buiten. Werkt op zonne energie met een brandduur van 8 uur met vlameffect.\" \/>\n<meta name=\"robots\" content=\"index, follow, max-snippet:-1, max-image-preview:large, max-video-preview:-1\" \/>\n<link rel=\"canonical\" href=\"https:\/\/www.bioethanolshop.nl\/ro\/produs\/kynast-solar-led-garden-garden-table-lamp-warm-white-light-warm-white-light-with-dimmer-9\/\" \/>\n<meta property=\"og:locale\" content=\"ro_RO\" \/>\n<meta property=\"og:type\" content=\"article\" \/>\n<meta property=\"og:title\" content=\"Kynast Solar tuinfakkel 78cm met vlameffect zonne energie LED\" \/>\n<meta property=\"og:description\" content=\"Kynast Solar LED Tuinfakkel 78cm hoog voor buiten. Werkt op zonne energie met een brandduur van 8 uur met vlameffect.\" \/>\n<meta property=\"og:url\" content=\"https:\/\/www.bioethanolshop.nl\/ro\/produs\/kynast-solar-led-garden-garden-table-lamp-warm-white-light-warm-white-light-with-dimmer-9\/\" \/>\n<meta property=\"og:site_name\" content=\"Bioethanolshop.nl\" \/>\n<meta property=\"article:publisher\" content=\"https:\/\/www.facebook.com\/profile.php?id=100064154436458\" \/>\n<meta property=\"article:modified_time\" content=\"2024-07-16T12:47:51+00:00\" \/>\n<meta property=\"og:image\" content=\"https:\/\/www.bioethanolshop.nl\/wp-content\/uploads\/2021\/05\/fakkel.jpg\" \/>\n\t<meta property=\"og:image:width\" content=\"965\" \/>\n\t<meta property=\"og:image:height\" content=\"1200\" \/>\n\t<meta property=\"og:image:type\" content=\"image\/jpeg\" \/>\n<meta name=\"twitter:card\" content=\"summary_large_image\" \/>\n<meta name=\"twitter:label1\" content=\"Timp estimat pentru citire\" \/>\n\t<meta name=\"twitter:data1\" content=\"2 minute\" \/>\n<!-- \/ Yoast SEO Premium plugin. -->","yoast_head_json":{"title":"Kynast Lanterna solar\u0103 de gr\u0103din\u0103 78cm cu efect de flac\u0103r\u0103 cu energie solar\u0103 LED","description":"Kynast Solar LED Tuinfakkel 78cm hoog voor buiten. Werkt op zonne energie met een brandduur van 8 uur met vlameffect.","robots":{"index":"index","follow":"follow","max-snippet":"max-snippet:-1","max-image-preview":"max-image-preview:large","max-video-preview":"max-video-preview:-1"},"canonical":"https:\/\/www.bioethanolshop.nl\/ro\/produs\/kynast-solar-led-garden-garden-table-lamp-warm-white-light-warm-white-light-with-dimmer-9\/","og_locale":"ro_RO","og_type":"article","og_title":"Kynast Solar tuinfakkel 78cm met vlameffect zonne energie LED","og_description":"Kynast Solar LED Tuinfakkel 78cm hoog voor buiten. Werkt op zonne energie met een brandduur van 8 uur met vlameffect.","og_url":"https:\/\/www.bioethanolshop.nl\/ro\/produs\/kynast-solar-led-garden-garden-table-lamp-warm-white-light-warm-white-light-with-dimmer-9\/","og_site_name":"Bioethanolshop.nl","article_publisher":"https:\/\/www.facebook.com\/profile.php?id=100064154436458","article_modified_time":"2024-07-16T12:47:51+00:00","og_image":[{"width":965,"height":1200,"url":"https:\/\/www.bioethanolshop.nl\/wp-content\/uploads\/2021\/05\/fakkel.jpg","type":"image\/jpeg"}],"twitter_card":"summary_large_image","twitter_misc":{"Timp estimat pentru citire":"2 minute"},"schema":{"@context":"https:\/\/schema.org","@graph":[{"@type":"WebPage","@id":"https:\/\/www.bioethanolshop.nl\/product\/kynast-solar-tuinfakkel-78cm-met-vlameffect-zonne-energie-led\/","url":"https:\/\/www.bioethanolshop.nl\/product\/kynast-solar-tuinfakkel-78cm-met-vlameffect-zonne-energie-led\/","name":"Kynast Lanterna solar\u0103 de gr\u0103din\u0103 78cm cu efect de flac\u0103r\u0103 cu energie solar\u0103 LED","isPartOf":{"@id":"https:\/\/www.bioethanolshop.nl\/en\/#website"},"primaryImageOfPage":{"@id":"https:\/\/www.bioethanolshop.nl\/product\/kynast-solar-tuinfakkel-78cm-met-vlameffect-zonne-energie-led\/#primaryimage"},"image":{"@id":"https:\/\/www.bioethanolshop.nl\/product\/kynast-solar-tuinfakkel-78cm-met-vlameffect-zonne-energie-led\/#primaryimage"},"thumbnailUrl":"https:\/\/www.bioethanolshop.nl\/wp-content\/uploads\/2021\/05\/fakkel.jpg","datePublished":"2021-05-12T11:07:09+00:00","dateModified":"2024-07-16T12:47:51+00:00","description":"Kynast Solar LED Tuinfakkel 78cm hoog voor buiten. Werkt op zonne energie met een brandduur van 8 uur met vlameffect.","breadcrumb":{"@id":"https:\/\/www.bioethanolshop.nl\/product\/kynast-solar-tuinfakkel-78cm-met-vlameffect-zonne-energie-led\/#breadcrumb"},"inLanguage":"ro-RO","potentialAction":[{"@type":"ReadAction","target":["https:\/\/www.bioethanolshop.nl\/product\/kynast-solar-tuinfakkel-78cm-met-vlameffect-zonne-energie-led\/"]}]},{"@type":"ImageObject","inLanguage":"ro-RO","@id":"https:\/\/www.bioethanolshop.nl\/product\/kynast-solar-tuinfakkel-78cm-met-vlameffect-zonne-energie-led\/#primaryimage","url":"https:\/\/www.bioethanolshop.nl\/wp-content\/uploads\/2021\/05\/fakkel.jpg","contentUrl":"https:\/\/www.bioethanolshop.nl\/wp-content\/uploads\/2021\/05\/fakkel.jpg","width":965,"height":1200,"caption":"Solar tuinfakkel"},{"@type":"BreadcrumbList","@id":"https:\/\/www.bioethanolshop.nl\/product\/kynast-solar-tuinfakkel-78cm-met-vlameffect-zonne-energie-led\/#breadcrumb","itemListElement":[{"@type":"ListItem","position":1,"name":"Home","item":"https:\/\/www.bioethanolshop.nl\/"},{"@type":"ListItem","position":2,"name":"Winkel","item":"https:\/\/www.bioethanolshop.nl\/en\/store\/"},{"@type":"ListItem","position":3,"name":"Kynast Solar tuinfakkel 78cm met vlameffect zonne energie LED"}]},{"@type":"WebSite","@id":"https:\/\/www.bioethanolshop.nl\/en\/#website","url":"https:\/\/www.bioethanolshop.nl\/en\/","name":"Bioethanolshop.nl","description":"Cel mai mare \u00een bioetanol \u0219i cel mai bun bioetanol de calitate!","potentialAction":[{"@type":"SearchAction","target":{"@type":"EntryPoint","urlTemplate":"https:\/\/www.bioethanolshop.nl\/en\/?s={search_term_string}"},"query-input":{"@type":"PropertyValueSpecification","valueRequired":true,"valueName":"search_term_string"}}],"inLanguage":"ro-RO"}]}},"_links":{"self":[{"href":"https:\/\/www.bioethanolshop.nl\/ro\/wp-json\/wp\/v2\/product\/608","targetHints":{"allow":["GET"]}}],"collection":[{"href":"https:\/\/www.bioethanolshop.nl\/ro\/wp-json\/wp\/v2\/product"}],"about":[{"href":"https:\/\/www.bioethanolshop.nl\/ro\/wp-json\/wp\/v2\/types\/product"}],"replies":[{"embeddable":true,"href":"https:\/\/www.bioethanolshop.nl\/ro\/wp-json\/wp\/v2\/comments?post=608"}],"version-history":[{"count":1,"href":"https:\/\/www.bioethanolshop.nl\/ro\/wp-json\/wp\/v2\/product\/608\/revisions"}],"predecessor-version":[{"id":12804,"href":"https:\/\/www.bioethanolshop.nl\/ro\/wp-json\/wp\/v2\/product\/608\/revisions\/12804"}],"wp:featuredmedia":[{"embeddable":true,"href":"https:\/\/www.bioethanolshop.nl\/ro\/wp-json\/wp\/v2\/media\/603"}],"wp:attachment":[{"href":"https:\/\/www.bioethanolshop.nl\/ro\/wp-json\/wp\/v2\/media?parent=608"}],"wp:term":[{"taxonomy":"product_brand","embeddable":true,"href":"https:\/\/www.bioethanolshop.nl\/ro\/wp-json\/wp\/v2\/product_brand?post=608"},{"taxonomy":"product_cat","embeddable":true,"href":"https:\/\/www.bioethanolshop.nl\/ro\/wp-json\/wp\/v2\/product_cat?post=608"},{"taxonomy":"product_tag","embeddable":true,"href":"https:\/\/www.bioethanolshop.nl\/ro\/wp-json\/wp\/v2\/product_tag?post=608"}],"curies":[{"name":"wp","href":"https:\/\/api.w.org\/{rel}","templated":true}]}}