{"id":247,"date":"2021-02-27T12:41:29","date_gmt":"2021-02-27T11:41:29","guid":{"rendered":"https:\/\/www.bioethanolshop.nl\/?post_type=product&#038;p=247"},"modified":"2023-06-20T14:30:02","modified_gmt":"2023-06-20T12:30:02","slug":"orange-oil-1-litru-can","status":"publish","type":"product","link":"https:\/\/www.bioethanolshop.nl\/ro\/product\/sinaasappel-olie-1-liter-blik-sinasappel-olie\/","title":{"rendered":"Ulei de portocale 1 litru poate detergent de ulei de portocale"},"content":{"rendered":"<div class=\"page-header-hgroup col-l-8 col-m-6\">\n<div class=\"page-title-wrapper complex\">\n<h2 class=\"page-title\">Ulei de portocale 1 litru cutie de conserve<\/h2>\n<\/div>\n<\/div>\n<div class=\"page-header-actions col-l-4 col-m-6\">\n<div><strong>Cu puterea puternic\u0103 de cur\u0103\u021bare \u0219i mirosul proasp\u0103t de portocale, pentru \u00eentreaga dvs. gospod\u0103rie.<\/strong><\/div>\n<div><\/div>\n<div>Date:<br \/>\n* 80% concentrat de coaj\u0103 de portocal\u0103;<br \/>\n* 250 ml de concentrat este suficient pentru 1000 de litri de ap\u0103. Deci, 2-3 pic\u0103turi pe 5 litri de ap\u0103 sunt deja suficiente, este foarte economic \u00een utilizare;<br \/>\n* dizolv\u0103 petele \u00eenc\u0103p\u0103\u021b\u00e2nate, cum ar fi uleiul, gr\u0103simea, r\u0103\u0219ina, guma de mestecat, pentru petele foarte \u00eenc\u0103p\u0103\u021b\u00e2nate.<br \/>\npete la nivel local Utiliza\u021bi ulei de portocale pur. Primul test pe un<br \/>\nloc discret;<br \/>\n* neutralizeaz\u0103 mirosurile nepl\u0103cute, cum ar fi cele cauzate de nicotin\u0103;<br \/>\n* detergentul este activ la suprafa\u021b\u0103, adic\u0103 \"crap\u0103\" datorit\u0103 propriet\u0103\u021bilor sale<br \/>\n\"tensiunile de suprafa\u021b\u0103\" existente, p\u0103trunz\u00e2nd ad\u00e2nc \u00een stratul de murd\u0103rie,<br \/>\nad\u00e2nc \u00een pori. Produsele de cur\u0103\u021bare obi\u0219nuite \u00eendep\u0103rteaz\u0103 adesea murd\u0103ria \u00een mod superficial.<br \/>\ndistribuite;<br \/>\n* Ac\u021biune antimicrobian\u0103 cu un efect de str\u0103lucire vizibil\u0103;<br \/>\n* Are o putere de cur\u0103\u021bare foarte concentrat\u0103;<br \/>\n* utilizare pe suprafe\u021bele din cas\u0103, \u00een jurul ma\u0219inii, gr\u0103din\u0103, teras\u0103, mobilier din lemn .....<\/div>\n<\/div>\n<p>&nbsp;<\/p>\n<p>Aroma soarelui - un parfum r\u0103coritor, cald \u0219i fructat.<\/p>\n<p>Uleiul de portocale este un ulei esen\u021bial ob\u021binut prin presarea la rece a cojilor de fructe de portocale coapte. Aroma \u0219i parfumul s\u0103u, pe de o parte, \u0219i puterea sa de dizolvare a gr\u0103similor, pe de alt\u0103 parte, \u00eel fac s\u0103 fie impresionant de versatil \u00een ceea ce prive\u0219te utiliz\u0103rile sale.<\/p>\n<p>Aten\u021bie: Ca toate uleiurile esen\u021biale, uleiul de coaj\u0103 de portocal\u0103 este extrem de eficient, chiar \u0219i \u00een doze homeopate. Folosi\u021bi conform indica\u021biilor sau \u00een doze mici. Pentru multe aplica\u021bii, c\u00e2teva pic\u0103turi sunt suficiente. Uleiurile esen\u021biale nu trebuie s\u0103 fie niciodat\u0103 b\u0103ute pure sau aplicate pe piele. \u00cen schimb, ad\u0103ugarea lor pic\u0103tur\u0103 cu pic\u0103tur\u0103 \u00een alimente sau produse cosmetice este un rafinament inofensiv, cu condi\u021bia s\u0103 nu existe o alergie la terpenele portocalului.<\/p>\n<p>Parfum \u0219i arom\u0103 de<\/p>\n<p>B\u0103uturi, dulciuri \u0219i alte alimente,<br \/>\nuleiuri \u0219i ape parfumate, produse cosmetice (s\u0103pun, ulei de baie, crem\u0103),<br \/>\nulei de lamp\u0103,<br \/>\nproduse de uz casnic \u0219i ca<br \/>\nmirosuri de camer\u0103 \u0219i de rufe.<br \/>\nPe l\u00e2ng\u0103 parfumul s\u0103u solar, uleiul esen\u021bial de portocale are \u0219i propriet\u0103\u021bi antiseptice, astringente, calmante pentru nervi, echilibrante, tonifiante \u0219i stimulante. De aceea, este un ingredient foarte popular \u0219i frecvent utilizat, nu numai \u00een cosmeticele naturale.<\/p>\n<p>Cur\u0103\u021barea \u0219i degresarea cu puterea instala\u021biei<\/p>\n<p>Detergent universal de uz casnic<br \/>\n\u00cendep\u0103rtarea petelor de gudron, r\u0103\u0219in\u0103 \u0219i ulei lubrifiant<br \/>\nDiluant pentru vopsele \u0219i lacuri de ulei<br \/>\nIdeal pentru diluarea produselor de conservare a lemnului vegetale \u0219i a produselor de conservare a lemnului organice<br \/>\nDegresarea pieselor metalice (lan\u021buri de biciclete, angrenaje, rulmen\u021bi cu bile etc.)<br \/>\n\u00cenmuierea pieselor mecanice fine (de exemplu, piese de ceas vechi)<br \/>\n\u00cen combina\u021bie cu cear\u0103 de albine sau cear\u0103 de carnauba ca balsam pentru \u00eengrijirea \u0219i cur\u0103\u021barea suprafe\u021belor din lemn, antichit\u0103\u021bi sau piele<br \/>\nPerie de cur\u0103\u021bat<br \/>\nDizolvant pentru lac de unghii<br \/>\nIngredient principal al multor dispozitive de \u00eendep\u0103rtare a etichetelor<br \/>\nCon\u021binutul ridicat de terpene de portocal\u0103 este motivul pentru care uleiul din coaj\u0103 de portocal\u0103 are o putere extraordinar\u0103 de dizolvare a gr\u0103similor. Atunci c\u00e2nd este folosit pentru a \u00eenlocui uleiul de terebentin\u0103 - de exemplu, la vopsit - acesta nu are doar efectul unui miros mult mai pl\u0103cut. \u00cen compara\u021bie cu terebentina, uleiul de portocale are, de asemenea, un poten\u021bial de alergie mult mai sc\u0103zut. Ad\u0103ugarea uleiului de coaj\u0103 de portocal\u0103 10-20% la uleiul de in sau de tung \u00eembun\u0103t\u0103\u021be\u0219te semnificativ penetrarea \u00een lemn \u0219i faciliteaz\u0103 aplicarea. Timpul de uscare este scurtat. De asemenea, confer\u0103 un parfum vitalizant produselor de conservare \u0219i de \u00eengrijire a lemnului.<\/p>\n<p>Ulei de portocale<br \/>\nDetergent de uz casnic<br \/>\nCutie de 1 litru<br \/>\nDetergent portocaliu<\/p>","protected":false},"excerpt":{"rendered":"<p class=\"page-title\">Ulei de portocale 1 litru cutie de conserve<\/p>\n<p>&nbsp;<\/p>","protected":false},"featured_media":248,"comment_status":"closed","ping_status":"closed","template":"","meta":{"_acf_changed":false},"product_brand":[],"product_cat":[30,20],"product_tag":[31,32],"class_list":{"0":"post-247","1":"product","2":"type-product","3":"status-publish","4":"has-post-thumbnail","6":"product_cat-biofair","7":"product_cat-overige-biologische-olieproducten","8":"product_tag-sinaasappel-olie","9":"product_tag-sinasappelolie","11":"first","12":"outofstock","13":"taxable","14":"shipping-taxable","15":"purchasable","16":"product-type-simple"},"bundled_by":[],"bundle_stock_status":"outofstock","bundle_stock_quantity":null,"bundle_virtual":false,"bundle_layout":"","bundle_add_to_cart_form_location":"","bundle_editable_in_cart":false,"bundle_sold_individually_context":"","bundle_item_grouping":"","bundle_min_size":"","bundle_max_size":"","bundle_price":[],"bundled_items":[],"bundle_sell_ids":[],"acf":[],"yoast_head":"<!-- This site is optimized with the Yoast SEO Premium plugin v27.2 (Yoast SEO v27.2) - https:\/\/yoast.com\/product\/yoast-seo-premium-wordpress\/ -->\n<title>Sinaasappel olie 1 liter blik sinasappel olie reinigingsmiddel | Bioethanolshop.nl<\/title>\n<meta name=\"description\" content=\"80% concentraat uit sinaasappelschil\u00a0lost hardnekkige vlekken op zoals olie, vet, hars, kauwgom, voor zeer hardnekkige vlekken\" \/>\n<meta name=\"robots\" content=\"index, follow, max-snippet:-1, max-image-preview:large, max-video-preview:-1\" \/>\n<link rel=\"canonical\" href=\"https:\/\/www.bioethanolshop.nl\/ro\/produs\/orange-oil-1-litru-can\/\" \/>\n<meta property=\"og:locale\" content=\"ro_RO\" \/>\n<meta property=\"og:type\" content=\"article\" \/>\n<meta property=\"og:title\" content=\"Sinaasappel olie 1 liter blik sinasappel olie reinigingsmiddel\" \/>\n<meta property=\"og:description\" content=\"80% concentraat uit sinaasappelschil\u00a0lost hardnekkige vlekken op zoals olie, vet, hars, kauwgom, voor zeer hardnekkige vlekken\" \/>\n<meta property=\"og:url\" content=\"https:\/\/www.bioethanolshop.nl\/ro\/produs\/orange-oil-1-litru-can\/\" \/>\n<meta property=\"og:site_name\" content=\"Bioethanolshop.nl\" \/>\n<meta property=\"article:publisher\" content=\"https:\/\/www.facebook.com\/profile.php?id=100064154436458\" \/>\n<meta property=\"article:modified_time\" content=\"2023-06-20T12:30:02+00:00\" \/>\n<meta property=\"og:image\" content=\"https:\/\/www.bioethanolshop.nl\/wp-content\/uploads\/2021\/02\/sinaasappelolie.jpg\" \/>\n\t<meta property=\"og:image:width\" content=\"700\" \/>\n\t<meta property=\"og:image:height\" content=\"700\" \/>\n\t<meta property=\"og:image:type\" content=\"image\/jpeg\" \/>\n<meta name=\"twitter:card\" content=\"summary_large_image\" \/>\n<meta name=\"twitter:label1\" content=\"Timp estimat pentru citire\" \/>\n\t<meta name=\"twitter:data1\" content=\"2 minute\" \/>\n<!-- \/ Yoast SEO Premium plugin. -->","yoast_head_json":{"title":"Ulei de portocale 1 litru cutie de ulei de portocale pentru cur\u0103\u021bare | Bioethanolshop.co.uk","description":"80% concentrat de coaj\u0103 de portocal\u0103 dizolv\u0103 petele dificile, cum ar fi uleiul, gr\u0103simea, r\u0103\u0219ina, guma de mestecat, pentru petele foarte dificile","robots":{"index":"index","follow":"follow","max-snippet":"max-snippet:-1","max-image-preview":"max-image-preview:large","max-video-preview":"max-video-preview:-1"},"canonical":"https:\/\/www.bioethanolshop.nl\/ro\/produs\/orange-oil-1-litru-can\/","og_locale":"ro_RO","og_type":"article","og_title":"Sinaasappel olie 1 liter blik sinasappel olie reinigingsmiddel","og_description":"80% concentraat uit sinaasappelschil\u00a0lost hardnekkige vlekken op zoals olie, vet, hars, kauwgom, voor zeer hardnekkige vlekken","og_url":"https:\/\/www.bioethanolshop.nl\/ro\/produs\/orange-oil-1-litru-can\/","og_site_name":"Bioethanolshop.nl","article_publisher":"https:\/\/www.facebook.com\/profile.php?id=100064154436458","article_modified_time":"2023-06-20T12:30:02+00:00","og_image":[{"width":700,"height":700,"url":"https:\/\/www.bioethanolshop.nl\/wp-content\/uploads\/2021\/02\/sinaasappelolie.jpg","type":"image\/jpeg"}],"twitter_card":"summary_large_image","twitter_misc":{"Timp estimat pentru citire":"2 minute"},"schema":{"@context":"https:\/\/schema.org","@graph":[{"@type":"WebPage","@id":"https:\/\/www.bioethanolshop.nl\/bg\/%d0%bf%d1%80%d0%be%d0%b4%d1%83%d0%ba%d1%82-2\/%d0%bf%d0%be%d1%80%d1%82%d0%be%d0%ba%d0%b0%d0%bb%d0%be%d0%b2%d0%be-%d0%bc%d0%b0%d1%81%d0%bb%d0%be-1-%d0%bb%d0%b8%d1%82%d1%80%d0%be%d0%b2%d0%b0-%d0%ba%d1%83%d1%82%d0%b8%d1%8f\/","url":"https:\/\/www.bioethanolshop.nl\/bg\/%d0%bf%d1%80%d0%be%d0%b4%d1%83%d0%ba%d1%82-2\/%d0%bf%d0%be%d1%80%d1%82%d0%be%d0%ba%d0%b0%d0%bb%d0%be%d0%b2%d0%be-%d0%bc%d0%b0%d1%81%d0%bb%d0%be-1-%d0%bb%d0%b8%d1%82%d1%80%d0%be%d0%b2%d0%b0-%d0%ba%d1%83%d1%82%d0%b8%d1%8f\/","name":"Ulei de portocale 1 litru cutie de ulei de portocale pentru cur\u0103\u021bare | Bioethanolshop.co.uk","isPartOf":{"@id":"https:\/\/www.bioethanolshop.nl\/en\/#website"},"primaryImageOfPage":{"@id":"https:\/\/www.bioethanolshop.nl\/bg\/%d0%bf%d1%80%d0%be%d0%b4%d1%83%d0%ba%d1%82-2\/%d0%bf%d0%be%d1%80%d1%82%d0%be%d0%ba%d0%b0%d0%bb%d0%be%d0%b2%d0%be-%d0%bc%d0%b0%d1%81%d0%bb%d0%be-1-%d0%bb%d0%b8%d1%82%d1%80%d0%be%d0%b2%d0%b0-%d0%ba%d1%83%d1%82%d0%b8%d1%8f\/#primaryimage"},"image":{"@id":"https:\/\/www.bioethanolshop.nl\/bg\/%d0%bf%d1%80%d0%be%d0%b4%d1%83%d0%ba%d1%82-2\/%d0%bf%d0%be%d1%80%d1%82%d0%be%d0%ba%d0%b0%d0%bb%d0%be%d0%b2%d0%be-%d0%bc%d0%b0%d1%81%d0%bb%d0%be-1-%d0%bb%d0%b8%d1%82%d1%80%d0%be%d0%b2%d0%b0-%d0%ba%d1%83%d1%82%d0%b8%d1%8f\/#primaryimage"},"thumbnailUrl":"https:\/\/www.bioethanolshop.nl\/wp-content\/uploads\/2021\/02\/sinaasappelolie.jpg","datePublished":"2021-02-27T11:41:29+00:00","dateModified":"2023-06-20T12:30:02+00:00","description":"80% concentrat de coaj\u0103 de portocal\u0103 dizolv\u0103 petele dificile, cum ar fi uleiul, gr\u0103simea, r\u0103\u0219ina, guma de mestecat, pentru petele foarte dificile","breadcrumb":{"@id":"https:\/\/www.bioethanolshop.nl\/bg\/%d0%bf%d1%80%d0%be%d0%b4%d1%83%d0%ba%d1%82-2\/%d0%bf%d0%be%d1%80%d1%82%d0%be%d0%ba%d0%b0%d0%bb%d0%be%d0%b2%d0%be-%d0%bc%d0%b0%d1%81%d0%bb%d0%be-1-%d0%bb%d0%b8%d1%82%d1%80%d0%be%d0%b2%d0%b0-%d0%ba%d1%83%d1%82%d0%b8%d1%8f\/#breadcrumb"},"inLanguage":"ro-RO","potentialAction":[{"@type":"ReadAction","target":["https:\/\/www.bioethanolshop.nl\/bg\/%d0%bf%d1%80%d0%be%d0%b4%d1%83%d0%ba%d1%82-2\/%d0%bf%d0%be%d1%80%d1%82%d0%be%d0%ba%d0%b0%d0%bb%d0%be%d0%b2%d0%be-%d0%bc%d0%b0%d1%81%d0%bb%d0%be-1-%d0%bb%d0%b8%d1%82%d1%80%d0%be%d0%b2%d0%b0-%d0%ba%d1%83%d1%82%d0%b8%d1%8f\/"]}]},{"@type":"ImageObject","inLanguage":"ro-RO","@id":"https:\/\/www.bioethanolshop.nl\/bg\/%d0%bf%d1%80%d0%be%d0%b4%d1%83%d0%ba%d1%82-2\/%d0%bf%d0%be%d1%80%d1%82%d0%be%d0%ba%d0%b0%d0%bb%d0%be%d0%b2%d0%be-%d0%bc%d0%b0%d1%81%d0%bb%d0%be-1-%d0%bb%d0%b8%d1%82%d1%80%d0%be%d0%b2%d0%b0-%d0%ba%d1%83%d1%82%d0%b8%d1%8f\/#primaryimage","url":"https:\/\/www.bioethanolshop.nl\/wp-content\/uploads\/2021\/02\/sinaasappelolie.jpg","contentUrl":"https:\/\/www.bioethanolshop.nl\/wp-content\/uploads\/2021\/02\/sinaasappelolie.jpg","width":700,"height":700,"caption":"Sinaasappel olie"},{"@type":"BreadcrumbList","@id":"https:\/\/www.bioethanolshop.nl\/bg\/%d0%bf%d1%80%d0%be%d0%b4%d1%83%d0%ba%d1%82-2\/%d0%bf%d0%be%d1%80%d1%82%d0%be%d0%ba%d0%b0%d0%bb%d0%be%d0%b2%d0%be-%d0%bc%d0%b0%d1%81%d0%bb%d0%be-1-%d0%bb%d0%b8%d1%82%d1%80%d0%be%d0%b2%d0%b0-%d0%ba%d1%83%d1%82%d0%b8%d1%8f\/#breadcrumb","itemListElement":[{"@type":"ListItem","position":1,"name":"Home","item":"https:\/\/www.bioethanolshop.nl\/"},{"@type":"ListItem","position":2,"name":"Winkel","item":"https:\/\/www.bioethanolshop.nl\/en\/store\/"},{"@type":"ListItem","position":3,"name":"Sinaasappel olie 1 liter blik sinasappel olie reinigingsmiddel"}]},{"@type":"WebSite","@id":"https:\/\/www.bioethanolshop.nl\/en\/#website","url":"https:\/\/www.bioethanolshop.nl\/en\/","name":"Bioethanolshop.nl","description":"Cel mai mare \u00een bioetanol \u0219i cel mai bun bioetanol de calitate!","potentialAction":[{"@type":"SearchAction","target":{"@type":"EntryPoint","urlTemplate":"https:\/\/www.bioethanolshop.nl\/en\/?s={search_term_string}"},"query-input":{"@type":"PropertyValueSpecification","valueRequired":true,"valueName":"search_term_string"}}],"inLanguage":"ro-RO"}]}},"_links":{"self":[{"href":"https:\/\/www.bioethanolshop.nl\/ro\/wp-json\/wp\/v2\/product\/247","targetHints":{"allow":["GET"]}}],"collection":[{"href":"https:\/\/www.bioethanolshop.nl\/ro\/wp-json\/wp\/v2\/product"}],"about":[{"href":"https:\/\/www.bioethanolshop.nl\/ro\/wp-json\/wp\/v2\/types\/product"}],"replies":[{"embeddable":true,"href":"https:\/\/www.bioethanolshop.nl\/ro\/wp-json\/wp\/v2\/comments?post=247"}],"version-history":[{"count":1,"href":"https:\/\/www.bioethanolshop.nl\/ro\/wp-json\/wp\/v2\/product\/247\/revisions"}],"predecessor-version":[{"id":278,"href":"https:\/\/www.bioethanolshop.nl\/ro\/wp-json\/wp\/v2\/product\/247\/revisions\/278"}],"wp:featuredmedia":[{"embeddable":true,"href":"https:\/\/www.bioethanolshop.nl\/ro\/wp-json\/wp\/v2\/media\/248"}],"wp:attachment":[{"href":"https:\/\/www.bioethanolshop.nl\/ro\/wp-json\/wp\/v2\/media?parent=247"}],"wp:term":[{"taxonomy":"product_brand","embeddable":true,"href":"https:\/\/www.bioethanolshop.nl\/ro\/wp-json\/wp\/v2\/product_brand?post=247"},{"taxonomy":"product_cat","embeddable":true,"href":"https:\/\/www.bioethanolshop.nl\/ro\/wp-json\/wp\/v2\/product_cat?post=247"},{"taxonomy":"product_tag","embeddable":true,"href":"https:\/\/www.bioethanolshop.nl\/ro\/wp-json\/wp\/v2\/product_tag?post=247"}],"curies":[{"name":"wp","href":"https:\/\/api.w.org\/{rel}","templated":true}]}}