{"id":95,"date":"2021-02-09T12:12:12","date_gmt":"2021-02-09T12:12:12","guid":{"rendered":"https:\/\/www.bioethanolshop.nl\/?page_id=95"},"modified":"2023-08-09T11:51:04","modified_gmt":"2023-08-09T09:51:04","slug":"plata","status":"publish","type":"page","link":"https:\/\/www.bioethanolshop.nl\/ro\/betalen\/","title":{"rendered":"Salariu"},"content":{"rendered":"<div data-elementor-type=\"wp-page\" data-elementor-id=\"95\" class=\"elementor elementor-95\" data-elementor-post-type=\"page\">\n\t\t\t\t\t\t<section class=\"elementor-section elementor-top-section elementor-element elementor-element-105cb355 elementor-section-boxed elementor-section-height-default elementor-section-height-default wd-section-disabled\" data-id=\"105cb355\" data-element_type=\"section\" data-e-type=\"section\">\n\t\t\t\t\t\t<div class=\"elementor-container elementor-column-gap-default\">\n\t\t\t\t\t<div class=\"elementor-column elementor-col-100 elementor-top-column elementor-element elementor-element-2ef1eb42\" data-id=\"2ef1eb42\" data-element_type=\"column\" data-e-type=\"column\">\n\t\t\t<div class=\"elementor-widget-wrap elementor-element-populated\">\n\t\t\t\t\t\t<div class=\"elementor-element elementor-element-4481f816 color-scheme-inherit text-left elementor-widget elementor-widget-text-editor\" data-id=\"4481f816\" data-element_type=\"widget\" data-e-type=\"widget\" data-widget_type=\"text-editor.default\">\n\t\t\t\t<div class=\"elementor-widget-container\">\n\t\t\t\t\t\t\t\t\t\n<p><strong>iDEAL<\/strong><br>Pl\u0103ti\u021bi \u00een mediul de plat\u0103 pe internet de \u00eencredere, pe baza metodelor de securitate ale propriei b\u0103nci.<\/p>\n\n\n\n<p><strong>Cum func\u021bioneaz\u0103 iDEAL?<br><\/strong>Alege\u021bi iDEAL ca metod\u0103 de plat\u0103, apoi selecta\u021bi banca dumneavoastr\u0103. Apoi ve\u021bi fi redirec\u021bionat c\u0103tre site-ul b\u0103ncii dumneavoastr\u0103, unde ordinul de plat\u0103 este preg\u0103tit pentru dumneavoastr\u0103. Banca v\u0103 va cere s\u0103 completa\u021bi c\u00e2teva informa\u021bii, iar dumneavoastr\u0103 ve\u021bi autoriza plata. Suma este debitat\u0103 direct din contul dumneavoastr\u0103 de cecuri \u0219i suntem informa\u021bi c\u0103 comanda este pl\u0103tit\u0103.<\/p>\n\n\n\n<p><strong>Transfer bancar \u00een avans<br><\/strong>\u00cen cazul unui transfer bancar \u00een avans, ve\u021bi primi imediat dup\u0103 plasarea comenzii un e-mail de confirmare cu referin\u021ba de plat\u0103 \u0219i suma total\u0103 care trebuie pl\u0103tit\u0103. Comanda dvs. va fi expediat\u0103 dup\u0103 ce plata este primit\u0103, procesarea acestor pl\u0103\u021bi poate dura 1-2 zile lucr\u0103toare.<\/p>\n\n\n\n<p><strong>Pl\u0103ti\u021bi pe factur\u0103<br><\/strong>Dac\u0103 a\u021bi comandat de mai multe ori de la noi, v\u0103 oferim posibilitatea de a v\u0103 livra comanda pe factur\u0103. Aceast\u0103 procedur\u0103 va fi discutat\u0103 \u0219i \u00eenaintat\u0103 evaluatorului nostru de credite. Pentru aceasta avem nevoie de toate datele dumneavoastr\u0103 \u0219i de o confirmare scris\u0103 a comenzii. Comanda v\u0103 va fi trimis\u0103 imediat. Factura trebuie achitat\u0103 imediat dup\u0103 livrare prin transfer bancar. \u00cen caz de abuz sau de \u00eent\u00e2rziere inutil\u0103, vom apela la un executor judec\u0103toresc pentru a colecta suma restant\u0103.<\/p>\n\n\n\n<p><strong>Card de credit \u0219i metode de plat\u0103 str\u0103ine<br><\/strong>Accept\u0103m mai multe carduri de credit: pute\u021bi pl\u0103ti cu Visa, Mastercard, American Express. De asemenea, pute\u021bi pl\u0103ti cu Sofort Uberweisung, KBC, MrCash \u0219i Maestro.<\/p>\n\n\n\n<p><strong>Pl\u0103\u021bile prin Paypal. Cum func\u021bioneaz\u0103?<br><\/strong>PayPal v\u0103 permite s\u0103 face\u021bi cump\u0103r\u0103turi online f\u0103r\u0103 s\u0103 v\u0103 expune\u021bi informa\u021biile financiare. V\u0103 pute\u021bi \u00eenregistra cu u\u0219urin\u021b\u0103 la ei folosind adresa de e-mail. Desigur, trebuie s\u0103 le furniza\u021bi mai \u00eent\u00e2i detaliile contului bancar sau ale cardului de credit. Din acel moment, ave\u021bi un cont la ei, care este legat de adresa dvs. de e-mail, iar acest lucru se aplic\u0103 \u0219i tuturor celorlalte persoane care au un cont la ei. www.paypal.com<\/p>\n\n\n\n<p>Pentru a transfera bani c\u0103tre un alt utilizator PayPal, trebuie doar s\u0103 cunoa\u0219te\u021bi adresa de e-mail a acestui utilizator. Dac\u0103 aproba\u021bi plata, suma va fi retras\u0103 automat din contul dumneavoastr\u0103. Plata va fi confirmat\u0103 printr-un e-mail.<\/p>\n\n\n\n<p>Pute\u021bi, de asemenea, s\u0103 depune\u021bi bani \u00een acest cont \u0219i s\u0103 pl\u0103ti\u021bi direct cu el. Deschiderea unui cont, transferul de bani c\u0103tre al\u021bi utilizatori PayPal \u0219i depunerea de bani \u00een propriul cont sunt gratuite. Retragerea de bani din propriul cont, primirea de bani \u00een contul dumneavoastr\u0103 sau conversia de valut\u0103 nu este \u00eentotdeauna gratuit\u0103.<\/p>\n\n\n\n<p><strong>Pl\u0103ti\u021bi dup\u0103 aceea cu IN3<br><\/strong>Cu IN3 pute\u021bi pl\u0103ti \u00een 3 rate cu o dob\u00e2nd\u0103 de 0%. IN3 este singura metod\u0103 de plat\u0103 diferen\u021biat\u0103 f\u0103r\u0103 \u00eenregistrare \u0219i dob\u00e2nd\u0103 BKR. Pl\u0103ti\u021bi \u00een trei tran\u0219e \u00een termen de 60 de zile. IN3 face o verificare a creditului \u00een timpul procesului de comand\u0103. Este posibil s\u0103 fi\u021bi respins, v\u0103 rug\u0103m s\u0103 alege\u021bi o alt\u0103 metod\u0103 de plat\u0103.<\/p>\n\n\n\n<p><strong>Costuri pentru metodele de expediere<br><\/strong>iDEAL: Gratuit<br>Transfer bancar \u00een avans: Gratuit<br>Factura: Gratuit (plata imediat dup\u0103 primire)<br>Card de credit: Gratuit<br>IN3: Gratuit<br>Paypal:3% magazin<\/p>\n\t\t\t\t\t\t\t\t<\/div>\n\t\t\t\t<\/div>\n\t\t\t\t\t<\/div>\n\t\t<\/div>\n\t\t\t\t\t<\/div>\n\t\t<\/section>\n\t\t\t\t<\/div>","protected":false},"excerpt":{"rendered":"<p>iDEALU pl\u0103te\u0219te \u00een mediul dvs. familiar de plat\u0103 online, bazat pe metodele de securitate ale propriei b\u0103nci. Cum func\u021bioneaz\u0103 iDEAL?<\/p>","protected":false},"author":1,"featured_media":0,"parent":0,"menu_order":0,"comment_status":"closed","ping_status":"closed","template":"","meta":{"_acf_changed":false,"footnotes":""},"class_list":["post-95","page","type-page","status-publish","hentry"],"acf":[],"yoast_head":"<!-- This site is optimized with the Yoast SEO Premium plugin v27.2 (Yoast SEO v27.2) - https:\/\/yoast.com\/product\/yoast-seo-premium-wordpress\/ -->\n<title>Betalen | Bioethanolshop.nl<\/title>\n<meta name=\"robots\" content=\"index, follow, max-snippet:-1, max-image-preview:large, max-video-preview:-1\" \/>\n<link rel=\"canonical\" href=\"https:\/\/www.bioethanolshop.nl\/ro\/plata\/\" \/>\n<meta property=\"og:locale\" content=\"ro_RO\" \/>\n<meta property=\"og:type\" content=\"article\" \/>\n<meta property=\"og:title\" content=\"Betalen\" \/>\n<meta property=\"og:description\" content=\"iDEALU rekent af in uw vertrouwde internet betaalomgeving, op basis van de beveiligingsmethodes van uw eigen bank. Hoe werkt iDEAL?U\" \/>\n<meta property=\"og:url\" content=\"https:\/\/www.bioethanolshop.nl\/ro\/plata\/\" \/>\n<meta property=\"og:site_name\" content=\"Bioethanolshop.nl\" \/>\n<meta property=\"article:publisher\" content=\"https:\/\/www.facebook.com\/profile.php?id=100064154436458\" \/>\n<meta property=\"article:modified_time\" content=\"2023-08-09T09:51:04+00:00\" \/>\n<meta name=\"twitter:card\" content=\"summary_large_image\" \/>\n<meta name=\"twitter:label1\" content=\"Timp estimat pentru citire\" \/>\n\t<meta name=\"twitter:data1\" content=\"3 minute\" \/>\n<!-- \/ Yoast SEO Premium plugin. -->","yoast_head_json":{"title":"Plata | Bioethanolshop.com","robots":{"index":"index","follow":"follow","max-snippet":"max-snippet:-1","max-image-preview":"max-image-preview:large","max-video-preview":"max-video-preview:-1"},"canonical":"https:\/\/www.bioethanolshop.nl\/ro\/plata\/","og_locale":"ro_RO","og_type":"article","og_title":"Betalen","og_description":"iDEALU rekent af in uw vertrouwde internet betaalomgeving, op basis van de beveiligingsmethodes van uw eigen bank. Hoe werkt iDEAL?U","og_url":"https:\/\/www.bioethanolshop.nl\/ro\/plata\/","og_site_name":"Bioethanolshop.nl","article_publisher":"https:\/\/www.facebook.com\/profile.php?id=100064154436458","article_modified_time":"2023-08-09T09:51:04+00:00","twitter_card":"summary_large_image","twitter_misc":{"Timp estimat pentru citire":"3 minute"},"schema":{"@context":"https:\/\/schema.org","@graph":[{"@type":"WebPage","@id":"https:\/\/www.bioethanolshop.nl\/betalen\/","url":"https:\/\/www.bioethanolshop.nl\/betalen\/","name":"Plata | Bioethanolshop.com","isPartOf":{"@id":"https:\/\/www.bioethanolshop.nl\/en\/#website"},"datePublished":"2021-02-09T12:12:12+00:00","dateModified":"2023-08-09T09:51:04+00:00","breadcrumb":{"@id":"https:\/\/www.bioethanolshop.nl\/betalen\/#breadcrumb"},"inLanguage":"ro-RO","potentialAction":[{"@type":"ReadAction","target":["https:\/\/www.bioethanolshop.nl\/betalen\/"]}]},{"@type":"BreadcrumbList","@id":"https:\/\/www.bioethanolshop.nl\/betalen\/#breadcrumb","itemListElement":[{"@type":"ListItem","position":1,"name":"Home","item":"https:\/\/www.bioethanolshop.nl\/"},{"@type":"ListItem","position":2,"name":"Betalen"}]},{"@type":"WebSite","@id":"https:\/\/www.bioethanolshop.nl\/en\/#website","url":"https:\/\/www.bioethanolshop.nl\/en\/","name":"Bioethanolshop.nl","description":"Cel mai mare \u00een bioetanol \u0219i cel mai bun bioetanol de calitate!","potentialAction":[{"@type":"SearchAction","target":{"@type":"EntryPoint","urlTemplate":"https:\/\/www.bioethanolshop.nl\/en\/?s={search_term_string}"},"query-input":{"@type":"PropertyValueSpecification","valueRequired":true,"valueName":"search_term_string"}}],"inLanguage":"ro-RO"}]}},"_links":{"self":[{"href":"https:\/\/www.bioethanolshop.nl\/ro\/wp-json\/wp\/v2\/pages\/95","targetHints":{"allow":["GET"]}}],"collection":[{"href":"https:\/\/www.bioethanolshop.nl\/ro\/wp-json\/wp\/v2\/pages"}],"about":[{"href":"https:\/\/www.bioethanolshop.nl\/ro\/wp-json\/wp\/v2\/types\/page"}],"author":[{"embeddable":true,"href":"https:\/\/www.bioethanolshop.nl\/ro\/wp-json\/wp\/v2\/users\/1"}],"replies":[{"embeddable":true,"href":"https:\/\/www.bioethanolshop.nl\/ro\/wp-json\/wp\/v2\/comments?post=95"}],"version-history":[{"count":3,"href":"https:\/\/www.bioethanolshop.nl\/ro\/wp-json\/wp\/v2\/pages\/95\/revisions"}],"predecessor-version":[{"id":8351,"href":"https:\/\/www.bioethanolshop.nl\/ro\/wp-json\/wp\/v2\/pages\/95\/revisions\/8351"}],"wp:attachment":[{"href":"https:\/\/www.bioethanolshop.nl\/ro\/wp-json\/wp\/v2\/media?parent=95"}],"curies":[{"name":"wp","href":"https:\/\/api.w.org\/{rel}","templated":true}]}}