{"id":252,"date":"2021-02-27T13:21:08","date_gmt":"2021-02-27T13:21:08","guid":{"rendered":"https:\/\/www.bioethanolshop.nl\/?page_id=252"},"modified":"2021-02-27T13:21:09","modified_gmt":"2021-02-27T13:21:09","slug":"expediere-si-colectare-2","status":"publish","type":"page","link":"https:\/\/www.bioethanolshop.nl\/ro\/verzendkosten-en-afhalen-2\/","title":{"rendered":"Costuri de expediere \u0219i preluare"},"content":{"rendered":"<h3 class=\"wp-block-heading\" id=\"h-verwerkingskosten-bestelling\">Costuri de procesare a comenzilor<\/h3>\n\n\n\n<p>Fiecare comand\u0103 implic\u0103 costuri de procesare, cum ar fi depozitare, materiale de ambalare etc. Pentru comenzi mai mici de 50,00 \u20ac cu TVA inclus, pe l\u00e2ng\u0103 costurile de expediere de 5,74 \u20ac f\u0103r\u0103 TVA \/ 6,95 \u20ac cu TVA inclus, percepem \u0219i o contribu\u021bie la costurile de procesare a comenzii dumneavoastr\u0103. Contribu\u021bia total\u0103 la aceste costuri de procesare \u0219i expediere este de 9,00 \u20ac f\u0103r\u0103 taxe \/ 10,89 \u20ac cu taxe incluse. Aceste costuri sunt vizibile la finalizarea comenzii \u00een magazinele noastre online.<\/p>\n\n\n\n<h3 class=\"wp-block-heading\" id=\"h-verzendwijze-pakketzending\">Metoda de expediere expediere colete<\/h3>\n\n\n\n<p>Transportul este efectuat de c\u0103tre un transportator sau un serviciu de livrare de colete de renume, cum ar fi PostNL, DHL sau TransMission. \u00cen cazul \u00een care consider\u0103m c\u0103 este necesar, putem decide s\u0103 folosim un alt transportor. Punctul de plecare este \u00eentotdeauna o conexiune optim\u0103 la cel mai rapid timp de livrare posibil, la costuri rezonabile.<\/p>\n\n\n\n<h3 class=\"wp-block-heading\" id=\"h-verzendkosten-palletzending\">Costuri de expediere Transportul pale\u021bilor<\/h3>\n\n\n\n<p>Se poate \u00eent\u00e2mpla ca o comand\u0103 s\u0103 fie at\u00e2t de mare sau de grea \u00eenc\u00e2t s\u0103 fie livrat\u0103 prin intermediul unui transport pe pale\u021bi. \u00cen acest caz, este livrat pe un palet de depozit. \u00cen cazul \u00een care destinatarul nu poate sau nu dore\u0219te s\u0103 dea expeditorului un palet gol, va trebui s\u0103 percepem o tax\u0103 de 15,00 EUR pentru acest lucru. Paleta de p\u0103strare a depozitului poate fi predat\u0103 de c\u0103tre destinatar unui transportator local. Pre\u021burile de depozit pot fi diferite \u00een func\u021bie de \u021bar\u0103\/regiune.<\/p>\n\n\n\n<p><strong>Costurile de expediere \u00een Olanda \u0219i Belgia sunt GRATUITE la o comand\u0103 de 50,00 \u20ac cu TVA inclus sau mai mult (cu excep\u021bia unui eventual depozit pentru materiale de transport).<\/strong><\/p>\n\n\n\n<h3 class=\"wp-block-heading\" id=\"h-verzendkosten-buiten-de-benelux\">Costuri de expediere \u00een afara Beneluxului<\/h3>\n\n\n\n<p>Costurile de expediere \u00een Europa (\u00een afara Benelux) sunt la cerere. \u00cen cazul \u00een care un transport de marf\u0103 trebuie s\u0103 v\u0103 fie oferit a doua oar\u0103 sau ulterior, v\u0103 vom percepe costurile suplimentare.<\/p>\n\n\n\n<h3 class=\"wp-block-heading\" id=\"h-afhalen\">Ridica\u021bi<\/h3>\n\n\n\n<p>\u00cen parte din cauza COVID-19, \u00een prezent nu este posibil s\u0103 v\u0103 ridica\u021bi comanda. Fiecare comand\u0103 va fi livrat\u0103 la adresa dvs. de c\u0103tre transportatorul ales de noi, \u021bin\u00e2nd cont de reglement\u0103rile (de urgen\u021b\u0103) aplicabile.<\/p>","protected":false},"excerpt":{"rendered":"<p>Costurile de procesare a comenzilor Fiecare comand\u0103 implic\u0103 costuri de procesare, cum ar fi costurile de depozitare, de ambalare etc. Pentru comenzi mai mici de 50,00 EUR, inclusiv<\/p>","protected":false},"author":3,"featured_media":0,"parent":0,"menu_order":0,"comment_status":"closed","ping_status":"closed","template":"","meta":{"_acf_changed":false,"footnotes":""},"class_list":["post-252","page","type-page","status-publish","hentry"],"acf":[],"yoast_head":"<!-- This site is optimized with the Yoast SEO Premium plugin v27.5 (Yoast SEO v27.5) - https:\/\/yoast.com\/product\/yoast-seo-premium-wordpress\/ -->\n<title>Verzendkosten en afhalen | Bioethanolshop.nl<\/title>\n<meta name=\"robots\" content=\"index, follow, max-snippet:-1, max-image-preview:large, max-video-preview:-1\" \/>\n<link rel=\"canonical\" href=\"https:\/\/www.bioethanolshop.nl\/ro\/expediere-si-colectare-2\/\" \/>\n<meta property=\"og:locale\" content=\"ro_RO\" \/>\n<meta property=\"og:type\" content=\"article\" \/>\n<meta property=\"og:title\" content=\"Verzendkosten en afhalen\" \/>\n<meta property=\"og:description\" content=\"Verwerkingskosten bestelling Elke bestelling brengt verwerkingskosten met zich mee, zoals opslag, verpakkingsmateriaal, etcetera. Bij bestellingen onder de \u20ac 50,00 inclusief\" \/>\n<meta property=\"og:url\" content=\"https:\/\/www.bioethanolshop.nl\/ro\/expediere-si-colectare-2\/\" \/>\n<meta property=\"og:site_name\" content=\"Bioethanolshop.nl\" \/>\n<meta property=\"article:publisher\" content=\"https:\/\/www.facebook.com\/profile.php?id=100064154436458\" \/>\n<meta property=\"article:modified_time\" content=\"2021-02-27T13:21:09+00:00\" \/>\n<meta name=\"twitter:card\" content=\"summary_large_image\" \/>\n<meta name=\"twitter:label1\" content=\"Timp estimat pentru citire\" \/>\n\t<meta name=\"twitter:data1\" content=\"1 minut\" \/>\n<!-- \/ Yoast SEO Premium plugin. -->","yoast_head_json":{"title":"Livrare \u0219i preluare | Bioethanolshop.com","robots":{"index":"index","follow":"follow","max-snippet":"max-snippet:-1","max-image-preview":"max-image-preview:large","max-video-preview":"max-video-preview:-1"},"canonical":"https:\/\/www.bioethanolshop.nl\/ro\/expediere-si-colectare-2\/","og_locale":"ro_RO","og_type":"article","og_title":"Verzendkosten en afhalen","og_description":"Verwerkingskosten bestelling Elke bestelling brengt verwerkingskosten met zich mee, zoals opslag, verpakkingsmateriaal, etcetera. Bij bestellingen onder de \u20ac 50,00 inclusief","og_url":"https:\/\/www.bioethanolshop.nl\/ro\/expediere-si-colectare-2\/","og_site_name":"Bioethanolshop.nl","article_publisher":"https:\/\/www.facebook.com\/profile.php?id=100064154436458","article_modified_time":"2021-02-27T13:21:09+00:00","twitter_card":"summary_large_image","twitter_misc":{"Timp estimat pentru citire":"1 minut"},"schema":{"@context":"https:\/\/schema.org","@graph":[{"@type":"WebPage","@id":"https:\/\/www.bioethanolshop.nl\/verzendkosten-en-afhalen-2\/","url":"https:\/\/www.bioethanolshop.nl\/verzendkosten-en-afhalen-2\/","name":"Livrare \u0219i preluare | Bioethanolshop.com","isPartOf":{"@id":"https:\/\/www.bioethanolshop.nl\/en\/#website"},"datePublished":"2021-02-27T13:21:08+00:00","dateModified":"2021-02-27T13:21:09+00:00","breadcrumb":{"@id":"https:\/\/www.bioethanolshop.nl\/verzendkosten-en-afhalen-2\/#breadcrumb"},"inLanguage":"ro-RO","potentialAction":[{"@type":"ReadAction","target":["https:\/\/www.bioethanolshop.nl\/verzendkosten-en-afhalen-2\/"]}]},{"@type":"BreadcrumbList","@id":"https:\/\/www.bioethanolshop.nl\/verzendkosten-en-afhalen-2\/#breadcrumb","itemListElement":[{"@type":"ListItem","position":1,"name":"Home","item":"https:\/\/www.bioethanolshop.nl\/"},{"@type":"ListItem","position":2,"name":"Verzendkosten en afhalen"}]},{"@type":"WebSite","@id":"https:\/\/www.bioethanolshop.nl\/en\/#website","url":"https:\/\/www.bioethanolshop.nl\/en\/","name":"Bioethanolshop.nl","description":"Cel mai mare \u00een bioetanol \u0219i cel mai bun bioetanol de calitate!","potentialAction":[{"@type":"SearchAction","target":{"@type":"EntryPoint","urlTemplate":"https:\/\/www.bioethanolshop.nl\/en\/?s={search_term_string}"},"query-input":{"@type":"PropertyValueSpecification","valueRequired":true,"valueName":"search_term_string"}}],"inLanguage":"ro-RO"}]}},"_links":{"self":[{"href":"https:\/\/www.bioethanolshop.nl\/ro\/wp-json\/wp\/v2\/pages\/252","targetHints":{"allow":["GET"]}}],"collection":[{"href":"https:\/\/www.bioethanolshop.nl\/ro\/wp-json\/wp\/v2\/pages"}],"about":[{"href":"https:\/\/www.bioethanolshop.nl\/ro\/wp-json\/wp\/v2\/types\/page"}],"author":[{"embeddable":true,"href":"https:\/\/www.bioethanolshop.nl\/ro\/wp-json\/wp\/v2\/users\/3"}],"replies":[{"embeddable":true,"href":"https:\/\/www.bioethanolshop.nl\/ro\/wp-json\/wp\/v2\/comments?post=252"}],"version-history":[{"count":1,"href":"https:\/\/www.bioethanolshop.nl\/ro\/wp-json\/wp\/v2\/pages\/252\/revisions"}],"predecessor-version":[{"id":253,"href":"https:\/\/www.bioethanolshop.nl\/ro\/wp-json\/wp\/v2\/pages\/252\/revisions\/253"}],"wp:attachment":[{"href":"https:\/\/www.bioethanolshop.nl\/ro\/wp-json\/wp\/v2\/media?parent=252"}],"curies":[{"name":"wp","href":"https:\/\/api.w.org\/{rel}","templated":true}]}}