{"id":84,"date":"2021-02-09T12:04:07","date_gmt":"2021-02-09T12:04:07","guid":{"rendered":"https:\/\/www.bioethanolshop.nl\/?page_id=84"},"modified":"2023-08-09T11:35:22","modified_gmt":"2023-08-09T09:35:22","slug":"isencao-de-responsabilidade","status":"publish","type":"page","link":"https:\/\/www.bioethanolshop.nl\/pt\/disclaimer\/","title":{"rendered":"Isen\u00e7\u00e3o de responsabilidade"},"content":{"rendered":"<div data-elementor-type=\"wp-page\" data-elementor-id=\"84\" class=\"elementor elementor-84\" data-elementor-post-type=\"page\">\n\t\t\t\t\t\t<section class=\"elementor-section elementor-top-section elementor-element elementor-element-64f55831 elementor-section-boxed elementor-section-height-default elementor-section-height-default wd-section-disabled\" data-id=\"64f55831\" data-element_type=\"section\" data-e-type=\"section\">\n\t\t\t\t\t\t<div class=\"elementor-container elementor-column-gap-default\">\n\t\t\t\t\t<div class=\"elementor-column elementor-col-100 elementor-top-column elementor-element elementor-element-35ae81ab\" data-id=\"35ae81ab\" data-element_type=\"column\" data-e-type=\"column\">\n\t\t\t<div class=\"elementor-widget-wrap elementor-element-populated\">\n\t\t\t\t\t\t<div class=\"elementor-element elementor-element-f67d3ae color-scheme-inherit text-left elementor-widget elementor-widget-text-editor\" data-id=\"f67d3ae\" data-element_type=\"widget\" data-e-type=\"widget\" data-widget_type=\"text-editor.default\">\n\t\t\t\t<div class=\"elementor-widget-container\">\n\t\t\t\t\t\t\t\t\t\n<p>KBH BV, negociando sob Bioethanolshop, presta a m\u00e1xima aten\u00e7\u00e3o \u00e0s informa\u00e7\u00f5es em seus sites. Embora tenhamos o maior cuidado poss\u00edvel ao compilar as informa\u00e7\u00f5es fornecidas neste site, n\u00e3o podemos garantir que essas informa\u00e7\u00f5es estejam sempre completas, corretas ou completas. Tamb\u00e9m n\u00e3o garantimos que a sua utiliza\u00e7\u00e3o conduza aos resultados correctos ou que a informa\u00e7\u00e3o seja adequada para fins espec\u00edficos. A KBH BV reserva-se todos os direitos em rela\u00e7\u00e3o \u00e0s informa\u00e7\u00f5es fornecidas neste site. A publica\u00e7\u00e3o de qualquer outra forma ou o processamento dessa informa\u00e7\u00e3o n\u00e3o \u00e9 permitida sem o consentimento pr\u00e9vio da KBH BV. Por favor, dirija os seus pedidos para info@kbhonline.eu.<\/p>\n\n\n\n<p><strong>Nenhuma responsabilidade<\/strong><\/p>\n\n\n\n<p>N\u00e3o podemos garantir que o uso das informa\u00e7\u00f5es deste website n\u00e3o infrinja os direitos de terceiros. Em nenhum caso a KBH BV, seus acionistas e\/ou funcion\u00e1rios, ser\u00e3o respons\u00e1veis por quaisquer danos, diretos ou indiretos, decorrentes de e\/ou resultantes do uso do website (informa\u00e7\u00f5es no website).<\/p>\n\n\n\n<p><strong>E-mail<\/strong><\/p>\n\n\n\n<p>Voc\u00ea pode nos contatar, entre outras coisas, por e-mail. No entanto, a transmiss\u00e3o de mensagens de e-mail nunca \u00e9 100% segura. Ao enviar-nos informa\u00e7\u00f5es confidenciais e\/ou sens\u00edveis por e-mail sem criptografia, voc\u00ea aceita o risco de que essas informa\u00e7\u00f5es possam se tornar conhecidas por terceiros.<\/p>\n\n\n\n<p><strong>Hiperliga\u00e7\u00f5es<\/strong><\/p>\n\n\n\n<p>V\u00e1rios hyperlinks neste website levam a websites mantidos por terceiros sobre os quais a KBH BV n\u00e3o tem controle. A KBH BV n\u00e3o d\u00e1 qualquer garantia quanto \u00e0 exactid\u00e3o ou integridade das informa\u00e7\u00f5es contidas nestes sites. A presen\u00e7a de hyperlinks para sites de terceiros n\u00e3o significa que patrocinamos ou endossamos o seu conte\u00fado.<\/p>\n\n\n\n<p>Mudan\u00e7as<\/p>\n\n\n\n<p>Podemos alterar as informa\u00e7\u00f5es deste site a qualquer momento. No entanto, n\u00e3o somos obrigados a manter as informa\u00e7\u00f5es do site atualizadas. Se voc\u00ea tiver alguma d\u00favida como resultado das informa\u00e7\u00f5es no site, \u00e9 claro que voc\u00ea pode sempre entrar em contato conosco.<\/p>\n\t\t\t\t\t\t\t\t<\/div>\n\t\t\t\t<\/div>\n\t\t\t\t\t<\/div>\n\t\t<\/div>\n\t\t\t\t\t<\/div>\n\t\t<\/section>\n\t\t\t\t<\/div>","protected":false},"excerpt":{"rendered":"<p>A KBH BV, que actua como Bioethanolshop, presta a m\u00e1xima aten\u00e7\u00e3o \u00e0 informa\u00e7\u00e3o contida nos seus s\u00edtios Web. Embora tomemos o maior cuidado poss\u00edvel<\/p>","protected":false},"author":1,"featured_media":0,"parent":0,"menu_order":0,"comment_status":"closed","ping_status":"closed","template":"","meta":{"_acf_changed":false,"footnotes":""},"class_list":["post-84","page","type-page","status-publish","hentry"],"acf":[],"yoast_head":"<!-- This site is optimized with the Yoast SEO Premium plugin v27.2 (Yoast SEO v27.2) - https:\/\/yoast.com\/product\/yoast-seo-premium-wordpress\/ -->\n<title>Disclaimer | Bioethanolshop.nl<\/title>\n<meta name=\"robots\" content=\"index, follow, max-snippet:-1, max-image-preview:large, max-video-preview:-1\" \/>\n<link rel=\"canonical\" href=\"https:\/\/www.bioethanolshop.nl\/pt\/isencao-de-responsabilidade\/\" \/>\n<meta property=\"og:locale\" content=\"pt_PT\" \/>\n<meta property=\"og:type\" content=\"article\" \/>\n<meta property=\"og:title\" content=\"Disclaimer\" \/>\n<meta property=\"og:description\" content=\"KBH BV, handelend onder Bioethanolshop, besteedt de uiterste aandacht aan de informatie op haar websites. Hoewel wij de grootst mogelijke\" \/>\n<meta property=\"og:url\" content=\"https:\/\/www.bioethanolshop.nl\/pt\/isencao-de-responsabilidade\/\" \/>\n<meta property=\"og:site_name\" content=\"Bioethanolshop.nl\" \/>\n<meta property=\"article:publisher\" content=\"https:\/\/www.facebook.com\/profile.php?id=100064154436458\" \/>\n<meta property=\"article:modified_time\" content=\"2023-08-09T09:35:22+00:00\" \/>\n<meta name=\"twitter:card\" content=\"summary_large_image\" \/>\n<meta name=\"twitter:label1\" content=\"Tempo estimado de leitura\" \/>\n\t<meta name=\"twitter:data1\" content=\"2 minutos\" \/>\n<!-- \/ Yoast SEO Premium plugin. -->","yoast_head_json":{"title":"Aviso Legal | Bioethanolshop.pt","robots":{"index":"index","follow":"follow","max-snippet":"max-snippet:-1","max-image-preview":"max-image-preview:large","max-video-preview":"max-video-preview:-1"},"canonical":"https:\/\/www.bioethanolshop.nl\/pt\/isencao-de-responsabilidade\/","og_locale":"pt_PT","og_type":"article","og_title":"Disclaimer","og_description":"KBH BV, handelend onder Bioethanolshop, besteedt de uiterste aandacht aan de informatie op haar websites. Hoewel wij de grootst mogelijke","og_url":"https:\/\/www.bioethanolshop.nl\/pt\/isencao-de-responsabilidade\/","og_site_name":"Bioethanolshop.nl","article_publisher":"https:\/\/www.facebook.com\/profile.php?id=100064154436458","article_modified_time":"2023-08-09T09:35:22+00:00","twitter_card":"summary_large_image","twitter_misc":{"Tempo estimado de leitura":"2 minutos"},"schema":{"@context":"https:\/\/schema.org","@graph":[{"@type":"WebPage","@id":"https:\/\/www.bioethanolshop.nl\/disclaimer\/","url":"https:\/\/www.bioethanolshop.nl\/disclaimer\/","name":"Aviso Legal | Bioethanolshop.pt","isPartOf":{"@id":"https:\/\/www.bioethanolshop.nl\/en\/#website"},"datePublished":"2021-02-09T12:04:07+00:00","dateModified":"2023-08-09T09:35:22+00:00","breadcrumb":{"@id":"https:\/\/www.bioethanolshop.nl\/disclaimer\/#breadcrumb"},"inLanguage":"pt-PT","potentialAction":[{"@type":"ReadAction","target":["https:\/\/www.bioethanolshop.nl\/disclaimer\/"]}]},{"@type":"BreadcrumbList","@id":"https:\/\/www.bioethanolshop.nl\/disclaimer\/#breadcrumb","itemListElement":[{"@type":"ListItem","position":1,"name":"Home","item":"https:\/\/www.bioethanolshop.nl\/"},{"@type":"ListItem","position":2,"name":"Disclaimer"}]},{"@type":"WebSite","@id":"https:\/\/www.bioethanolshop.nl\/en\/#website","url":"https:\/\/www.bioethanolshop.nl\/en\/","name":"Bioethanolshop.nl","description":"O maior em bioetanol e bioetanol da melhor qualidade!","potentialAction":[{"@type":"SearchAction","target":{"@type":"EntryPoint","urlTemplate":"https:\/\/www.bioethanolshop.nl\/en\/?s={search_term_string}"},"query-input":{"@type":"PropertyValueSpecification","valueRequired":true,"valueName":"search_term_string"}}],"inLanguage":"pt-PT"}]}},"_links":{"self":[{"href":"https:\/\/www.bioethanolshop.nl\/pt\/wp-json\/wp\/v2\/pages\/84","targetHints":{"allow":["GET"]}}],"collection":[{"href":"https:\/\/www.bioethanolshop.nl\/pt\/wp-json\/wp\/v2\/pages"}],"about":[{"href":"https:\/\/www.bioethanolshop.nl\/pt\/wp-json\/wp\/v2\/types\/page"}],"author":[{"embeddable":true,"href":"https:\/\/www.bioethanolshop.nl\/pt\/wp-json\/wp\/v2\/users\/1"}],"replies":[{"embeddable":true,"href":"https:\/\/www.bioethanolshop.nl\/pt\/wp-json\/wp\/v2\/comments?post=84"}],"version-history":[{"count":3,"href":"https:\/\/www.bioethanolshop.nl\/pt\/wp-json\/wp\/v2\/pages\/84\/revisions"}],"predecessor-version":[{"id":8330,"href":"https:\/\/www.bioethanolshop.nl\/pt\/wp-json\/wp\/v2\/pages\/84\/revisions\/8330"}],"wp:attachment":[{"href":"https:\/\/www.bioethanolshop.nl\/pt\/wp-json\/wp\/v2\/media?parent=84"}],"curies":[{"name":"wp","href":"https:\/\/api.w.org\/{rel}","templated":true}]}}