{"id":111,"date":"2021-02-09T12:41:02","date_gmt":"2021-02-09T12:41:02","guid":{"rendered":"https:\/\/www.bioethanolshop.nl\/?page_id=111"},"modified":"2023-08-09T11:53:09","modified_gmt":"2023-08-09T09:53:09","slug":"expedicao-e-recolha","status":"publish","type":"page","link":"https:\/\/www.bioethanolshop.nl\/pt\/verzendkosten-en-afhalen\/","title":{"rendered":"Custos de envio"},"content":{"rendered":"<div data-elementor-type=\"wp-page\" data-elementor-id=\"111\" class=\"elementor elementor-111\" data-elementor-post-type=\"page\">\n\t\t\t\t\t\t<section class=\"elementor-section elementor-top-section elementor-element elementor-element-43b59f33 elementor-section-boxed elementor-section-height-default elementor-section-height-default wd-section-disabled\" data-id=\"43b59f33\" data-element_type=\"section\" data-e-type=\"section\">\n\t\t\t\t\t\t<div class=\"elementor-container elementor-column-gap-default\">\n\t\t\t\t\t<div class=\"elementor-column elementor-col-100 elementor-top-column elementor-element elementor-element-e245702\" data-id=\"e245702\" data-element_type=\"column\" data-e-type=\"column\">\n\t\t\t<div class=\"elementor-widget-wrap elementor-element-populated\">\n\t\t\t\t\t\t<div class=\"elementor-element elementor-element-7d7aad36 color-scheme-inherit text-left elementor-widget elementor-widget-text-editor\" data-id=\"7d7aad36\" data-element_type=\"widget\" data-e-type=\"widget\" data-widget_type=\"text-editor.default\">\n\t\t\t\t<div class=\"elementor-widget-container\">\n\t\t\t\t\t\t\t\t\t\n<p><strong>Custos de processamento de pedidos<br><\/strong>Cada encomenda envolve custos de processamento, tais como armazenamento, materiais de embalagem, etc. Para encomendas inferiores a 50,00 euros incluindo IVA, para al\u00e9m dos custos de envio de 5,74 euros excluindo IVA \/ 6,95 euros incluindo IVA, tamb\u00e9m cobramos uma contribui\u00e7\u00e3o para os custos de processamento da sua encomenda. A contribui\u00e7\u00e3o total para estes custos de processamento e envio \u00e9 de 9,00 euros excluindo impostos \/ 10,89 euros incl. impostos. Estes custos s\u00e3o vis\u00edveis no checkout das nossas webshops.<\/p>\n\n\n\n<p><strong>M\u00e9todo de envio de encomendas<br><\/strong>O transporte \u00e9 realizado por uma transportadora respeit\u00e1vel ou servi\u00e7o de entrega de encomendas, como PostNL, DHL, DPD ou TransMission. Se acharmos necess\u00e1rio, podemos decidir usar outro transportador. O ponto de partida \u00e9 sempre uma liga\u00e7\u00e3o \u00f3ptima ao tempo de entrega mais r\u00e1pido poss\u00edvel a custos razo\u00e1veis.<\/p>\n\n\n\n<p>Custos de envio de palete<br>Pode acontecer que uma encomenda seja t\u00e3o grande ou pesada que tenha de ser entregue por meio de um carregamento de paletes. Nesse caso, \u00e9 entregue em uma palete de dep\u00f3sito. Se o destinat\u00e1rio n\u00e3o puder ou n\u00e3o quiser dar ao entregador uma palete vazia, teremos de cobrar 15,00 euros por isso. A palete de reten\u00e7\u00e3o de dep\u00f3sitos pode ser entregue pelo destinat\u00e1rio a um transportador local. Os pre\u00e7os dos dep\u00f3sitos podem ser diferentes por pa\u00eds\/regi\u00e3o.<\/p>\n\n\n\n<p>Os custos de envio dentro dos Pa\u00edses Baixos e B\u00e9lgica s\u00e3o GRATUITOS com uma encomenda de 50,00 euros incluindo IVA ou mais (excepto para qualquer dep\u00f3sito sobre os meios de envio)<\/p>\n\n\n\n<p><strong>Custos de envio fora do Benelux<br><\/strong>Os custos de envio dentro da Europa (fora do Benelux) s\u00e3o a pedido. Se um embarque de carga tiver que ser oferecido a voc\u00ea uma segunda vez ou em uma data posterior, n\u00f3s cobraremos os custos adicionais.<\/p>\n\n\n\n<p><strong>Pegar<br><\/strong>Em parte devido \u00e0 COVID-19, n\u00e3o \u00e9 poss\u00edvel atualmente pegar o seu pedido. Cada encomenda ser\u00e1 entregue no seu endere\u00e7o pela nossa transportadora escolhida, tendo em conta os regulamentos (de emerg\u00eancia) aplic\u00e1veis.<\/p>\n\t\t\t\t\t\t\t\t<\/div>\n\t\t\t\t<\/div>\n\t\t\t\t\t<\/div>\n\t\t<\/div>\n\t\t\t\t\t<\/div>\n\t\t<\/section>\n\t\t\t\t<\/div>","protected":false},"excerpt":{"rendered":"<p>Custos de processamento das encomendasTodas as encomendas implicam custos de processamento, tais como armazenamento, materiais de embalagem, etc. Para encomendas inferiores a 50,00 euros, incluindo IVA,<\/p>","protected":false},"author":1,"featured_media":0,"parent":0,"menu_order":0,"comment_status":"closed","ping_status":"closed","template":"","meta":{"_acf_changed":false,"footnotes":""},"class_list":["post-111","page","type-page","status-publish","hentry"],"acf":[],"yoast_head":"<!-- This site is optimized with the Yoast SEO Premium plugin v27.2 (Yoast SEO v27.2) - https:\/\/yoast.com\/product\/yoast-seo-premium-wordpress\/ -->\n<title>Verzendkosten | Bioethanolshop.nl<\/title>\n<meta name=\"robots\" content=\"index, follow, max-snippet:-1, max-image-preview:large, max-video-preview:-1\" \/>\n<link rel=\"canonical\" href=\"https:\/\/www.bioethanolshop.nl\/pt\/expedicao-e-recolha\/\" \/>\n<meta property=\"og:locale\" content=\"pt_PT\" \/>\n<meta property=\"og:type\" content=\"article\" \/>\n<meta property=\"og:title\" content=\"Verzendkosten\" \/>\n<meta property=\"og:description\" content=\"Verwerkingskosten bestellingElke bestelling brengt verwerkingskosten met zich mee, zoals opslag, verpakkingsmateriaal, etcetera. Bij bestellingen onder de \u20ac 50,00 inclusief btw,\" \/>\n<meta property=\"og:url\" content=\"https:\/\/www.bioethanolshop.nl\/pt\/expedicao-e-recolha\/\" \/>\n<meta property=\"og:site_name\" content=\"Bioethanolshop.nl\" \/>\n<meta property=\"article:publisher\" content=\"https:\/\/www.facebook.com\/profile.php?id=100064154436458\" \/>\n<meta property=\"article:modified_time\" content=\"2023-08-09T09:53:09+00:00\" \/>\n<meta name=\"twitter:card\" content=\"summary_large_image\" \/>\n<meta name=\"twitter:label1\" content=\"Tempo estimado de leitura\" \/>\n\t<meta name=\"twitter:data1\" content=\"2 minutos\" \/>\n<!-- \/ Yoast SEO Premium plugin. -->","yoast_head_json":{"title":"Custos de envio | Bioethanolshop.com","robots":{"index":"index","follow":"follow","max-snippet":"max-snippet:-1","max-image-preview":"max-image-preview:large","max-video-preview":"max-video-preview:-1"},"canonical":"https:\/\/www.bioethanolshop.nl\/pt\/expedicao-e-recolha\/","og_locale":"pt_PT","og_type":"article","og_title":"Verzendkosten","og_description":"Verwerkingskosten bestellingElke bestelling brengt verwerkingskosten met zich mee, zoals opslag, verpakkingsmateriaal, etcetera. Bij bestellingen onder de \u20ac 50,00 inclusief btw,","og_url":"https:\/\/www.bioethanolshop.nl\/pt\/expedicao-e-recolha\/","og_site_name":"Bioethanolshop.nl","article_publisher":"https:\/\/www.facebook.com\/profile.php?id=100064154436458","article_modified_time":"2023-08-09T09:53:09+00:00","twitter_card":"summary_large_image","twitter_misc":{"Tempo estimado de leitura":"2 minutos"},"schema":{"@context":"https:\/\/schema.org","@graph":[{"@type":"WebPage","@id":"https:\/\/www.bioethanolshop.nl\/verzendkosten-en-afhalen\/","url":"https:\/\/www.bioethanolshop.nl\/verzendkosten-en-afhalen\/","name":"Custos de envio | Bioethanolshop.com","isPartOf":{"@id":"https:\/\/www.bioethanolshop.nl\/en\/#website"},"datePublished":"2021-02-09T12:41:02+00:00","dateModified":"2023-08-09T09:53:09+00:00","breadcrumb":{"@id":"https:\/\/www.bioethanolshop.nl\/verzendkosten-en-afhalen\/#breadcrumb"},"inLanguage":"pt-PT","potentialAction":[{"@type":"ReadAction","target":["https:\/\/www.bioethanolshop.nl\/verzendkosten-en-afhalen\/"]}]},{"@type":"BreadcrumbList","@id":"https:\/\/www.bioethanolshop.nl\/verzendkosten-en-afhalen\/#breadcrumb","itemListElement":[{"@type":"ListItem","position":1,"name":"Home","item":"https:\/\/www.bioethanolshop.nl\/"},{"@type":"ListItem","position":2,"name":"Verzendkosten"}]},{"@type":"WebSite","@id":"https:\/\/www.bioethanolshop.nl\/en\/#website","url":"https:\/\/www.bioethanolshop.nl\/en\/","name":"Bioethanolshop.nl","description":"O maior em bioetanol e bioetanol da melhor qualidade!","potentialAction":[{"@type":"SearchAction","target":{"@type":"EntryPoint","urlTemplate":"https:\/\/www.bioethanolshop.nl\/en\/?s={search_term_string}"},"query-input":{"@type":"PropertyValueSpecification","valueRequired":true,"valueName":"search_term_string"}}],"inLanguage":"pt-PT"}]}},"_links":{"self":[{"href":"https:\/\/www.bioethanolshop.nl\/pt\/wp-json\/wp\/v2\/pages\/111","targetHints":{"allow":["GET"]}}],"collection":[{"href":"https:\/\/www.bioethanolshop.nl\/pt\/wp-json\/wp\/v2\/pages"}],"about":[{"href":"https:\/\/www.bioethanolshop.nl\/pt\/wp-json\/wp\/v2\/types\/page"}],"author":[{"embeddable":true,"href":"https:\/\/www.bioethanolshop.nl\/pt\/wp-json\/wp\/v2\/users\/1"}],"replies":[{"embeddable":true,"href":"https:\/\/www.bioethanolshop.nl\/pt\/wp-json\/wp\/v2\/comments?post=111"}],"version-history":[{"count":3,"href":"https:\/\/www.bioethanolshop.nl\/pt\/wp-json\/wp\/v2\/pages\/111\/revisions"}],"predecessor-version":[{"id":8361,"href":"https:\/\/www.bioethanolshop.nl\/pt\/wp-json\/wp\/v2\/pages\/111\/revisions\/8361"}],"wp:attachment":[{"href":"https:\/\/www.bioethanolshop.nl\/pt\/wp-json\/wp\/v2\/media?parent=111"}],"curies":[{"name":"wp","href":"https:\/\/api.w.org\/{rel}","templated":true}]}}