{"id":980,"date":"2021-09-30T11:48:55","date_gmt":"2021-09-30T09:48:55","guid":{"rendered":"https:\/\/www.bioethanolshop.nl\/?post_type=product&#038;p=980"},"modified":"2024-02-24T16:07:39","modified_gmt":"2024-02-24T15:07:39","slug":"kynast-solar-led-garden-table-lampa-stolowa-ciepla-biala-swiatlo-z-sciemniaczem-19","status":"publish","type":"product","link":"https:\/\/www.bioethanolshop.nl\/pl\/product\/sfeerhaard-bioethanol-haard-galina-zwart-35cm-tafelhaard\/","title":{"rendered":"Kominek na bioetanol GALINA czarny 35cm kominek sto\u0142owy"},"content":{"rendered":"<h2>Kominek na bioetanol Atmosphere GALINA czarny 35cm kominek sto\u0142owy z lini\u0105 ognia 13cm<\/h2>\n<p><strong>Specyfikacje<\/strong>:<br \/>\nWaga (kg) 3,8<br \/>\nSzeroko\u015b\u0107 (cm) 35,4<br \/>\nWysoko\u015b\u0107 (cm) 21,8<br \/>\nG\u0142\u0119boko\u015b\u0107 (cm) 18<br \/>\nPojemno\u015b\u0107 pojemnika biologicznego (l) 0,3<br \/>\nD\u0142ugo\u015b\u0107 linii ga\u015bniczej (cm) 13<br \/>\nWymiary biokominka (wys. x szer. x g\u0142.) (cm) 5,2 x 24 x 7 W przypadku biokomink\u00f3w nie ma \u017cadnych ogranicze\u0144, takie urz\u0105dzenia nie wymagaj\u0105 skomplikowanej instalacji czy pod\u0142\u0105czenia do komina, s\u0105 \u0142atwe w monta\u017cu i u\u017cytkowaniu. Mo\u017cna je umie\u015bci\u0107 zar\u00f3wno w przestronnym domu, jak i mniejszym mieszkaniu.<\/p>\n<p>Biokominki s\u0105 r\u00f3wnie\u017c doskona\u0142ym rozwi\u0105zaniem do aran\u017cacji wn\u0119trz. Szeroka gama pozwala na wykorzystanie ich w najbardziej oryginalnych pomys\u0142ach.<\/p>\n<p>S\u0105 one opalane ekologicznym paliwem w postaci bioetanolu, co daje efekt prawdziwego ognia.<\/p>\n<p><strong>NATURALNIE CIEP\u0141Y<\/strong><\/p>\n<p>Kominek podnosi temperatur\u0119 otoczenia nawet o kilka stopni Celsjusza, w zale\u017cno\u015bci od wysoko\u015bci p\u0142omienia i wielko\u015bci wn\u0119trza. Generowane przez 100% ciep\u0142o jest przekazywane do pomieszczenia, dzi\u0119ki czemu kominek na bioetanol mo\u017ce by\u0107 dodatkowym \u017ar\u00f3d\u0142em ogrzewania.<\/p>\n<p><strong>WYGODNE U\u017bYTKOWANIE<\/strong><\/p>\n<p>Wystarczy uzupe\u0142ni\u0107 biopaliwo do poziomu wskazanego na kanistrze. P\u0142omie\u0144 mo\u017cna regulowa\u0107 i gasi\u0107 w dowolnym momencie. Nie nale\u017cy zapomina\u0107 o wentylacji pomieszczenia, w kt\u00f3rym znajduje si\u0119 kominek.<\/p>\n<p>Paliwo nale\u017cy uzupe\u0142nia\u0107 tylko wtedy, gdy si\u0119 wypali lub nie pali si\u0119 przez co najmniej 15 minut.<\/p>\n<p><strong>GWARANCJA JAKO\u015aCI<\/strong><\/p>\n<p>Kominki ambientowe wykonane s\u0105 z wysokiej jako\u015bci materia\u0142\u00f3w. Proces produkcji odbywa si\u0119 zgodnie ze \u015bwiatowymi standardami, co potwierdza uzyskany certyfikat ISO 9001:2015.<\/p>\n<p>KONCENTRACJA NA BEZPIECZE\u0143STWIE<\/p>\n<p>Proces produkcji biokominka jest monitorowany przez T\u00dcV - ten kominek posiada niemiecki certyfikat bezpiecze\u0144stwa T\u00dcV.<\/p>\n<p>Pojemnik z certyfikatem T\u00dcV posiada dodatkow\u0105 specjaln\u0105 komor\u0119, kt\u00f3ra zapobiega rozlaniu paliwa w razie przypadkowego przepe\u0142nienia zbiornika. Posiada r\u00f3wnie\u017c wska\u017anik maksymalnego poziomu paliwa.<\/p>\n<p>Wk\u0142ad ch\u0142onny w \u015brodku zbiornika zmniejsza zu\u017cycie paliwa i chroni przed rozlaniem biopaliwa, gdy urz\u0105dzenie jest przechylone.<\/p>\n<p>Ponadto biokominek wyposa\u017cony jest w szyb\u0119 oddzielaj\u0105c\u0105 piec od pomieszczenia, co dodatkowo zwi\u0119ksza bezpiecze\u0144stwo jego u\u017cytkowania.<\/p>","protected":false},"excerpt":{"rendered":"<div class=\"puik-content-header__header puik-content-header__header--image\">\n<div class=\"puik-content-header__header puik-content-header__header--image\">Kominek na bioetanol GALINA czarny 35cm kominek sto\u0142owy<\/div>\n<\/div>","protected":false},"featured_media":981,"comment_status":"closed","ping_status":"closed","template":"","meta":{"_acf_changed":false},"product_brand":[],"product_cat":[70,76,66],"product_tag":[74,73,75],"class_list":{"0":"post-980","1":"product","2":"type-product","3":"status-publish","4":"has-post-thumbnail","6":"product_cat-bioethanol-tafelhaard","7":"product_cat-bioethanolshop-black-friday","8":"product_cat-kratki","9":"product_tag-bioethanol-haard","10":"product_tag-sfeerhaard","11":"product_tag-tafelhaard","13":"first","14":"instock","15":"taxable","16":"shipping-taxable","17":"purchasable","18":"product-type-simple"},"bundled_by":[],"bundle_stock_status":"instock","bundle_stock_quantity":null,"bundle_virtual":false,"bundle_layout":"","bundle_add_to_cart_form_location":"","bundle_editable_in_cart":false,"bundle_sold_individually_context":"","bundle_item_grouping":"","bundle_min_size":"","bundle_max_size":"","bundle_price":[],"bundled_items":[],"bundle_sell_ids":[],"acf":[],"yoast_head":"<!-- This site is optimized with the Yoast SEO Premium plugin v27.2 (Yoast SEO v27.2) - https:\/\/yoast.com\/product\/yoast-seo-premium-wordpress\/ -->\n<title>Sfeerhaard Bioethanol haard GALINA zwart 35cm tafelhaard<\/title>\n<meta name=\"description\" content=\"ACTIEPRIJS: Sfeerhaard Bioethanol haard GALINA zwart 35cm tafelhaard, uniek ontwerp, mooi groot in het zwart\" \/>\n<meta name=\"robots\" content=\"index, follow, max-snippet:-1, max-image-preview:large, max-video-preview:-1\" \/>\n<link rel=\"canonical\" href=\"https:\/\/www.bioethanolshop.nl\/pl\/produkt-2\/kynast-solar-led-garden-table-lampa-stolowa-ciepla-biala-swiatlo-z-sciemniaczem-19\/\" \/>\n<meta property=\"og:locale\" content=\"pl_PL\" \/>\n<meta property=\"og:type\" content=\"article\" \/>\n<meta property=\"og:title\" content=\"Sfeerhaard Bioethanol haard GALINA zwart 35cm tafelhaard\" \/>\n<meta property=\"og:description\" content=\"ACTIEPRIJS: Sfeerhaard Bioethanol haard GALINA zwart 35cm tafelhaard, uniek ontwerp, mooi groot in het zwart\" \/>\n<meta property=\"og:url\" content=\"https:\/\/www.bioethanolshop.nl\/pl\/produkt-2\/kynast-solar-led-garden-table-lampa-stolowa-ciepla-biala-swiatlo-z-sciemniaczem-19\/\" \/>\n<meta property=\"og:site_name\" content=\"Bioethanolshop.nl\" \/>\n<meta property=\"article:publisher\" content=\"https:\/\/www.facebook.com\/profile.php?id=100064154436458\" \/>\n<meta property=\"article:modified_time\" content=\"2024-02-24T15:07:39+00:00\" \/>\n<meta property=\"og:image\" content=\"https:\/\/www.bioethanolshop.nl\/wp-content\/uploads\/2021\/09\/Galina-1.png\" \/>\n\t<meta property=\"og:image:width\" content=\"650\" \/>\n\t<meta property=\"og:image:height\" content=\"650\" \/>\n\t<meta property=\"og:image:type\" content=\"image\/png\" \/>\n<meta name=\"twitter:card\" content=\"summary_large_image\" \/>\n<meta name=\"twitter:label1\" content=\"Szacowany czas czytania\" \/>\n\t<meta name=\"twitter:data1\" content=\"2 minuty\" \/>\n<!-- \/ Yoast SEO Premium plugin. -->","yoast_head_json":{"title":"Kominek na bioetanol GALINA czarny 35cm kominek sto\u0142owy","description":"ACTIEPRIJS: Sfeerhaard Bioethanol haard GALINA zwart 35cm tafelhaard, uniek ontwerp, mooi groot in het zwart","robots":{"index":"index","follow":"follow","max-snippet":"max-snippet:-1","max-image-preview":"max-image-preview:large","max-video-preview":"max-video-preview:-1"},"canonical":"https:\/\/www.bioethanolshop.nl\/pl\/produkt-2\/kynast-solar-led-garden-table-lampa-stolowa-ciepla-biala-swiatlo-z-sciemniaczem-19\/","og_locale":"pl_PL","og_type":"article","og_title":"Sfeerhaard Bioethanol haard GALINA zwart 35cm tafelhaard","og_description":"ACTIEPRIJS: Sfeerhaard Bioethanol haard GALINA zwart 35cm tafelhaard, uniek ontwerp, mooi groot in het zwart","og_url":"https:\/\/www.bioethanolshop.nl\/pl\/produkt-2\/kynast-solar-led-garden-table-lampa-stolowa-ciepla-biala-swiatlo-z-sciemniaczem-19\/","og_site_name":"Bioethanolshop.nl","article_publisher":"https:\/\/www.facebook.com\/profile.php?id=100064154436458","article_modified_time":"2024-02-24T15:07:39+00:00","og_image":[{"width":650,"height":650,"url":"https:\/\/www.bioethanolshop.nl\/wp-content\/uploads\/2021\/09\/Galina-1.png","type":"image\/png"}],"twitter_card":"summary_large_image","twitter_misc":{"Szacowany czas czytania":"2 minuty"},"schema":{"@context":"https:\/\/schema.org","@graph":[{"@type":"WebPage","@id":"https:\/\/www.bioethanolshop.nl\/product\/sfeerhaard-bioethanol-haard-galina-zwart-35cm-tafelhaard\/","url":"https:\/\/www.bioethanolshop.nl\/product\/sfeerhaard-bioethanol-haard-galina-zwart-35cm-tafelhaard\/","name":"Kominek na bioetanol GALINA czarny 35cm kominek sto\u0142owy","isPartOf":{"@id":"https:\/\/www.bioethanolshop.nl\/en\/#website"},"primaryImageOfPage":{"@id":"https:\/\/www.bioethanolshop.nl\/product\/sfeerhaard-bioethanol-haard-galina-zwart-35cm-tafelhaard\/#primaryimage"},"image":{"@id":"https:\/\/www.bioethanolshop.nl\/product\/sfeerhaard-bioethanol-haard-galina-zwart-35cm-tafelhaard\/#primaryimage"},"thumbnailUrl":"https:\/\/www.bioethanolshop.nl\/wp-content\/uploads\/2021\/09\/Galina-1.png","datePublished":"2021-09-30T09:48:55+00:00","dateModified":"2024-02-24T15:07:39+00:00","description":"ACTIEPRIJS: Sfeerhaard Bioethanol haard GALINA zwart 35cm tafelhaard, uniek ontwerp, mooi groot in het zwart","breadcrumb":{"@id":"https:\/\/www.bioethanolshop.nl\/product\/sfeerhaard-bioethanol-haard-galina-zwart-35cm-tafelhaard\/#breadcrumb"},"inLanguage":"pl-PL","potentialAction":[{"@type":"ReadAction","target":["https:\/\/www.bioethanolshop.nl\/product\/sfeerhaard-bioethanol-haard-galina-zwart-35cm-tafelhaard\/"]}]},{"@type":"ImageObject","inLanguage":"pl-PL","@id":"https:\/\/www.bioethanolshop.nl\/product\/sfeerhaard-bioethanol-haard-galina-zwart-35cm-tafelhaard\/#primaryimage","url":"https:\/\/www.bioethanolshop.nl\/wp-content\/uploads\/2021\/09\/Galina-1.png","contentUrl":"https:\/\/www.bioethanolshop.nl\/wp-content\/uploads\/2021\/09\/Galina-1.png","width":650,"height":650,"caption":"Bioethanol haard GALINA"},{"@type":"BreadcrumbList","@id":"https:\/\/www.bioethanolshop.nl\/product\/sfeerhaard-bioethanol-haard-galina-zwart-35cm-tafelhaard\/#breadcrumb","itemListElement":[{"@type":"ListItem","position":1,"name":"Home","item":"https:\/\/www.bioethanolshop.nl\/"},{"@type":"ListItem","position":2,"name":"Winkel","item":"https:\/\/www.bioethanolshop.nl\/en\/store\/"},{"@type":"ListItem","position":3,"name":"Sfeerhaard Bioethanol haard GALINA zwart 35cm tafelhaard"}]},{"@type":"WebSite","@id":"https:\/\/www.bioethanolshop.nl\/en\/#website","url":"https:\/\/www.bioethanolshop.nl\/en\/","name":"Bioethanolshop.nl","description":"Najwi\u0119kszy w bioetanolu i najlepszej jako\u015bci bioetanol!","potentialAction":[{"@type":"SearchAction","target":{"@type":"EntryPoint","urlTemplate":"https:\/\/www.bioethanolshop.nl\/en\/?s={search_term_string}"},"query-input":{"@type":"PropertyValueSpecification","valueRequired":true,"valueName":"search_term_string"}}],"inLanguage":"pl-PL"}]}},"_links":{"self":[{"href":"https:\/\/www.bioethanolshop.nl\/pl\/wp-json\/wp\/v2\/product\/980","targetHints":{"allow":["GET"]}}],"collection":[{"href":"https:\/\/www.bioethanolshop.nl\/pl\/wp-json\/wp\/v2\/product"}],"about":[{"href":"https:\/\/www.bioethanolshop.nl\/pl\/wp-json\/wp\/v2\/types\/product"}],"replies":[{"embeddable":true,"href":"https:\/\/www.bioethanolshop.nl\/pl\/wp-json\/wp\/v2\/comments?post=980"}],"version-history":[{"count":1,"href":"https:\/\/www.bioethanolshop.nl\/pl\/wp-json\/wp\/v2\/product\/980\/revisions"}],"predecessor-version":[{"id":8881,"href":"https:\/\/www.bioethanolshop.nl\/pl\/wp-json\/wp\/v2\/product\/980\/revisions\/8881"}],"wp:featuredmedia":[{"embeddable":true,"href":"https:\/\/www.bioethanolshop.nl\/pl\/wp-json\/wp\/v2\/media\/981"}],"wp:attachment":[{"href":"https:\/\/www.bioethanolshop.nl\/pl\/wp-json\/wp\/v2\/media?parent=980"}],"wp:term":[{"taxonomy":"product_brand","embeddable":true,"href":"https:\/\/www.bioethanolshop.nl\/pl\/wp-json\/wp\/v2\/product_brand?post=980"},{"taxonomy":"product_cat","embeddable":true,"href":"https:\/\/www.bioethanolshop.nl\/pl\/wp-json\/wp\/v2\/product_cat?post=980"},{"taxonomy":"product_tag","embeddable":true,"href":"https:\/\/www.bioethanolshop.nl\/pl\/wp-json\/wp\/v2\/product_tag?post=980"}],"curies":[{"name":"wp","href":"https:\/\/api.w.org\/{rel}","templated":true}]}}