{"id":243,"date":"2021-02-27T12:24:22","date_gmt":"2021-02-27T11:24:22","guid":{"rendered":"https:\/\/www.bioethanolshop.nl\/?post_type=product&#038;p=243"},"modified":"2023-01-25T10:55:23","modified_gmt":"2023-01-25T09:55:23","slug":"biofair-5-litrow-oleju-sieciowego-biodegradowalnego","status":"publish","type":"product","link":"https:\/\/www.bioethanolshop.nl\/pl\/product\/biofair-5-liter-kettingzaagolie-zaagketting-smeerolie-biologisch-afbreekbaar\/","title":{"rendered":"BioFair 5 litr\u00f3w olej do smarowania pi\u0142 \u0142a\u0144cuchowych biodegradowalny"},"content":{"rendered":"<h2>BioFair 5 litr\u00f3w olej do smarowania pi\u0142 \u0142a\u0144cuchowych biodegradowalny<\/h2>\n<div>Olej do pi\u0142 \u0142a\u0144cuchowych BioFair sk\u0142ada si\u0119 z 100% czystego, w pe\u0142ni rafinowanego oleju rzepakowego (bielonego i dezodoryzowanego) i nie zawiera \u017cadnych dodatk\u00f3w.<\/div>\n<div><\/div>\n<ul>\n<li>100% biodegradowalny<\/li>\n<li>Sprawdzone w praktyce przez pracownik\u00f3w le\u015bnych przez wiele lat<\/li>\n<li>Mo\u017cliwo\u015b\u0107 stosowania do -17 \u00b0C<\/li>\n<\/ul>\n<div><\/div>\n<div>Nowoczesny olej do pi\u0142 \u0142a\u0144cuchowych jest zwykle wytwarzany z przyjaznych dla \u015brodowiska, \u0142atwo biodegradowalnych i nie niszcz\u0105cych wody olej\u00f3w ro\u015blinnych. Kontakt tego oleju ze sk\u00f3r\u0105 cz\u0142owieka nie jest szkodliwy dla zdrowia. Stosuj\u0105c ten olej do pi\u0142 \u0142a\u0144cuchowych BioFair przyczyniasz si\u0119 r\u00f3wnie\u017c do ochrony \u015brodowiska, a tym samym do zachowania miejsca pracy.<\/div>\n<div><\/div>\n<div>Aby jeszcze lepiej chroni\u0107 siebie, nale\u017cy u\u017cywa\u0107 dobrej benzyny alkilowej jako paliwa do pilarki.<\/div>\n<div>Przy zmianie oleju syntetycznego na organiczny mo\u017ce by\u0107 konieczne dostosowanie pompy olejowej do nowego organicznego oleju do pi\u0142 \u0142a\u0144cuchowych.<\/div>\n<div><\/div>\n<div>Ze wzgl\u0119du na w\u0142a\u015bciwo\u015bci oleju ro\u015blinnego do \u0142a\u0144cuch\u00f3w, przy d\u0142u\u017cszym okresie u\u017cytkowania (w wi\u0119kszo\u015bci przypadk\u00f3w tylko w przypadku kilkumiesi\u0119cznej przerwy w pracy) nale\u017cy oczy\u015bci\u0107 osprz\u0119t pilarki (prowadnic\u0119 i \u0142a\u0144cuch). Nape\u0142nij zbiornik smaru do pe\u0142na tak, aby olej w pile by\u0142 wystawiony na dzia\u0142anie minimalnej ilo\u015bci tlenu podczas okresu nieu\u017cywania.<\/div>\n<div><\/div>\n<ul>\n<li>Nie ma paliwa! Wy\u0142\u0105cznie do smarowania urz\u0105dze\u0144 do pi\u0142owania<\/li>\n<li>Okres przechowywania co najmniej 2&gt; lat<\/li>\n<li>Przechowywa\u0107 w ch\u0142odnym i suchym miejscu<\/li>\n<\/ul>","protected":false},"excerpt":{"rendered":"<p>BioFair 5 litr\u00f3w olej do smarowania pi\u0142 \u0142a\u0144cuchowych biodegradowalny<\/p>\n<p>&nbsp;<\/p>","protected":false},"featured_media":2198,"comment_status":"closed","ping_status":"closed","template":"","meta":{"_acf_changed":false},"product_brand":[],"product_cat":[30,68],"product_tag":[35,34,33],"class_list":{"0":"post-243","1":"product","2":"type-product","3":"status-publish","4":"has-post-thumbnail","6":"product_cat-biofair","7":"product_cat-kettingzaagolie","8":"product_tag-biologische-olie","9":"product_tag-kettingsmeerolie","10":"product_tag-kettingzaagolie","12":"first","13":"outofstock","14":"taxable","15":"shipping-taxable","16":"purchasable","17":"product-type-simple"},"bundled_by":[],"bundle_stock_status":"outofstock","bundle_stock_quantity":null,"bundle_virtual":false,"bundle_layout":"","bundle_add_to_cart_form_location":"","bundle_editable_in_cart":false,"bundle_sold_individually_context":"","bundle_item_grouping":"","bundle_min_size":"","bundle_max_size":"","bundle_price":[],"bundled_items":[],"bundle_sell_ids":[],"acf":[],"yoast_head":"<!-- This site is optimized with the Yoast SEO Premium plugin v27.2 (Yoast SEO v27.2) - https:\/\/yoast.com\/product\/yoast-seo-premium-wordpress\/ -->\n<title>BioFair 5 liter Kettingzaag smeerolie biologisch afbreekbaar | Bioethanolshop.nl<\/title>\n<meta name=\"description\" content=\"BioFair kettingzaagolie bestaat uit 100% pure volledig gerafineerde koolzaadolie (gebleekt en gedeodoriseerd) en bevat geen addititieven.\" \/>\n<meta name=\"robots\" content=\"index, follow, max-snippet:-1, max-image-preview:large, max-video-preview:-1\" \/>\n<link rel=\"canonical\" href=\"https:\/\/www.bioethanolshop.nl\/pl\/produkt-2\/biofair-5-litrow-oleju-sieciowego-biodegradowalnego\/\" \/>\n<meta property=\"og:locale\" content=\"pl_PL\" \/>\n<meta property=\"og:type\" content=\"article\" \/>\n<meta property=\"og:title\" content=\"BioFair 5 liter Kettingzaag smeerolie biologisch afbreekbaar\" \/>\n<meta property=\"og:description\" content=\"BioFair kettingzaagolie bestaat uit 100% pure volledig gerafineerde koolzaadolie (gebleekt en gedeodoriseerd) en bevat geen addititieven.\" \/>\n<meta property=\"og:url\" content=\"https:\/\/www.bioethanolshop.nl\/pl\/produkt-2\/biofair-5-litrow-oleju-sieciowego-biodegradowalnego\/\" \/>\n<meta property=\"og:site_name\" content=\"Bioethanolshop.nl\" \/>\n<meta property=\"article:publisher\" content=\"https:\/\/www.facebook.com\/profile.php?id=100064154436458\" \/>\n<meta property=\"article:modified_time\" content=\"2023-01-25T09:55:23+00:00\" \/>\n<meta property=\"og:image\" content=\"https:\/\/www.bioethanolshop.nl\/wp-content\/uploads\/2021\/02\/ID290-1.jpg\" \/>\n\t<meta property=\"og:image:width\" content=\"601\" \/>\n\t<meta property=\"og:image:height\" content=\"742\" \/>\n\t<meta property=\"og:image:type\" content=\"image\/jpeg\" \/>\n<meta name=\"twitter:card\" content=\"summary_large_image\" \/>\n<meta name=\"twitter:label1\" content=\"Szacowany czas czytania\" \/>\n\t<meta name=\"twitter:data1\" content=\"2 minuty\" \/>\n<!-- \/ Yoast SEO Premium plugin. -->","yoast_head_json":{"title":"Olej do smarowania pi\u0142 \u0142a\u0144cuchowych BioFair 5 litr\u00f3w biodegradowalny | Bioethanolshop.co.uk","description":"Olej do pi\u0142 \u0142a\u0144cuchowych BioFair sk\u0142ada si\u0119 z 100% czystego, w pe\u0142ni rafinowanego oleju rzepakowego (bielonego i dezodoryzowanego) i nie zawiera \u017cadnych dodatk\u00f3w.","robots":{"index":"index","follow":"follow","max-snippet":"max-snippet:-1","max-image-preview":"max-image-preview:large","max-video-preview":"max-video-preview:-1"},"canonical":"https:\/\/www.bioethanolshop.nl\/pl\/produkt-2\/biofair-5-litrow-oleju-sieciowego-biodegradowalnego\/","og_locale":"pl_PL","og_type":"article","og_title":"BioFair 5 liter Kettingzaag smeerolie biologisch afbreekbaar","og_description":"BioFair kettingzaagolie bestaat uit 100% pure volledig gerafineerde koolzaadolie (gebleekt en gedeodoriseerd) en bevat geen addititieven.","og_url":"https:\/\/www.bioethanolshop.nl\/pl\/produkt-2\/biofair-5-litrow-oleju-sieciowego-biodegradowalnego\/","og_site_name":"Bioethanolshop.nl","article_publisher":"https:\/\/www.facebook.com\/profile.php?id=100064154436458","article_modified_time":"2023-01-25T09:55:23+00:00","og_image":[{"width":601,"height":742,"url":"https:\/\/www.bioethanolshop.nl\/wp-content\/uploads\/2021\/02\/ID290-1.jpg","type":"image\/jpeg"}],"twitter_card":"summary_large_image","twitter_misc":{"Szacowany czas czytania":"2 minuty"},"schema":{"@context":"https:\/\/schema.org","@graph":[{"@type":"WebPage","@id":"https:\/\/www.bioethanolshop.nl\/product\/biofair-5-liter-kettingzaagolie-zaagketting-smeerolie-biologisch-afbreekbaar\/","url":"https:\/\/www.bioethanolshop.nl\/product\/biofair-5-liter-kettingzaagolie-zaagketting-smeerolie-biologisch-afbreekbaar\/","name":"Olej do smarowania pi\u0142 \u0142a\u0144cuchowych BioFair 5 litr\u00f3w biodegradowalny | Bioethanolshop.co.uk","isPartOf":{"@id":"https:\/\/www.bioethanolshop.nl\/en\/#website"},"primaryImageOfPage":{"@id":"https:\/\/www.bioethanolshop.nl\/product\/biofair-5-liter-kettingzaagolie-zaagketting-smeerolie-biologisch-afbreekbaar\/#primaryimage"},"image":{"@id":"https:\/\/www.bioethanolshop.nl\/product\/biofair-5-liter-kettingzaagolie-zaagketting-smeerolie-biologisch-afbreekbaar\/#primaryimage"},"thumbnailUrl":"https:\/\/www.bioethanolshop.nl\/wp-content\/uploads\/2021\/02\/ID290-1.jpg","datePublished":"2021-02-27T11:24:22+00:00","dateModified":"2023-01-25T09:55:23+00:00","description":"Olej do pi\u0142 \u0142a\u0144cuchowych BioFair sk\u0142ada si\u0119 z 100% czystego, w pe\u0142ni rafinowanego oleju rzepakowego (bielonego i dezodoryzowanego) i nie zawiera \u017cadnych dodatk\u00f3w.","breadcrumb":{"@id":"https:\/\/www.bioethanolshop.nl\/product\/biofair-5-liter-kettingzaagolie-zaagketting-smeerolie-biologisch-afbreekbaar\/#breadcrumb"},"inLanguage":"pl-PL","potentialAction":[{"@type":"ReadAction","target":["https:\/\/www.bioethanolshop.nl\/product\/biofair-5-liter-kettingzaagolie-zaagketting-smeerolie-biologisch-afbreekbaar\/"]}]},{"@type":"ImageObject","inLanguage":"pl-PL","@id":"https:\/\/www.bioethanolshop.nl\/product\/biofair-5-liter-kettingzaagolie-zaagketting-smeerolie-biologisch-afbreekbaar\/#primaryimage","url":"https:\/\/www.bioethanolshop.nl\/wp-content\/uploads\/2021\/02\/ID290-1.jpg","contentUrl":"https:\/\/www.bioethanolshop.nl\/wp-content\/uploads\/2021\/02\/ID290-1.jpg","width":601,"height":742,"caption":"biologische kettingzaagolie"},{"@type":"BreadcrumbList","@id":"https:\/\/www.bioethanolshop.nl\/product\/biofair-5-liter-kettingzaagolie-zaagketting-smeerolie-biologisch-afbreekbaar\/#breadcrumb","itemListElement":[{"@type":"ListItem","position":1,"name":"Home","item":"https:\/\/www.bioethanolshop.nl\/"},{"@type":"ListItem","position":2,"name":"Winkel","item":"https:\/\/www.bioethanolshop.nl\/en\/store\/"},{"@type":"ListItem","position":3,"name":"BioFair 5 liter Kettingzaag smeerolie biologisch afbreekbaar"}]},{"@type":"WebSite","@id":"https:\/\/www.bioethanolshop.nl\/en\/#website","url":"https:\/\/www.bioethanolshop.nl\/en\/","name":"Bioethanolshop.nl","description":"Najwi\u0119kszy w bioetanolu i najlepszej jako\u015bci bioetanol!","potentialAction":[{"@type":"SearchAction","target":{"@type":"EntryPoint","urlTemplate":"https:\/\/www.bioethanolshop.nl\/en\/?s={search_term_string}"},"query-input":{"@type":"PropertyValueSpecification","valueRequired":true,"valueName":"search_term_string"}}],"inLanguage":"pl-PL"}]}},"_links":{"self":[{"href":"https:\/\/www.bioethanolshop.nl\/pl\/wp-json\/wp\/v2\/product\/243","targetHints":{"allow":["GET"]}}],"collection":[{"href":"https:\/\/www.bioethanolshop.nl\/pl\/wp-json\/wp\/v2\/product"}],"about":[{"href":"https:\/\/www.bioethanolshop.nl\/pl\/wp-json\/wp\/v2\/types\/product"}],"replies":[{"embeddable":true,"href":"https:\/\/www.bioethanolshop.nl\/pl\/wp-json\/wp\/v2\/comments?post=243"}],"version-history":[{"count":0,"href":"https:\/\/www.bioethanolshop.nl\/pl\/wp-json\/wp\/v2\/product\/243\/revisions"}],"wp:featuredmedia":[{"embeddable":true,"href":"https:\/\/www.bioethanolshop.nl\/pl\/wp-json\/wp\/v2\/media\/2198"}],"wp:attachment":[{"href":"https:\/\/www.bioethanolshop.nl\/pl\/wp-json\/wp\/v2\/media?parent=243"}],"wp:term":[{"taxonomy":"product_brand","embeddable":true,"href":"https:\/\/www.bioethanolshop.nl\/pl\/wp-json\/wp\/v2\/product_brand?post=243"},{"taxonomy":"product_cat","embeddable":true,"href":"https:\/\/www.bioethanolshop.nl\/pl\/wp-json\/wp\/v2\/product_cat?post=243"},{"taxonomy":"product_tag","embeddable":true,"href":"https:\/\/www.bioethanolshop.nl\/pl\/wp-json\/wp\/v2\/product_tag?post=243"}],"curies":[{"name":"wp","href":"https:\/\/api.w.org\/{rel}","templated":true}]}}