{"id":1143,"date":"2021-10-14T09:36:27","date_gmt":"2021-10-14T07:36:27","guid":{"rendered":"https:\/\/www.bioethanolshop.nl\/?post_type=product&#038;p=1143"},"modified":"2022-12-11T14:02:52","modified_gmt":"2022-12-11T13:02:52","slug":"kynast-solar-led-garden-table-lampa-stolowa-ciepla-biala-swiatlo-z-sciemniaczem-26","status":"publish","type":"product","link":"https:\/\/www.bioethanolshop.nl\/pl\/product\/fancy-flames-bioethanol-sfeerhaard-zwart-bio-ethanol-tuinhaard-vierkant-decoratiestenen\/","title":{"rendered":"Fancy Flames Bioetanol kominek ogrodowy czarny Bioetanol kominek ogrodowy kwadratowy kamienie dekoracyjne"},"content":{"rendered":"<h2>Fancy Flames Bioetanol kominek ogrodowy czarny Bioetanol kominek ogrodowy kwadratowy kamienie dekoracyjne<\/h2>\n<p>Ten kominek na bioetanol wytwarza naturalnie pi\u0119kny ogie\u0144. Kominek ma ponadczasowy design i mo\u017cna go postawi\u0107 na stole. Poniewa\u017c bioetanol nie wytwarza dymu ani sadzy, kominek jest \u0142atwy w utrzymaniu i utrzymaniu w czysto\u015bci.<\/p>\n<ul class=\"list-with-checkmarks\">\n<li>daje naturalny ogie\u0144<\/li>\n<\/ul>\n<ul class=\"list-with-checkmarks\">\n<li>Ponadczasowy design<\/li>\n<\/ul>\n<ul class=\"list-with-checkmarks\">\n<li>\u0141atwa konserwacja i czyszczenie<\/li>\n<\/ul>\n<p>Bio Ethanol haard vierkant is de eyecather voor in huis of in de tuin. Door het strakke model past de haard in elk interieur. De buitenhaard is de sfeerbrenger bij jouw thuis! Door het gebruik van Bio-ethanol is het geurloos.<\/p>\n<p>Dostarczany z dover i kamieniami dekoracyjnymi.<\/p>\n<ul>\n<li class=\"list__item\"><b class=\"list__label\">Wymiary produktu w cm <\/b><span class=\"list__value\">L 21 x B 24,8 x H 28,2<\/span><\/li>\n<li class=\"list__item\"><b class=\"list__label\">Materia\u0142 <\/b><span class=\"list__value\">\u017belazo, szk\u0142o, stal nierdzewna, kamienie, w\u0142\u00f3kno szklane<\/span><\/li>\n<li class=\"list__item\"><b class=\"list__label\">Masa brutto <\/b><span class=\"list__value\">3.367 kg<\/span><\/li>\n<li class=\"list__item\"><b class=\"list__label\">Waga netto <\/b><span class=\"list__value\">3.061 kg<\/span><\/li>\n<\/ul>","protected":false},"excerpt":{"rendered":"<div class=\"puik-content-header__header puik-content-header__header--image\">\n<div class=\"puik-content-header__header puik-content-header__header--image\">\n<div class=\"puik-content-header__header puik-content-header__header--image\">\n<div class=\"puik-content-header__header puik-content-header__header--image\">\n<div class=\"puik-content-header__header puik-content-header__header--image\">Fancy Flames Bioetanol kominek ogrodowy czarny Bioetanol kominek ogrodowy kwadratowy kamienie dekoracyjne<\/div>\n<\/div>\n<\/div>\n<\/div>\n<\/div>","protected":false},"featured_media":1146,"comment_status":"closed","ping_status":"closed","template":"","meta":{"_acf_changed":false},"product_brand":[],"product_cat":[70,76,79,21],"product_tag":[74,73,75],"class_list":{"0":"post-1143","1":"product","2":"type-product","3":"status-publish","4":"has-post-thumbnail","6":"product_cat-bioethanol-tafelhaard","7":"product_cat-bioethanolshop-black-friday","8":"product_cat-kerst-en-relatiegeschenken","9":"product_cat-kieselgreen-groenemorgen","10":"product_tag-bioethanol-haard","11":"product_tag-sfeerhaard","12":"product_tag-tafelhaard","14":"first","15":"instock","16":"taxable","17":"shipping-taxable","18":"purchasable","19":"product-type-simple"},"bundled_by":[],"bundle_stock_status":"instock","bundle_stock_quantity":null,"bundle_virtual":false,"bundle_layout":"","bundle_add_to_cart_form_location":"","bundle_editable_in_cart":false,"bundle_sold_individually_context":"","bundle_item_grouping":"","bundle_min_size":"","bundle_max_size":"","bundle_price":[],"bundled_items":[],"bundle_sell_ids":[],"acf":[],"yoast_head":"<!-- This site is optimized with the Yoast SEO Premium plugin v27.2 (Yoast SEO v27.2) - https:\/\/yoast.com\/product\/yoast-seo-premium-wordpress\/ -->\n<title>Fancy Flames Bioethanol sfeerhaard zwart Bio-ethanol tuinhaard vierkant decoratiestenen | Bioethanolshop.nl<\/title>\n<meta name=\"description\" content=\"ACTIEPRIJS: Sfeerhaard NEST bioethanol tafelbrander 30cm tafelhaard, uniek ontwerp, mooi in het zwart met glas\" \/>\n<meta name=\"robots\" content=\"index, follow, max-snippet:-1, max-image-preview:large, max-video-preview:-1\" \/>\n<link rel=\"canonical\" href=\"https:\/\/www.bioethanolshop.nl\/pl\/produkt-2\/kynast-solar-led-garden-table-lampa-stolowa-ciepla-biala-swiatlo-z-sciemniaczem-26\/\" \/>\n<meta property=\"og:locale\" content=\"pl_PL\" \/>\n<meta property=\"og:type\" content=\"article\" \/>\n<meta property=\"og:title\" content=\"Fancy Flames Bioethanol sfeerhaard zwart Bio-ethanol tuinhaard vierkant decoratiestenen\" \/>\n<meta property=\"og:description\" content=\"ACTIEPRIJS: Sfeerhaard NEST bioethanol tafelbrander 30cm tafelhaard, uniek ontwerp, mooi in het zwart met glas\" \/>\n<meta property=\"og:url\" content=\"https:\/\/www.bioethanolshop.nl\/pl\/produkt-2\/kynast-solar-led-garden-table-lampa-stolowa-ciepla-biala-swiatlo-z-sciemniaczem-26\/\" \/>\n<meta property=\"og:site_name\" content=\"Bioethanolshop.nl\" \/>\n<meta property=\"article:publisher\" content=\"https:\/\/www.facebook.com\/profile.php?id=100064154436458\" \/>\n<meta property=\"article:modified_time\" content=\"2022-12-11T13:02:52+00:00\" \/>\n<meta property=\"og:image\" content=\"https:\/\/www.bioethanolshop.nl\/wp-content\/uploads\/2021\/10\/FF425_04.png\" \/>\n\t<meta property=\"og:image:width\" content=\"1240\" \/>\n\t<meta property=\"og:image:height\" content=\"1240\" \/>\n\t<meta property=\"og:image:type\" content=\"image\/png\" \/>\n<meta name=\"twitter:card\" content=\"summary_large_image\" \/>\n<meta name=\"twitter:label1\" content=\"Szacowany czas czytania\" \/>\n\t<meta name=\"twitter:data1\" content=\"1 minuta\" \/>\n<!-- \/ Yoast SEO Premium plugin. -->","yoast_head_json":{"title":"Fancy Flames Bioethanol sfeerhaard zwart Bio-ethanol tuinhaard vierkant decoratiestenen | Bioethanolshop.nl","description":"ACTIEPRIJS: Sfeerhaard NEST bioethanol tafelbrander 30cm tafelhaard, uniek ontwerp, mooi in het zwart met glas","robots":{"index":"index","follow":"follow","max-snippet":"max-snippet:-1","max-image-preview":"max-image-preview:large","max-video-preview":"max-video-preview:-1"},"canonical":"https:\/\/www.bioethanolshop.nl\/pl\/produkt-2\/kynast-solar-led-garden-table-lampa-stolowa-ciepla-biala-swiatlo-z-sciemniaczem-26\/","og_locale":"pl_PL","og_type":"article","og_title":"Fancy Flames Bioethanol sfeerhaard zwart Bio-ethanol tuinhaard vierkant decoratiestenen","og_description":"ACTIEPRIJS: Sfeerhaard NEST bioethanol tafelbrander 30cm tafelhaard, uniek ontwerp, mooi in het zwart met glas","og_url":"https:\/\/www.bioethanolshop.nl\/pl\/produkt-2\/kynast-solar-led-garden-table-lampa-stolowa-ciepla-biala-swiatlo-z-sciemniaczem-26\/","og_site_name":"Bioethanolshop.nl","article_publisher":"https:\/\/www.facebook.com\/profile.php?id=100064154436458","article_modified_time":"2022-12-11T13:02:52+00:00","og_image":[{"width":1240,"height":1240,"url":"https:\/\/www.bioethanolshop.nl\/wp-content\/uploads\/2021\/10\/FF425_04.png","type":"image\/png"}],"twitter_card":"summary_large_image","twitter_misc":{"Szacowany czas czytania":"1 minuta"},"schema":{"@context":"https:\/\/schema.org","@graph":[{"@type":"WebPage","@id":"https:\/\/www.bioethanolshop.nl\/product\/fancy-flames-bioethanol-sfeerhaard-zwart-bio-ethanol-tuinhaard-vierkant-decoratiestenen\/","url":"https:\/\/www.bioethanolshop.nl\/product\/fancy-flames-bioethanol-sfeerhaard-zwart-bio-ethanol-tuinhaard-vierkant-decoratiestenen\/","name":"Fancy Flames Bioethanol sfeerhaard zwart Bio-ethanol tuinhaard vierkant decoratiestenen | Bioethanolshop.nl","isPartOf":{"@id":"https:\/\/www.bioethanolshop.nl\/en\/#website"},"primaryImageOfPage":{"@id":"https:\/\/www.bioethanolshop.nl\/product\/fancy-flames-bioethanol-sfeerhaard-zwart-bio-ethanol-tuinhaard-vierkant-decoratiestenen\/#primaryimage"},"image":{"@id":"https:\/\/www.bioethanolshop.nl\/product\/fancy-flames-bioethanol-sfeerhaard-zwart-bio-ethanol-tuinhaard-vierkant-decoratiestenen\/#primaryimage"},"thumbnailUrl":"https:\/\/www.bioethanolshop.nl\/wp-content\/uploads\/2021\/10\/FF425_04.png","datePublished":"2021-10-14T07:36:27+00:00","dateModified":"2022-12-11T13:02:52+00:00","description":"ACTIEPRIJS: Sfeerhaard NEST bioethanol tafelbrander 30cm tafelhaard, uniek ontwerp, mooi in het zwart met glas","breadcrumb":{"@id":"https:\/\/www.bioethanolshop.nl\/product\/fancy-flames-bioethanol-sfeerhaard-zwart-bio-ethanol-tuinhaard-vierkant-decoratiestenen\/#breadcrumb"},"inLanguage":"pl-PL","potentialAction":[{"@type":"ReadAction","target":["https:\/\/www.bioethanolshop.nl\/product\/fancy-flames-bioethanol-sfeerhaard-zwart-bio-ethanol-tuinhaard-vierkant-decoratiestenen\/"]}]},{"@type":"ImageObject","inLanguage":"pl-PL","@id":"https:\/\/www.bioethanolshop.nl\/product\/fancy-flames-bioethanol-sfeerhaard-zwart-bio-ethanol-tuinhaard-vierkant-decoratiestenen\/#primaryimage","url":"https:\/\/www.bioethanolshop.nl\/wp-content\/uploads\/2021\/10\/FF425_04.png","contentUrl":"https:\/\/www.bioethanolshop.nl\/wp-content\/uploads\/2021\/10\/FF425_04.png","width":1240,"height":1240,"caption":"FF425 Bio-ethanol tuinhaard vierkant"},{"@type":"BreadcrumbList","@id":"https:\/\/www.bioethanolshop.nl\/product\/fancy-flames-bioethanol-sfeerhaard-zwart-bio-ethanol-tuinhaard-vierkant-decoratiestenen\/#breadcrumb","itemListElement":[{"@type":"ListItem","position":1,"name":"Home","item":"https:\/\/www.bioethanolshop.nl\/"},{"@type":"ListItem","position":2,"name":"Winkel","item":"https:\/\/www.bioethanolshop.nl\/en\/store\/"},{"@type":"ListItem","position":3,"name":"Fancy Flames Bioethanol sfeerhaard zwart Bio-ethanol tuinhaard vierkant decoratiestenen"}]},{"@type":"WebSite","@id":"https:\/\/www.bioethanolshop.nl\/en\/#website","url":"https:\/\/www.bioethanolshop.nl\/en\/","name":"Bioethanolshop.nl","description":"Najwi\u0119kszy w bioetanolu i najlepszej jako\u015bci bioetanol!","potentialAction":[{"@type":"SearchAction","target":{"@type":"EntryPoint","urlTemplate":"https:\/\/www.bioethanolshop.nl\/en\/?s={search_term_string}"},"query-input":{"@type":"PropertyValueSpecification","valueRequired":true,"valueName":"search_term_string"}}],"inLanguage":"pl-PL"}]}},"_links":{"self":[{"href":"https:\/\/www.bioethanolshop.nl\/pl\/wp-json\/wp\/v2\/product\/1143","targetHints":{"allow":["GET"]}}],"collection":[{"href":"https:\/\/www.bioethanolshop.nl\/pl\/wp-json\/wp\/v2\/product"}],"about":[{"href":"https:\/\/www.bioethanolshop.nl\/pl\/wp-json\/wp\/v2\/types\/product"}],"replies":[{"embeddable":true,"href":"https:\/\/www.bioethanolshop.nl\/pl\/wp-json\/wp\/v2\/comments?post=1143"}],"version-history":[{"count":0,"href":"https:\/\/www.bioethanolshop.nl\/pl\/wp-json\/wp\/v2\/product\/1143\/revisions"}],"wp:featuredmedia":[{"embeddable":true,"href":"https:\/\/www.bioethanolshop.nl\/pl\/wp-json\/wp\/v2\/media\/1146"}],"wp:attachment":[{"href":"https:\/\/www.bioethanolshop.nl\/pl\/wp-json\/wp\/v2\/media?parent=1143"}],"wp:term":[{"taxonomy":"product_brand","embeddable":true,"href":"https:\/\/www.bioethanolshop.nl\/pl\/wp-json\/wp\/v2\/product_brand?post=1143"},{"taxonomy":"product_cat","embeddable":true,"href":"https:\/\/www.bioethanolshop.nl\/pl\/wp-json\/wp\/v2\/product_cat?post=1143"},{"taxonomy":"product_tag","embeddable":true,"href":"https:\/\/www.bioethanolshop.nl\/pl\/wp-json\/wp\/v2\/product_tag?post=1143"}],"curies":[{"name":"wp","href":"https:\/\/api.w.org\/{rel}","templated":true}]}}