{"id":84,"date":"2021-02-09T12:04:07","date_gmt":"2021-02-09T12:04:07","guid":{"rendered":"https:\/\/www.bioethanolshop.nl\/?page_id=84"},"modified":"2023-08-09T11:35:22","modified_gmt":"2023-08-09T09:35:22","slug":"zastrzezenie","status":"publish","type":"page","link":"https:\/\/www.bioethanolshop.nl\/pl\/disclaimer\/","title":{"rendered":"Zastrze\u017cenie"},"content":{"rendered":"<div data-elementor-type=\"wp-page\" data-elementor-id=\"84\" class=\"elementor elementor-84\" data-elementor-post-type=\"page\">\n\t\t\t\t\t\t<section class=\"wd-negative-gap elementor-section elementor-top-section elementor-element elementor-element-64f55831 elementor-section-boxed elementor-section-height-default elementor-section-height-default wd-section-disabled\" data-id=\"64f55831\" data-element_type=\"section\" data-e-type=\"section\">\n\t\t\t\t\t\t<div class=\"elementor-container elementor-column-gap-default\">\n\t\t\t\t\t<div class=\"elementor-column elementor-col-100 elementor-top-column elementor-element elementor-element-35ae81ab\" data-id=\"35ae81ab\" data-element_type=\"column\" data-e-type=\"column\">\n\t\t\t<div class=\"elementor-widget-wrap elementor-element-populated\">\n\t\t\t\t\t\t<div class=\"elementor-element elementor-element-f67d3ae color-scheme-inherit text-left elementor-widget elementor-widget-text-editor\" data-id=\"f67d3ae\" data-element_type=\"widget\" data-e-type=\"widget\" data-widget_type=\"text-editor.default\">\n\t\t\t\t<div class=\"elementor-widget-container\">\n\t\t\t\t\t\t\t\t\t\n<p>KBH BV, dzia\u0142aj\u0105ca pod nazw\u0105 handlow\u0105 Bioethanolshop, przywi\u0105zuje najwy\u017csz\u0105 wag\u0119 do informacji zawartych na swoich stronach internetowych. Mimo, \u017ce dok\u0142adamy wszelkich stara\u0144 przy opracowywaniu informacji zamieszczonych na tej stronie, nie mo\u017cemy zagwarantowa\u0107, \u017ce informacje te s\u0105 zawsze kompletne, poprawne i pe\u0142ne. Nie gwarantujemy r\u00f3wnie\u017c, \u017ce ich wykorzystanie doprowadzi do w\u0142a\u015bciwych wynik\u00f3w lub \u017ce informacje te s\u0105 odpowiednie do okre\u015blonych cel\u00f3w. KBH BV zastrzega sobie wszelkie prawa w odniesieniu do informacji zamieszczonych na tej stronie. Publikowanie w inny spos\u00f3b lub przetwarzanie tych informacji bez uprzedniej zgody KBH BV jest zabronione. Prosimy o kierowanie zapyta\u0144 na adres info@kbhonline.eu.<\/p>\n\n\n\n<p><strong>Brak odpowiedzialno\u015bci<\/strong><\/p>\n\n\n\n<p>Nie mo\u017cemy zagwarantowa\u0107, \u017ce korzystanie z informacji zawartych na tej stronie nie narusza praw os\u00f3b trzecich. W \u017cadnym wypadku KBH BV, jej udzia\u0142owcy i\/lub pracownicy nie ponosz\u0105 odpowiedzialno\u015bci za jakiekolwiek szkody, bezpo\u015brednie lub po\u015brednie, powsta\u0142e w jakikolwiek spos\u00f3b w wyniku korzystania z witryny (informacji na niej zawartych).<\/p>\n\n\n\n<p><strong>E-mail<\/strong><\/p>\n\n\n\n<p>Mo\u017cna do nas dotrze\u0107 mi\u0119dzy innymi za po\u015brednictwem poczty elektronicznej. Jednak przesy\u0142anie wiadomo\u015bci e-mail nigdy nie jest 100% bezpieczne. Wysy\u0142aj\u0105c nam poufne i\/lub wra\u017cliwe informacje poczt\u0105 elektroniczn\u0105 bez szyfrowania, akceptuj\u0105 Pa\u0144stwo ryzyko, \u017ce informacje te mog\u0105 sta\u0107 si\u0119 znane osobom trzecim.<\/p>\n\n\n\n<p><strong>Hiper\u0142\u0105cza<\/strong><\/p>\n\n\n\n<p>Wiele hiper\u0142\u0105czy znajduj\u0105cych si\u0119 na tej stronie prowadzi do stron internetowych prowadzonych przez osoby trzecie, nad kt\u00f3rymi KBH BV nie ma kontroli. KBH BV nie gwarantuje dok\u0142adno\u015bci ani kompletno\u015bci informacji znajduj\u0105cych si\u0119 na tych stronach. Obecno\u015b\u0107 hiper\u0142\u0105czy do stron internetowych os\u00f3b trzecich nie oznacza, \u017ce sponsorujemy lub popieramy ich tre\u015b\u0107.<\/p>\n\n\n\n<p>Zmiany<\/p>\n\n\n\n<p>Mo\u017cemy w ka\u017cdej chwili zmieni\u0107 informacje zawarte na tej stronie. Nie jeste\u015bmy jednak zobowi\u0105zani do aktualizowania informacji zawartych na stronie internetowej. Je\u017celi w zwi\u0105zku z informacjami zawartymi na stronie internetowej pojawi\u0105 si\u0119 jakiekolwiek pytania, oczywi\u015bcie zawsze mo\u017cna si\u0119 z nami skontaktowa\u0107.<\/p>\n\t\t\t\t\t\t\t\t<\/div>\n\t\t\t\t<\/div>\n\t\t\t\t\t<\/div>\n\t\t<\/div>\n\t\t\t\t\t<\/div>\n\t\t<\/section>\n\t\t\t\t<\/div>","protected":false},"excerpt":{"rendered":"<p>KBH BV, dzia\u0142aj\u0105ca jako Bioethanolshop, przywi\u0105zuje najwy\u017csz\u0105 wag\u0119 do informacji zawartych na swoich stronach internetowych. Chocia\u017c dok\u0142adamy wszelkich stara\u0144, aby<\/p>","protected":false},"author":1,"featured_media":0,"parent":0,"menu_order":0,"comment_status":"closed","ping_status":"closed","template":"","meta":{"_acf_changed":false,"footnotes":""},"class_list":["post-84","page","type-page","status-publish","hentry"],"acf":[],"yoast_head":"<!-- This site is optimized with the Yoast SEO Premium plugin v27.5 (Yoast SEO v27.5) - https:\/\/yoast.com\/product\/yoast-seo-premium-wordpress\/ -->\n<title>Disclaimer | Bioethanolshop.nl<\/title>\n<meta name=\"robots\" content=\"index, follow, max-snippet:-1, max-image-preview:large, max-video-preview:-1\" \/>\n<link rel=\"canonical\" href=\"https:\/\/www.bioethanolshop.nl\/pl\/zastrzezenie\/\" \/>\n<meta property=\"og:locale\" content=\"pl_PL\" \/>\n<meta property=\"og:type\" content=\"article\" \/>\n<meta property=\"og:title\" content=\"Disclaimer\" \/>\n<meta property=\"og:description\" content=\"KBH BV, handelend onder Bioethanolshop, besteedt de uiterste aandacht aan de informatie op haar websites. Hoewel wij de grootst mogelijke\" \/>\n<meta property=\"og:url\" content=\"https:\/\/www.bioethanolshop.nl\/pl\/zastrzezenie\/\" \/>\n<meta property=\"og:site_name\" content=\"Bioethanolshop.nl\" \/>\n<meta property=\"article:publisher\" content=\"https:\/\/www.facebook.com\/profile.php?id=100064154436458\" \/>\n<meta property=\"article:modified_time\" content=\"2023-08-09T09:35:22+00:00\" \/>\n<meta name=\"twitter:card\" content=\"summary_large_image\" \/>\n<meta name=\"twitter:label1\" content=\"Szacowany czas czytania\" \/>\n\t<meta name=\"twitter:data1\" content=\"2 minuty\" \/>\n<!-- \/ Yoast SEO Premium plugin. -->","yoast_head_json":{"title":"Wy\u0142\u0105czenie odpowiedzialno\u015bci | Bioethanolshop.co.uk","robots":{"index":"index","follow":"follow","max-snippet":"max-snippet:-1","max-image-preview":"max-image-preview:large","max-video-preview":"max-video-preview:-1"},"canonical":"https:\/\/www.bioethanolshop.nl\/pl\/zastrzezenie\/","og_locale":"pl_PL","og_type":"article","og_title":"Disclaimer","og_description":"KBH BV, handelend onder Bioethanolshop, besteedt de uiterste aandacht aan de informatie op haar websites. Hoewel wij de grootst mogelijke","og_url":"https:\/\/www.bioethanolshop.nl\/pl\/zastrzezenie\/","og_site_name":"Bioethanolshop.nl","article_publisher":"https:\/\/www.facebook.com\/profile.php?id=100064154436458","article_modified_time":"2023-08-09T09:35:22+00:00","twitter_card":"summary_large_image","twitter_misc":{"Szacowany czas czytania":"2 minuty"},"schema":{"@context":"https:\/\/schema.org","@graph":[{"@type":"WebPage","@id":"https:\/\/www.bioethanolshop.nl\/disclaimer\/","url":"https:\/\/www.bioethanolshop.nl\/disclaimer\/","name":"Wy\u0142\u0105czenie odpowiedzialno\u015bci | Bioethanolshop.co.uk","isPartOf":{"@id":"https:\/\/www.bioethanolshop.nl\/en\/#website"},"datePublished":"2021-02-09T12:04:07+00:00","dateModified":"2023-08-09T09:35:22+00:00","breadcrumb":{"@id":"https:\/\/www.bioethanolshop.nl\/disclaimer\/#breadcrumb"},"inLanguage":"pl-PL","potentialAction":[{"@type":"ReadAction","target":["https:\/\/www.bioethanolshop.nl\/disclaimer\/"]}]},{"@type":"BreadcrumbList","@id":"https:\/\/www.bioethanolshop.nl\/disclaimer\/#breadcrumb","itemListElement":[{"@type":"ListItem","position":1,"name":"Home","item":"https:\/\/www.bioethanolshop.nl\/"},{"@type":"ListItem","position":2,"name":"Disclaimer"}]},{"@type":"WebSite","@id":"https:\/\/www.bioethanolshop.nl\/en\/#website","url":"https:\/\/www.bioethanolshop.nl\/en\/","name":"Bioethanolshop.nl","description":"Najwi\u0119kszy w bioetanolu i najlepszej jako\u015bci bioetanol!","potentialAction":[{"@type":"SearchAction","target":{"@type":"EntryPoint","urlTemplate":"https:\/\/www.bioethanolshop.nl\/en\/?s={search_term_string}"},"query-input":{"@type":"PropertyValueSpecification","valueRequired":true,"valueName":"search_term_string"}}],"inLanguage":"pl-PL"}]}},"_links":{"self":[{"href":"https:\/\/www.bioethanolshop.nl\/pl\/wp-json\/wp\/v2\/pages\/84","targetHints":{"allow":["GET"]}}],"collection":[{"href":"https:\/\/www.bioethanolshop.nl\/pl\/wp-json\/wp\/v2\/pages"}],"about":[{"href":"https:\/\/www.bioethanolshop.nl\/pl\/wp-json\/wp\/v2\/types\/page"}],"author":[{"embeddable":true,"href":"https:\/\/www.bioethanolshop.nl\/pl\/wp-json\/wp\/v2\/users\/1"}],"replies":[{"embeddable":true,"href":"https:\/\/www.bioethanolshop.nl\/pl\/wp-json\/wp\/v2\/comments?post=84"}],"version-history":[{"count":3,"href":"https:\/\/www.bioethanolshop.nl\/pl\/wp-json\/wp\/v2\/pages\/84\/revisions"}],"predecessor-version":[{"id":8330,"href":"https:\/\/www.bioethanolshop.nl\/pl\/wp-json\/wp\/v2\/pages\/84\/revisions\/8330"}],"wp:attachment":[{"href":"https:\/\/www.bioethanolshop.nl\/pl\/wp-json\/wp\/v2\/media?parent=84"}],"curies":[{"name":"wp","href":"https:\/\/api.w.org\/{rel}","templated":true}]}}