{"id":252,"date":"2021-02-27T13:21:08","date_gmt":"2021-02-27T13:21:08","guid":{"rendered":"https:\/\/www.bioethanolshop.nl\/?page_id=252"},"modified":"2021-02-27T13:21:09","modified_gmt":"2021-02-27T13:21:09","slug":"wysylka-i-odbior-2","status":"publish","type":"page","link":"https:\/\/www.bioethanolshop.nl\/pl\/verzendkosten-en-afhalen-2\/","title":{"rendered":"Koszty wysy\u0142ki i odbioru"},"content":{"rendered":"<h3 class=\"wp-block-heading\" id=\"h-verwerkingskosten-bestelling\">Koszty realizacji zam\u00f3wienia<\/h3>\n\n\n\n<p>Ka\u017cde zam\u00f3wienie poci\u0105ga za sob\u0105 koszty realizacji, takie jak magazynowanie, materia\u0142y opakowaniowe itp. Przy zam\u00f3wieniach poni\u017cej 50,00 \u20ac z VAT, opr\u00f3cz koszt\u00f3w wysy\u0142ki w wysoko\u015bci 5,74 \u20ac bez VAT \/ 6,95 \u20ac z VAT, doliczamy r\u00f3wnie\u017c udzia\u0142 w kosztach realizacji zam\u00f3wienia. Ca\u0142kowity udzia\u0142 w tych kosztach przetwarzania i wysy\u0142ki wynosi \u20ac 9,00 bez podatku \/ \u20ac 10,89 z podatkiem. Koszty te s\u0105 widoczne w kasie naszych sklep\u00f3w internetowych.<\/p>\n\n\n\n<h3 class=\"wp-block-heading\" id=\"h-verzendwijze-pakketzending\">Spos\u00f3b wysy\u0142ki przesy\u0142ka paczk\u0105<\/h3>\n\n\n\n<p>Transport odbywa si\u0119 za po\u015brednictwem renomowanego przewo\u017anika lub firmy kurierskiej, takiej jak PostNL, DHL lub TransMission. Je\u015bli uznamy to za konieczne, mo\u017cemy zdecydowa\u0107 si\u0119 na u\u017cycie innego transportera. Punktem wyj\u015bcia jest zawsze optymalne po\u0142\u0105czenie z mo\u017cliwie najszybszym czasem dostawy przy rozs\u0105dnych kosztach.<\/p>\n\n\n\n<h3 class=\"wp-block-heading\" id=\"h-verzendkosten-palletzending\">Koszty wysy\u0142ki przesy\u0142ki paletowej<\/h3>\n\n\n\n<p>Mo\u017ce si\u0119 zdarzy\u0107, \u017ce zam\u00f3wienie jest tak du\u017ce lub ci\u0119\u017ckie, \u017ce musi by\u0107 dostarczone za pomoc\u0105 przesy\u0142ki paletowej. W takim przypadku jest on dostarczany na palecie depozytowej. Je\u015bli odbiorca nie mo\u017ce lub nie chce przekaza\u0107 pustej palety, b\u0119dziemy musieli doliczy\u0107 15,00 \u20ac. Paleta z depozytem mo\u017ce zosta\u0107 przekazana przez odbiorc\u0119 lokalnemu przewo\u017anikowi. Ceny depozyt\u00f3w mog\u0105 si\u0119 r\u00f3\u017cni\u0107 w zale\u017cno\u015bci od kraju\/regionu.<\/p>\n\n\n\n<p><strong>Koszty wysy\u0142ki na terenie Holandii i Belgii s\u0105 BEZP\u0141ATNE przy zam\u00f3wieniu o warto\u015bci \u20ac 50,00 z VAT lub wy\u017cszej (z wyj\u0105tkiem kaucji za materia\u0142y wysy\u0142kowe).<\/strong><\/p>\n\n\n\n<h3 class=\"wp-block-heading\" id=\"h-verzendkosten-buiten-de-benelux\">Koszty wysy\u0142ki poza kraje Beneluksu<\/h3>\n\n\n\n<p>Koszty wysy\u0142ki na terenie Europy (poza Benelux) s\u0105 na zapytanie. Je\u015bli przesy\u0142ka towarowa musi by\u0107 zaoferowana Pa\u0144stwu po raz drugi lub kolejny, obci\u0105\u017cymy Pa\u0144stwa dodatkowymi kosztami.<\/p>\n\n\n\n<h3 class=\"wp-block-heading\" id=\"h-afhalen\">Odbi\u00f3r<\/h3>\n\n\n\n<p>Cz\u0119\u015bciowo z powodu COVID-19 nie jest obecnie mo\u017cliwe, aby odebra\u0107 zam\u00f3wienie. Ka\u017cde zam\u00f3wienie zostanie dostarczone na Tw\u00f3j adres przez wybranego przez nas przewo\u017anika, z uwzgl\u0119dnieniem obowi\u0105zuj\u0105cych przepis\u00f3w (awaryjnych).<\/p>","protected":false},"excerpt":{"rendered":"<p>Koszty realizacji zam\u00f3wienia Ka\u017cde zam\u00f3wienie wi\u0105\u017ce si\u0119 z kosztami realizacji, takimi jak koszty magazynowania, materia\u0142\u00f3w opakowaniowych itp. W przypadku zam\u00f3wie\u0144 poni\u017cej 50,00 \u20ac, w tym<\/p>","protected":false},"author":3,"featured_media":0,"parent":0,"menu_order":0,"comment_status":"closed","ping_status":"closed","template":"","meta":{"_acf_changed":false,"footnotes":""},"class_list":["post-252","page","type-page","status-publish","hentry"],"acf":[],"yoast_head":"<!-- This site is optimized with the Yoast SEO Premium plugin v27.5 (Yoast SEO v27.5) - https:\/\/yoast.com\/product\/yoast-seo-premium-wordpress\/ -->\n<title>Verzendkosten en afhalen | Bioethanolshop.nl<\/title>\n<meta name=\"robots\" content=\"index, follow, max-snippet:-1, max-image-preview:large, max-video-preview:-1\" \/>\n<link rel=\"canonical\" href=\"https:\/\/www.bioethanolshop.nl\/pl\/wysylka-i-odbior-2\/\" \/>\n<meta property=\"og:locale\" content=\"pl_PL\" \/>\n<meta property=\"og:type\" content=\"article\" \/>\n<meta property=\"og:title\" content=\"Verzendkosten en afhalen\" \/>\n<meta property=\"og:description\" content=\"Verwerkingskosten bestelling Elke bestelling brengt verwerkingskosten met zich mee, zoals opslag, verpakkingsmateriaal, etcetera. Bij bestellingen onder de \u20ac 50,00 inclusief\" \/>\n<meta property=\"og:url\" content=\"https:\/\/www.bioethanolshop.nl\/pl\/wysylka-i-odbior-2\/\" \/>\n<meta property=\"og:site_name\" content=\"Bioethanolshop.nl\" \/>\n<meta property=\"article:publisher\" content=\"https:\/\/www.facebook.com\/profile.php?id=100064154436458\" \/>\n<meta property=\"article:modified_time\" content=\"2021-02-27T13:21:09+00:00\" \/>\n<meta name=\"twitter:card\" content=\"summary_large_image\" \/>\n<meta name=\"twitter:label1\" content=\"Szacowany czas czytania\" \/>\n\t<meta name=\"twitter:data1\" content=\"1 minuta\" \/>\n<!-- \/ Yoast SEO Premium plugin. -->","yoast_head_json":{"title":"Wysy\u0142ka i odbi\u00f3r | Bioethanolshop.com","robots":{"index":"index","follow":"follow","max-snippet":"max-snippet:-1","max-image-preview":"max-image-preview:large","max-video-preview":"max-video-preview:-1"},"canonical":"https:\/\/www.bioethanolshop.nl\/pl\/wysylka-i-odbior-2\/","og_locale":"pl_PL","og_type":"article","og_title":"Verzendkosten en afhalen","og_description":"Verwerkingskosten bestelling Elke bestelling brengt verwerkingskosten met zich mee, zoals opslag, verpakkingsmateriaal, etcetera. Bij bestellingen onder de \u20ac 50,00 inclusief","og_url":"https:\/\/www.bioethanolshop.nl\/pl\/wysylka-i-odbior-2\/","og_site_name":"Bioethanolshop.nl","article_publisher":"https:\/\/www.facebook.com\/profile.php?id=100064154436458","article_modified_time":"2021-02-27T13:21:09+00:00","twitter_card":"summary_large_image","twitter_misc":{"Szacowany czas czytania":"1 minuta"},"schema":{"@context":"https:\/\/schema.org","@graph":[{"@type":"WebPage","@id":"https:\/\/www.bioethanolshop.nl\/verzendkosten-en-afhalen-2\/","url":"https:\/\/www.bioethanolshop.nl\/verzendkosten-en-afhalen-2\/","name":"Wysy\u0142ka i odbi\u00f3r | Bioethanolshop.com","isPartOf":{"@id":"https:\/\/www.bioethanolshop.nl\/en\/#website"},"datePublished":"2021-02-27T13:21:08+00:00","dateModified":"2021-02-27T13:21:09+00:00","breadcrumb":{"@id":"https:\/\/www.bioethanolshop.nl\/verzendkosten-en-afhalen-2\/#breadcrumb"},"inLanguage":"pl-PL","potentialAction":[{"@type":"ReadAction","target":["https:\/\/www.bioethanolshop.nl\/verzendkosten-en-afhalen-2\/"]}]},{"@type":"BreadcrumbList","@id":"https:\/\/www.bioethanolshop.nl\/verzendkosten-en-afhalen-2\/#breadcrumb","itemListElement":[{"@type":"ListItem","position":1,"name":"Home","item":"https:\/\/www.bioethanolshop.nl\/"},{"@type":"ListItem","position":2,"name":"Verzendkosten en afhalen"}]},{"@type":"WebSite","@id":"https:\/\/www.bioethanolshop.nl\/en\/#website","url":"https:\/\/www.bioethanolshop.nl\/en\/","name":"Bioethanolshop.nl","description":"Najwi\u0119kszy w bioetanolu i najlepszej jako\u015bci bioetanol!","potentialAction":[{"@type":"SearchAction","target":{"@type":"EntryPoint","urlTemplate":"https:\/\/www.bioethanolshop.nl\/en\/?s={search_term_string}"},"query-input":{"@type":"PropertyValueSpecification","valueRequired":true,"valueName":"search_term_string"}}],"inLanguage":"pl-PL"}]}},"_links":{"self":[{"href":"https:\/\/www.bioethanolshop.nl\/pl\/wp-json\/wp\/v2\/pages\/252","targetHints":{"allow":["GET"]}}],"collection":[{"href":"https:\/\/www.bioethanolshop.nl\/pl\/wp-json\/wp\/v2\/pages"}],"about":[{"href":"https:\/\/www.bioethanolshop.nl\/pl\/wp-json\/wp\/v2\/types\/page"}],"author":[{"embeddable":true,"href":"https:\/\/www.bioethanolshop.nl\/pl\/wp-json\/wp\/v2\/users\/3"}],"replies":[{"embeddable":true,"href":"https:\/\/www.bioethanolshop.nl\/pl\/wp-json\/wp\/v2\/comments?post=252"}],"version-history":[{"count":1,"href":"https:\/\/www.bioethanolshop.nl\/pl\/wp-json\/wp\/v2\/pages\/252\/revisions"}],"predecessor-version":[{"id":253,"href":"https:\/\/www.bioethanolshop.nl\/pl\/wp-json\/wp\/v2\/pages\/252\/revisions\/253"}],"wp:attachment":[{"href":"https:\/\/www.bioethanolshop.nl\/pl\/wp-json\/wp\/v2\/media?parent=252"}],"curies":[{"name":"wp","href":"https:\/\/api.w.org\/{rel}","templated":true}]}}