{"id":734,"date":"2021-06-27T11:42:23","date_gmt":"2021-06-27T09:42:23","guid":{"rendered":"https:\/\/www.bioethanolshop.nl\/?post_type=product&#038;p=734"},"modified":"2025-07-08T14:53:58","modified_gmt":"2025-07-08T12:53:58","slug":"kynast-solar-led-garden-table-lamp-warm-white-white-light-with-dimmer-13","status":"publish","type":"product","link":"https:\/\/www.bioethanolshop.nl\/lv\/product\/mobiel-airco-3-in-1-met-luchtontvochtiger-en-airconditioning-7000btu-incl-afstandsbediening\/","title":{"rendered":"Mobilais gaisa kondicionieris 3-in-1 gaisa mitrin\u0101t\u0101js, ventilators un gaisa kondicionieris"},"content":{"rendered":"<h1>Mobiele airco 3-in-1 met luchtontvochtiger, airconditioning en ventilator 7000BTU- (incl. afstandsbediening)<\/h1>\n<h2><strong>Over de\u00a0mobiel airco 3-in-1<\/strong><\/h2>\n<p>De beste verkoeling tijdens warme, zomerse dagen komt van een heuse airconditioning. Met deze mobiele airco haalt u beste verkoeling in huis. Cre\u00eber in elke ruimte een aangename temperatuur, ook kan de lucht ontvochtigd worden en zorgt de airco voor de benodigde verkoeling.<\/p>\n<p>Deze airconditioning is makkelijk te verplaatsen dankzij 4 soepele wielen, ook is de airco eenvoudig te bedienen met een afstandsbediening of het LED-bedieningspaneel.<\/p>\n<p>Verder is de thermostaat van de airconditioning makkelijk regelbaar met de afstandsbediening, net zoals de ventilatiesnelheid. De mobiele airco is bovendien komt bovendien met:<\/p>\n<ul>\n<li>Een 24-uurs timer<\/li>\n<li>Een stille (koperen) motor<\/li>\n<li>Een afvoerslang.<\/li>\n<\/ul>\n<h3><strong>Functies van de mobiele airco 3-in-1<\/strong><\/h3>\n<ul>\n<li>Airconditioning<\/li>\n<li>Luchtontvochtiger<\/li>\n<li>Ventilator<\/li>\n<\/ul>\n<h3><strong>Productvoordelen van de\u00a0<\/strong><b>airco<\/b><\/h3>\n<ul>\n<li>3 functies; koelen, ontvochtigen en ventileren.<\/li>\n<li>Volledig regelbare thermostaat; 17 tot 35 graden Celsius.<\/li>\n<li>Uitgevoerd met stille motor; 65 dB.<\/li>\n<li>Milieubewust; <a href=\"https:\/\/nl.wikipedia.org\/wiki\/Energielabel#Grote_apparaten\">energielabel A<\/a>.<\/li>\n<li>Airconditioning is incl. afstandsbediening.<\/li>\n<li>Geschikt voor ruimtes tot 25m3.<\/li>\n<\/ul>\n<h4><strong>Specifik\u0101cijas<\/strong><\/h4>\n<ul>\n<li>Afmetingen: B: 35 x D: 38 x H: 89 cm<\/li>\n<li>Spanning\/Frequentie: 220-240V ~ 50Hz<\/li>\n<li>7000 BTU<\/li>\n<li>Gebruikt R290 gas<\/li>\n<li>Voorzien van 4 wielen<\/li>\n<li>Geschikt voor kleinere kamers: 10-15 m\u00b2<\/li>\n<li>Mobiel airco 3-in-1 kan tot 19L per dag ontvochtigen<\/li>\n<li>Incl. afstandsbediening (batterijen niet meegeleverd)<\/li>\n<li>Koper motor<\/li>\n<li>LED-scherm<\/li>\n<li>2 windsnelheden<\/li>\n<li>24-uurs timer<\/li>\n<li>Energieklasse A<\/li>\n<li>Geluidsniveau &lt;65dBA<\/li>\n<li>Luchtcirculatie: 290m\u00b3\/h<\/li>\n<li>EWR: 2,6<\/li>\n<li>Volle afvoertank indicator<\/li>\n<li>Handvatten aan de zijkant<\/li>\n<li>Geleverd met uitlaatslang<\/li>\n<\/ul>","protected":false},"excerpt":{"rendered":"<p class=\"page-heading\" data-bltgi=\"k6AZw5ViqNJSzQipqzRF-g.2_7.8\">Mobilais gaisa kondicionieris ar gaisa sausin\u0101t\u0101ju un ventilatoru - 3-in-1 gaisa kondicionieris 7000BTU- ar t\u0101lvad\u012bbas pulti<\/p>","protected":false},"featured_media":735,"comment_status":"closed","ping_status":"closed","template":"","meta":{"_acf_changed":false},"product_brand":[],"product_cat":[57,40],"product_tag":[53,54,52],"class_list":{"0":"post-734","1":"product","2":"type-product","3":"status-publish","4":"has-post-thumbnail","6":"product_cat-airconditioners","7":"product_cat-kynast-solar","8":"product_tag-gasheater","9":"product_tag-patioheater","10":"product_tag-terrasheater","12":"first","13":"outofstock","14":"taxable","15":"shipping-taxable","16":"purchasable","17":"product-type-simple"},"bundled_by":[],"bundle_stock_status":"outofstock","bundle_stock_quantity":null,"bundle_virtual":false,"bundle_layout":"","bundle_add_to_cart_form_location":"","bundle_editable_in_cart":false,"bundle_sold_individually_context":"","bundle_item_grouping":"","bundle_min_size":"","bundle_max_size":"","bundle_price":[],"bundled_items":[],"bundle_sell_ids":[],"acf":[],"yoast_head":"<!-- This site is optimized with the Yoast SEO Premium plugin v27.5 (Yoast SEO v27.5) - https:\/\/yoast.com\/product\/yoast-seo-premium-wordpress\/ -->\n<title>Mobiel airco 3-in-1 luchtontvochtiger, ventilator &amp; airconditioning<\/title>\n<meta name=\"description\" content=\"De beste verkoeling tijdens zomerse dagen komt van een heuse airconditioning. Met deze mobiele airco haalt u optimale verkoeling in huis.\" \/>\n<meta name=\"robots\" content=\"index, follow, max-snippet:-1, max-image-preview:large, max-video-preview:-1\" \/>\n<link rel=\"canonical\" href=\"https:\/\/www.bioethanolshop.nl\/lv\/produkts\/kynast-solar-led-garden-table-lamp-warm-white-white-light-with-dimmer-13\/\" \/>\n<meta property=\"og:locale\" content=\"lv_LV\" \/>\n<meta property=\"og:type\" content=\"article\" \/>\n<meta property=\"og:title\" content=\"Mobiel airco 3-in-1 luchtontvochtiger, ventilator &amp; airconditioning\" \/>\n<meta property=\"og:description\" content=\"De beste verkoeling tijdens zomerse dagen komt van een heuse airconditioning. Met deze mobiele airco haalt u optimale verkoeling in huis.\" \/>\n<meta property=\"og:url\" content=\"https:\/\/www.bioethanolshop.nl\/lv\/produkts\/kynast-solar-led-garden-table-lamp-warm-white-white-light-with-dimmer-13\/\" \/>\n<meta property=\"og:site_name\" content=\"Bioethanolshop.nl\" \/>\n<meta property=\"article:publisher\" content=\"https:\/\/www.facebook.com\/profile.php?id=100064154436458\" \/>\n<meta property=\"article:modified_time\" content=\"2025-07-08T12:53:58+00:00\" \/>\n<meta property=\"og:image\" content=\"https:\/\/www.bioethanolshop.nl\/wp-content\/uploads\/2021\/06\/613-401069-scaled.jpg\" \/>\n\t<meta property=\"og:image:width\" content=\"1707\" \/>\n\t<meta property=\"og:image:height\" content=\"2560\" \/>\n\t<meta property=\"og:image:type\" content=\"image\/jpeg\" \/>\n<meta name=\"twitter:card\" content=\"summary_large_image\" \/>\n<meta name=\"twitter:label1\" content=\"Est. reading time\" \/>\n\t<meta name=\"twitter:data1\" content=\"1 min\u016bte\" \/>\n<!-- \/ Yoast SEO Premium plugin. -->","yoast_head_json":{"title":"Mobilais gaisa kondicionieris 3-in-1 gaisa mitrin\u0101t\u0101js, ventilators un gaisa kondicionieris","description":"De beste verkoeling tijdens zomerse dagen komt van een heuse airconditioning. Met deze mobiele airco haalt u optimale verkoeling in huis.","robots":{"index":"index","follow":"follow","max-snippet":"max-snippet:-1","max-image-preview":"max-image-preview:large","max-video-preview":"max-video-preview:-1"},"canonical":"https:\/\/www.bioethanolshop.nl\/lv\/produkts\/kynast-solar-led-garden-table-lamp-warm-white-white-light-with-dimmer-13\/","og_locale":"lv_LV","og_type":"article","og_title":"Mobiel airco 3-in-1 luchtontvochtiger, ventilator & airconditioning","og_description":"De beste verkoeling tijdens zomerse dagen komt van een heuse airconditioning. Met deze mobiele airco haalt u optimale verkoeling in huis.","og_url":"https:\/\/www.bioethanolshop.nl\/lv\/produkts\/kynast-solar-led-garden-table-lamp-warm-white-white-light-with-dimmer-13\/","og_site_name":"Bioethanolshop.nl","article_publisher":"https:\/\/www.facebook.com\/profile.php?id=100064154436458","article_modified_time":"2025-07-08T12:53:58+00:00","og_image":[{"width":1707,"height":2560,"url":"https:\/\/www.bioethanolshop.nl\/wp-content\/uploads\/2021\/06\/613-401069-scaled.jpg","type":"image\/jpeg"}],"twitter_card":"summary_large_image","twitter_misc":{"Est. reading time":"1 min\u016bte"},"schema":{"@context":"https:\/\/schema.org","@graph":[{"@type":"WebPage","@id":"https:\/\/www.bioethanolshop.nl\/product\/mobiel-airco-3-in-1-met-luchtontvochtiger-en-airconditioning-7000btu-incl-afstandsbediening\/","url":"https:\/\/www.bioethanolshop.nl\/product\/mobiel-airco-3-in-1-met-luchtontvochtiger-en-airconditioning-7000btu-incl-afstandsbediening\/","name":"Mobilais gaisa kondicionieris 3-in-1 gaisa mitrin\u0101t\u0101js, ventilators un gaisa kondicionieris","isPartOf":{"@id":"https:\/\/www.bioethanolshop.nl\/en\/#website"},"primaryImageOfPage":{"@id":"https:\/\/www.bioethanolshop.nl\/product\/mobiel-airco-3-in-1-met-luchtontvochtiger-en-airconditioning-7000btu-incl-afstandsbediening\/#primaryimage"},"image":{"@id":"https:\/\/www.bioethanolshop.nl\/product\/mobiel-airco-3-in-1-met-luchtontvochtiger-en-airconditioning-7000btu-incl-afstandsbediening\/#primaryimage"},"thumbnailUrl":"https:\/\/www.bioethanolshop.nl\/wp-content\/uploads\/2021\/06\/613-401069-scaled.jpg","datePublished":"2021-06-27T09:42:23+00:00","dateModified":"2025-07-08T12:53:58+00:00","description":"De beste verkoeling tijdens zomerse dagen komt van een heuse airconditioning. Met deze mobiele airco haalt u optimale verkoeling in huis.","breadcrumb":{"@id":"https:\/\/www.bioethanolshop.nl\/product\/mobiel-airco-3-in-1-met-luchtontvochtiger-en-airconditioning-7000btu-incl-afstandsbediening\/#breadcrumb"},"inLanguage":"lv-LV","potentialAction":[{"@type":"ReadAction","target":["https:\/\/www.bioethanolshop.nl\/product\/mobiel-airco-3-in-1-met-luchtontvochtiger-en-airconditioning-7000btu-incl-afstandsbediening\/"]}]},{"@type":"ImageObject","inLanguage":"lv-LV","@id":"https:\/\/www.bioethanolshop.nl\/product\/mobiel-airco-3-in-1-met-luchtontvochtiger-en-airconditioning-7000btu-incl-afstandsbediening\/#primaryimage","url":"https:\/\/www.bioethanolshop.nl\/wp-content\/uploads\/2021\/06\/613-401069-scaled.jpg","contentUrl":"https:\/\/www.bioethanolshop.nl\/wp-content\/uploads\/2021\/06\/613-401069-scaled.jpg","width":1707,"height":2560,"caption":"Mobiele airco met 3 functies in 1"},{"@type":"BreadcrumbList","@id":"https:\/\/www.bioethanolshop.nl\/product\/mobiel-airco-3-in-1-met-luchtontvochtiger-en-airconditioning-7000btu-incl-afstandsbediening\/#breadcrumb","itemListElement":[{"@type":"ListItem","position":1,"name":"Home","item":"https:\/\/www.bioethanolshop.nl\/"},{"@type":"ListItem","position":2,"name":"Winkel","item":"https:\/\/www.bioethanolshop.nl\/en\/store\/"},{"@type":"ListItem","position":3,"name":"Mobiel airco 3-in-1 luchtontvochtiger, ventilator &#038; airconditioning"}]},{"@type":"WebSite","@id":"https:\/\/www.bioethanolshop.nl\/en\/#website","url":"https:\/\/www.bioethanolshop.nl\/en\/","name":"Bioethanolshop.nl","description":"Liel\u0101kais bioetanola un lab\u0101k\u0101s kvalit\u0101tes bioetanola ra\u017eot\u0101js!","potentialAction":[{"@type":"SearchAction","target":{"@type":"EntryPoint","urlTemplate":"https:\/\/www.bioethanolshop.nl\/en\/?s={search_term_string}"},"query-input":{"@type":"PropertyValueSpecification","valueRequired":true,"valueName":"search_term_string"}}],"inLanguage":"lv-LV"}]}},"_links":{"self":[{"href":"https:\/\/www.bioethanolshop.nl\/lv\/wp-json\/wp\/v2\/product\/734","targetHints":{"allow":["GET"]}}],"collection":[{"href":"https:\/\/www.bioethanolshop.nl\/lv\/wp-json\/wp\/v2\/product"}],"about":[{"href":"https:\/\/www.bioethanolshop.nl\/lv\/wp-json\/wp\/v2\/types\/product"}],"replies":[{"embeddable":true,"href":"https:\/\/www.bioethanolshop.nl\/lv\/wp-json\/wp\/v2\/comments?post=734"}],"version-history":[{"count":2,"href":"https:\/\/www.bioethanolshop.nl\/lv\/wp-json\/wp\/v2\/product\/734\/revisions"}],"predecessor-version":[{"id":17233,"href":"https:\/\/www.bioethanolshop.nl\/lv\/wp-json\/wp\/v2\/product\/734\/revisions\/17233"}],"wp:featuredmedia":[{"embeddable":true,"href":"https:\/\/www.bioethanolshop.nl\/lv\/wp-json\/wp\/v2\/media\/735"}],"wp:attachment":[{"href":"https:\/\/www.bioethanolshop.nl\/lv\/wp-json\/wp\/v2\/media?parent=734"}],"wp:term":[{"taxonomy":"product_brand","embeddable":true,"href":"https:\/\/www.bioethanolshop.nl\/lv\/wp-json\/wp\/v2\/product_brand?post=734"},{"taxonomy":"product_cat","embeddable":true,"href":"https:\/\/www.bioethanolshop.nl\/lv\/wp-json\/wp\/v2\/product_cat?post=734"},{"taxonomy":"product_tag","embeddable":true,"href":"https:\/\/www.bioethanolshop.nl\/lv\/wp-json\/wp\/v2\/product_tag?post=734"}],"curies":[{"name":"wp","href":"https:\/\/api.w.org\/{rel}","templated":true}]}}