{"id":723,"date":"2021-06-27T11:32:52","date_gmt":"2021-06-27T09:32:52","guid":{"rendered":"https:\/\/www.bioethanolshop.nl\/?post_type=product&#038;p=723"},"modified":"2023-06-15T16:44:57","modified_gmt":"2023-06-15T14:44:57","slug":"kynast-solar-led-garden-table-lamp-warm-white-white-light-with-dimmer-12","status":"publish","type":"product","link":"https:\/\/www.bioethanolshop.nl\/lv\/product\/coolserie-vloer-ventilator-46cm-3-snelheden-vloerventilator-chroom-retrostijl-75-watt\/","title":{"rendered":"Coolseries Gr\u012bdas ventilators 46cm - 3 \u0101trumu gr\u012bdas ventilators - hroms - retro stils - 75 Watt"},"content":{"rendered":"<h2>Coolseries gr\u012bdas ventilators - 46 cm - 3 \u0101trumi - hroms - retro stils - 75 vati<\/h2>\n<p><strong>Korte beschrijving:<\/strong><br \/>\nStabiel en krachtig design in chroom uitvoering.<br \/>\nDeze 45 cm vloerventilator in chroomafwerking geeft u een frisse wind en zorgt voor een aangenaam koele atmosfeer, zelfs in de heetste zomer. Door zijn krachtige 75 watt is hij ook ideaal voor in de werkplaats, op kantoor of in de praktijk.<\/p>\n<p><strong>Productdetails:<\/strong><\/p>\n<ul>\n<li>Krachtige vloer- of vloerventilator.<\/li>\n<li>3 snelheidsstanden.<\/li>\n<li>In verchroomd metalen uitvoering.<\/li>\n<li>Laag geluidsniveau.<\/li>\n<li>Zwenkstandverstelling van de kop.<\/li>\n<li>Lange toevoerleiding van 180 cm.<\/li>\n<li>220-240V\/50Hz\/75 Watt<\/li>\n<\/ul>\n<p><strong>Technische gegevens:<\/strong><br \/>\nAfmetingen:<br \/>\nventilator: L 50 x B 18 x H 50 cm.<br \/>\nVentilatorkop: diameter 45 cm.<br \/>\nRoosterdiameter compleet: diameter 46,5 cm.<br \/>\nVermogen: 75 watt.<br \/>\nSpanning: 220-240 V ~ 50\/60 Hz.<br \/>\nLengte snoer: 154 cm.<br \/>\nModelnaam: Vloerventilator.<br \/>\nMerk: Cool serie.<br \/>\nLengte: 50 cm.<br \/>\nBreedte: 18 cm.<br \/>\nHoogte: 50 cm.<br \/>\nDiameter: 45 cm.<br \/>\nAfmetingen: 50 x 18 x 50 cm.<br \/>\nGewicht: 4,06 kg.<br \/>\nMateriaal: Metaal, kunststof.<br \/>\nKleur: Zilver.<br \/>\nInhoud van de doos: 1 x vloerventilator, chroom design, diameter 45 cm, 1 x gebruiksaanwijzing<\/p>","protected":false},"excerpt":{"rendered":"<p class=\"page-heading\" data-bltgi=\"k6AZw5ViqNJSzQipqzRF-g.2_7.8\">Coolseries gr\u012bdas ventilators - 46 cm - 3 \u0101trumi - hroms - retro stils - 75 vati<\/p>","protected":false},"featured_media":728,"comment_status":"closed","ping_status":"closed","template":"","meta":{"_acf_changed":false},"product_brand":[],"product_cat":[57,40],"product_tag":[53,54,52],"class_list":{"0":"post-723","1":"product","2":"type-product","3":"status-publish","4":"has-post-thumbnail","6":"product_cat-airconditioners","7":"product_cat-kynast-solar","8":"product_tag-gasheater","9":"product_tag-patioheater","10":"product_tag-terrasheater","12":"first","13":"outofstock","14":"taxable","15":"shipping-taxable","16":"purchasable","17":"product-type-simple"},"bundled_by":[],"bundle_stock_status":"outofstock","bundle_stock_quantity":null,"bundle_virtual":false,"bundle_layout":"","bundle_add_to_cart_form_location":"","bundle_editable_in_cart":false,"bundle_sold_individually_context":"","bundle_item_grouping":"","bundle_min_size":"","bundle_max_size":"","bundle_price":[],"bundled_items":[],"bundle_sell_ids":[],"acf":[],"yoast_head":"<!-- This site is optimized with the Yoast SEO Premium plugin v27.2 (Yoast SEO v27.2) - https:\/\/yoast.com\/product\/yoast-seo-premium-wordpress\/ -->\n<title>Coolserie Vloer ventilator 46cm - 3 snelheden vloerventilator - chroom - retrostijl - 75 Watt<\/title>\n<meta name=\"description\" content=\"Patio gas terrasheater RVS op wielen 13kW 220cm Compleet uitgevoerd met drukregelaar, anti kantel schakelaar en GRATIS beschermhoes\" \/>\n<meta name=\"robots\" content=\"index, follow, max-snippet:-1, max-image-preview:large, max-video-preview:-1\" \/>\n<link rel=\"canonical\" href=\"https:\/\/www.bioethanolshop.nl\/lv\/produkts\/kynast-solar-led-garden-table-lamp-warm-white-white-light-with-dimmer-12\/\" \/>\n<meta property=\"og:locale\" content=\"lv_LV\" \/>\n<meta property=\"og:type\" content=\"article\" \/>\n<meta property=\"og:title\" content=\"Coolserie Vloer ventilator 46cm - 3 snelheden vloerventilator - chroom - retrostijl - 75 Watt\" \/>\n<meta property=\"og:description\" content=\"Patio gas terrasheater RVS op wielen 13kW 220cm Compleet uitgevoerd met drukregelaar, anti kantel schakelaar en GRATIS beschermhoes\" \/>\n<meta property=\"og:url\" content=\"https:\/\/www.bioethanolshop.nl\/lv\/produkts\/kynast-solar-led-garden-table-lamp-warm-white-white-light-with-dimmer-12\/\" \/>\n<meta property=\"og:site_name\" content=\"Bioethanolshop.nl\" \/>\n<meta property=\"article:publisher\" content=\"https:\/\/www.facebook.com\/profile.php?id=100064154436458\" \/>\n<meta property=\"article:modified_time\" content=\"2023-06-15T14:44:57+00:00\" \/>\n<meta property=\"og:image\" content=\"https:\/\/www.bioethanolshop.nl\/wp-content\/uploads\/2021\/06\/613-400750.jpg\" \/>\n\t<meta property=\"og:image:width\" content=\"540\" \/>\n\t<meta property=\"og:image:height\" content=\"612\" \/>\n\t<meta property=\"og:image:type\" content=\"image\/jpeg\" \/>\n<meta name=\"twitter:card\" content=\"summary_large_image\" \/>\n<meta name=\"twitter:label1\" content=\"Est. reading time\" \/>\n\t<meta name=\"twitter:data1\" content=\"1 min\u016bte\" \/>\n<!-- \/ Yoast SEO Premium plugin. -->","yoast_head_json":{"title":"Coolserie Vloer ventilator 46cm - 3 snelheden vloerventilator - chroom - retrostijl - 75 Watt","description":"Patio gas terrasheater RVS op wielen 13kW 220cm Compleet uitgevoerd met drukregelaar, anti kantel schakelaar en GRATIS beschermhoes","robots":{"index":"index","follow":"follow","max-snippet":"max-snippet:-1","max-image-preview":"max-image-preview:large","max-video-preview":"max-video-preview:-1"},"canonical":"https:\/\/www.bioethanolshop.nl\/lv\/produkts\/kynast-solar-led-garden-table-lamp-warm-white-white-light-with-dimmer-12\/","og_locale":"lv_LV","og_type":"article","og_title":"Coolserie Vloer ventilator 46cm - 3 snelheden vloerventilator - chroom - retrostijl - 75 Watt","og_description":"Patio gas terrasheater RVS op wielen 13kW 220cm Compleet uitgevoerd met drukregelaar, anti kantel schakelaar en GRATIS beschermhoes","og_url":"https:\/\/www.bioethanolshop.nl\/lv\/produkts\/kynast-solar-led-garden-table-lamp-warm-white-white-light-with-dimmer-12\/","og_site_name":"Bioethanolshop.nl","article_publisher":"https:\/\/www.facebook.com\/profile.php?id=100064154436458","article_modified_time":"2023-06-15T14:44:57+00:00","og_image":[{"width":540,"height":612,"url":"https:\/\/www.bioethanolshop.nl\/wp-content\/uploads\/2021\/06\/613-400750.jpg","type":"image\/jpeg"}],"twitter_card":"summary_large_image","twitter_misc":{"Est. reading time":"1 min\u016bte"},"schema":{"@context":"https:\/\/schema.org","@graph":[{"@type":"WebPage","@id":"https:\/\/www.bioethanolshop.nl\/product\/coolserie-vloer-ventilator-46cm-3-snelheden-vloerventilator-chroom-retrostijl-75-watt\/","url":"https:\/\/www.bioethanolshop.nl\/product\/coolserie-vloer-ventilator-46cm-3-snelheden-vloerventilator-chroom-retrostijl-75-watt\/","name":"Coolserie Vloer ventilator 46cm - 3 snelheden vloerventilator - chroom - retrostijl - 75 Watt","isPartOf":{"@id":"https:\/\/www.bioethanolshop.nl\/en\/#website"},"primaryImageOfPage":{"@id":"https:\/\/www.bioethanolshop.nl\/product\/coolserie-vloer-ventilator-46cm-3-snelheden-vloerventilator-chroom-retrostijl-75-watt\/#primaryimage"},"image":{"@id":"https:\/\/www.bioethanolshop.nl\/product\/coolserie-vloer-ventilator-46cm-3-snelheden-vloerventilator-chroom-retrostijl-75-watt\/#primaryimage"},"thumbnailUrl":"https:\/\/www.bioethanolshop.nl\/wp-content\/uploads\/2021\/06\/613-400750.jpg","datePublished":"2021-06-27T09:32:52+00:00","dateModified":"2023-06-15T14:44:57+00:00","description":"Patio gas terrasheater RVS op wielen 13kW 220cm Compleet uitgevoerd met drukregelaar, anti kantel schakelaar en GRATIS beschermhoes","breadcrumb":{"@id":"https:\/\/www.bioethanolshop.nl\/product\/coolserie-vloer-ventilator-46cm-3-snelheden-vloerventilator-chroom-retrostijl-75-watt\/#breadcrumb"},"inLanguage":"lv-LV","potentialAction":[{"@type":"ReadAction","target":["https:\/\/www.bioethanolshop.nl\/product\/coolserie-vloer-ventilator-46cm-3-snelheden-vloerventilator-chroom-retrostijl-75-watt\/"]}]},{"@type":"ImageObject","inLanguage":"lv-LV","@id":"https:\/\/www.bioethanolshop.nl\/product\/coolserie-vloer-ventilator-46cm-3-snelheden-vloerventilator-chroom-retrostijl-75-watt\/#primaryimage","url":"https:\/\/www.bioethanolshop.nl\/wp-content\/uploads\/2021\/06\/613-400750.jpg","contentUrl":"https:\/\/www.bioethanolshop.nl\/wp-content\/uploads\/2021\/06\/613-400750.jpg","width":540,"height":612,"caption":"Coolserie Vloer ventilator - 46cm - 3 snelheden - chroom - retrostijl - 75 Watt"},{"@type":"BreadcrumbList","@id":"https:\/\/www.bioethanolshop.nl\/product\/coolserie-vloer-ventilator-46cm-3-snelheden-vloerventilator-chroom-retrostijl-75-watt\/#breadcrumb","itemListElement":[{"@type":"ListItem","position":1,"name":"Home","item":"https:\/\/www.bioethanolshop.nl\/"},{"@type":"ListItem","position":2,"name":"Winkel","item":"https:\/\/www.bioethanolshop.nl\/en\/store\/"},{"@type":"ListItem","position":3,"name":"Coolserie Vloer ventilator 46cm &#8211; 3 snelheden vloerventilator &#8211; chroom &#8211; retrostijl &#8211; 75 Watt"}]},{"@type":"WebSite","@id":"https:\/\/www.bioethanolshop.nl\/en\/#website","url":"https:\/\/www.bioethanolshop.nl\/en\/","name":"Bioethanolshop.nl","description":"Liel\u0101kais bioetanola un lab\u0101k\u0101s kvalit\u0101tes bioetanola ra\u017eot\u0101js!","potentialAction":[{"@type":"SearchAction","target":{"@type":"EntryPoint","urlTemplate":"https:\/\/www.bioethanolshop.nl\/en\/?s={search_term_string}"},"query-input":{"@type":"PropertyValueSpecification","valueRequired":true,"valueName":"search_term_string"}}],"inLanguage":"lv-LV"}]}},"_links":{"self":[{"href":"https:\/\/www.bioethanolshop.nl\/lv\/wp-json\/wp\/v2\/product\/723","targetHints":{"allow":["GET"]}}],"collection":[{"href":"https:\/\/www.bioethanolshop.nl\/lv\/wp-json\/wp\/v2\/product"}],"about":[{"href":"https:\/\/www.bioethanolshop.nl\/lv\/wp-json\/wp\/v2\/types\/product"}],"replies":[{"embeddable":true,"href":"https:\/\/www.bioethanolshop.nl\/lv\/wp-json\/wp\/v2\/comments?post=723"}],"version-history":[{"count":0,"href":"https:\/\/www.bioethanolshop.nl\/lv\/wp-json\/wp\/v2\/product\/723\/revisions"}],"wp:featuredmedia":[{"embeddable":true,"href":"https:\/\/www.bioethanolshop.nl\/lv\/wp-json\/wp\/v2\/media\/728"}],"wp:attachment":[{"href":"https:\/\/www.bioethanolshop.nl\/lv\/wp-json\/wp\/v2\/media?parent=723"}],"wp:term":[{"taxonomy":"product_brand","embeddable":true,"href":"https:\/\/www.bioethanolshop.nl\/lv\/wp-json\/wp\/v2\/product_brand?post=723"},{"taxonomy":"product_cat","embeddable":true,"href":"https:\/\/www.bioethanolshop.nl\/lv\/wp-json\/wp\/v2\/product_cat?post=723"},{"taxonomy":"product_tag","embeddable":true,"href":"https:\/\/www.bioethanolshop.nl\/lv\/wp-json\/wp\/v2\/product_tag?post=723"}],"curies":[{"name":"wp","href":"https:\/\/api.w.org\/{rel}","templated":true}]}}