{"id":12378,"date":"2024-03-17T11:09:22","date_gmt":"2024-03-17T10:09:22","guid":{"rendered":"https:\/\/www.bioethanolshop.nl\/?post_type=product&#038;p=12378"},"modified":"2024-12-03T08:42:07","modified_gmt":"2024-12-03T07:42:07","slug":"kieselgreen-bioetanols-ar-vanilas-aromatu-bioetanols-96-6-5-litru-biodegviela-atmosferas-degvielam-2","status":"publish","type":"product","link":"https:\/\/www.bioethanolshop.nl\/lv\/product\/kieselgreen-bioethanol-25-liter-met-vanillegeur-bio-ethanol-96-6-5x-5-liter-biobrandstof-voor-sfeerhaarden-premium-kwaliteit-ethanol-voor-binnen-en-buiten\/","title":{"rendered":"KieselGreen Bioetanols 25 litri ar vani\u013cas arom\u0101tu - bioetanols 96.6% - 5x 5 litri biodegvielas dekorat\u012bvajiem kam\u012bniem Premium kvalit\u0101tes etanols iek\u0161telp\u0101m un \u0101rtelp\u0101m"},"content":{"rendered":"<div class=\"flex-1 overflow-hidden\">\n<div class=\"h-full\">\n<div class=\"react-scroll-to-bottom--css-lxnty-79elbk h-full\">\n<div class=\"react-scroll-to-bottom--css-lxnty-1n7m0yu\">\n<div class=\"flex flex-col text-sm md:pb-9\">\n<article class=\"w-full scroll-mb-[var(--thread-trailing-height,150px)] text-token-text-primary focus-visible:outline-2 focus-visible:outline-offset-[-4px]\" dir=\"auto\" data-testid=\"conversation-turn-9\" data-scroll-anchor=\"true\">\n<div class=\"m-auto text-base py-[18px] px-3 md:px-4 w-full md:px-5 lg:px-4 xl:px-5\">\n<div class=\"mx-auto flex flex-1 gap-4 text-base md:gap-5 lg:gap-6 md:max-w-3xl lg:max-w-[40rem] xl:max-w-[48rem]\">\n<div class=\"group\/conversation-turn relative flex w-full min-w-0 flex-col agent-turn\">\n<div class=\"flex-col gap-1 md:gap-3\">\n<div class=\"flex max-w-full flex-col flex-grow\">\n<div class=\"min-h-8 text-message flex w-full flex-col items-end gap-2 whitespace-normal break-words [.text-message+&amp;]:mt-5\" dir=\"auto\" data-message-author-role=\"assistant\" data-message-id=\"914e21b6-bac8-41d2-9aa8-76a72980e9f3\" data-message-model-slug=\"gpt-4o\">\n<div class=\"flex w-full flex-col gap-1 empty:hidden first:pt-[3px]\">\n<div class=\"markdown prose w-full break-words dark:prose-invert light\">\n<p><strong>Premium Bio-ethanol met Authentiek Vanille Aroma &#8211; KieselGreen<\/strong><\/p>\n<p><strong>Voeg een vleugje warmte en luxe toe aan je huis<\/strong><br \/>\nCre\u00eber een unieke sfeer met KieselGreen&#8217;s premium bio-ethanol, verrijkt met een authentiek Vanille-aroma. Met een zuiverheid van 96,6% biedt deze Europese biobrandstof een veilige, effici\u00ebnte en geurloze verbranding, aangevuld met een subtiele en uitnodigende geur van vanille. Perfect voor gebruik in sfeerhaarden en tafelhaarden, zodat je kunt genieten van een gezellige winteravond in een warme ambiance.<\/p>\n<p><strong>Waarom KieselGreen Premium Bio-ethanol?<\/strong><\/p>\n<ul>\n<li><strong>Authentieke vanillegeur:<\/strong> Laat je huis vullen met de zoete en nostalgische geur van vanille, voor een warme sfeer.<\/li>\n<li><strong>Hoogwaardige bio-ethanol:<\/strong> Een zuiverheid van 96,6% zorgt voor een schone, veilige en effici\u00ebnte verbranding.<\/li>\n<li><strong>Milieuvriendelijk en duurzaam:<\/strong> 100% biologisch en Europees geproduceerd, een verantwoorde keuze voor elk huis.<\/li>\n<li><strong>Stille en rookvrije verbranding:<\/strong> Geniet van een sfeervolle, geruisloze en geurloze vlam met een warme uitstraling.<\/li>\n<li><strong>Uitgebreid getest:<\/strong> Strenge chemische en sensorische kwaliteitscontroles garanderen veiligheid en tevredenheid.<\/li>\n<li><strong>Betaalbare luxe:<\/strong> Luxe ge\u00efnspireerd door exclusieve huisparfums, maar dan voor een aantrekkelijke prijs.<\/li>\n<\/ul>\n<p><strong>Technische specificaties:<\/strong><\/p>\n<ul>\n<li><strong>Product:<\/strong> Bio-ethanol met Vanille-aroma<\/li>\n<li><strong>Inhoud:<\/strong> 5 handige verpakkingen van elk 5 liter<\/li>\n<li><strong>Herkomst:<\/strong> Europees product<\/li>\n<li><strong>Kwaliteit:<\/strong> 96,6% zuiver en biologisch<\/li>\n<\/ul>\n<p><strong>Leveromvang:<\/strong><br \/>\nJe ontvangt 5 praktische verpakkingen van 5 liter bio-ethanol, elk voorzien van een handige spuitkop. Ideaal voor het vullen van sfeerhaarden en andere toepassingen waar een verfijnd vanillearoma gewenst is.<\/p>\n<p><strong>Samenvatting:<\/strong><br \/>\nKieselGreen Premium Bio-ethanol met Vanille-aroma biedt een combinatie van duurzaamheid, veiligheid en een verfijnde geurervaring. Het is de perfecte keuze om een gezellige en uitnodigende sfeer in je huis te cre\u00ebren.<\/p>\n<p><strong>Gerelateerde zoekwoorden:<\/strong><br \/>\nbio-ethanol sfeerhaard &#8211; bio-ethanol met geur &#8211; bio-ethanol vanille &#8211; premium bio-ethanol &#8211; milieuvriendelijke bio-ethanol &#8211; geurloze bio-ethanol &#8211; bio-ethanol voor tafelhaard &#8211; bio-ethanol Europese kwaliteit &#8211; bio-ethanol kopen Nederland &#8211; bio-ethanol Belgi\u00eb<\/p>\n<p><strong>FAQ:<\/strong><\/p>\n<p><strong>1. Kan deze bio-ethanol veilig binnenshuis worden gebruikt?<\/strong><br \/>\nJa, KieselGreen bio-ethanol is ontworpen voor gebruik binnenshuis. Het brandt schoon, zonder rook of schadelijke dampen.<\/p>\n<p><strong>2. Hoe intens is de vanillegeur?<\/strong><br \/>\nDe geur is subtiel en verfijnd, waardoor het een warme, gezellige sfeer toevoegt zonder te overheersen.<\/p>\n<p><strong>3. Is deze bio-ethanol geschikt voor elke sfeerhaard?<\/strong><br \/>\nJa, dit product is compatibel met de meeste sfeerhaarden en tafelhaarden. Controleer altijd de gebruiksaanwijzing van je haard.<\/p>\n<p><strong>4. Hoe kan ik de bio-ethanol het beste bewaren?<\/strong><br \/>\nBewaar de verpakking op een koele, droge plek, buiten direct zonlicht en uit de buurt van kinderen en open vuur.<\/p>\n<p><strong>5. Wat maakt dit product milieuvriendelijk?<\/strong><br \/>\nHet is 100% biologisch en in Europa geproduceerd met strenge aandacht voor duurzaamheid en kwaliteit.<\/p>\n<\/div>\n<\/div>\n<\/div>\n<\/div>\n<div class=\"mb-2 flex gap-3 empty:hidden -ml-2\">\n<div class=\"items-center justify-start rounded-xl p-1 flex\">\n<div class=\"flex items-center\"><\/div>\n<\/div>\n<\/div>\n<div class=\"pr-2 lg:pr-0\"><\/div>\n<div class=\"mt-3 w-full empty:hidden\">\n<div class=\"text-center\"><\/div>\n<\/div>\n<\/div>\n<div class=\"absolute\">\n<div class=\"flex items-center justify-center\"><\/div>\n<\/div>\n<\/div>\n<\/div>\n<\/div>\n<\/article>\n<\/div>\n<\/div>\n<\/div>\n<\/div>\n<\/div>\n<div class=\"md:pt-0 dark:border-white\/20 md:border-transparent md:dark:border-transparent w-full\">\n<div>\n<div class=\"m-auto text-base px-3 md:px-4 w-full md:px-5 lg:px-4 xl:px-5\">\n<div class=\"mx-auto flex flex-1 gap-4 text-base md:gap-5 lg:gap-6 md:max-w-3xl lg:max-w-[40rem] xl:max-w-[48rem]\">\n<div class=\"flex justify-center\"><\/div>\n<\/div>\n<\/div>\n<\/div>\n<\/div>\n","protected":false},"excerpt":{"rendered":"<p>KieselGreen Bioetanols ar vani\u013cas arom\u0101tu - bioetanols 96.6% - 25 litri biodegvielas istabas kam\u012bniem<\/p>","protected":false},"featured_media":12379,"comment_status":"closed","ping_status":"closed","template":"","meta":{"_acf_changed":false},"product_brand":[],"product_cat":[21,81],"product_tag":[],"class_list":{"0":"post-12378","1":"product","2":"type-product","3":"status-publish","4":"has-post-thumbnail","6":"product_cat-kieselgreen-groenemorgen","7":"product_cat-vanillegeur-bioethanol","9":"first","10":"instock","11":"taxable","12":"shipping-taxable","13":"purchasable","14":"product-type-simple"},"bundled_by":[],"bundle_stock_status":"instock","bundle_stock_quantity":null,"bundle_virtual":false,"bundle_layout":"","bundle_add_to_cart_form_location":"","bundle_editable_in_cart":false,"bundle_sold_individually_context":"","bundle_item_grouping":"","bundle_min_size":"","bundle_max_size":"","bundle_price":[],"bundled_items":[],"bundle_sell_ids":[],"acf":[],"yoast_head":"<!-- This site is optimized with the Yoast SEO Premium plugin v27.2 (Yoast SEO v27.2) - https:\/\/yoast.com\/product\/yoast-seo-premium-wordpress\/ -->\n<title>KieselGreen Bioethanol met vanillegeur - bio ethanol 96.6% - 5 liter<\/title>\n<meta name=\"description\" content=\"KieselGreen Bioethanol 25 Liter met Vanillegeur- bio ethanol 96.6% - 5x 5 liter biobrandstof voor sfeerhaarden Premium Kwaliteit Ethanol voor Binnen en Buiten\" \/>\n<meta name=\"robots\" content=\"index, follow, max-snippet:-1, max-image-preview:large, max-video-preview:-1\" \/>\n<link rel=\"canonical\" href=\"https:\/\/www.bioethanolshop.nl\/lv\/produkts\/kieselgreen-bioetanols-ar-vanilas-aromatu-bioetanols-96-6-5-litru-biodegviela-atmosferas-degvielam-2\/\" \/>\n<meta property=\"og:locale\" content=\"lv_LV\" \/>\n<meta property=\"og:type\" content=\"article\" \/>\n<meta property=\"og:title\" content=\"KieselGreen Bioethanol 25 Liter met Vanillegeur- bio ethanol 96.6% - 5x 5 liter biobrandstof voor sfeerhaarden Premium Kwaliteit Ethanol voor Binnen en Buiten\" \/>\n<meta property=\"og:description\" content=\"KieselGreen Bioethanol 25 Liter met Vanillegeur- bio ethanol 96.6% - 5x 5 liter biobrandstof voor sfeerhaarden Premium Kwaliteit Ethanol voor Binnen en Buiten\" \/>\n<meta property=\"og:url\" content=\"https:\/\/www.bioethanolshop.nl\/lv\/produkts\/kieselgreen-bioetanols-ar-vanilas-aromatu-bioetanols-96-6-5-litru-biodegviela-atmosferas-degvielam-2\/\" \/>\n<meta property=\"og:site_name\" content=\"Bioethanolshop.nl\" \/>\n<meta property=\"article:publisher\" content=\"https:\/\/www.facebook.com\/profile.php?id=100064154436458\" \/>\n<meta property=\"article:modified_time\" content=\"2024-12-03T07:42:07+00:00\" \/>\n<meta property=\"og:image\" content=\"https:\/\/www.bioethanolshop.nl\/wp-content\/uploads\/2024\/03\/nl96va25.jpg\" \/>\n\t<meta property=\"og:image:width\" content=\"1149\" \/>\n\t<meta property=\"og:image:height\" content=\"1200\" \/>\n\t<meta property=\"og:image:type\" content=\"image\/jpeg\" \/>\n<meta name=\"twitter:card\" content=\"summary_large_image\" \/>\n<meta name=\"twitter:label1\" content=\"Est. reading time\" \/>\n\t<meta name=\"twitter:data1\" content=\"3 min\u016btes\" \/>\n<!-- \/ Yoast SEO Premium plugin. -->","yoast_head_json":{"title":"KieselGreen vani\u013cas arom\u0101ta bioetanols 96.6% - 5 litri","description":"KieselGreen Bioetanols 25 litri ar vani\u013cas arom\u0101tu - bioetanols 96.6% - 5x 5 litri biodegvielas dekorat\u012bvajiem kam\u012bniem Premium kvalit\u0101tes etanols iek\u0161telp\u0101m un \u0101rtelp\u0101m","robots":{"index":"index","follow":"follow","max-snippet":"max-snippet:-1","max-image-preview":"max-image-preview:large","max-video-preview":"max-video-preview:-1"},"canonical":"https:\/\/www.bioethanolshop.nl\/lv\/produkts\/kieselgreen-bioetanols-ar-vanilas-aromatu-bioetanols-96-6-5-litru-biodegviela-atmosferas-degvielam-2\/","og_locale":"lv_LV","og_type":"article","og_title":"KieselGreen Bioethanol 25 Liter met Vanillegeur- bio ethanol 96.6% - 5x 5 liter biobrandstof voor sfeerhaarden Premium Kwaliteit Ethanol voor Binnen en Buiten","og_description":"KieselGreen Bioethanol 25 Liter met Vanillegeur- bio ethanol 96.6% - 5x 5 liter biobrandstof voor sfeerhaarden Premium Kwaliteit Ethanol voor Binnen en Buiten","og_url":"https:\/\/www.bioethanolshop.nl\/lv\/produkts\/kieselgreen-bioetanols-ar-vanilas-aromatu-bioetanols-96-6-5-litru-biodegviela-atmosferas-degvielam-2\/","og_site_name":"Bioethanolshop.nl","article_publisher":"https:\/\/www.facebook.com\/profile.php?id=100064154436458","article_modified_time":"2024-12-03T07:42:07+00:00","og_image":[{"width":1149,"height":1200,"url":"https:\/\/www.bioethanolshop.nl\/wp-content\/uploads\/2024\/03\/nl96va25.jpg","type":"image\/jpeg"}],"twitter_card":"summary_large_image","twitter_misc":{"Est. reading time":"3 min\u016btes"},"schema":{"@context":"https:\/\/schema.org","@graph":[{"@type":"WebPage","@id":"https:\/\/www.bioethanolshop.nl\/product\/kieselgreen-bioethanol-25-liter-met-vanillegeur-bio-ethanol-96-6-5x-5-liter-biobrandstof-voor-sfeerhaarden-premium-kwaliteit-ethanol-voor-binnen-en-buiten\/","url":"https:\/\/www.bioethanolshop.nl\/product\/kieselgreen-bioethanol-25-liter-met-vanillegeur-bio-ethanol-96-6-5x-5-liter-biobrandstof-voor-sfeerhaarden-premium-kwaliteit-ethanol-voor-binnen-en-buiten\/","name":"KieselGreen vani\u013cas arom\u0101ta bioetanols 96.6% - 5 litri","isPartOf":{"@id":"https:\/\/www.bioethanolshop.nl\/en\/#website"},"primaryImageOfPage":{"@id":"https:\/\/www.bioethanolshop.nl\/product\/kieselgreen-bioethanol-25-liter-met-vanillegeur-bio-ethanol-96-6-5x-5-liter-biobrandstof-voor-sfeerhaarden-premium-kwaliteit-ethanol-voor-binnen-en-buiten\/#primaryimage"},"image":{"@id":"https:\/\/www.bioethanolshop.nl\/product\/kieselgreen-bioethanol-25-liter-met-vanillegeur-bio-ethanol-96-6-5x-5-liter-biobrandstof-voor-sfeerhaarden-premium-kwaliteit-ethanol-voor-binnen-en-buiten\/#primaryimage"},"thumbnailUrl":"https:\/\/www.bioethanolshop.nl\/wp-content\/uploads\/2024\/03\/nl96va25.jpg","datePublished":"2024-03-17T10:09:22+00:00","dateModified":"2024-12-03T07:42:07+00:00","description":"KieselGreen Bioetanols 25 litri ar vani\u013cas arom\u0101tu - bioetanols 96.6% - 5x 5 litri biodegvielas dekorat\u012bvajiem kam\u012bniem Premium kvalit\u0101tes etanols iek\u0161telp\u0101m un \u0101rtelp\u0101m","breadcrumb":{"@id":"https:\/\/www.bioethanolshop.nl\/product\/kieselgreen-bioethanol-25-liter-met-vanillegeur-bio-ethanol-96-6-5x-5-liter-biobrandstof-voor-sfeerhaarden-premium-kwaliteit-ethanol-voor-binnen-en-buiten\/#breadcrumb"},"inLanguage":"lv-LV","potentialAction":[{"@type":"ReadAction","target":["https:\/\/www.bioethanolshop.nl\/product\/kieselgreen-bioethanol-25-liter-met-vanillegeur-bio-ethanol-96-6-5x-5-liter-biobrandstof-voor-sfeerhaarden-premium-kwaliteit-ethanol-voor-binnen-en-buiten\/"]}]},{"@type":"ImageObject","inLanguage":"lv-LV","@id":"https:\/\/www.bioethanolshop.nl\/product\/kieselgreen-bioethanol-25-liter-met-vanillegeur-bio-ethanol-96-6-5x-5-liter-biobrandstof-voor-sfeerhaarden-premium-kwaliteit-ethanol-voor-binnen-en-buiten\/#primaryimage","url":"https:\/\/www.bioethanolshop.nl\/wp-content\/uploads\/2024\/03\/nl96va25.jpg","contentUrl":"https:\/\/www.bioethanolshop.nl\/wp-content\/uploads\/2024\/03\/nl96va25.jpg","width":1149,"height":1200,"caption":"KieselGreen 25 Liter Bio-Ethanol met Vanille Aroma"},{"@type":"BreadcrumbList","@id":"https:\/\/www.bioethanolshop.nl\/product\/kieselgreen-bioethanol-25-liter-met-vanillegeur-bio-ethanol-96-6-5x-5-liter-biobrandstof-voor-sfeerhaarden-premium-kwaliteit-ethanol-voor-binnen-en-buiten\/#breadcrumb","itemListElement":[{"@type":"ListItem","position":1,"name":"Home","item":"https:\/\/www.bioethanolshop.nl\/"},{"@type":"ListItem","position":2,"name":"Winkel","item":"https:\/\/www.bioethanolshop.nl\/en\/store\/"},{"@type":"ListItem","position":3,"name":"KieselGreen Bioethanol 25 Liter met Vanillegeur- bio ethanol 96.6% &#8211; 5x 5 liter biobrandstof voor sfeerhaarden Premium Kwaliteit Ethanol voor Binnen en Buiten"}]},{"@type":"WebSite","@id":"https:\/\/www.bioethanolshop.nl\/en\/#website","url":"https:\/\/www.bioethanolshop.nl\/en\/","name":"Bioethanolshop.nl","description":"Liel\u0101kais bioetanola un lab\u0101k\u0101s kvalit\u0101tes bioetanola ra\u017eot\u0101js!","potentialAction":[{"@type":"SearchAction","target":{"@type":"EntryPoint","urlTemplate":"https:\/\/www.bioethanolshop.nl\/en\/?s={search_term_string}"},"query-input":{"@type":"PropertyValueSpecification","valueRequired":true,"valueName":"search_term_string"}}],"inLanguage":"lv-LV"}]}},"_links":{"self":[{"href":"https:\/\/www.bioethanolshop.nl\/lv\/wp-json\/wp\/v2\/product\/12378","targetHints":{"allow":["GET"]}}],"collection":[{"href":"https:\/\/www.bioethanolshop.nl\/lv\/wp-json\/wp\/v2\/product"}],"about":[{"href":"https:\/\/www.bioethanolshop.nl\/lv\/wp-json\/wp\/v2\/types\/product"}],"replies":[{"embeddable":true,"href":"https:\/\/www.bioethanolshop.nl\/lv\/wp-json\/wp\/v2\/comments?post=12378"}],"version-history":[{"count":2,"href":"https:\/\/www.bioethanolshop.nl\/lv\/wp-json\/wp\/v2\/product\/12378\/revisions"}],"predecessor-version":[{"id":14793,"href":"https:\/\/www.bioethanolshop.nl\/lv\/wp-json\/wp\/v2\/product\/12378\/revisions\/14793"}],"wp:featuredmedia":[{"embeddable":true,"href":"https:\/\/www.bioethanolshop.nl\/lv\/wp-json\/wp\/v2\/media\/12379"}],"wp:attachment":[{"href":"https:\/\/www.bioethanolshop.nl\/lv\/wp-json\/wp\/v2\/media?parent=12378"}],"wp:term":[{"taxonomy":"product_brand","embeddable":true,"href":"https:\/\/www.bioethanolshop.nl\/lv\/wp-json\/wp\/v2\/product_brand?post=12378"},{"taxonomy":"product_cat","embeddable":true,"href":"https:\/\/www.bioethanolshop.nl\/lv\/wp-json\/wp\/v2\/product_cat?post=12378"},{"taxonomy":"product_tag","embeddable":true,"href":"https:\/\/www.bioethanolshop.nl\/lv\/wp-json\/wp\/v2\/product_tag?post=12378"}],"curies":[{"name":"wp","href":"https:\/\/api.w.org\/{rel}","templated":true}]}}