{"id":99,"date":"2021-02-09T12:13:34","date_gmt":"2021-02-09T12:13:34","guid":{"rendered":"https:\/\/www.bioethanolshop.nl\/?page_id=99"},"modified":"2023-08-09T11:52:34","modified_gmt":"2023-08-09T09:52:34","slug":"apmaina-un-atgriesana","status":"publish","type":"page","link":"https:\/\/www.bioethanolshop.nl\/lv\/ruilen-en-retouren\/","title":{"rendered":"Apmai\u0146a un atgrie\u0161ana"},"content":{"rendered":"<div data-elementor-type=\"wp-page\" data-elementor-id=\"99\" class=\"elementor elementor-99\" data-elementor-post-type=\"page\">\n\t\t\t\t\t\t<section class=\"elementor-section elementor-top-section elementor-element elementor-element-23dc03d7 elementor-section-boxed elementor-section-height-default elementor-section-height-default wd-section-disabled\" data-id=\"23dc03d7\" data-element_type=\"section\" data-e-type=\"section\">\n\t\t\t\t\t\t<div class=\"elementor-container elementor-column-gap-default\">\n\t\t\t\t\t<div class=\"elementor-column elementor-col-100 elementor-top-column elementor-element elementor-element-3977405a\" data-id=\"3977405a\" data-element_type=\"column\" data-e-type=\"column\">\n\t\t\t<div class=\"elementor-widget-wrap elementor-element-populated\">\n\t\t\t\t\t\t<div class=\"elementor-element elementor-element-225f5eaa color-scheme-inherit text-left elementor-widget elementor-widget-text-editor\" data-id=\"225f5eaa\" data-element_type=\"widget\" data-e-type=\"widget\" data-widget_type=\"text-editor.default\">\n\t\t\t\t<div class=\"elementor-widget-container\">\n\t\t\t\t\t\t\t\t\t\n<p><strong>Atteikuma ties\u012bbas p\u0113c produktu pieg\u0101des<\/strong><\/p>\n\n\n\n<ol class=\"wp-block-list\">\n<li>Ieg\u0101d\u0101joties produktus, pat\u0113r\u0113t\u0101js var izbeigt l\u012bgumu 30 dienu laik\u0101, nenor\u0101dot iemeslu, lai to lauztu. \u0160is periods s\u0101kas n\u0101kamaj\u0101 dien\u0101 p\u0113c tam, kad pat\u0113r\u0113t\u0101js vai vi\u0146a v\u0101rd\u0101 ir sa\u0146\u0113mis produktu.<\/li>\n\n\n\n<li>\u0160aj\u0101 laik\u0101 pat\u0113r\u0113t\u0101js uzman\u012bgi iztur\u0113sies pret produktu un iepakojumu. Vi\u0146\u0161 izpakos vai izmantos produktu tikai tikt\u0101l, cikt\u0101l tas nepiecie\u0161ams, lai nov\u0113rt\u0113tu, vai vi\u0146\u0161 v\u0113las produktu patur\u0113t. Ja vi\u0146\u0161 izmanto atteikuma ties\u012bbas, vi\u0146\u0161 atdod preci ar visiem komplekt\u0113jo\u0161ajiem piederumiem un, ja tas ir pamatoti iesp\u0113jams, ori\u0123in\u0101laj\u0101 st\u0101vokl\u012b un iepakojum\u0101 uz\u0146\u0113m\u0113jam saska\u0146\u0101 ar uz\u0146\u0113m\u0113ja sniegtajiem sapr\u0101t\u012bgajiem un skaidrajiem nor\u0101d\u012bjumiem.<\/li>\n\n\n\n<li>KBH BV bez liekas kav\u0113\u0161an\u0101s, bet ne v\u0113l\u0101k k\u0101 14 dienu laik\u0101 no dienas, kad pat\u0113r\u0113t\u0101js ir inform\u0113jis KBH BV par atteikumu, atmaks\u0101 visus pat\u0113r\u0113t\u0101ja veiktos maks\u0101jumus, tostarp visus pieg\u0101des izdevumus, ko KBH BV ir piepras\u012bjusi par atgrie\u017eamo preci. Ja vien KBH BV nepied\u0101v\u0101 produktu sa\u0146emt pati, m\u0113s varam nogaid\u012bt ar atmaksas veik\u0161anu, l\u012bdz esam sa\u0146\u0113mu\u0161i produktu vai l\u012bdz br\u012bdim, kad pat\u0113r\u0113t\u0101js pier\u0101da, ka vi\u0146\u0161\/vi\u0146a ir atdevis\/atdevusi produktu, atkar\u012bb\u0101 no t\u0101, kas notiek vispirms. M\u0113s izmantosim to pa\u0161u maks\u0101\u0161anas l\u012bdzekli, ko pat\u0113r\u0113t\u0101js izmantoja atmaksai, ja vien pat\u0113r\u0113t\u0101js nepiekrit\u012bs citam maks\u0101\u0161anas l\u012bdzeklim. Atmaksa pat\u0113r\u0113t\u0101jam ir bez maksas.<\/li>\n<\/ol>\n\n\n\n<p><strong>J\u016bsu pas\u016bt\u012bjuma atcel\u0161ana<br><\/strong>Pas\u016bt\u012bjumu var atcelt bez maksas, ja vien tas v\u0113l nav nos\u016bt\u012bts. Atcel\u0161anas maksa netiek piem\u0113rota. J\u016bs varat atcelt pas\u016bt\u012bjumu, nos\u016btot e-pastu uz info@kbhonline.eu, nor\u0101dot, ka v\u0113laties atcelt pas\u016bt\u012bjumu, un nor\u0101dot pas\u016bt\u012bjuma numuru. Jebkur\u0161 maks\u0101jums tiks atmaks\u0101ts 7 dienu laik\u0101.<\/p>\n\n\n\n<p><strong>Atgrie\u0161anas proced\u016bra<br><\/strong>Vai v\u0113laties atgriezt preci? Tad m\u0113s l\u016bdzam j\u016bs veikt \u0161\u0101dus uzdevumus. \u0160\u0101d\u0101 veid\u0101 m\u0113s var\u0113sim p\u0113c iesp\u0113jas rait\u0101k apstr\u0101d\u0101t j\u016bsu atgrie\u0161anu.<\/p>\n\n\n\n<p><strong>Zi\u0146ojiet par atgrie\u0161anu m\u016bsu klientu apkalpo\u0161anas noda\u013cai pa e-pastu.<br><\/strong>Piepras\u012bjuma apstiprin\u0101jumu sa\u0146emsiet pa e-pastu.<br>J\u016bs e-past\u0101 sa\u0146emsiet nor\u0101d\u012bjumus, k\u0101 nos\u016bt\u012bt preci.<br>P\u0113c s\u016bt\u012bjuma sa\u0146em\u0161anas m\u0113s nos\u016bt\u012bsim sa\u0146em\u0161anas apstiprin\u0101jumu pa e-pastu.<\/p>\n\n\n\n<p>Parasti atbildi no mums sa\u0146emsiet 2 darba dienu laik\u0101.<\/p>\n\n\n\n<p>Izmaksas par raksta atgrie\u0161anu tiek segtas uz j\u016bsu r\u0113\u0137ina.<\/p>\n\n\n\n<p>J\u016bs varat izmantot ar\u012b Eiropas parauga veidlapu, ko var lejupiel\u0101d\u0113t \u0161eit.<\/p>\n\n\n\n<p><strong>Iepakojuma st\u0101voklis atgrie\u0161anas br\u012bd\u012b<br><\/strong>L\u016bdzu, p\u0101rliecinieties, ka, atgrie\u017eot pirkumus, tos iesai\u0146ojat \u0101r\u0113j\u0101 kast\u0113. S\u0101kotn\u0113jo iepakojumu vai korpusu nedr\u012bkst boj\u0101t ar l\u012bmlenti, uzl\u012bm\u0113m vai citiem l\u012bmmateri\u0101liem. Diem\u017e\u0113l pret\u0113j\u0101 gad\u012bjum\u0101 esam spiesti iekas\u0113t t\u012br\u012b\u0161anas izmaksas vai iepakojuma materi\u0101la nomai\u0146u, lai ar\u012b n\u0101kamais \u012bpa\u0161nieks b\u016btu apmierin\u0101ts ar savu jauno pirkumu.<\/p>\n\n\n\n<p><strong>Iz\u0146\u0113muma materi\u0101li<br><\/strong>Diem\u017e\u0113l m\u0113s nevaram pie\u0146emt atpaka\u013c atv\u0113rtus iepakojumus, pudeles vai higi\u0113nas produktus.<\/p>\n\n\n\n<p><strong>S\u016bdz\u012bbas<br><\/strong>KBH BV cen\u0161as apstr\u0101d\u0101t j\u016bsu pas\u016bt\u012bjumu p\u0113c iesp\u0113jas pareiz\u0101k. Ja jums ir slikta pieredze ar m\u016bsu pakalpojumu, l\u016bdzu, inform\u0113jiet m\u016bs par to. M\u0113s dar\u012bsim visu iesp\u0113jamo, lai j\u016bs apmierin\u0101tu. S\u016bdz\u012bbu varat adres\u0113t p\u0113cp\u0101rdo\u0161anas noda\u013cai (info@kbhonline.eu).<\/p>\n\t\t\t\t\t\t\t\t<\/div>\n\t\t\t\t<\/div>\n\t\t\t\t\t<\/div>\n\t\t<\/div>\n\t\t\t\t\t<\/div>\n\t\t<\/section>\n\t\t\t\t<\/div>","protected":false},"excerpt":{"rendered":"<p>Atteikuma ties\u012bbas p\u0113c produktu pieg\u0101des J\u016bsu pas\u016bt\u012bjuma atcel\u0161anaPieteikumu var atcelt bez maksas, ja vien pas\u016bt\u012bjums v\u0113l nav pabeigts.<\/p>","protected":false},"author":1,"featured_media":0,"parent":0,"menu_order":0,"comment_status":"closed","ping_status":"closed","template":"","meta":{"_acf_changed":false,"footnotes":""},"class_list":["post-99","page","type-page","status-publish","hentry"],"acf":[],"yoast_head":"<!-- This site is optimized with the Yoast SEO Premium plugin v27.2 (Yoast SEO v27.2) - https:\/\/yoast.com\/product\/yoast-seo-premium-wordpress\/ -->\n<title>Ruilen en retouren | Bioethanolshop.nl<\/title>\n<meta name=\"robots\" content=\"index, follow, max-snippet:-1, max-image-preview:large, max-video-preview:-1\" \/>\n<link rel=\"canonical\" href=\"https:\/\/www.bioethanolshop.nl\/lv\/apmaina-un-atgriesana\/\" \/>\n<meta property=\"og:locale\" content=\"lv_LV\" \/>\n<meta property=\"og:type\" content=\"article\" \/>\n<meta property=\"og:title\" content=\"Ruilen en retouren\" \/>\n<meta property=\"og:description\" content=\"Herroepingsrecht bij levering van producten Annulering van uw bestellingEen bestelling kan kosteloos geannuleerd worden zolang de order nog niet is\" \/>\n<meta property=\"og:url\" content=\"https:\/\/www.bioethanolshop.nl\/lv\/apmaina-un-atgriesana\/\" \/>\n<meta property=\"og:site_name\" content=\"Bioethanolshop.nl\" \/>\n<meta property=\"article:publisher\" content=\"https:\/\/www.facebook.com\/profile.php?id=100064154436458\" \/>\n<meta property=\"article:modified_time\" content=\"2023-08-09T09:52:34+00:00\" \/>\n<meta name=\"twitter:card\" content=\"summary_large_image\" \/>\n<meta name=\"twitter:label1\" content=\"Est. reading time\" \/>\n\t<meta name=\"twitter:data1\" content=\"3 min\u016btes\" \/>\n<!-- \/ Yoast SEO Premium plugin. -->","yoast_head_json":{"title":"Apmai\u0146a un atgrie\u0161ana | Bioethanolshop.co.uk","robots":{"index":"index","follow":"follow","max-snippet":"max-snippet:-1","max-image-preview":"max-image-preview:large","max-video-preview":"max-video-preview:-1"},"canonical":"https:\/\/www.bioethanolshop.nl\/lv\/apmaina-un-atgriesana\/","og_locale":"lv_LV","og_type":"article","og_title":"Ruilen en retouren","og_description":"Herroepingsrecht bij levering van producten Annulering van uw bestellingEen bestelling kan kosteloos geannuleerd worden zolang de order nog niet is","og_url":"https:\/\/www.bioethanolshop.nl\/lv\/apmaina-un-atgriesana\/","og_site_name":"Bioethanolshop.nl","article_publisher":"https:\/\/www.facebook.com\/profile.php?id=100064154436458","article_modified_time":"2023-08-09T09:52:34+00:00","twitter_card":"summary_large_image","twitter_misc":{"Est. reading time":"3 min\u016btes"},"schema":{"@context":"https:\/\/schema.org","@graph":[{"@type":"WebPage","@id":"https:\/\/www.bioethanolshop.nl\/ruilen-en-retouren\/","url":"https:\/\/www.bioethanolshop.nl\/ruilen-en-retouren\/","name":"Apmai\u0146a un atgrie\u0161ana | Bioethanolshop.co.uk","isPartOf":{"@id":"https:\/\/www.bioethanolshop.nl\/en\/#website"},"datePublished":"2021-02-09T12:13:34+00:00","dateModified":"2023-08-09T09:52:34+00:00","breadcrumb":{"@id":"https:\/\/www.bioethanolshop.nl\/ruilen-en-retouren\/#breadcrumb"},"inLanguage":"lv-LV","potentialAction":[{"@type":"ReadAction","target":["https:\/\/www.bioethanolshop.nl\/ruilen-en-retouren\/"]}]},{"@type":"BreadcrumbList","@id":"https:\/\/www.bioethanolshop.nl\/ruilen-en-retouren\/#breadcrumb","itemListElement":[{"@type":"ListItem","position":1,"name":"Home","item":"https:\/\/www.bioethanolshop.nl\/"},{"@type":"ListItem","position":2,"name":"Ruilen en retouren"}]},{"@type":"WebSite","@id":"https:\/\/www.bioethanolshop.nl\/en\/#website","url":"https:\/\/www.bioethanolshop.nl\/en\/","name":"Bioethanolshop.nl","description":"Liel\u0101kais bioetanola un lab\u0101k\u0101s kvalit\u0101tes bioetanola ra\u017eot\u0101js!","potentialAction":[{"@type":"SearchAction","target":{"@type":"EntryPoint","urlTemplate":"https:\/\/www.bioethanolshop.nl\/en\/?s={search_term_string}"},"query-input":{"@type":"PropertyValueSpecification","valueRequired":true,"valueName":"search_term_string"}}],"inLanguage":"lv-LV"}]}},"_links":{"self":[{"href":"https:\/\/www.bioethanolshop.nl\/lv\/wp-json\/wp\/v2\/pages\/99","targetHints":{"allow":["GET"]}}],"collection":[{"href":"https:\/\/www.bioethanolshop.nl\/lv\/wp-json\/wp\/v2\/pages"}],"about":[{"href":"https:\/\/www.bioethanolshop.nl\/lv\/wp-json\/wp\/v2\/types\/page"}],"author":[{"embeddable":true,"href":"https:\/\/www.bioethanolshop.nl\/lv\/wp-json\/wp\/v2\/users\/1"}],"replies":[{"embeddable":true,"href":"https:\/\/www.bioethanolshop.nl\/lv\/wp-json\/wp\/v2\/comments?post=99"}],"version-history":[{"count":3,"href":"https:\/\/www.bioethanolshop.nl\/lv\/wp-json\/wp\/v2\/pages\/99\/revisions"}],"predecessor-version":[{"id":8358,"href":"https:\/\/www.bioethanolshop.nl\/lv\/wp-json\/wp\/v2\/pages\/99\/revisions\/8358"}],"wp:attachment":[{"href":"https:\/\/www.bioethanolshop.nl\/lv\/wp-json\/wp\/v2\/media?parent=99"}],"curies":[{"name":"wp","href":"https:\/\/api.w.org\/{rel}","templated":true}]}}