{"id":95,"date":"2021-02-09T12:12:12","date_gmt":"2021-02-09T12:12:12","guid":{"rendered":"https:\/\/www.bioethanolshop.nl\/?page_id=95"},"modified":"2023-08-09T11:51:04","modified_gmt":"2023-08-09T09:51:04","slug":"maksat","status":"publish","type":"page","link":"https:\/\/www.bioethanolshop.nl\/lv\/betalen\/","title":{"rendered":"Maks\u0101t"},"content":{"rendered":"<div data-elementor-type=\"wp-page\" data-elementor-id=\"95\" class=\"elementor elementor-95\" data-elementor-post-type=\"page\">\n\t\t\t\t\t\t<section class=\"elementor-section elementor-top-section elementor-element elementor-element-105cb355 elementor-section-boxed elementor-section-height-default elementor-section-height-default wd-section-disabled\" data-id=\"105cb355\" data-element_type=\"section\" data-e-type=\"section\">\n\t\t\t\t\t\t<div class=\"elementor-container elementor-column-gap-default\">\n\t\t\t\t\t<div class=\"elementor-column elementor-col-100 elementor-top-column elementor-element elementor-element-2ef1eb42\" data-id=\"2ef1eb42\" data-element_type=\"column\" data-e-type=\"column\">\n\t\t\t<div class=\"elementor-widget-wrap elementor-element-populated\">\n\t\t\t\t\t\t<div class=\"elementor-element elementor-element-4481f816 color-scheme-inherit text-left elementor-widget elementor-widget-text-editor\" data-id=\"4481f816\" data-element_type=\"widget\" data-e-type=\"widget\" data-widget_type=\"text-editor.default\">\n\t\t\t\t<div class=\"elementor-widget-container\">\n\t\t\t\t\t\t\t\t\t\n<p><strong>iDEAL<\/strong><br>J\u016bs maks\u0101jat sav\u0101 uzticamaj\u0101 interneta maks\u0101jumu vid\u0113, izmantojot savas bankas dro\u0161\u012bbas metodes.<\/p>\n\n\n\n<p><strong>K\u0101 darbojas iDEAL?<br><\/strong>J\u016bs izv\u0113laties iDEAL k\u0101 maks\u0101\u0161anas metodi un p\u0113c tam izv\u0113laties savu banku. P\u0113c tam j\u016bs tiksiet novirz\u012bts uz savas bankas vietni, kur b\u016bs sagatavots maks\u0101juma r\u012bkojums. Banka l\u016bgs jums aizpild\u012bt noteiktu inform\u0101ciju, un j\u016bs autoriz\u0113siet maks\u0101jumu. Summa tiek tie\u0161i debet\u0113ta no j\u016bsu nor\u0113\u0137inu konta, un m\u0113s tiekam inform\u0113ti, ka pas\u016bt\u012bjums ir apmaks\u0101ts.<\/p>\n\n\n\n<p><strong>Iepriek\u0161\u0113js p\u0101rskait\u012bjums<br><\/strong>Ja veicat bankas p\u0101rskait\u012bjumu avans\u0101, p\u0113c pas\u016bt\u012bjuma veik\u0161anas uzreiz sa\u0146emsiet apstiprin\u0101juma e-pastu ar maks\u0101juma atsauci un kop\u0113jo maks\u0101jamo summu. J\u016bsu pas\u016bt\u012bjums tiks nos\u016bt\u012bts p\u0113c maks\u0101juma sa\u0146em\u0161anas, un \u0161o maks\u0101jumu apstr\u0101de var aiz\u0146emt 1-2 darba dienas.<\/p>\n\n\n\n<p><strong>Maks\u0101t p\u0113c r\u0113\u0137ina<br><\/strong>Ja esat pas\u016bt\u012bjis pie mums vair\u0101kas reizes, m\u0113s pied\u0101v\u0101jam iesp\u0113ju pieg\u0101d\u0101t pas\u016bt\u012bjumu p\u0113c r\u0113\u0137ina. \u0160\u012b proced\u016bra tiks apspriesta un iesniegta m\u016bsu kred\u012btu nov\u0113rt\u0113t\u0101jam. \u0160im nol\u016bkam mums ir nepiecie\u0161ami visi j\u016bsu dati un rakstisks pas\u016bt\u012bjuma apstiprin\u0101jums. P\u0113c tam pas\u016bt\u012bjums nekav\u0113joties tiks nos\u016bt\u012bts jums. R\u0113\u0137ins j\u0101apmaks\u0101 uzreiz p\u0113c pieg\u0101des ar bankas p\u0101rskait\u012bjumu. P\u0101rk\u0101puma vai nevajadz\u012bgas kav\u0113\u0161an\u0101s gad\u012bjum\u0101 m\u0113s izsauksim tiesu izpild\u012bt\u0101ju, lai piedz\u012btu nesamaks\u0101to summu.<\/p>\n\n\n\n<p><strong>Kred\u012btkar\u0161u un \u0101rvalstu maks\u0101jumu metodes<br><\/strong>M\u0113s atbalst\u0101m vair\u0101kas kred\u012btkartes: j\u016bs varat maks\u0101t ar Visa, Mastercard, American Express. Varat maks\u0101t ar\u012b ar Sofort Uberweisung, KBC, MrCash un Maestro.<\/p>\n\n\n\n<p><strong>Paypal maks\u0101jumi. K\u0101 tas darbojas?<br><\/strong>PayPal \u013cauj jums iepirkties tie\u0161saist\u0113, neizpau\u017eot savu finan\u0161u inform\u0101ciju. J\u016bs varat viegli re\u0123istr\u0113ties, izmantojot savu e-pasta adresi. Protams, vispirms ir j\u0101sniedz sava bankas konta vai kred\u012btkartes inform\u0101cija. No \u0161\u012b br\u012b\u017ea jums ir konts, kas ir saist\u012bts ar j\u016bsu e-pasta adresi, un tas attiecas ar\u012b uz visiem citiem cilv\u0113kiem, kuriem ir konts \u0161aj\u0101 vietn\u0113. www.paypal.com.<\/p>\n\n\n\n<p>Lai p\u0101rskait\u012btu naudu citam PayPal lietot\u0101jam, jums ir j\u0101zina tikai \u0161\u012b lietot\u0101ja e-pasta adrese. Ja apstiprin\u0101siet maks\u0101jumu, summa tiks autom\u0101tiski no\u0146emta no j\u016bsu konta. Maks\u0101jums tiks apstiprin\u0101ts ar e-pasta v\u0113stuli.<\/p>\n\n\n\n<p>\u0160aj\u0101 kont\u0101 varat ar\u012b iemaks\u0101t naudu un maks\u0101t tie\u0161i ar to. Konta atv\u0113r\u0161ana, naudas p\u0101rskait\u012b\u0161ana citiem PayPal lietot\u0101jiem un naudas iemaksa sav\u0101 kont\u0101 ir bez maksas. Naudas iz\u0146em\u0161ana no sava konta, naudas sa\u0146em\u0161ana sav\u0101 kont\u0101 vai val\u016btas konvert\u0113\u0161ana ne vienm\u0113r ir bez maksas.<\/p>\n\n\n\n<p><strong>Maks\u0101jiet p\u0113c tam ar IN3<br><\/strong>Izmantojot IN3, j\u016bs varat maks\u0101t 3 maks\u0101jumos ar 0% procentiem. IN3 ir vien\u012bg\u0101 maks\u0101juma metode bez BKR re\u0123istr\u0101cijas un procentiem. J\u016bs maks\u0101jat tr\u012bs maks\u0101jumus 60 dienu laik\u0101. Pas\u016bt\u012b\u0161anas proces\u0101 IN3 veic kred\u012btsp\u0113jas p\u0101rbaudi. Iesp\u0113jams, ka jums tiek atteikts, l\u016bdzu, izv\u0113lieties citu maks\u0101juma veidu.<\/p>\n\n\n\n<p><strong>Pieg\u0101des meto\u017eu izmaksas<br><\/strong>iDEAL: bez maksas<br>Iepriek\u0161\u0113js p\u0101rskait\u012bjums: bez maksas<br>R\u0113\u0137ins: bez maksas (apmaksa uzreiz p\u0113c sa\u0146em\u0161anas)<br>Kred\u012btkarte: bez maksas<br>IN3: Bezmaksas<br>Paypal:3% veikals<\/p>\n\t\t\t\t\t\t\t\t<\/div>\n\t\t\t\t<\/div>\n\t\t\t\t\t<\/div>\n\t\t<\/div>\n\t\t\t\t\t<\/div>\n\t\t<\/section>\n\t\t\t\t<\/div>","protected":false},"excerpt":{"rendered":"<p>iDEALU veic maks\u0101jumus jums paz\u012bstam\u0101 tie\u0161saistes maks\u0101jumu vid\u0113, izmantojot j\u016bsu bankas dro\u0161\u012bbas metodes. K\u0101 darbojas iDEAL?<\/p>","protected":false},"author":1,"featured_media":0,"parent":0,"menu_order":0,"comment_status":"closed","ping_status":"closed","template":"","meta":{"_acf_changed":false,"footnotes":""},"class_list":["post-95","page","type-page","status-publish","hentry"],"acf":[],"yoast_head":"<!-- This site is optimized with the Yoast SEO Premium plugin v27.2 (Yoast SEO v27.2) - https:\/\/yoast.com\/product\/yoast-seo-premium-wordpress\/ -->\n<title>Betalen | Bioethanolshop.nl<\/title>\n<meta name=\"robots\" content=\"index, follow, max-snippet:-1, max-image-preview:large, max-video-preview:-1\" \/>\n<link rel=\"canonical\" href=\"https:\/\/www.bioethanolshop.nl\/lv\/maksat\/\" \/>\n<meta property=\"og:locale\" content=\"lv_LV\" \/>\n<meta property=\"og:type\" content=\"article\" \/>\n<meta property=\"og:title\" content=\"Betalen\" \/>\n<meta property=\"og:description\" content=\"iDEALU rekent af in uw vertrouwde internet betaalomgeving, op basis van de beveiligingsmethodes van uw eigen bank. Hoe werkt iDEAL?U\" \/>\n<meta property=\"og:url\" content=\"https:\/\/www.bioethanolshop.nl\/lv\/maksat\/\" \/>\n<meta property=\"og:site_name\" content=\"Bioethanolshop.nl\" \/>\n<meta property=\"article:publisher\" content=\"https:\/\/www.facebook.com\/profile.php?id=100064154436458\" \/>\n<meta property=\"article:modified_time\" content=\"2023-08-09T09:51:04+00:00\" \/>\n<meta name=\"twitter:card\" content=\"summary_large_image\" \/>\n<meta name=\"twitter:label1\" content=\"Est. reading time\" \/>\n\t<meta name=\"twitter:data1\" content=\"3 min\u016btes\" \/>\n<!-- \/ Yoast SEO Premium plugin. -->","yoast_head_json":{"title":"Maks\u0101jums | Bioethanolshop.com","robots":{"index":"index","follow":"follow","max-snippet":"max-snippet:-1","max-image-preview":"max-image-preview:large","max-video-preview":"max-video-preview:-1"},"canonical":"https:\/\/www.bioethanolshop.nl\/lv\/maksat\/","og_locale":"lv_LV","og_type":"article","og_title":"Betalen","og_description":"iDEALU rekent af in uw vertrouwde internet betaalomgeving, op basis van de beveiligingsmethodes van uw eigen bank. Hoe werkt iDEAL?U","og_url":"https:\/\/www.bioethanolshop.nl\/lv\/maksat\/","og_site_name":"Bioethanolshop.nl","article_publisher":"https:\/\/www.facebook.com\/profile.php?id=100064154436458","article_modified_time":"2023-08-09T09:51:04+00:00","twitter_card":"summary_large_image","twitter_misc":{"Est. reading time":"3 min\u016btes"},"schema":{"@context":"https:\/\/schema.org","@graph":[{"@type":"WebPage","@id":"https:\/\/www.bioethanolshop.nl\/betalen\/","url":"https:\/\/www.bioethanolshop.nl\/betalen\/","name":"Maks\u0101jums | Bioethanolshop.com","isPartOf":{"@id":"https:\/\/www.bioethanolshop.nl\/en\/#website"},"datePublished":"2021-02-09T12:12:12+00:00","dateModified":"2023-08-09T09:51:04+00:00","breadcrumb":{"@id":"https:\/\/www.bioethanolshop.nl\/betalen\/#breadcrumb"},"inLanguage":"lv-LV","potentialAction":[{"@type":"ReadAction","target":["https:\/\/www.bioethanolshop.nl\/betalen\/"]}]},{"@type":"BreadcrumbList","@id":"https:\/\/www.bioethanolshop.nl\/betalen\/#breadcrumb","itemListElement":[{"@type":"ListItem","position":1,"name":"Home","item":"https:\/\/www.bioethanolshop.nl\/"},{"@type":"ListItem","position":2,"name":"Betalen"}]},{"@type":"WebSite","@id":"https:\/\/www.bioethanolshop.nl\/en\/#website","url":"https:\/\/www.bioethanolshop.nl\/en\/","name":"Bioethanolshop.nl","description":"Liel\u0101kais bioetanola un lab\u0101k\u0101s kvalit\u0101tes bioetanola ra\u017eot\u0101js!","potentialAction":[{"@type":"SearchAction","target":{"@type":"EntryPoint","urlTemplate":"https:\/\/www.bioethanolshop.nl\/en\/?s={search_term_string}"},"query-input":{"@type":"PropertyValueSpecification","valueRequired":true,"valueName":"search_term_string"}}],"inLanguage":"lv-LV"}]}},"_links":{"self":[{"href":"https:\/\/www.bioethanolshop.nl\/lv\/wp-json\/wp\/v2\/pages\/95","targetHints":{"allow":["GET"]}}],"collection":[{"href":"https:\/\/www.bioethanolshop.nl\/lv\/wp-json\/wp\/v2\/pages"}],"about":[{"href":"https:\/\/www.bioethanolshop.nl\/lv\/wp-json\/wp\/v2\/types\/page"}],"author":[{"embeddable":true,"href":"https:\/\/www.bioethanolshop.nl\/lv\/wp-json\/wp\/v2\/users\/1"}],"replies":[{"embeddable":true,"href":"https:\/\/www.bioethanolshop.nl\/lv\/wp-json\/wp\/v2\/comments?post=95"}],"version-history":[{"count":3,"href":"https:\/\/www.bioethanolshop.nl\/lv\/wp-json\/wp\/v2\/pages\/95\/revisions"}],"predecessor-version":[{"id":8351,"href":"https:\/\/www.bioethanolshop.nl\/lv\/wp-json\/wp\/v2\/pages\/95\/revisions\/8351"}],"wp:attachment":[{"href":"https:\/\/www.bioethanolshop.nl\/lv\/wp-json\/wp\/v2\/media?parent=95"}],"curies":[{"name":"wp","href":"https:\/\/api.w.org\/{rel}","templated":true}]}}