{"id":89,"date":"2021-02-09T12:09:19","date_gmt":"2021-02-09T12:09:19","guid":{"rendered":"https:\/\/www.bioethanolshop.nl\/?page_id=89"},"modified":"2023-08-09T11:49:35","modified_gmt":"2023-08-09T09:49:35","slug":"lietosanas-noteikumi","status":"publish","type":"page","link":"https:\/\/www.bioethanolshop.nl\/lv\/gebruikersvoorwaarden\/","title":{"rendered":"Lieto\u0161anas noteikumi"},"content":{"rendered":"<div data-elementor-type=\"wp-page\" data-elementor-id=\"89\" class=\"elementor elementor-89\" data-elementor-post-type=\"page\">\n\t\t\t\t\t\t<section class=\"elementor-section elementor-top-section elementor-element elementor-element-21a62b1e elementor-section-boxed elementor-section-height-default elementor-section-height-default wd-section-disabled\" data-id=\"21a62b1e\" data-element_type=\"section\" data-e-type=\"section\">\n\t\t\t\t\t\t<div class=\"elementor-container elementor-column-gap-default\">\n\t\t\t\t\t<div class=\"elementor-column elementor-col-100 elementor-top-column elementor-element elementor-element-7da138d2\" data-id=\"7da138d2\" data-element_type=\"column\" data-e-type=\"column\">\n\t\t\t<div class=\"elementor-widget-wrap elementor-element-populated\">\n\t\t\t\t\t\t<div class=\"elementor-element elementor-element-6f324228 color-scheme-inherit text-left elementor-widget elementor-widget-text-editor\" data-id=\"6f324228\" data-element_type=\"widget\" data-e-type=\"widget\" data-widget_type=\"text-editor.default\">\n\t\t\t\t<div class=\"elementor-widget-container\">\n\t\t\t\t\t\t\t\t\t\n<ol class=\"wp-block-list\">\n<li><strong>\u012apa\u0161ums<\/strong><\/li>\n<\/ol>\n\n\n\n<p>\u0160\u012b t\u012bmek\u013ca vietne pieder KBH B.V. (KvK 66830257), kas darbojas ar nosaukumu Bioethanolshop. Izmantojot \u0161o vietni, j\u016bs apliecin\u0101t savu piekri\u0161anu \u0161o lieto\u0161anas noteikumu piem\u0113ro\u0161anai. Ja j\u016bs nev\u0113laties piekrist \u0161iem lieto\u0161anas noteikumiem (vai to da\u013cai) vai nepiekr\u012btat \u0161o noteikumu piem\u0113rojam\u012bbai jebk\u0101d\u0101 cit\u0101 veid\u0101, \u0161o vietni nav at\u013cauts izmantot.<\/p>\n\n\n\n<ol class=\"wp-block-list\" start=\"2\">\n<li><strong>Izmantojiet<br><\/strong>Lietot\u0101jiem nav at\u013cauts nepareizi izmantot t\u012bmek\u013ca vietni. Ja vien nav sa\u0146emta rakstiska at\u013cauja, \u0161aj\u0101 t\u012bmek\u013ca vietn\u0113 eso\u0161o inform\u0101ciju, datus un materi\u0101lus nedr\u012bkst izmantot, lai sniegtu pakalpojumus tre\u0161\u0101m person\u0101m, un tos nedr\u012bkst kop\u012bgot ar tre\u0161\u0101m person\u0101m vai dar\u012bt t\u0101m pieejamus. Tas cita starp\u0101 noz\u012bm\u0113, ka lietot\u0101jam nav at\u013cauts izmantot nek\u0101dus programmat\u016bras un\/vai aparat\u016bras r\u012bkus un\/vai risin\u0101jumus, vai l\u012bdz\u012bgus vai l\u012bdz\u012bga rakstura manu\u0101lus procesus, kuru m\u0113r\u0137is ir p\u0101r\u0146emt jebk\u0101du inform\u0101ciju un datus, kas ir pieejami t\u012bmek\u013ca vietn\u0113 (piem\u0113ram, \"ekr\u0101na skr\u0101p\u0113\u0161ana\" un\/vai robota, \"bota\", \"zirnek\u013ca\", \"t\u012bmek\u013ca p\u0101rl\u016bka\" u. c. izmanto\u0161ana). Lietot\u0101jam ar\u012b j\u0101atturas no sai\u0161u rad\u012b\u0161anas uz t\u012bmek\u013ca vietni vai pas\u016bt\u012b\u0161anas to rad\u012b\u0161anai.<br><\/li>\n\n\n\n<li><strong>Intelektu\u0101lais \u012bpa\u0161ums<br><\/strong>\u0160aj\u0101 t\u012bmek\u013ca vietn\u0113 eso\u0161o inform\u0101ciju, datus un materi\u0101lus, k\u0101 ar\u012b t\u0101s dizainu, tostarp tekstus, datu failus, fotogr\u0101fijas, logotipus un citus (stacion\u0101rus un\/vai kust\u012bgus) vizu\u0101los un ska\u0146as materi\u0101lus aizsarg\u0101 autorties\u012bbas, pre\u010du z\u012bmes, datub\u0101zes ties\u012bbas un\/vai citas intelektu\u0101l\u0101 \u012bpa\u0161uma ties\u012bbas. Nekas \u0161ajos lieto\u0161anas noteikumos nav paredz\u0113ts intelektu\u0101l\u0101 \u012bpa\u0161uma ties\u012bbu nodo\u0161anai lietot\u0101jam. Jebk\u0101da t\u012bmek\u013ca vietnes izmanto\u0161ana, kas nav skaidri at\u013cauta \u0161ajos noteikumos, un\/vai jebk\u0101da t\u012bmek\u013ca vietnes satura un dizaina reproduc\u0113\u0161ana (tostarp redi\u0123\u0113\u0161ana) un\/vai public\u0113\u0161ana ir KBH BV intelektu\u0101l\u0101 \u012bpa\u0161uma ties\u012bbu un\/vai t\u0101s puses intelektu\u0101l\u0101 \u012bpa\u0161uma ties\u012bbu p\u0101rk\u0101pums, no kuras ir ieg\u016bta licence, un t\u0101p\u0113c nav at\u013cauta bez iepriek\u0161\u0113jas rakstiskas piekri\u0161anas.<br><\/li>\n\n\n\n<li><strong>Atbild\u012bba<\/strong><br>Lai gan KBH BV past\u0101v\u012bgi cen\u0161as, lai t\u012bmek\u013ca vietn\u0113 pieejam\u0101 inform\u0101cija b\u016btu uzticama, piln\u012bga un aktu\u0101la, t\u0101 nevar garant\u0113t, ka inform\u0101cija ir pareiza, piln\u012bga un aktu\u0101la.<br>KBH BV nav atbild\u012bga par jebk\u0101diem tie\u0161iem vai netie\u0161iem zaud\u0113jumiem vai kait\u0113jumiem, kas radu\u0161ies lietot\u0101jam vai jebkurai tre\u0161ajai pusei \u0161\u012bs t\u012bmek\u013ca vietnes (inform\u0101cijas un materi\u0101lu) izmanto\u0161anas rezult\u0101t\u0101.<br><\/li>\n\n\n\n<li><strong>Pieg\u0101des Kopienas iek\u0161ien\u0113 bez PVN<br><\/strong>Ja pas\u016bt\u012bjumu veicat ES teritorij\u0101, bet \u0101rpus N\u012bderlandes, varat izmantot der\u012bgu PVN maks\u0101t\u0101ja numuru (PVN-ID), lai veiktu pas\u016bt\u012bjumu iepirkumu groz\u0101 un samaks\u0101tu bez PVN. Ja j\u016bsu PVN maks\u0101t\u0101ja numurs ir apstiprin\u0101ts, PVN netiks nor\u0101d\u012bts groz\u0101, un apmaks\u0101jam\u0101 summa tiks nor\u0101d\u012bta bez PVN ar\u012b kas\u0113, pas\u016bt\u012bjuma apstiprin\u0101jum\u0101 un attiec\u012bgaj\u0101 r\u0113\u0137in\u0101. Ja j\u016bsu PVN maks\u0101t\u0101ja numurs groz\u0101 NAV apstiprin\u0101ts, bet j\u016bs v\u0113laties p\u0113c tam sa\u0146emt r\u0113\u0137inu bez PVN, par to ir j\u0101maks\u0101. \u0160\u012bs izmaksas ir \u20ac 15,- bez PVN par katru r\u0113\u0137inu vai veicamo labojumu.<br><\/li>\n\n\n\n<li><strong>Citi<br><\/strong>Uz t\u012bmek\u013ca vietnes un \u0161o noteikumu un nosac\u012bjumu izmanto\u0161anu attiecas N\u012bderlandes ties\u012bbu akti. Visi str\u012bdi saist\u012bb\u0101 ar t\u012bmek\u013ca vietni tiks iesniegti Alme\u013cas rajona ties\u0101 N\u012bderland\u0113.<\/li>\n<\/ol>\n\t\t\t\t\t\t\t\t<\/div>\n\t\t\t\t<\/div>\n\t\t\t\t\t<\/div>\n\t\t<\/div>\n\t\t\t\t\t<\/div>\n\t\t<\/section>\n\t\t\t\t<\/div>","protected":false},"excerpt":{"rendered":"<p>\u0160\u012b t\u012bmek\u013ca vietne pieder KBH B.V. (KvK 66830257), kas darbojas ar nosaukumu Bioethanolshop. Izmantojot \u0161o<\/p>","protected":false},"author":1,"featured_media":0,"parent":0,"menu_order":900,"comment_status":"closed","ping_status":"closed","template":"","meta":{"_acf_changed":false,"footnotes":""},"class_list":["post-89","page","type-page","status-publish","hentry"],"acf":[],"yoast_head":"<!-- This site is optimized with the Yoast SEO Premium plugin v27.2 (Yoast SEO v27.2) - https:\/\/yoast.com\/product\/yoast-seo-premium-wordpress\/ -->\n<title>Gebruikersvoorwaarden | Bioethanolshop.nl<\/title>\n<meta name=\"robots\" content=\"index, follow, max-snippet:-1, max-image-preview:large, max-video-preview:-1\" \/>\n<link rel=\"canonical\" href=\"https:\/\/www.bioethanolshop.nl\/lv\/lietosanas-noteikumi\/\" \/>\n<meta property=\"og:locale\" content=\"lv_LV\" \/>\n<meta property=\"og:type\" content=\"article\" \/>\n<meta property=\"og:title\" content=\"Gebruikersvoorwaarden\" \/>\n<meta property=\"og:description\" content=\"Deze website is eigendom van KBH B.V. (KvK 66830257), ondermeer handelend onder de naam Bioethanolshop. Door het gebruik van deze\" \/>\n<meta property=\"og:url\" content=\"https:\/\/www.bioethanolshop.nl\/lv\/lietosanas-noteikumi\/\" \/>\n<meta property=\"og:site_name\" content=\"Bioethanolshop.nl\" \/>\n<meta property=\"article:publisher\" content=\"https:\/\/www.facebook.com\/profile.php?id=100064154436458\" \/>\n<meta property=\"article:modified_time\" content=\"2023-08-09T09:49:35+00:00\" \/>\n<meta name=\"twitter:card\" content=\"summary_large_image\" \/>\n<meta name=\"twitter:label1\" content=\"Est. reading time\" \/>\n\t<meta name=\"twitter:data1\" content=\"3 min\u016btes\" \/>\n<!-- \/ Yoast SEO Premium plugin. -->","yoast_head_json":{"title":"Lieto\u0161anas noteikumi | Bioethanolshop.com","robots":{"index":"index","follow":"follow","max-snippet":"max-snippet:-1","max-image-preview":"max-image-preview:large","max-video-preview":"max-video-preview:-1"},"canonical":"https:\/\/www.bioethanolshop.nl\/lv\/lietosanas-noteikumi\/","og_locale":"lv_LV","og_type":"article","og_title":"Gebruikersvoorwaarden","og_description":"Deze website is eigendom van KBH B.V. (KvK 66830257), ondermeer handelend onder de naam Bioethanolshop. Door het gebruik van deze","og_url":"https:\/\/www.bioethanolshop.nl\/lv\/lietosanas-noteikumi\/","og_site_name":"Bioethanolshop.nl","article_publisher":"https:\/\/www.facebook.com\/profile.php?id=100064154436458","article_modified_time":"2023-08-09T09:49:35+00:00","twitter_card":"summary_large_image","twitter_misc":{"Est. reading time":"3 min\u016btes"},"schema":{"@context":"https:\/\/schema.org","@graph":[{"@type":"WebPage","@id":"https:\/\/www.bioethanolshop.nl\/gebruikersvoorwaarden\/","url":"https:\/\/www.bioethanolshop.nl\/gebruikersvoorwaarden\/","name":"Lieto\u0161anas noteikumi | Bioethanolshop.com","isPartOf":{"@id":"https:\/\/www.bioethanolshop.nl\/en\/#website"},"datePublished":"2021-02-09T12:09:19+00:00","dateModified":"2023-08-09T09:49:35+00:00","breadcrumb":{"@id":"https:\/\/www.bioethanolshop.nl\/gebruikersvoorwaarden\/#breadcrumb"},"inLanguage":"lv-LV","potentialAction":[{"@type":"ReadAction","target":["https:\/\/www.bioethanolshop.nl\/gebruikersvoorwaarden\/"]}]},{"@type":"BreadcrumbList","@id":"https:\/\/www.bioethanolshop.nl\/gebruikersvoorwaarden\/#breadcrumb","itemListElement":[{"@type":"ListItem","position":1,"name":"Home","item":"https:\/\/www.bioethanolshop.nl\/"},{"@type":"ListItem","position":2,"name":"Gebruikersvoorwaarden"}]},{"@type":"WebSite","@id":"https:\/\/www.bioethanolshop.nl\/en\/#website","url":"https:\/\/www.bioethanolshop.nl\/en\/","name":"Bioethanolshop.nl","description":"Liel\u0101kais bioetanola un lab\u0101k\u0101s kvalit\u0101tes bioetanola ra\u017eot\u0101js!","potentialAction":[{"@type":"SearchAction","target":{"@type":"EntryPoint","urlTemplate":"https:\/\/www.bioethanolshop.nl\/en\/?s={search_term_string}"},"query-input":{"@type":"PropertyValueSpecification","valueRequired":true,"valueName":"search_term_string"}}],"inLanguage":"lv-LV"}]}},"_links":{"self":[{"href":"https:\/\/www.bioethanolshop.nl\/lv\/wp-json\/wp\/v2\/pages\/89","targetHints":{"allow":["GET"]}}],"collection":[{"href":"https:\/\/www.bioethanolshop.nl\/lv\/wp-json\/wp\/v2\/pages"}],"about":[{"href":"https:\/\/www.bioethanolshop.nl\/lv\/wp-json\/wp\/v2\/types\/page"}],"author":[{"embeddable":true,"href":"https:\/\/www.bioethanolshop.nl\/lv\/wp-json\/wp\/v2\/users\/1"}],"replies":[{"embeddable":true,"href":"https:\/\/www.bioethanolshop.nl\/lv\/wp-json\/wp\/v2\/comments?post=89"}],"version-history":[{"count":3,"href":"https:\/\/www.bioethanolshop.nl\/lv\/wp-json\/wp\/v2\/pages\/89\/revisions"}],"predecessor-version":[{"id":8345,"href":"https:\/\/www.bioethanolshop.nl\/lv\/wp-json\/wp\/v2\/pages\/89\/revisions\/8345"}],"wp:attachment":[{"href":"https:\/\/www.bioethanolshop.nl\/lv\/wp-json\/wp\/v2\/media?parent=89"}],"curies":[{"name":"wp","href":"https:\/\/api.w.org\/{rel}","templated":true}]}}