{"id":84,"date":"2021-02-09T12:04:07","date_gmt":"2021-02-09T12:04:07","guid":{"rendered":"https:\/\/www.bioethanolshop.nl\/?page_id=84"},"modified":"2023-08-09T11:35:22","modified_gmt":"2023-08-09T09:35:22","slug":"atruna","status":"publish","type":"page","link":"https:\/\/www.bioethanolshop.nl\/lv\/disclaimer\/","title":{"rendered":"Atruna"},"content":{"rendered":"<div data-elementor-type=\"wp-page\" data-elementor-id=\"84\" class=\"elementor elementor-84\" data-elementor-post-type=\"page\">\n\t\t\t\t\t\t<section class=\"elementor-section elementor-top-section elementor-element elementor-element-64f55831 elementor-section-boxed elementor-section-height-default elementor-section-height-default wd-section-disabled\" data-id=\"64f55831\" data-element_type=\"section\" data-e-type=\"section\">\n\t\t\t\t\t\t<div class=\"elementor-container elementor-column-gap-default\">\n\t\t\t\t\t<div class=\"elementor-column elementor-col-100 elementor-top-column elementor-element elementor-element-35ae81ab\" data-id=\"35ae81ab\" data-element_type=\"column\" data-e-type=\"column\">\n\t\t\t<div class=\"elementor-widget-wrap elementor-element-populated\">\n\t\t\t\t\t\t<div class=\"elementor-element elementor-element-f67d3ae color-scheme-inherit text-left elementor-widget elementor-widget-text-editor\" data-id=\"f67d3ae\" data-element_type=\"widget\" data-e-type=\"widget\" data-widget_type=\"text-editor.default\">\n\t\t\t\t<div class=\"elementor-widget-container\">\n\t\t\t\t\t\t\t\t\t\n<p>KBH BV, kas darbojas ar nosaukumu Bioethanolshop, piev\u0113r\u0161 visliel\u0101ko uzman\u012bbu inform\u0101cijai sav\u0101s t\u012bmek\u013ca vietn\u0113s. Lai gan, apkopojot \u0161aj\u0101 vietn\u0113 sniegto inform\u0101ciju, m\u0113s velt\u0101m visliel\u0101ko iesp\u0113jamo r\u016bp\u012bbu, m\u0113s nevaram garant\u0113t, ka \u0161\u012b inform\u0101cija vienm\u0113r ir piln\u012bga, pareiza vai piln\u012bga. M\u0113s ar\u012b negarant\u0113jam, ka t\u0101s izmanto\u0161ana dos pareizus rezult\u0101tus vai ka inform\u0101cija ir piem\u0113rota konkr\u0113tiem m\u0113r\u0137iem. KBH BV patur visas ties\u012bbas saist\u012bb\u0101 ar \u0161aj\u0101 vietn\u0113 sniegto inform\u0101ciju. \u0160\u012bs inform\u0101cijas public\u0113\u0161ana jebk\u0101d\u0101 cit\u0101 veid\u0101 vai apstr\u0101de nav at\u013cauta bez iepriek\u0161\u0113jas KBH BV piekri\u0161anas. L\u016bdzu, adres\u0113jiet savus piepras\u012bjumus uz info@kbhonline.eu.<\/p>\n\n\n\n<p><strong>Nav atbild\u012bbas<\/strong><\/p>\n\n\n\n<p>M\u0113s nevaram garant\u0113t, ka \u0161aj\u0101 vietn\u0113 sniegt\u0101s inform\u0101cijas izmanto\u0161ana nep\u0101rk\u0101pj tre\u0161o personu ties\u012bbas. Nek\u0101d\u0101 gad\u012bjum\u0101 KBH BV, t\u0101s akcion\u0101ri un\/vai darbinieki nav atbild\u012bgi par jebk\u0101diem tie\u0161iem vai netie\u0161iem zaud\u0113jumiem, kas jebk\u0101d\u0101 veid\u0101 radu\u0161ies un\/vai izriet no t\u012bmek\u013ca vietnes (inform\u0101cijas) izmanto\u0161anas.<\/p>\n\n\n\n<p><strong>E-pasts<\/strong><\/p>\n\n\n\n<p>Ar mums, cita starp\u0101, varat sazin\u0101ties pa e-pastu. Tom\u0113r e-pasta zi\u0146ojumu p\u0101rraide nekad nav 100% dro\u0161a. Nos\u016btot mums konfidenci\u0101lu un\/vai sensit\u012bvu inform\u0101ciju pa e-pastu bez \u0161ifr\u0113\u0161anas, j\u016bs uz\u0146ematies risku, ka \u0161\u012b inform\u0101cija var k\u013c\u016bt zin\u0101ma tre\u0161\u0101m person\u0101m.<\/p>\n\n\n\n<p><strong>Hipersaites<\/strong><\/p>\n\n\n\n<p>Vair\u0101kas hipersaites \u0161aj\u0101 t\u012bmek\u013ca vietn\u0113 ved uz tre\u0161o personu uztur\u0113t\u0101m t\u012bmek\u013ca vietn\u0113m, kuras KBH BV nekontrol\u0113. KBH BV negarant\u0113 \u0161aj\u0101s t\u012bmek\u013ca vietn\u0113s sniegt\u0101s inform\u0101cijas precizit\u0101ti vai piln\u012bgumu. Hipersaites uz tre\u0161o personu vietn\u0113m nenoz\u012bm\u0113, ka m\u0113s sponsor\u0113jam vai atbalst\u0101m to saturu.<\/p>\n\n\n\n<p>Izmai\u0146as<\/p>\n\n\n\n<p>M\u0113s jebkur\u0101 laik\u0101 varam main\u012bt \u0161aj\u0101 vietn\u0113 sniegto inform\u0101ciju. Tom\u0113r mums nav pien\u0101kuma atjaunin\u0101t t\u012bmek\u013ca vietn\u0113 sniegto inform\u0101ciju. Ja jums rodas k\u0101di jaut\u0101jumi saist\u012bb\u0101 ar t\u012bmek\u013ca vietn\u0113 sniegto inform\u0101ciju, j\u016bs, protams, vienm\u0113r varat ar mums sazin\u0101ties.<\/p>\n\t\t\t\t\t\t\t\t<\/div>\n\t\t\t\t<\/div>\n\t\t\t\t\t<\/div>\n\t\t<\/div>\n\t\t\t\t\t<\/div>\n\t\t<\/section>\n\t\t\t\t<\/div>","protected":false},"excerpt":{"rendered":"<p>KBH BV, kas darbojas k\u0101 Bioethanolshop, piev\u0113r\u0161 visliel\u0101ko uzman\u012bbu inform\u0101cijai sav\u0101s t\u012bmek\u013ca vietn\u0113s. Lai gan m\u0113s velt\u0101m visliel\u0101ko iesp\u0113jamo<\/p>","protected":false},"author":1,"featured_media":0,"parent":0,"menu_order":0,"comment_status":"closed","ping_status":"closed","template":"","meta":{"_acf_changed":false,"footnotes":""},"class_list":["post-84","page","type-page","status-publish","hentry"],"acf":[],"yoast_head":"<!-- This site is optimized with the Yoast SEO Premium plugin v27.2 (Yoast SEO v27.2) - https:\/\/yoast.com\/product\/yoast-seo-premium-wordpress\/ -->\n<title>Disclaimer | Bioethanolshop.nl<\/title>\n<meta name=\"robots\" content=\"index, follow, max-snippet:-1, max-image-preview:large, max-video-preview:-1\" \/>\n<link rel=\"canonical\" href=\"https:\/\/www.bioethanolshop.nl\/lv\/atruna\/\" \/>\n<meta property=\"og:locale\" content=\"lv_LV\" \/>\n<meta property=\"og:type\" content=\"article\" \/>\n<meta property=\"og:title\" content=\"Disclaimer\" \/>\n<meta property=\"og:description\" content=\"KBH BV, handelend onder Bioethanolshop, besteedt de uiterste aandacht aan de informatie op haar websites. Hoewel wij de grootst mogelijke\" \/>\n<meta property=\"og:url\" content=\"https:\/\/www.bioethanolshop.nl\/lv\/atruna\/\" \/>\n<meta property=\"og:site_name\" content=\"Bioethanolshop.nl\" \/>\n<meta property=\"article:publisher\" content=\"https:\/\/www.facebook.com\/profile.php?id=100064154436458\" \/>\n<meta property=\"article:modified_time\" content=\"2023-08-09T09:35:22+00:00\" \/>\n<meta name=\"twitter:card\" content=\"summary_large_image\" \/>\n<meta name=\"twitter:label1\" content=\"Est. reading time\" \/>\n\t<meta name=\"twitter:data1\" content=\"2 min\u016btes\" \/>\n<!-- \/ Yoast SEO Premium plugin. -->","yoast_head_json":{"title":"Atruna | Bioethanolshop.co.uk","robots":{"index":"index","follow":"follow","max-snippet":"max-snippet:-1","max-image-preview":"max-image-preview:large","max-video-preview":"max-video-preview:-1"},"canonical":"https:\/\/www.bioethanolshop.nl\/lv\/atruna\/","og_locale":"lv_LV","og_type":"article","og_title":"Disclaimer","og_description":"KBH BV, handelend onder Bioethanolshop, besteedt de uiterste aandacht aan de informatie op haar websites. Hoewel wij de grootst mogelijke","og_url":"https:\/\/www.bioethanolshop.nl\/lv\/atruna\/","og_site_name":"Bioethanolshop.nl","article_publisher":"https:\/\/www.facebook.com\/profile.php?id=100064154436458","article_modified_time":"2023-08-09T09:35:22+00:00","twitter_card":"summary_large_image","twitter_misc":{"Est. reading time":"2 min\u016btes"},"schema":{"@context":"https:\/\/schema.org","@graph":[{"@type":"WebPage","@id":"https:\/\/www.bioethanolshop.nl\/disclaimer\/","url":"https:\/\/www.bioethanolshop.nl\/disclaimer\/","name":"Atruna | Bioethanolshop.co.uk","isPartOf":{"@id":"https:\/\/www.bioethanolshop.nl\/en\/#website"},"datePublished":"2021-02-09T12:04:07+00:00","dateModified":"2023-08-09T09:35:22+00:00","breadcrumb":{"@id":"https:\/\/www.bioethanolshop.nl\/disclaimer\/#breadcrumb"},"inLanguage":"lv-LV","potentialAction":[{"@type":"ReadAction","target":["https:\/\/www.bioethanolshop.nl\/disclaimer\/"]}]},{"@type":"BreadcrumbList","@id":"https:\/\/www.bioethanolshop.nl\/disclaimer\/#breadcrumb","itemListElement":[{"@type":"ListItem","position":1,"name":"Home","item":"https:\/\/www.bioethanolshop.nl\/"},{"@type":"ListItem","position":2,"name":"Disclaimer"}]},{"@type":"WebSite","@id":"https:\/\/www.bioethanolshop.nl\/en\/#website","url":"https:\/\/www.bioethanolshop.nl\/en\/","name":"Bioethanolshop.nl","description":"Liel\u0101kais bioetanola un lab\u0101k\u0101s kvalit\u0101tes bioetanola ra\u017eot\u0101js!","potentialAction":[{"@type":"SearchAction","target":{"@type":"EntryPoint","urlTemplate":"https:\/\/www.bioethanolshop.nl\/en\/?s={search_term_string}"},"query-input":{"@type":"PropertyValueSpecification","valueRequired":true,"valueName":"search_term_string"}}],"inLanguage":"lv-LV"}]}},"_links":{"self":[{"href":"https:\/\/www.bioethanolshop.nl\/lv\/wp-json\/wp\/v2\/pages\/84","targetHints":{"allow":["GET"]}}],"collection":[{"href":"https:\/\/www.bioethanolshop.nl\/lv\/wp-json\/wp\/v2\/pages"}],"about":[{"href":"https:\/\/www.bioethanolshop.nl\/lv\/wp-json\/wp\/v2\/types\/page"}],"author":[{"embeddable":true,"href":"https:\/\/www.bioethanolshop.nl\/lv\/wp-json\/wp\/v2\/users\/1"}],"replies":[{"embeddable":true,"href":"https:\/\/www.bioethanolshop.nl\/lv\/wp-json\/wp\/v2\/comments?post=84"}],"version-history":[{"count":3,"href":"https:\/\/www.bioethanolshop.nl\/lv\/wp-json\/wp\/v2\/pages\/84\/revisions"}],"predecessor-version":[{"id":8330,"href":"https:\/\/www.bioethanolshop.nl\/lv\/wp-json\/wp\/v2\/pages\/84\/revisions\/8330"}],"wp:attachment":[{"href":"https:\/\/www.bioethanolshop.nl\/lv\/wp-json\/wp\/v2\/media?parent=84"}],"curies":[{"name":"wp","href":"https:\/\/api.w.org\/{rel}","templated":true}]}}