{"id":252,"date":"2021-02-27T13:21:08","date_gmt":"2021-02-27T13:21:08","guid":{"rendered":"https:\/\/www.bioethanolshop.nl\/?page_id=252"},"modified":"2021-02-27T13:21:09","modified_gmt":"2021-02-27T13:21:09","slug":"piegade-un-savaksana-2","status":"publish","type":"page","link":"https:\/\/www.bioethanolshop.nl\/lv\/verzendkosten-en-afhalen-2\/","title":{"rendered":"Pieg\u0101des izmaksas un sa\u0146em\u0161ana"},"content":{"rendered":"<h3 class=\"wp-block-heading\" id=\"h-verwerkingskosten-bestelling\">Pas\u016bt\u012bjumu apstr\u0101des izmaksas<\/h3>\n\n\n\n<p>Katrs pas\u016bt\u012bjums ir saist\u012bts ar apstr\u0101des izmaks\u0101m, piem\u0113ram, uzglab\u0101\u0161anas, iepako\u0161anas materi\u0101liem u. c. Pas\u016bt\u012bjumiem, kas ir maz\u0101ki par 50,00 \u20ac ar PVN, papildus pieg\u0101des izmaks\u0101m 5,74 \u20ac bez PVN \/ 6,95 \u20ac ar PVN m\u0113s iekas\u0113jam ar\u012b maksu par j\u016bsu pas\u016bt\u012bjuma apstr\u0101des izmaks\u0101m. Kop\u0113j\u0101 maksa par apstr\u0101des un pieg\u0101des izmaks\u0101m ir \u20ac 9,00 bez nodok\u013ciem \/ \u20ac 10,89 ar nodok\u013ciem. \u0160\u012bs izmaksas ir redzamas m\u016bsu interneta veikalu kas\u0113s.<\/p>\n\n\n\n<h3 class=\"wp-block-heading\" id=\"h-verzendwijze-pakketzending\">Pieg\u0101des metode paku s\u016bt\u012bjums<\/h3>\n\n\n\n<p>P\u0101rvad\u0101\u0161anu veic atz\u012bts p\u0101rvad\u0101t\u0101js vai paku pieg\u0101des dienests, piem\u0113ram, PostNL, DHL vai TransMission. Ja uzskat\u012bsim par nepiecie\u0161amu, varam nolemt izmantot citu transportieri. S\u0101kumpunkts vienm\u0113r ir optim\u0101ls savienojums ar iesp\u0113jami \u0101tr\u0101ku pieg\u0101des laiku par sapr\u0101t\u012bg\u0101m izmaks\u0101m.<\/p>\n\n\n\n<h3 class=\"wp-block-heading\" id=\"h-verzendkosten-palletzending\">Pieg\u0101des izmaksas pale\u0161u s\u016bt\u012bjums<\/h3>\n\n\n\n<p>Var gad\u012bties, ka pas\u016bt\u012bjums ir tik liels vai smags, ka tas j\u0101pieg\u0101d\u0101 ar pale\u0161u s\u016bt\u012bjumu. \u0160\u0101d\u0101 gad\u012bjum\u0101 tas tiek pieg\u0101d\u0101ts uz depoz\u012bta paletes. Ja sa\u0146\u0113m\u0113js nevar vai nev\u0113las nodot pieg\u0101d\u0101t\u0101jam tuk\u0161u paliktni, mums par to b\u016bs j\u0101maks\u0101 15,00 \u20ac. Depoz\u012bta paliktni sa\u0146\u0113m\u0113js var nodot viet\u0113jam p\u0101rvad\u0101t\u0101jam. Depoz\u012bta cenas katr\u0101 valst\u012b\/re\u0123ion\u0101 var at\u0161\u0137irties.<\/p>\n\n\n\n<p><strong>Pieg\u0101des izmaksas N\u012bderlandes un Be\u013c\u0123ijas teritorij\u0101 ir BEZMAKSAS, ja pas\u016bt\u012bjuma summa ir 50,00 \u20ac ar PVN vai liel\u0101ka (iz\u0146emot depoz\u012btu par pieg\u0101des materi\u0101liem).<\/strong><\/p>\n\n\n\n<h3 class=\"wp-block-heading\" id=\"h-verzendkosten-buiten-de-benelux\">Pieg\u0101des izmaksas \u0101rpus Beniluksa valst\u012bm<\/h3>\n\n\n\n<p>Pieg\u0101des izmaksas Eirop\u0101 (\u0101rpus Beniluksa) ir p\u0113c piepras\u012bjuma. Ja kravas p\u0101rvad\u0101jums jums b\u016bs j\u0101pied\u0101v\u0101 otrreiz vai v\u0113l vienu reizi, m\u0113s iekas\u0113sim no jums papildu izmaksas.<\/p>\n\n\n\n<h3 class=\"wp-block-heading\" id=\"h-afhalen\">Uz\u0146em\u0161ana<\/h3>\n\n\n\n<p>Da\u013c\u0113ji COVID-19 d\u0113\u013c pa\u0161laik nav iesp\u0113jams sa\u0146emt pas\u016bt\u012bjumu. Katru pas\u016bt\u012bjumu uz j\u016bsu adresi pieg\u0101d\u0101s m\u016bsu izv\u0113l\u0113ts p\u0101rvad\u0101t\u0101js, \u0146emot v\u0113r\u0101 sp\u0113k\u0101 eso\u0161os (\u0101rk\u0101rtas) noteikumus.<\/p>","protected":false},"excerpt":{"rendered":"<p>Pas\u016bt\u012bjumu apstr\u0101des izmaksas Katrs pas\u016bt\u012bjums rada apstr\u0101des izmaksas, piem\u0113ram, uzglab\u0101\u0161anas, iepako\u0161anas materi\u0101lu u. c. izmaksas. Pas\u016bt\u012bjumiem l\u012bdz 50,00 \u20ac, ieskaitot<\/p>","protected":false},"author":3,"featured_media":0,"parent":0,"menu_order":0,"comment_status":"closed","ping_status":"closed","template":"","meta":{"_acf_changed":false,"footnotes":""},"class_list":["post-252","page","type-page","status-publish","hentry"],"acf":[],"yoast_head":"<!-- This site is optimized with the Yoast SEO Premium plugin v27.5 (Yoast SEO v27.5) - https:\/\/yoast.com\/product\/yoast-seo-premium-wordpress\/ -->\n<title>Verzendkosten en afhalen | Bioethanolshop.nl<\/title>\n<meta name=\"robots\" content=\"index, follow, max-snippet:-1, max-image-preview:large, max-video-preview:-1\" \/>\n<link rel=\"canonical\" href=\"https:\/\/www.bioethanolshop.nl\/lv\/piegade-un-savaksana-2\/\" \/>\n<meta property=\"og:locale\" content=\"lv_LV\" \/>\n<meta property=\"og:type\" content=\"article\" \/>\n<meta property=\"og:title\" content=\"Verzendkosten en afhalen\" \/>\n<meta property=\"og:description\" content=\"Verwerkingskosten bestelling Elke bestelling brengt verwerkingskosten met zich mee, zoals opslag, verpakkingsmateriaal, etcetera. Bij bestellingen onder de \u20ac 50,00 inclusief\" \/>\n<meta property=\"og:url\" content=\"https:\/\/www.bioethanolshop.nl\/lv\/piegade-un-savaksana-2\/\" \/>\n<meta property=\"og:site_name\" content=\"Bioethanolshop.nl\" \/>\n<meta property=\"article:publisher\" content=\"https:\/\/www.facebook.com\/profile.php?id=100064154436458\" \/>\n<meta property=\"article:modified_time\" content=\"2021-02-27T13:21:09+00:00\" \/>\n<meta name=\"twitter:card\" content=\"summary_large_image\" \/>\n<meta name=\"twitter:label1\" content=\"Est. reading time\" \/>\n\t<meta name=\"twitter:data1\" content=\"1 min\u016bte\" \/>\n<!-- \/ Yoast SEO Premium plugin. -->","yoast_head_json":{"title":"Pieg\u0101de un sa\u0146em\u0161ana | Bioethanolshop.com","robots":{"index":"index","follow":"follow","max-snippet":"max-snippet:-1","max-image-preview":"max-image-preview:large","max-video-preview":"max-video-preview:-1"},"canonical":"https:\/\/www.bioethanolshop.nl\/lv\/piegade-un-savaksana-2\/","og_locale":"lv_LV","og_type":"article","og_title":"Verzendkosten en afhalen","og_description":"Verwerkingskosten bestelling Elke bestelling brengt verwerkingskosten met zich mee, zoals opslag, verpakkingsmateriaal, etcetera. Bij bestellingen onder de \u20ac 50,00 inclusief","og_url":"https:\/\/www.bioethanolshop.nl\/lv\/piegade-un-savaksana-2\/","og_site_name":"Bioethanolshop.nl","article_publisher":"https:\/\/www.facebook.com\/profile.php?id=100064154436458","article_modified_time":"2021-02-27T13:21:09+00:00","twitter_card":"summary_large_image","twitter_misc":{"Est. reading time":"1 min\u016bte"},"schema":{"@context":"https:\/\/schema.org","@graph":[{"@type":"WebPage","@id":"https:\/\/www.bioethanolshop.nl\/verzendkosten-en-afhalen-2\/","url":"https:\/\/www.bioethanolshop.nl\/verzendkosten-en-afhalen-2\/","name":"Pieg\u0101de un sa\u0146em\u0161ana | Bioethanolshop.com","isPartOf":{"@id":"https:\/\/www.bioethanolshop.nl\/en\/#website"},"datePublished":"2021-02-27T13:21:08+00:00","dateModified":"2021-02-27T13:21:09+00:00","breadcrumb":{"@id":"https:\/\/www.bioethanolshop.nl\/verzendkosten-en-afhalen-2\/#breadcrumb"},"inLanguage":"lv-LV","potentialAction":[{"@type":"ReadAction","target":["https:\/\/www.bioethanolshop.nl\/verzendkosten-en-afhalen-2\/"]}]},{"@type":"BreadcrumbList","@id":"https:\/\/www.bioethanolshop.nl\/verzendkosten-en-afhalen-2\/#breadcrumb","itemListElement":[{"@type":"ListItem","position":1,"name":"Home","item":"https:\/\/www.bioethanolshop.nl\/"},{"@type":"ListItem","position":2,"name":"Verzendkosten en afhalen"}]},{"@type":"WebSite","@id":"https:\/\/www.bioethanolshop.nl\/en\/#website","url":"https:\/\/www.bioethanolshop.nl\/en\/","name":"Bioethanolshop.nl","description":"Liel\u0101kais bioetanola un lab\u0101k\u0101s kvalit\u0101tes bioetanola ra\u017eot\u0101js!","potentialAction":[{"@type":"SearchAction","target":{"@type":"EntryPoint","urlTemplate":"https:\/\/www.bioethanolshop.nl\/en\/?s={search_term_string}"},"query-input":{"@type":"PropertyValueSpecification","valueRequired":true,"valueName":"search_term_string"}}],"inLanguage":"lv-LV"}]}},"_links":{"self":[{"href":"https:\/\/www.bioethanolshop.nl\/lv\/wp-json\/wp\/v2\/pages\/252","targetHints":{"allow":["GET"]}}],"collection":[{"href":"https:\/\/www.bioethanolshop.nl\/lv\/wp-json\/wp\/v2\/pages"}],"about":[{"href":"https:\/\/www.bioethanolshop.nl\/lv\/wp-json\/wp\/v2\/types\/page"}],"author":[{"embeddable":true,"href":"https:\/\/www.bioethanolshop.nl\/lv\/wp-json\/wp\/v2\/users\/3"}],"replies":[{"embeddable":true,"href":"https:\/\/www.bioethanolshop.nl\/lv\/wp-json\/wp\/v2\/comments?post=252"}],"version-history":[{"count":1,"href":"https:\/\/www.bioethanolshop.nl\/lv\/wp-json\/wp\/v2\/pages\/252\/revisions"}],"predecessor-version":[{"id":253,"href":"https:\/\/www.bioethanolshop.nl\/lv\/wp-json\/wp\/v2\/pages\/252\/revisions\/253"}],"wp:attachment":[{"href":"https:\/\/www.bioethanolshop.nl\/lv\/wp-json\/wp\/v2\/media?parent=252"}],"curies":[{"name":"wp","href":"https:\/\/api.w.org\/{rel}","templated":true}]}}