{"id":247,"date":"2021-02-27T12:41:29","date_gmt":"2021-02-27T11:41:29","guid":{"rendered":"https:\/\/www.bioethanolshop.nl\/?post_type=product&#038;p=247"},"modified":"2023-06-20T14:30:02","modified_gmt":"2023-06-20T12:30:02","slug":"apelsinu-aliejus-1-litro-talpos-skardine","status":"publish","type":"product","link":"https:\/\/www.bioethanolshop.nl\/lt\/product\/sinaasappel-olie-1-liter-blik-sinasappel-olie\/","title":{"rendered":"Apelsin\u0173 aliejus 1 litro talpos skardin\u0117 apelsin\u0173 aliejaus ploviklio"},"content":{"rendered":"<div class=\"page-header-hgroup col-l-8 col-m-6\">\n<div class=\"page-title-wrapper complex\">\n<h2 class=\"page-title\">Apelsin\u0173 aliejus 1 litro talpos skardin\u0117<\/h2>\n<\/div>\n<\/div>\n<div class=\"page-header-actions col-l-4 col-m-6\">\n<div><strong>Stipri valymo galia ir gaivus apelsin\u0173 kvapas tinka visiems j\u016bs\u0173 namams.<\/strong><\/div>\n<div><\/div>\n<div>Duomenys:<br \/>\n* 80% apelsin\u0173 \u017eieveli\u0173 koncentratas;<br \/>\n* 250 ml koncentrato u\u017etenka 1000 litr\u0173 vandens. Taigi 2-3 la\u0161\u0173 ant 5 litr\u0173 vandens jau pakanka, jis yra labai ekonomi\u0161kas;<br \/>\n* i\u0161tirpina \u012fsisen\u0117jusias d\u0117mes, pvz., alyvos, riebal\u0173, dervos, kramtomosios gumos, labai \u012fsisen\u0117jusias<br \/>\nd\u0117m\u0117s vietoje Naudokite gryn\u0105 apelsin\u0173 aliej\u0173. Pirmasis bandymas su<br \/>\nnepastebimoje vietoje;<br \/>\n* neutralizuoja nemalonius kvapus, pavyzd\u017eiui, nikotino sukeliamus kvapus;<br \/>\n* valiklis yra pavir\u0161inio aktyvumo, t. y. d\u0117l savo savybi\u0173 \"\u012ftr\u016bksta\".<br \/>\nesam\u0105 \"pavir\u0161iaus \u012ftamp\u0105\", prasiskverbia giliai \u012f purvo sluoksn\u012f,<br \/>\ngiliai \u012f poras. \u012eprasti valikliai da\u017enai pavir\u0161utini\u0161kai pa\u0161alina ne\u0161varumus.<br \/>\nplatinamas;<br \/>\n* Antimikrobinis poveikis ir matomas blizgesio efektas;<br \/>\n* pasi\u017eymi didele koncentruota valymo galia;<br \/>\n* naudoti ant pavir\u0161i\u0173 namuose, aplink automobil\u012f, sode, sode, terasoje, ant medini\u0173 bald\u0173 .....<\/div>\n<\/div>\n<p>&nbsp;<\/p>\n<p>Saul\u0117s aromatas - gaivus, \u0161iltas, vaisinis kvapas.<\/p>\n<p>Apelsin\u0173 aliejus - tai eterinis aliejus, gaunamas \u0161altuoju b\u016bdu spaud\u017eiant prinokusi\u0173 apelsin\u0173 \u017eieveles. D\u0117l savo aromato ir kvapo bei riebaluose tirpstan\u010di\u0173 savybi\u0173 jis gali b\u016bti naudojamas labai \u012fvairiapusi\u0161kai.<\/p>\n<p>\u012esp\u0117jimas: kaip ir visi eteriniai aliejai, apelsin\u0173 \u017eieveli\u0173 aliejus yra labai veiksmingas, net ir homeopatin\u0117mis doz\u0117mis. Naudokite taip, kaip nurodyta, arba ma\u017eomis doz\u0117mis. Daugeliui program\u0173 pakanka keli\u0173 la\u0161\u0173. Eterini\u0173 aliej\u0173 niekada negalima gerti gryn\u0173 arba tepti ant odos. Kita vertus, j\u0173 la\u0161as po la\u0161o \u012fmai\u0161yti \u012f maist\u0105 ar kosmetik\u0105 yra rafinuotas, nekenksmingas patobulinimas, jei n\u0117ra alergijos apelsin\u0173 terpenams.<\/p>\n<p>Kvepinimas ir aromatizavimas<\/p>\n<p>G\u0117rimai, saldumynai ir kiti maisto produktai,<br \/>\nParfumuoti aliejai ir vandenys, kosmetika (muilas, vonios aliejus, kremas),<br \/>\nlemp\u0173 aliejus,<br \/>\nbuitiniai produktai ir kaip<br \/>\nkambario ir skalbyklos kvapai.<br \/>\nApelsin\u0173 eterinis aliejus turi ne tik saul\u0117t\u0105 kvap\u0105, bet ir antiseptin\u012f, sutraukiant\u012f, nervus veikiant\u012f, balansuojant\u012f, tonizuojant\u012f ir stimuliuojant\u012f poveik\u012f. Tod\u0117l jis yra labai populiarus ir da\u017enai naudojamas ingredientas ne tik nat\u016bralioje kosmetikoje.<\/p>\n<p>Valymas ir nuriebalinimas naudojant \u012frenginio gali\u0105<\/p>\n<p>Universalus buitinis valiklis<br \/>\nDeguto, dervos ir alyvos d\u0117mi\u0173 \u0161alinimas<br \/>\nAliejini\u0173 da\u017e\u0173 ir lak\u0173 skiediklis<br \/>\nIdealiai tinka skied\u017eiant augalinius medienos impregnantus ir ekologi\u0161kus medienos impregnantus<br \/>\nMetalini\u0173 dali\u0173 (dvira\u010di\u0173 grandini\u0173, krumpliara\u010di\u0173, rutulini\u0173 guoli\u0173 ir kt.) nuriebalinimas.<br \/>\nSmulki\u0173 mechanini\u0173 dali\u0173 (pvz., sen\u0173 laikrod\u017ei\u0173 dali\u0173) mink\u0161t\u0117jimas<br \/>\nKartu su bi\u010di\u0173 va\u0161ku arba karnaubo va\u0161ku kaip balzamas mediniams pavir\u0161iams, antikvariniams daiktams ar odai pri\u017ei\u016br\u0117ti ir valyti.<br \/>\n\u0160epe\u010di\u0173 valiklis<br \/>\nNag\u0173 lako valiklis<br \/>\nPagrindin\u0117 daugelio etike\u010di\u0173 \u0161alinimo priemoni\u0173 sudedamoji dalis<br \/>\nD\u0117l didelio apelsin\u0173 terpen\u0173 kiekio apelsin\u0173 \u017eievel\u0117s aliejus pasi\u017eymi did\u017eiule riebalus ma\u017einan\u010dia galia. Naudojamas kaip terpentino aliejaus pakaitalas, pvz., tapyboje, jis ne tik suteikia daug malonesn\u012f kvap\u0105. Palyginti su terpentinu, apelsin\u0173 aliejus taip pat daug ma\u017eiau alergizuoja. \u012e s\u0117men\u0173 arba tung\u0173 aliej\u0173 \u012fpylus 10-20% apelsin\u0173 \u017eieveli\u0173 aliejaus, gerokai pager\u0117ja skverbimasis \u012f medien\u0105 ir palengv\u0117ja tepimas. Sutrump\u0117ja d\u017eiovinimo laikas. Jis taip pat suteikia gyvybingumo medienos konservantams ir prie\u017ei\u016bros priemon\u0117ms.<\/p>\n<p>Apelsin\u0173 aliejus<br \/>\nNam\u0173 \u016bkio ploviklis<br \/>\n1 litro talpos skardin\u0117<br \/>\nOran\u017einis ploviklis<\/p>","protected":false},"excerpt":{"rendered":"<p class=\"page-title\">Apelsin\u0173 aliejus 1 litro talpos skardin\u0117<\/p>\n<p>&nbsp;<\/p>","protected":false},"featured_media":248,"comment_status":"closed","ping_status":"closed","template":"","meta":{"_acf_changed":false},"product_brand":[],"product_cat":[30,20],"product_tag":[31,32],"class_list":{"0":"post-247","1":"product","2":"type-product","3":"status-publish","4":"has-post-thumbnail","6":"product_cat-biofair","7":"product_cat-overige-biologische-olieproducten","8":"product_tag-sinaasappel-olie","9":"product_tag-sinasappelolie","11":"first","12":"outofstock","13":"taxable","14":"shipping-taxable","15":"purchasable","16":"product-type-simple"},"bundled_by":[],"bundle_stock_status":"outofstock","bundle_stock_quantity":null,"bundle_virtual":false,"bundle_layout":"","bundle_add_to_cart_form_location":"","bundle_editable_in_cart":false,"bundle_sold_individually_context":"","bundle_item_grouping":"","bundle_min_size":"","bundle_max_size":"","bundle_price":[],"bundled_items":[],"bundle_sell_ids":[],"acf":[],"yoast_head":"<!-- This site is optimized with the Yoast SEO Premium plugin v27.2 (Yoast SEO v27.2) - https:\/\/yoast.com\/product\/yoast-seo-premium-wordpress\/ -->\n<title>Sinaasappel olie 1 liter blik sinasappel olie reinigingsmiddel | Bioethanolshop.nl<\/title>\n<meta name=\"description\" content=\"80% concentraat uit sinaasappelschil\u00a0lost hardnekkige vlekken op zoals olie, vet, hars, kauwgom, voor zeer hardnekkige vlekken\" \/>\n<meta name=\"robots\" content=\"index, follow, max-snippet:-1, max-image-preview:large, max-video-preview:-1\" \/>\n<link rel=\"canonical\" href=\"https:\/\/www.bioethanolshop.nl\/lt\/produktas-2\/apelsinu-aliejus-1-litro-talpos-skardine\/\" \/>\n<meta property=\"og:locale\" content=\"lt_LT\" \/>\n<meta property=\"og:type\" content=\"article\" \/>\n<meta property=\"og:title\" content=\"Sinaasappel olie 1 liter blik sinasappel olie reinigingsmiddel\" \/>\n<meta property=\"og:description\" content=\"80% concentraat uit sinaasappelschil\u00a0lost hardnekkige vlekken op zoals olie, vet, hars, kauwgom, voor zeer hardnekkige vlekken\" \/>\n<meta property=\"og:url\" content=\"https:\/\/www.bioethanolshop.nl\/lt\/produktas-2\/apelsinu-aliejus-1-litro-talpos-skardine\/\" \/>\n<meta property=\"og:site_name\" content=\"Bioethanolshop.nl\" \/>\n<meta property=\"article:publisher\" content=\"https:\/\/www.facebook.com\/profile.php?id=100064154436458\" \/>\n<meta property=\"article:modified_time\" content=\"2023-06-20T12:30:02+00:00\" \/>\n<meta property=\"og:image\" content=\"https:\/\/www.bioethanolshop.nl\/wp-content\/uploads\/2021\/02\/sinaasappelolie.jpg\" \/>\n\t<meta property=\"og:image:width\" content=\"700\" \/>\n\t<meta property=\"og:image:height\" content=\"700\" \/>\n\t<meta property=\"og:image:type\" content=\"image\/jpeg\" \/>\n<meta name=\"twitter:card\" content=\"summary_large_image\" \/>\n<meta name=\"twitter:label1\" content=\"Est. reading time\" \/>\n\t<meta name=\"twitter:data1\" content=\"2 minut\u0117s\" \/>\n<!-- \/ Yoast SEO Premium plugin. -->","yoast_head_json":{"title":"Apelsin\u0173 aliejus 1 litro talpos skardin\u0117 apelsin\u0173 aliejaus valiklis | Bioethanolshop.co.uk","description":"80% apelsino \u017eievel\u0117s koncentratas i\u0161tirpina \u012fsisen\u0117jusias d\u0117mes, tokias kaip alyva, riebalai, derva, kramtomoji guma, labai \u012fsisen\u0117jusioms d\u0117m\u0117ms","robots":{"index":"index","follow":"follow","max-snippet":"max-snippet:-1","max-image-preview":"max-image-preview:large","max-video-preview":"max-video-preview:-1"},"canonical":"https:\/\/www.bioethanolshop.nl\/lt\/produktas-2\/apelsinu-aliejus-1-litro-talpos-skardine\/","og_locale":"lt_LT","og_type":"article","og_title":"Sinaasappel olie 1 liter blik sinasappel olie reinigingsmiddel","og_description":"80% concentraat uit sinaasappelschil\u00a0lost hardnekkige vlekken op zoals olie, vet, hars, kauwgom, voor zeer hardnekkige vlekken","og_url":"https:\/\/www.bioethanolshop.nl\/lt\/produktas-2\/apelsinu-aliejus-1-litro-talpos-skardine\/","og_site_name":"Bioethanolshop.nl","article_publisher":"https:\/\/www.facebook.com\/profile.php?id=100064154436458","article_modified_time":"2023-06-20T12:30:02+00:00","og_image":[{"width":700,"height":700,"url":"https:\/\/www.bioethanolshop.nl\/wp-content\/uploads\/2021\/02\/sinaasappelolie.jpg","type":"image\/jpeg"}],"twitter_card":"summary_large_image","twitter_misc":{"Est. reading time":"2 minut\u0117s"},"schema":{"@context":"https:\/\/schema.org","@graph":[{"@type":"WebPage","@id":"https:\/\/www.bioethanolshop.nl\/bg\/%d0%bf%d1%80%d0%be%d0%b4%d1%83%d0%ba%d1%82-2\/%d0%bf%d0%be%d1%80%d1%82%d0%be%d0%ba%d0%b0%d0%bb%d0%be%d0%b2%d0%be-%d0%bc%d0%b0%d1%81%d0%bb%d0%be-1-%d0%bb%d0%b8%d1%82%d1%80%d0%be%d0%b2%d0%b0-%d0%ba%d1%83%d1%82%d0%b8%d1%8f\/","url":"https:\/\/www.bioethanolshop.nl\/bg\/%d0%bf%d1%80%d0%be%d0%b4%d1%83%d0%ba%d1%82-2\/%d0%bf%d0%be%d1%80%d1%82%d0%be%d0%ba%d0%b0%d0%bb%d0%be%d0%b2%d0%be-%d0%bc%d0%b0%d1%81%d0%bb%d0%be-1-%d0%bb%d0%b8%d1%82%d1%80%d0%be%d0%b2%d0%b0-%d0%ba%d1%83%d1%82%d0%b8%d1%8f\/","name":"Apelsin\u0173 aliejus 1 litro talpos skardin\u0117 apelsin\u0173 aliejaus valiklis | Bioethanolshop.co.uk","isPartOf":{"@id":"https:\/\/www.bioethanolshop.nl\/en\/#website"},"primaryImageOfPage":{"@id":"https:\/\/www.bioethanolshop.nl\/bg\/%d0%bf%d1%80%d0%be%d0%b4%d1%83%d0%ba%d1%82-2\/%d0%bf%d0%be%d1%80%d1%82%d0%be%d0%ba%d0%b0%d0%bb%d0%be%d0%b2%d0%be-%d0%bc%d0%b0%d1%81%d0%bb%d0%be-1-%d0%bb%d0%b8%d1%82%d1%80%d0%be%d0%b2%d0%b0-%d0%ba%d1%83%d1%82%d0%b8%d1%8f\/#primaryimage"},"image":{"@id":"https:\/\/www.bioethanolshop.nl\/bg\/%d0%bf%d1%80%d0%be%d0%b4%d1%83%d0%ba%d1%82-2\/%d0%bf%d0%be%d1%80%d1%82%d0%be%d0%ba%d0%b0%d0%bb%d0%be%d0%b2%d0%be-%d0%bc%d0%b0%d1%81%d0%bb%d0%be-1-%d0%bb%d0%b8%d1%82%d1%80%d0%be%d0%b2%d0%b0-%d0%ba%d1%83%d1%82%d0%b8%d1%8f\/#primaryimage"},"thumbnailUrl":"https:\/\/www.bioethanolshop.nl\/wp-content\/uploads\/2021\/02\/sinaasappelolie.jpg","datePublished":"2021-02-27T11:41:29+00:00","dateModified":"2023-06-20T12:30:02+00:00","description":"80% apelsino \u017eievel\u0117s koncentratas i\u0161tirpina \u012fsisen\u0117jusias d\u0117mes, tokias kaip alyva, riebalai, derva, kramtomoji guma, labai \u012fsisen\u0117jusioms d\u0117m\u0117ms","breadcrumb":{"@id":"https:\/\/www.bioethanolshop.nl\/bg\/%d0%bf%d1%80%d0%be%d0%b4%d1%83%d0%ba%d1%82-2\/%d0%bf%d0%be%d1%80%d1%82%d0%be%d0%ba%d0%b0%d0%bb%d0%be%d0%b2%d0%be-%d0%bc%d0%b0%d1%81%d0%bb%d0%be-1-%d0%bb%d0%b8%d1%82%d1%80%d0%be%d0%b2%d0%b0-%d0%ba%d1%83%d1%82%d0%b8%d1%8f\/#breadcrumb"},"inLanguage":"lt-LT","potentialAction":[{"@type":"ReadAction","target":["https:\/\/www.bioethanolshop.nl\/bg\/%d0%bf%d1%80%d0%be%d0%b4%d1%83%d0%ba%d1%82-2\/%d0%bf%d0%be%d1%80%d1%82%d0%be%d0%ba%d0%b0%d0%bb%d0%be%d0%b2%d0%be-%d0%bc%d0%b0%d1%81%d0%bb%d0%be-1-%d0%bb%d0%b8%d1%82%d1%80%d0%be%d0%b2%d0%b0-%d0%ba%d1%83%d1%82%d0%b8%d1%8f\/"]}]},{"@type":"ImageObject","inLanguage":"lt-LT","@id":"https:\/\/www.bioethanolshop.nl\/bg\/%d0%bf%d1%80%d0%be%d0%b4%d1%83%d0%ba%d1%82-2\/%d0%bf%d0%be%d1%80%d1%82%d0%be%d0%ba%d0%b0%d0%bb%d0%be%d0%b2%d0%be-%d0%bc%d0%b0%d1%81%d0%bb%d0%be-1-%d0%bb%d0%b8%d1%82%d1%80%d0%be%d0%b2%d0%b0-%d0%ba%d1%83%d1%82%d0%b8%d1%8f\/#primaryimage","url":"https:\/\/www.bioethanolshop.nl\/wp-content\/uploads\/2021\/02\/sinaasappelolie.jpg","contentUrl":"https:\/\/www.bioethanolshop.nl\/wp-content\/uploads\/2021\/02\/sinaasappelolie.jpg","width":700,"height":700,"caption":"Sinaasappel olie"},{"@type":"BreadcrumbList","@id":"https:\/\/www.bioethanolshop.nl\/bg\/%d0%bf%d1%80%d0%be%d0%b4%d1%83%d0%ba%d1%82-2\/%d0%bf%d0%be%d1%80%d1%82%d0%be%d0%ba%d0%b0%d0%bb%d0%be%d0%b2%d0%be-%d0%bc%d0%b0%d1%81%d0%bb%d0%be-1-%d0%bb%d0%b8%d1%82%d1%80%d0%be%d0%b2%d0%b0-%d0%ba%d1%83%d1%82%d0%b8%d1%8f\/#breadcrumb","itemListElement":[{"@type":"ListItem","position":1,"name":"Home","item":"https:\/\/www.bioethanolshop.nl\/"},{"@type":"ListItem","position":2,"name":"Winkel","item":"https:\/\/www.bioethanolshop.nl\/en\/store\/"},{"@type":"ListItem","position":3,"name":"Sinaasappel olie 1 liter blik sinasappel olie reinigingsmiddel"}]},{"@type":"WebSite","@id":"https:\/\/www.bioethanolshop.nl\/en\/#website","url":"https:\/\/www.bioethanolshop.nl\/en\/","name":"Bioethanolshop.nl","description":"Did\u017eiausias bioetanolio ir geriausios kokyb\u0117s bioetanolio gamintojas!","potentialAction":[{"@type":"SearchAction","target":{"@type":"EntryPoint","urlTemplate":"https:\/\/www.bioethanolshop.nl\/en\/?s={search_term_string}"},"query-input":{"@type":"PropertyValueSpecification","valueRequired":true,"valueName":"search_term_string"}}],"inLanguage":"lt-LT"}]}},"_links":{"self":[{"href":"https:\/\/www.bioethanolshop.nl\/lt\/wp-json\/wp\/v2\/product\/247","targetHints":{"allow":["GET"]}}],"collection":[{"href":"https:\/\/www.bioethanolshop.nl\/lt\/wp-json\/wp\/v2\/product"}],"about":[{"href":"https:\/\/www.bioethanolshop.nl\/lt\/wp-json\/wp\/v2\/types\/product"}],"replies":[{"embeddable":true,"href":"https:\/\/www.bioethanolshop.nl\/lt\/wp-json\/wp\/v2\/comments?post=247"}],"version-history":[{"count":1,"href":"https:\/\/www.bioethanolshop.nl\/lt\/wp-json\/wp\/v2\/product\/247\/revisions"}],"predecessor-version":[{"id":278,"href":"https:\/\/www.bioethanolshop.nl\/lt\/wp-json\/wp\/v2\/product\/247\/revisions\/278"}],"wp:featuredmedia":[{"embeddable":true,"href":"https:\/\/www.bioethanolshop.nl\/lt\/wp-json\/wp\/v2\/media\/248"}],"wp:attachment":[{"href":"https:\/\/www.bioethanolshop.nl\/lt\/wp-json\/wp\/v2\/media?parent=247"}],"wp:term":[{"taxonomy":"product_brand","embeddable":true,"href":"https:\/\/www.bioethanolshop.nl\/lt\/wp-json\/wp\/v2\/product_brand?post=247"},{"taxonomy":"product_cat","embeddable":true,"href":"https:\/\/www.bioethanolshop.nl\/lt\/wp-json\/wp\/v2\/product_cat?post=247"},{"taxonomy":"product_tag","embeddable":true,"href":"https:\/\/www.bioethanolshop.nl\/lt\/wp-json\/wp\/v2\/product_tag?post=247"}],"curies":[{"name":"wp","href":"https:\/\/api.w.org\/{rel}","templated":true}]}}