{"id":252,"date":"2021-02-27T13:21:08","date_gmt":"2021-02-27T13:21:08","guid":{"rendered":"https:\/\/www.bioethanolshop.nl\/?page_id=252"},"modified":"2021-02-27T13:21:09","modified_gmt":"2021-02-27T13:21:09","slug":"pristatymas-ir-surinkimas-2","status":"publish","type":"page","link":"https:\/\/www.bioethanolshop.nl\/lt\/verzendkosten-en-afhalen-2\/","title":{"rendered":"Pristatymo i\u0161laidos ir atsi\u0117mimas"},"content":{"rendered":"<h3 class=\"wp-block-heading\" id=\"h-verwerkingskosten-bestelling\">U\u017esakym\u0173 apdorojimo i\u0161laidos<\/h3>\n\n\n\n<p>Kiekvienas u\u017esakymas susij\u0119s su apdorojimo i\u0161laidomis, pavyzd\u017eiui, sand\u0117liavimo, pakavimo med\u017eiag\u0173 ir kt. U\u017esakant ma\u017eesnius nei 50,00 EUR su PVM u\u017esakymus, be 5,74 EUR be PVM \/ 6,95 EUR su PVM siuntimo i\u0161laid\u0173, taip pat imame mokest\u012f u\u017e u\u017esakymo apdorojimo i\u0161laidas. Bendra \u0161i\u0173 apdorojimo ir siuntimo i\u0161laid\u0173 suma yra 9,00 \u20ac be mokes\u010di\u0173 \/ 10,89 \u20ac su mokes\u010diais. \u0160ios i\u0161laidos matomos m\u016bs\u0173 internetini\u0173 parduotuvi\u0173 kasose.<\/p>\n\n\n\n<h3 class=\"wp-block-heading\" id=\"h-verzendwijze-pakketzending\">Pristatymo b\u016bdas siunt\u0173 siunta<\/h3>\n\n\n\n<p>Siuntas gabena patikimas ve\u017e\u0117jas arba siunt\u0173 pristatymo tarnyba, pavyzd\u017eiui, PostNL, DHL arba TransMission. Jei manysime, kad tai b\u016btina, galime nuspr\u0119sti naudoti kit\u0105 transporter\u012f. Atskaitos ta\u0161kas visada yra optimalus ry\u0161ys su kuo greitesniu pristatymu u\u017e priimtin\u0105 kain\u0105.<\/p>\n\n\n\n<h3 class=\"wp-block-heading\" id=\"h-verzendkosten-palletzending\">Pristatymo i\u0161laidos pad\u0117kl\u0173 siunta<\/h3>\n\n\n\n<p>Gali atsitikti taip, kad u\u017esakymas bus toks didelis arba sunkus, kad j\u012f reik\u0117s pristatyti ant pad\u0117kl\u0173. Tokiu atveju jis pristatomas ant u\u017estato pad\u0117klo. Jei gav\u0117jas negali arba nenori duoti siunt\u0117jui tu\u0161\u010dio pad\u0117klo, u\u017e tai tur\u0117sime sumok\u0117ti 15,00 EUR. U\u017estat\u0105 laikant\u012f pad\u0117kl\u0105 gav\u0117jas gali perduoti vietiniam ve\u017e\u0117jui. U\u017estato kainos kiekvienoje \u0161alyje ir (arba) regione gali skirtis.<\/p>\n\n\n\n<p><strong>Siuntimo i\u0161laidos Nyderlanduose ir Belgijoje yra NEMOKAMOS, jei u\u017esakymo suma yra 50,00 \u20ac su PVM arba didesn\u0117 (i\u0161skyrus u\u017estat\u0105 u\u017e siuntimo med\u017eiagas).<\/strong><\/p>\n\n\n\n<h3 class=\"wp-block-heading\" id=\"h-verzendkosten-buiten-de-benelux\">Pristatymo i\u0161laidos u\u017e Beniliukso \u0161ali\u0173 rib\u0173<\/h3>\n\n\n\n<p>Siuntimo Europoje (u\u017e Beniliukso \u0161ali\u0173 rib\u0173) i\u0161laidos pateikiamos pagal u\u017eklaus\u0105. Jei krovinio perve\u017eim\u0105 jums reik\u0117s pasi\u016blyti antr\u0105 ar v\u0117lesn\u012f kart\u0105, i\u0161 j\u016bs\u0173 pareikalausime papildom\u0173 i\u0161laid\u0173.<\/p>\n\n\n\n<h3 class=\"wp-block-heading\" id=\"h-afhalen\">Pasiimti<\/h3>\n\n\n\n<p>I\u0161 dalies d\u0117l COVID-19 \u0161iuo metu ne\u012fmanoma atsiimti u\u017esakymo. Kiekvien\u0105 u\u017esakym\u0105 j\u016bs\u0173 adresu pristatys m\u016bs\u0173 pasirinktas ve\u017e\u0117jas, atsi\u017evelgdamas \u012f galiojan\u010dias (skubios pagalbos) taisykles.<\/p>","protected":false},"excerpt":{"rendered":"<p>U\u017esakymo apdorojimo i\u0161laidos D\u0117l kiekvieno u\u017esakymo patiriamos apdorojimo i\u0161laidos, pavyzd\u017eiui, sand\u0117liavimo, pakavimo med\u017eiag\u0173 ir pan. U\u017esakymams iki 50,00 EUR, \u012fskaitant<\/p>","protected":false},"author":3,"featured_media":0,"parent":0,"menu_order":0,"comment_status":"closed","ping_status":"closed","template":"","meta":{"_acf_changed":false,"footnotes":""},"class_list":["post-252","page","type-page","status-publish","hentry"],"acf":[],"yoast_head":"<!-- This site is optimized with the Yoast SEO Premium plugin v27.5 (Yoast SEO v27.5) - https:\/\/yoast.com\/product\/yoast-seo-premium-wordpress\/ -->\n<title>Verzendkosten en afhalen | Bioethanolshop.nl<\/title>\n<meta name=\"robots\" content=\"index, follow, max-snippet:-1, max-image-preview:large, max-video-preview:-1\" \/>\n<link rel=\"canonical\" href=\"https:\/\/www.bioethanolshop.nl\/lt\/pristatymas-ir-surinkimas-2\/\" \/>\n<meta property=\"og:locale\" content=\"lt_LT\" \/>\n<meta property=\"og:type\" content=\"article\" \/>\n<meta property=\"og:title\" content=\"Verzendkosten en afhalen\" \/>\n<meta property=\"og:description\" content=\"Verwerkingskosten bestelling Elke bestelling brengt verwerkingskosten met zich mee, zoals opslag, verpakkingsmateriaal, etcetera. Bij bestellingen onder de \u20ac 50,00 inclusief\" \/>\n<meta property=\"og:url\" content=\"https:\/\/www.bioethanolshop.nl\/lt\/pristatymas-ir-surinkimas-2\/\" \/>\n<meta property=\"og:site_name\" content=\"Bioethanolshop.nl\" \/>\n<meta property=\"article:publisher\" content=\"https:\/\/www.facebook.com\/profile.php?id=100064154436458\" \/>\n<meta property=\"article:modified_time\" content=\"2021-02-27T13:21:09+00:00\" \/>\n<meta name=\"twitter:card\" content=\"summary_large_image\" \/>\n<meta name=\"twitter:label1\" content=\"Est. reading time\" \/>\n\t<meta name=\"twitter:data1\" content=\"1 minut\u0117\" \/>\n<!-- \/ Yoast SEO Premium plugin. -->","yoast_head_json":{"title":"Pristatymas ir atsi\u0117mimas | Bioethanolshop.com","robots":{"index":"index","follow":"follow","max-snippet":"max-snippet:-1","max-image-preview":"max-image-preview:large","max-video-preview":"max-video-preview:-1"},"canonical":"https:\/\/www.bioethanolshop.nl\/lt\/pristatymas-ir-surinkimas-2\/","og_locale":"lt_LT","og_type":"article","og_title":"Verzendkosten en afhalen","og_description":"Verwerkingskosten bestelling Elke bestelling brengt verwerkingskosten met zich mee, zoals opslag, verpakkingsmateriaal, etcetera. Bij bestellingen onder de \u20ac 50,00 inclusief","og_url":"https:\/\/www.bioethanolshop.nl\/lt\/pristatymas-ir-surinkimas-2\/","og_site_name":"Bioethanolshop.nl","article_publisher":"https:\/\/www.facebook.com\/profile.php?id=100064154436458","article_modified_time":"2021-02-27T13:21:09+00:00","twitter_card":"summary_large_image","twitter_misc":{"Est. reading time":"1 minut\u0117"},"schema":{"@context":"https:\/\/schema.org","@graph":[{"@type":"WebPage","@id":"https:\/\/www.bioethanolshop.nl\/verzendkosten-en-afhalen-2\/","url":"https:\/\/www.bioethanolshop.nl\/verzendkosten-en-afhalen-2\/","name":"Pristatymas ir atsi\u0117mimas | Bioethanolshop.com","isPartOf":{"@id":"https:\/\/www.bioethanolshop.nl\/en\/#website"},"datePublished":"2021-02-27T13:21:08+00:00","dateModified":"2021-02-27T13:21:09+00:00","breadcrumb":{"@id":"https:\/\/www.bioethanolshop.nl\/verzendkosten-en-afhalen-2\/#breadcrumb"},"inLanguage":"lt-LT","potentialAction":[{"@type":"ReadAction","target":["https:\/\/www.bioethanolshop.nl\/verzendkosten-en-afhalen-2\/"]}]},{"@type":"BreadcrumbList","@id":"https:\/\/www.bioethanolshop.nl\/verzendkosten-en-afhalen-2\/#breadcrumb","itemListElement":[{"@type":"ListItem","position":1,"name":"Home","item":"https:\/\/www.bioethanolshop.nl\/"},{"@type":"ListItem","position":2,"name":"Verzendkosten en afhalen"}]},{"@type":"WebSite","@id":"https:\/\/www.bioethanolshop.nl\/en\/#website","url":"https:\/\/www.bioethanolshop.nl\/en\/","name":"Bioethanolshop.nl","description":"Did\u017eiausias bioetanolio ir geriausios kokyb\u0117s bioetanolio gamintojas!","potentialAction":[{"@type":"SearchAction","target":{"@type":"EntryPoint","urlTemplate":"https:\/\/www.bioethanolshop.nl\/en\/?s={search_term_string}"},"query-input":{"@type":"PropertyValueSpecification","valueRequired":true,"valueName":"search_term_string"}}],"inLanguage":"lt-LT"}]}},"_links":{"self":[{"href":"https:\/\/www.bioethanolshop.nl\/lt\/wp-json\/wp\/v2\/pages\/252","targetHints":{"allow":["GET"]}}],"collection":[{"href":"https:\/\/www.bioethanolshop.nl\/lt\/wp-json\/wp\/v2\/pages"}],"about":[{"href":"https:\/\/www.bioethanolshop.nl\/lt\/wp-json\/wp\/v2\/types\/page"}],"author":[{"embeddable":true,"href":"https:\/\/www.bioethanolshop.nl\/lt\/wp-json\/wp\/v2\/users\/3"}],"replies":[{"embeddable":true,"href":"https:\/\/www.bioethanolshop.nl\/lt\/wp-json\/wp\/v2\/comments?post=252"}],"version-history":[{"count":1,"href":"https:\/\/www.bioethanolshop.nl\/lt\/wp-json\/wp\/v2\/pages\/252\/revisions"}],"predecessor-version":[{"id":253,"href":"https:\/\/www.bioethanolshop.nl\/lt\/wp-json\/wp\/v2\/pages\/252\/revisions\/253"}],"wp:attachment":[{"href":"https:\/\/www.bioethanolshop.nl\/lt\/wp-json\/wp\/v2\/media?parent=252"}],"curies":[{"name":"wp","href":"https:\/\/api.w.org\/{rel}","templated":true}]}}