{"id":992,"date":"2021-09-30T11:56:47","date_gmt":"2021-09-30T09:56:47","guid":{"rendered":"https:\/\/www.bioethanolshop.nl\/?post_type=product&#038;p=992"},"modified":"2023-03-10T13:55:52","modified_gmt":"2023-03-10T12:55:52","slug":"kynast-solar-led-garden-table-lampada-warm-white-light-with-dimmer-21","status":"publish","type":"product","link":"https:\/\/www.bioethanolshop.nl\/it\/product\/sfeerhaard-tango-4-bioethanol-tafelbrander-40x40cm-tafelhaard\/","title":{"rendered":"TANGO 4 bruciatore da tavolo a bioetanolo 40x40cm camino da tavolo"},"content":{"rendered":"<h2>TANGO 4 caminetto da tavolo a bioetanolo 40x40cm caminetto da tavolo altezza 52cm<\/h2>\n<p><strong>La struttura stabile e la vetratura su quattro lati del bruciatore da tavolo lo rendono sicuro da usare. Funziona sia all'interno che all'esterno della casa.<\/strong><\/p>\n<p><strong>Dati tecnici:<\/strong><br \/>\nDimensioni (LxLxA): 40x40x52cm<br \/>\nLinea di tiro: 7 cm<br \/>\nCapacit\u00e0 di bioetanolo: 0,20 litri<br \/>\nDimensioni Porta bioetanolo: 6,2x9cm<\/p>\n<p>Non ci sono restrizioni per i camini ambientali a bioetanolo, questi apparecchi non richiedono un'installazione complicata o il collegamento alla canna fumaria, sono facili da installare e da usare. Possono essere collocati sia in una casa spaziosa che in un appartamento pi\u00f9 piccolo.<\/p>\n<p>I caminetti ambientali a bioetanolo sono anche un'ottima soluzione per il design degli interni. L'ampia gamma permette di utilizzarli nelle idee pi\u00f9 originali.<\/p>\n<p>Vengono alimentati con combustibile ecologico sotto forma di liquido, dando luogo a un vero e proprio incendio.<\/p>\n<p><strong>NATURALMENTE CALDO<\/strong><\/p>\n<p>I biocamini a bioetanolo aumentano la temperatura fino a diversi gradi Celsius, a seconda dell'altezza della fiamma e delle dimensioni dell'ambiente. Il calore generato dal 100% viene trasferito all'ambiente, consentendo al biocamino di essere una fonte di riscaldamento aggiuntiva.<\/p>\n<p><strong>USO CONFORTEVOLE<\/strong><\/p>\n<p>\u00c8 sufficiente riempire il biocarburante fino al livello indicato nel contenitore. \u00c8 possibile spegnere la fiamma in qualsiasi momento. Ricordarsi di ventilare la stanza in cui si trova il caminetto a bioetanolo.<\/p>\n<p>Indipendente, non richiede montaggio e pu\u00f2 essere collocato ovunque. \u00c8 sufficiente assemblare gli elementi aggiunti nella confezione seguendo le istruzioni.<\/p>\n<p><strong>GARANZIA DI QUALIT\u00c0<\/strong><\/p>\n<p>I caminetti ambientali a bioetanolo sono realizzati con materiali di alta qualit\u00e0. Il processo produttivo \u00e8 realizzato secondo gli standard mondiali, come conferma la certificazione ISO 9001:2015 ottenuta.<\/p>\n<p><strong>ATTENZIONE ALLA SICUREZZA<\/strong><\/p>\n<p>Il processo di produzione del biocamino \u00e8 controllato dal T\u00dcV - il caminetto a bioetanolo ha il certificato di sicurezza del T\u00dcV tedesco.<\/p>\n<p>Il contenitore certificato T\u00dcV \u00e8 dotato di una camera speciale aggiuntiva che impedisce la fuoriuscita di carburante in caso di riempimento accidentale del serbatoio. \u00c8 inoltre dotato di un indicatore del livello massimo di carburante.<\/p>\n<p>Un inserto assorbente al centro del serbatoio riduce il consumo di carburante e protegge dalla fuoriuscita di biocarburante quando l'unit\u00e0 \u00e8 inclinata.<\/p>\n<p>Inoltre, il biocamino \u00e8 dotato di una vetrata che separa il forno dalla stanza, aumentando ulteriormente la sicurezza del suo utilizzo.<\/p>","protected":false},"excerpt":{"rendered":"<div class=\"puik-content-header__header puik-content-header__header--image\">\n<div class=\"puik-content-header__header puik-content-header__header--image\">\n<div class=\"puik-content-header__header puik-content-header__header--image\">\n<div class=\"puik-content-header__header puik-content-header__header--image\">TANGO 4 bruciatore da tavolo a bioetanolo 40x40cm camino da tavolo<\/div>\n<\/div>\n<\/div>\n<\/div>","protected":false},"featured_media":993,"comment_status":"closed","ping_status":"closed","template":"","meta":{"_acf_changed":false},"product_brand":[],"product_cat":[70,76,66],"product_tag":[74,73,75],"class_list":{"0":"post-992","1":"product","2":"type-product","3":"status-publish","4":"has-post-thumbnail","6":"product_cat-bioethanol-tafelhaard","7":"product_cat-bioethanolshop-black-friday","8":"product_cat-kratki","9":"product_tag-bioethanol-haard","10":"product_tag-sfeerhaard","11":"product_tag-tafelhaard","13":"first","14":"outofstock","15":"taxable","16":"shipping-taxable","17":"purchasable","18":"product-type-simple"},"bundled_by":[],"bundle_stock_status":"outofstock","bundle_stock_quantity":null,"bundle_virtual":false,"bundle_layout":"","bundle_add_to_cart_form_location":"","bundle_editable_in_cart":false,"bundle_sold_individually_context":"","bundle_item_grouping":"","bundle_min_size":"","bundle_max_size":"","bundle_price":[],"bundled_items":[],"bundle_sell_ids":[],"acf":[],"yoast_head":"<!-- This site is optimized with the Yoast SEO Premium plugin v27.2 (Yoast SEO v27.2) - https:\/\/yoast.com\/product\/yoast-seo-premium-wordpress\/ -->\n<title>Sfeerhaard TANGO 4 bioethanol tafelbrander 40x40cm tafelhaard<\/title>\n<meta name=\"description\" content=\"ACTIEPRIJS: Sfeerhaard TANGO 4 bioethanol tafelbrander 40x40cm tafelhaard, uniek ontwerp, mooi in het zwart\" \/>\n<meta name=\"robots\" content=\"index, follow, max-snippet:-1, max-image-preview:large, max-video-preview:-1\" \/>\n<link rel=\"canonical\" href=\"https:\/\/www.bioethanolshop.nl\/it\/prodotto-2\/kynast-solar-led-garden-table-lampada-warm-white-light-with-dimmer-21\/\" \/>\n<meta property=\"og:locale\" content=\"it_IT\" \/>\n<meta property=\"og:type\" content=\"article\" \/>\n<meta property=\"og:title\" content=\"Sfeerhaard TANGO 4 bioethanol tafelbrander 40x40cm tafelhaard\" \/>\n<meta property=\"og:description\" content=\"ACTIEPRIJS: Sfeerhaard TANGO 4 bioethanol tafelbrander 40x40cm tafelhaard, uniek ontwerp, mooi in het zwart\" \/>\n<meta property=\"og:url\" content=\"https:\/\/www.bioethanolshop.nl\/it\/prodotto-2\/kynast-solar-led-garden-table-lampada-warm-white-light-with-dimmer-21\/\" \/>\n<meta property=\"og:site_name\" content=\"Bioethanolshop.nl\" \/>\n<meta property=\"article:publisher\" content=\"https:\/\/www.facebook.com\/profile.php?id=100064154436458\" \/>\n<meta property=\"article:modified_time\" content=\"2023-03-10T12:55:52+00:00\" \/>\n<meta property=\"og:image\" content=\"https:\/\/www.bioethanolshop.nl\/wp-content\/uploads\/2021\/09\/tango4-1.png\" \/>\n\t<meta property=\"og:image:width\" content=\"960\" \/>\n\t<meta property=\"og:image:height\" content=\"960\" \/>\n\t<meta property=\"og:image:type\" content=\"image\/png\" \/>\n<meta name=\"twitter:card\" content=\"summary_large_image\" \/>\n<meta name=\"twitter:label1\" content=\"Tempo di lettura stimato\" \/>\n\t<meta name=\"twitter:data1\" content=\"2 minuti\" \/>\n<!-- \/ Yoast SEO Premium plugin. -->","yoast_head_json":{"title":"TANGO 4 bruciatore da tavolo a bioetanolo 40x40cm camino da tavolo","description":"ACTIEPRIJS: Sfeerhaard TANGO 4 bioethanol tafelbrander 40x40cm tafelhaard, uniek ontwerp, mooi in het zwart","robots":{"index":"index","follow":"follow","max-snippet":"max-snippet:-1","max-image-preview":"max-image-preview:large","max-video-preview":"max-video-preview:-1"},"canonical":"https:\/\/www.bioethanolshop.nl\/it\/prodotto-2\/kynast-solar-led-garden-table-lampada-warm-white-light-with-dimmer-21\/","og_locale":"it_IT","og_type":"article","og_title":"Sfeerhaard TANGO 4 bioethanol tafelbrander 40x40cm tafelhaard","og_description":"ACTIEPRIJS: Sfeerhaard TANGO 4 bioethanol tafelbrander 40x40cm tafelhaard, uniek ontwerp, mooi in het zwart","og_url":"https:\/\/www.bioethanolshop.nl\/it\/prodotto-2\/kynast-solar-led-garden-table-lampada-warm-white-light-with-dimmer-21\/","og_site_name":"Bioethanolshop.nl","article_publisher":"https:\/\/www.facebook.com\/profile.php?id=100064154436458","article_modified_time":"2023-03-10T12:55:52+00:00","og_image":[{"width":960,"height":960,"url":"https:\/\/www.bioethanolshop.nl\/wp-content\/uploads\/2021\/09\/tango4-1.png","type":"image\/png"}],"twitter_card":"summary_large_image","twitter_misc":{"Tempo di lettura stimato":"2 minuti"},"schema":{"@context":"https:\/\/schema.org","@graph":[{"@type":"WebPage","@id":"https:\/\/www.bioethanolshop.nl\/product\/sfeerhaard-tango-4-bioethanol-tafelbrander-40x40cm-tafelhaard\/","url":"https:\/\/www.bioethanolshop.nl\/product\/sfeerhaard-tango-4-bioethanol-tafelbrander-40x40cm-tafelhaard\/","name":"TANGO 4 bruciatore da tavolo a bioetanolo 40x40cm camino da tavolo","isPartOf":{"@id":"https:\/\/www.bioethanolshop.nl\/en\/#website"},"primaryImageOfPage":{"@id":"https:\/\/www.bioethanolshop.nl\/product\/sfeerhaard-tango-4-bioethanol-tafelbrander-40x40cm-tafelhaard\/#primaryimage"},"image":{"@id":"https:\/\/www.bioethanolshop.nl\/product\/sfeerhaard-tango-4-bioethanol-tafelbrander-40x40cm-tafelhaard\/#primaryimage"},"thumbnailUrl":"https:\/\/www.bioethanolshop.nl\/wp-content\/uploads\/2021\/09\/tango4-1.png","datePublished":"2021-09-30T09:56:47+00:00","dateModified":"2023-03-10T12:55:52+00:00","description":"ACTIEPRIJS: Sfeerhaard TANGO 4 bioethanol tafelbrander 40x40cm tafelhaard, uniek ontwerp, mooi in het zwart","breadcrumb":{"@id":"https:\/\/www.bioethanolshop.nl\/product\/sfeerhaard-tango-4-bioethanol-tafelbrander-40x40cm-tafelhaard\/#breadcrumb"},"inLanguage":"it-IT","potentialAction":[{"@type":"ReadAction","target":["https:\/\/www.bioethanolshop.nl\/product\/sfeerhaard-tango-4-bioethanol-tafelbrander-40x40cm-tafelhaard\/"]}]},{"@type":"ImageObject","inLanguage":"it-IT","@id":"https:\/\/www.bioethanolshop.nl\/product\/sfeerhaard-tango-4-bioethanol-tafelbrander-40x40cm-tafelhaard\/#primaryimage","url":"https:\/\/www.bioethanolshop.nl\/wp-content\/uploads\/2021\/09\/tango4-1.png","contentUrl":"https:\/\/www.bioethanolshop.nl\/wp-content\/uploads\/2021\/09\/tango4-1.png","width":960,"height":960,"caption":"Sfeerhaard TANGO 4"},{"@type":"BreadcrumbList","@id":"https:\/\/www.bioethanolshop.nl\/product\/sfeerhaard-tango-4-bioethanol-tafelbrander-40x40cm-tafelhaard\/#breadcrumb","itemListElement":[{"@type":"ListItem","position":1,"name":"Home","item":"https:\/\/www.bioethanolshop.nl\/"},{"@type":"ListItem","position":2,"name":"Winkel","item":"https:\/\/www.bioethanolshop.nl\/en\/store\/"},{"@type":"ListItem","position":3,"name":"Sfeerhaard TANGO 4 bioethanol tafelbrander 40x40cm tafelhaard"}]},{"@type":"WebSite","@id":"https:\/\/www.bioethanolshop.nl\/en\/#website","url":"https:\/\/www.bioethanolshop.nl\/en\/","name":"Bioethanolshop.nl","description":"Il pi\u00f9 grande in bioetanolo e la migliore qualit\u00e0 di bioetanolo!","potentialAction":[{"@type":"SearchAction","target":{"@type":"EntryPoint","urlTemplate":"https:\/\/www.bioethanolshop.nl\/en\/?s={search_term_string}"},"query-input":{"@type":"PropertyValueSpecification","valueRequired":true,"valueName":"search_term_string"}}],"inLanguage":"it-IT"}]}},"_links":{"self":[{"href":"https:\/\/www.bioethanolshop.nl\/it\/wp-json\/wp\/v2\/product\/992","targetHints":{"allow":["GET"]}}],"collection":[{"href":"https:\/\/www.bioethanolshop.nl\/it\/wp-json\/wp\/v2\/product"}],"about":[{"href":"https:\/\/www.bioethanolshop.nl\/it\/wp-json\/wp\/v2\/types\/product"}],"replies":[{"embeddable":true,"href":"https:\/\/www.bioethanolshop.nl\/it\/wp-json\/wp\/v2\/comments?post=992"}],"version-history":[{"count":0,"href":"https:\/\/www.bioethanolshop.nl\/it\/wp-json\/wp\/v2\/product\/992\/revisions"}],"wp:featuredmedia":[{"embeddable":true,"href":"https:\/\/www.bioethanolshop.nl\/it\/wp-json\/wp\/v2\/media\/993"}],"wp:attachment":[{"href":"https:\/\/www.bioethanolshop.nl\/it\/wp-json\/wp\/v2\/media?parent=992"}],"wp:term":[{"taxonomy":"product_brand","embeddable":true,"href":"https:\/\/www.bioethanolshop.nl\/it\/wp-json\/wp\/v2\/product_brand?post=992"},{"taxonomy":"product_cat","embeddable":true,"href":"https:\/\/www.bioethanolshop.nl\/it\/wp-json\/wp\/v2\/product_cat?post=992"},{"taxonomy":"product_tag","embeddable":true,"href":"https:\/\/www.bioethanolshop.nl\/it\/wp-json\/wp\/v2\/product_tag?post=992"}],"curies":[{"name":"wp","href":"https:\/\/api.w.org\/{rel}","templated":true}]}}