{"id":247,"date":"2021-02-27T12:41:29","date_gmt":"2021-02-27T11:41:29","guid":{"rendered":"https:\/\/www.bioethanolshop.nl\/?post_type=product&#038;p=247"},"modified":"2023-06-20T14:30:02","modified_gmt":"2023-06-20T12:30:02","slug":"olio-arancione-1-litro-lattina","status":"publish","type":"product","link":"https:\/\/www.bioethanolshop.nl\/it\/product\/sinaasappel-olie-1-liter-blik-sinasappel-olie\/","title":{"rendered":"Olio d'arancia 1 litro lattina di detergente all'olio d'arancia"},"content":{"rendered":"<div class=\"page-header-hgroup col-l-8 col-m-6\">\n<div class=\"page-title-wrapper complex\">\n<h2 class=\"page-title\">Olio d'arancia 1 lattina da 1 litro<\/h2>\n<\/div>\n<\/div>\n<div class=\"page-header-actions col-l-4 col-m-6\">\n<div><strong>Con il forte potere pulente e il fresco profumo delle arance, per tutta la casa.<\/strong><\/div>\n<div><\/div>\n<div>Dati:<br \/>\n* 80% concentrato di buccia d'arancia;<br \/>\n* 250 ml di concentrato sono sufficienti per 1000 litri di acqua. Quindi 2-3 gocce su 5 litri d'acqua sono gi\u00e0 sufficienti, \u00e8 molto economico nell'uso;<br \/>\n* dissolve le macchie ostinate come olio, grasso, resina, gomma da masticare, per molto ostinato<br \/>\nmacchie localmente Utilizzare olio d'arancia puro. Primo test su un<br \/>\nposto poco appariscente;<br \/>\n* Neutralizza gli odori sgradevoli come quelli causati dalla nicotina;<br \/>\n* il detergente \u00e8 attivo in superficie, cio\u00e8 si \"spacca\" grazie alle sue propriet\u00e0<br \/>\nle \"tensioni superficiali\" esistenti, penetrando in profondit\u00e0 nello strato di sporco,<br \/>\nin profondit\u00e0 nei pori. I detergenti ordinari spesso rimuovono lo sporco in modo superficiale.<br \/>\ndistribuito;<br \/>\n* Azione antimicrobica con un effetto lucido visibile;<br \/>\n* Ha un alto potere pulente concentrato;<br \/>\n* uso su superfici in casa, intorno alla macchina, giardino, terrazza mobili in legno .....<\/div>\n<\/div>\n<p>&nbsp;<\/p>\n<p>L'aroma del sole - una fragranza rinfrescante, calda e fruttata.<\/p>\n<p>L'olio d'arancia \u00e8 un olio essenziale che si ottiene dalla spremitura a freddo delle bucce di arance mature. Il suo aroma e la sua fragranza, da un lato, e le sue propriet\u00e0 liposolubili, dall'altro, lo rendono incredibilmente versatile nel suo uso.<\/p>\n<p>Attenzione: come tutti gli oli essenziali, l'olio di buccia d'arancia \u00e8 molto efficace, anche in dosi omeopatiche. Usare come indicato o in piccole dosi. Per molte applicazioni, poche gocce sono sufficienti. Gli oli essenziali non dovrebbero mai essere bevuti puri o applicati sulla pelle. Aggiungerli goccia a goccia al cibo o ai cosmetici, invece, \u00e8 una raffinatezza innocua, sempre che non ci sia un'allergia ai terpeni arancioni.<\/p>\n<p>Profumazione e aromatizzazione di<\/p>\n<p>Bevande, dolci e altri alimenti,<br \/>\nOli e acque profumate, cosmetici (sapone, olio da bagno, crema),<br \/>\nolio per lampade,<br \/>\nprodotti per la casa e come<br \/>\ngli odori della stanza e della lavanderia.<br \/>\nOltre al suo odore solare, l'olio essenziale di arancia ha effetti antisettici, astringenti, nervini, equilibranti, tonificanti e stimolanti. Pertanto, \u00e8 un ingrediente molto popolare e spesso usato, non solo nei cosmetici naturali.<\/p>\n<p>Pulizia e sgrassaggio con la potenza della pianta<\/p>\n<p>Detergente universale per la casa<br \/>\nRimozione di macchie di catrame, resina e olio<br \/>\nDiluente per colori ad olio e vernici<br \/>\nIdeale per diluire i conservanti del legno vegetali e i conservanti del legno organici<br \/>\nSgrassare parti metalliche (catene di biciclette, ingranaggi, cuscinetti a sfera, ecc.)<br \/>\nAmmorbidimento di parti meccaniche fini (per esempio parti di vecchi orologi)<br \/>\nIn combinazione con cera d'api o cera carnauba come balsamo per la cura e la pulizia di superfici in legno, antichit\u00e0 o pelle<br \/>\nPulitore di spazzole<br \/>\nRimuovi smalto per unghie<br \/>\nIngrediente principale di molti rimuovi-etichette<br \/>\nL'alto contenuto di terpeni d'arancia \u00e8 la ragione dell'enorme potere sgrassante dell'olio di buccia d'arancia. Quando viene usato come sostituto dell'olio di trementina - per esempio nella pittura - non solo ha l'effetto di rendere l'odore molto pi\u00f9 piacevole. Rispetto alla trementina, l'olio d'arancia ha anche un potenziale allergico molto pi\u00f9 basso. Aggiungendo l'olio di buccia d'arancia 10-20% all'olio di lino o di tung, la penetrazione nel legno \u00e8 notevolmente migliorata e l'applicazione \u00e8 facilitata. Il tempo di asciugatura \u00e8 ridotto. D\u00e0 anche un profumo vitalizzante ai conservanti per il legno e ai prodotti di cura.<\/p>\n<p>Olio d'arancia<br \/>\nDetersivo per la casa<br \/>\nLattina da 1 litro<br \/>\nDetergente arancione<\/p>","protected":false},"excerpt":{"rendered":"<p class=\"page-title\">Olio d'arancia 1 lattina da 1 litro<\/p>\n<p>&nbsp;<\/p>","protected":false},"featured_media":248,"comment_status":"closed","ping_status":"closed","template":"","meta":{"_acf_changed":false},"product_brand":[],"product_cat":[30,20],"product_tag":[31,32],"class_list":{"0":"post-247","1":"product","2":"type-product","3":"status-publish","4":"has-post-thumbnail","6":"product_cat-biofair","7":"product_cat-overige-biologische-olieproducten","8":"product_tag-sinaasappel-olie","9":"product_tag-sinasappelolie","11":"first","12":"outofstock","13":"taxable","14":"shipping-taxable","15":"purchasable","16":"product-type-simple"},"bundled_by":[],"bundle_stock_status":"outofstock","bundle_stock_quantity":null,"bundle_virtual":false,"bundle_layout":"","bundle_add_to_cart_form_location":"","bundle_editable_in_cart":false,"bundle_sold_individually_context":"","bundle_item_grouping":"","bundle_min_size":"","bundle_max_size":"","bundle_price":[],"bundled_items":[],"bundle_sell_ids":[],"acf":[],"yoast_head":"<!-- This site is optimized with the Yoast SEO Premium plugin v27.2 (Yoast SEO v27.2) - https:\/\/yoast.com\/product\/yoast-seo-premium-wordpress\/ -->\n<title>Sinaasappel olie 1 liter blik sinasappel olie reinigingsmiddel | Bioethanolshop.nl<\/title>\n<meta name=\"description\" content=\"80% concentraat uit sinaasappelschil\u00a0lost hardnekkige vlekken op zoals olie, vet, hars, kauwgom, voor zeer hardnekkige vlekken\" \/>\n<meta name=\"robots\" content=\"index, follow, max-snippet:-1, max-image-preview:large, max-video-preview:-1\" \/>\n<link rel=\"canonical\" href=\"https:\/\/www.bioethanolshop.nl\/it\/prodotto-2\/olio-arancione-1-litro-lattina\/\" \/>\n<meta property=\"og:locale\" content=\"it_IT\" \/>\n<meta property=\"og:type\" content=\"article\" \/>\n<meta property=\"og:title\" content=\"Sinaasappel olie 1 liter blik sinasappel olie reinigingsmiddel\" \/>\n<meta property=\"og:description\" content=\"80% concentraat uit sinaasappelschil\u00a0lost hardnekkige vlekken op zoals olie, vet, hars, kauwgom, voor zeer hardnekkige vlekken\" \/>\n<meta property=\"og:url\" content=\"https:\/\/www.bioethanolshop.nl\/it\/prodotto-2\/olio-arancione-1-litro-lattina\/\" \/>\n<meta property=\"og:site_name\" content=\"Bioethanolshop.nl\" \/>\n<meta property=\"article:publisher\" content=\"https:\/\/www.facebook.com\/profile.php?id=100064154436458\" \/>\n<meta property=\"article:modified_time\" content=\"2023-06-20T12:30:02+00:00\" \/>\n<meta property=\"og:image\" content=\"https:\/\/www.bioethanolshop.nl\/wp-content\/uploads\/2021\/02\/sinaasappelolie.jpg\" \/>\n\t<meta property=\"og:image:width\" content=\"700\" \/>\n\t<meta property=\"og:image:height\" content=\"700\" \/>\n\t<meta property=\"og:image:type\" content=\"image\/jpeg\" \/>\n<meta name=\"twitter:card\" content=\"summary_large_image\" \/>\n<meta name=\"twitter:label1\" content=\"Tempo di lettura stimato\" \/>\n\t<meta name=\"twitter:data1\" content=\"2 minuti\" \/>\n<!-- \/ Yoast SEO Premium plugin. -->","yoast_head_json":{"title":"Olio d'arancia Lattina da 1 litro detergente all'olio d'arancia | Bioethanolshop.it","description":"80% concentrato di buccia d'arancia dissolve le macchie ostinate come olio, grasso, resina, gomma da masticare, per macchie molto ostinate","robots":{"index":"index","follow":"follow","max-snippet":"max-snippet:-1","max-image-preview":"max-image-preview:large","max-video-preview":"max-video-preview:-1"},"canonical":"https:\/\/www.bioethanolshop.nl\/it\/prodotto-2\/olio-arancione-1-litro-lattina\/","og_locale":"it_IT","og_type":"article","og_title":"Sinaasappel olie 1 liter blik sinasappel olie reinigingsmiddel","og_description":"80% concentraat uit sinaasappelschil\u00a0lost hardnekkige vlekken op zoals olie, vet, hars, kauwgom, voor zeer hardnekkige vlekken","og_url":"https:\/\/www.bioethanolshop.nl\/it\/prodotto-2\/olio-arancione-1-litro-lattina\/","og_site_name":"Bioethanolshop.nl","article_publisher":"https:\/\/www.facebook.com\/profile.php?id=100064154436458","article_modified_time":"2023-06-20T12:30:02+00:00","og_image":[{"width":700,"height":700,"url":"https:\/\/www.bioethanolshop.nl\/wp-content\/uploads\/2021\/02\/sinaasappelolie.jpg","type":"image\/jpeg"}],"twitter_card":"summary_large_image","twitter_misc":{"Tempo di lettura stimato":"2 minuti"},"schema":{"@context":"https:\/\/schema.org","@graph":[{"@type":"WebPage","@id":"https:\/\/www.bioethanolshop.nl\/bg\/%d0%bf%d1%80%d0%be%d0%b4%d1%83%d0%ba%d1%82-2\/%d0%bf%d0%be%d1%80%d1%82%d0%be%d0%ba%d0%b0%d0%bb%d0%be%d0%b2%d0%be-%d0%bc%d0%b0%d1%81%d0%bb%d0%be-1-%d0%bb%d0%b8%d1%82%d1%80%d0%be%d0%b2%d0%b0-%d0%ba%d1%83%d1%82%d0%b8%d1%8f\/","url":"https:\/\/www.bioethanolshop.nl\/bg\/%d0%bf%d1%80%d0%be%d0%b4%d1%83%d0%ba%d1%82-2\/%d0%bf%d0%be%d1%80%d1%82%d0%be%d0%ba%d0%b0%d0%bb%d0%be%d0%b2%d0%be-%d0%bc%d0%b0%d1%81%d0%bb%d0%be-1-%d0%bb%d0%b8%d1%82%d1%80%d0%be%d0%b2%d0%b0-%d0%ba%d1%83%d1%82%d0%b8%d1%8f\/","name":"Olio d'arancia Lattina da 1 litro detergente all'olio d'arancia | Bioethanolshop.it","isPartOf":{"@id":"https:\/\/www.bioethanolshop.nl\/en\/#website"},"primaryImageOfPage":{"@id":"https:\/\/www.bioethanolshop.nl\/bg\/%d0%bf%d1%80%d0%be%d0%b4%d1%83%d0%ba%d1%82-2\/%d0%bf%d0%be%d1%80%d1%82%d0%be%d0%ba%d0%b0%d0%bb%d0%be%d0%b2%d0%be-%d0%bc%d0%b0%d1%81%d0%bb%d0%be-1-%d0%bb%d0%b8%d1%82%d1%80%d0%be%d0%b2%d0%b0-%d0%ba%d1%83%d1%82%d0%b8%d1%8f\/#primaryimage"},"image":{"@id":"https:\/\/www.bioethanolshop.nl\/bg\/%d0%bf%d1%80%d0%be%d0%b4%d1%83%d0%ba%d1%82-2\/%d0%bf%d0%be%d1%80%d1%82%d0%be%d0%ba%d0%b0%d0%bb%d0%be%d0%b2%d0%be-%d0%bc%d0%b0%d1%81%d0%bb%d0%be-1-%d0%bb%d0%b8%d1%82%d1%80%d0%be%d0%b2%d0%b0-%d0%ba%d1%83%d1%82%d0%b8%d1%8f\/#primaryimage"},"thumbnailUrl":"https:\/\/www.bioethanolshop.nl\/wp-content\/uploads\/2021\/02\/sinaasappelolie.jpg","datePublished":"2021-02-27T11:41:29+00:00","dateModified":"2023-06-20T12:30:02+00:00","description":"80% concentrato di buccia d'arancia dissolve le macchie ostinate come olio, grasso, resina, gomma da masticare, per macchie molto ostinate","breadcrumb":{"@id":"https:\/\/www.bioethanolshop.nl\/bg\/%d0%bf%d1%80%d0%be%d0%b4%d1%83%d0%ba%d1%82-2\/%d0%bf%d0%be%d1%80%d1%82%d0%be%d0%ba%d0%b0%d0%bb%d0%be%d0%b2%d0%be-%d0%bc%d0%b0%d1%81%d0%bb%d0%be-1-%d0%bb%d0%b8%d1%82%d1%80%d0%be%d0%b2%d0%b0-%d0%ba%d1%83%d1%82%d0%b8%d1%8f\/#breadcrumb"},"inLanguage":"it-IT","potentialAction":[{"@type":"ReadAction","target":["https:\/\/www.bioethanolshop.nl\/bg\/%d0%bf%d1%80%d0%be%d0%b4%d1%83%d0%ba%d1%82-2\/%d0%bf%d0%be%d1%80%d1%82%d0%be%d0%ba%d0%b0%d0%bb%d0%be%d0%b2%d0%be-%d0%bc%d0%b0%d1%81%d0%bb%d0%be-1-%d0%bb%d0%b8%d1%82%d1%80%d0%be%d0%b2%d0%b0-%d0%ba%d1%83%d1%82%d0%b8%d1%8f\/"]}]},{"@type":"ImageObject","inLanguage":"it-IT","@id":"https:\/\/www.bioethanolshop.nl\/bg\/%d0%bf%d1%80%d0%be%d0%b4%d1%83%d0%ba%d1%82-2\/%d0%bf%d0%be%d1%80%d1%82%d0%be%d0%ba%d0%b0%d0%bb%d0%be%d0%b2%d0%be-%d0%bc%d0%b0%d1%81%d0%bb%d0%be-1-%d0%bb%d0%b8%d1%82%d1%80%d0%be%d0%b2%d0%b0-%d0%ba%d1%83%d1%82%d0%b8%d1%8f\/#primaryimage","url":"https:\/\/www.bioethanolshop.nl\/wp-content\/uploads\/2021\/02\/sinaasappelolie.jpg","contentUrl":"https:\/\/www.bioethanolshop.nl\/wp-content\/uploads\/2021\/02\/sinaasappelolie.jpg","width":700,"height":700,"caption":"Sinaasappel olie"},{"@type":"BreadcrumbList","@id":"https:\/\/www.bioethanolshop.nl\/bg\/%d0%bf%d1%80%d0%be%d0%b4%d1%83%d0%ba%d1%82-2\/%d0%bf%d0%be%d1%80%d1%82%d0%be%d0%ba%d0%b0%d0%bb%d0%be%d0%b2%d0%be-%d0%bc%d0%b0%d1%81%d0%bb%d0%be-1-%d0%bb%d0%b8%d1%82%d1%80%d0%be%d0%b2%d0%b0-%d0%ba%d1%83%d1%82%d0%b8%d1%8f\/#breadcrumb","itemListElement":[{"@type":"ListItem","position":1,"name":"Home","item":"https:\/\/www.bioethanolshop.nl\/"},{"@type":"ListItem","position":2,"name":"Winkel","item":"https:\/\/www.bioethanolshop.nl\/en\/store\/"},{"@type":"ListItem","position":3,"name":"Sinaasappel olie 1 liter blik sinasappel olie reinigingsmiddel"}]},{"@type":"WebSite","@id":"https:\/\/www.bioethanolshop.nl\/en\/#website","url":"https:\/\/www.bioethanolshop.nl\/en\/","name":"Bioethanolshop.nl","description":"Il pi\u00f9 grande in bioetanolo e la migliore qualit\u00e0 di bioetanolo!","potentialAction":[{"@type":"SearchAction","target":{"@type":"EntryPoint","urlTemplate":"https:\/\/www.bioethanolshop.nl\/en\/?s={search_term_string}"},"query-input":{"@type":"PropertyValueSpecification","valueRequired":true,"valueName":"search_term_string"}}],"inLanguage":"it-IT"}]}},"_links":{"self":[{"href":"https:\/\/www.bioethanolshop.nl\/it\/wp-json\/wp\/v2\/product\/247","targetHints":{"allow":["GET"]}}],"collection":[{"href":"https:\/\/www.bioethanolshop.nl\/it\/wp-json\/wp\/v2\/product"}],"about":[{"href":"https:\/\/www.bioethanolshop.nl\/it\/wp-json\/wp\/v2\/types\/product"}],"replies":[{"embeddable":true,"href":"https:\/\/www.bioethanolshop.nl\/it\/wp-json\/wp\/v2\/comments?post=247"}],"version-history":[{"count":1,"href":"https:\/\/www.bioethanolshop.nl\/it\/wp-json\/wp\/v2\/product\/247\/revisions"}],"predecessor-version":[{"id":278,"href":"https:\/\/www.bioethanolshop.nl\/it\/wp-json\/wp\/v2\/product\/247\/revisions\/278"}],"wp:featuredmedia":[{"embeddable":true,"href":"https:\/\/www.bioethanolshop.nl\/it\/wp-json\/wp\/v2\/media\/248"}],"wp:attachment":[{"href":"https:\/\/www.bioethanolshop.nl\/it\/wp-json\/wp\/v2\/media?parent=247"}],"wp:term":[{"taxonomy":"product_brand","embeddable":true,"href":"https:\/\/www.bioethanolshop.nl\/it\/wp-json\/wp\/v2\/product_brand?post=247"},{"taxonomy":"product_cat","embeddable":true,"href":"https:\/\/www.bioethanolshop.nl\/it\/wp-json\/wp\/v2\/product_cat?post=247"},{"taxonomy":"product_tag","embeddable":true,"href":"https:\/\/www.bioethanolshop.nl\/it\/wp-json\/wp\/v2\/product_tag?post=247"}],"curies":[{"name":"wp","href":"https:\/\/api.w.org\/{rel}","templated":true}]}}