{"id":91,"date":"2021-02-09T12:10:17","date_gmt":"2021-02-09T12:10:17","guid":{"rendered":"https:\/\/www.bioethanolshop.nl\/?page_id=91"},"modified":"2023-08-09T11:36:18","modified_gmt":"2023-08-09T09:36:18","slug":"biscotti","status":"publish","type":"page","link":"https:\/\/www.bioethanolshop.nl\/it\/cookies\/","title":{"rendered":"Cookie"},"content":{"rendered":"<div data-elementor-type=\"wp-page\" data-elementor-id=\"91\" class=\"elementor elementor-91\" data-elementor-post-type=\"page\">\n\t\t\t\t\t\t<section class=\"elementor-section elementor-top-section elementor-element elementor-element-4270d6f1 elementor-section-boxed elementor-section-height-default elementor-section-height-default wd-section-disabled\" data-id=\"4270d6f1\" data-element_type=\"section\" data-e-type=\"section\">\n\t\t\t\t\t\t<div class=\"elementor-container elementor-column-gap-default\">\n\t\t\t\t\t<div class=\"elementor-column elementor-col-100 elementor-top-column elementor-element elementor-element-25898617\" data-id=\"25898617\" data-element_type=\"column\" data-e-type=\"column\">\n\t\t\t<div class=\"elementor-widget-wrap elementor-element-populated\">\n\t\t\t\t\t\t<div class=\"elementor-element elementor-element-569b774 color-scheme-inherit text-left elementor-widget elementor-widget-text-editor\" data-id=\"569b774\" data-element_type=\"widget\" data-e-type=\"widget\" data-widget_type=\"text-editor.default\">\n\t\t\t\t<div class=\"elementor-widget-container\">\n\t\t\t\t\t\t\t\t\t\n<p>Questo sito web fa uso di cookie. I cookie sono semplici piccoli file di testo che vengono memorizzati sul disco rigido o sulla memoria del computer. I cookie non possono danneggiare il vostro computer o i file sul vostro computer. I cookie sono collocati sul suo computer dal browser internet. Attraverso questo sito web possono essere collocati i seguenti tipi di cookie:<\/p>\n\n\n\n<p><strong>Biscotti funzionali<br><\/strong>Questi cookie sono utilizzati per rendere il sito web pi\u00f9 facile da usare, memorizzando alcune preferenze dell'utente. Per esempio, per mantenere certe preferenze di visualizzazione.<\/p>\n\n\n\n<p><strong>Cookie per l'analisi del sito web<br><\/strong>Utilizziamo Google Analytics, un servizio di analisi web fornito da Google Inc. Google Analytics utilizza i cookie per aiutarci ad analizzare come gli utenti utilizzano il sito. Le informazioni generate dal cookie sull'utilizzo del sito web da parte vostra (compreso il vostro indirizzo IP) verranno trasmesse a un server di Google negli Stati Uniti e ivi memorizzate. Google utilizzer\u00e0 queste informazioni per tracciare le modalit\u00e0 di utilizzo del sito web, compilando per noi dei rapporti sull'attivit\u00e0 del sito web e fornendo altri servizi relativi all'attivit\u00e0 del sito web e all'utilizzo di Internet. Google pu\u00f2 anche trasferire queste informazioni a terzi ove ci\u00f2 sia imposto dalla legge o laddove tali terzi trattino le informazioni per conto di Google. Google non assocer\u00e0 il vostro indirizzo IP a nessun altro dato posseduto da Google.<\/p>\n\n\n\n<p><strong>Altri biscotti<br><\/strong>Questo sito web pu\u00f2 contenere file multimediali da siti web di terze parti come Youtube.com. Durante la riproduzione di questi file multimediali, queste terze parti possono inserire dei cookie. Questo sito offre anche la possibilit\u00e0 di condividere alcune informazioni tramite i social network come Facebook.com, LinkedIn.com, Pinterest, Google+, Instagram, Delicious e Twitter.com. Quando si utilizza questa funzionalit\u00e0, i cookie possono essere collocati sul suo computer da questi social network per tenere traccia di quali informazioni vengono condivise.<\/p>\n\n\n\n<p><strong>Bloccare i cookie tramite il suo browser<br><\/strong>Potete decidere se accettare o rifiutare i cookie, o se volete che il vostro browser vi notifichi quando un cookie viene inserito. Per fare questo, dovrete regolare le impostazioni del vostro browser. Poich\u00e9 ogni browser \u00e8 diverso, si prega di fare riferimento al menu \"aiuto\" del vostro browser per impostare le preferenze dei cookie.<\/p>\n\t\t\t\t\t\t\t\t<\/div>\n\t\t\t\t<\/div>\n\t\t\t\t\t<\/div>\n\t\t<\/div>\n\t\t\t\t\t<\/div>\n\t\t<\/section>\n\t\t\t\t<\/div>","protected":false},"excerpt":{"rendered":"<p>Questo sito web utilizza i cookie. I cookie sono semplici file di testo di piccole dimensioni che vengono memorizzati sul disco rigido o in un file di testo.<\/p>","protected":false},"author":1,"featured_media":0,"parent":0,"menu_order":900,"comment_status":"closed","ping_status":"closed","template":"","meta":{"_acf_changed":false,"footnotes":""},"class_list":["post-91","page","type-page","status-publish","hentry"],"acf":[],"yoast_head":"<!-- This site is optimized with the Yoast SEO Premium plugin v27.2 (Yoast SEO v27.2) - https:\/\/yoast.com\/product\/yoast-seo-premium-wordpress\/ -->\n<title>Cookies | Bioethanolshop.nl<\/title>\n<meta name=\"robots\" content=\"index, follow, max-snippet:-1, max-image-preview:large, max-video-preview:-1\" \/>\n<link rel=\"canonical\" href=\"https:\/\/www.bioethanolshop.nl\/it\/biscotti\/\" \/>\n<meta property=\"og:locale\" content=\"it_IT\" \/>\n<meta property=\"og:type\" content=\"article\" \/>\n<meta property=\"og:title\" content=\"Cookies\" \/>\n<meta property=\"og:description\" content=\"Deze website maakt gebruik van cookies. Cookies zijn eenvoudige kleine tekstbestanden die worden opgeslagen op de harde schijf of in\" \/>\n<meta property=\"og:url\" content=\"https:\/\/www.bioethanolshop.nl\/it\/biscotti\/\" \/>\n<meta property=\"og:site_name\" content=\"Bioethanolshop.nl\" \/>\n<meta property=\"article:publisher\" content=\"https:\/\/www.facebook.com\/profile.php?id=100064154436458\" \/>\n<meta property=\"article:modified_time\" content=\"2023-08-09T09:36:18+00:00\" \/>\n<meta name=\"twitter:card\" content=\"summary_large_image\" \/>\n<meta name=\"twitter:label1\" content=\"Tempo di lettura stimato\" \/>\n\t<meta name=\"twitter:data1\" content=\"2 minuti\" \/>\n<!-- \/ Yoast SEO Premium plugin. -->","yoast_head_json":{"title":"Cookie | Bioethanolshop.com","robots":{"index":"index","follow":"follow","max-snippet":"max-snippet:-1","max-image-preview":"max-image-preview:large","max-video-preview":"max-video-preview:-1"},"canonical":"https:\/\/www.bioethanolshop.nl\/it\/biscotti\/","og_locale":"it_IT","og_type":"article","og_title":"Cookies","og_description":"Deze website maakt gebruik van cookies. Cookies zijn eenvoudige kleine tekstbestanden die worden opgeslagen op de harde schijf of in","og_url":"https:\/\/www.bioethanolshop.nl\/it\/biscotti\/","og_site_name":"Bioethanolshop.nl","article_publisher":"https:\/\/www.facebook.com\/profile.php?id=100064154436458","article_modified_time":"2023-08-09T09:36:18+00:00","twitter_card":"summary_large_image","twitter_misc":{"Tempo di lettura stimato":"2 minuti"},"schema":{"@context":"https:\/\/schema.org","@graph":[{"@type":"WebPage","@id":"https:\/\/www.bioethanolshop.nl\/cookies\/","url":"https:\/\/www.bioethanolshop.nl\/cookies\/","name":"Cookie | Bioethanolshop.com","isPartOf":{"@id":"https:\/\/www.bioethanolshop.nl\/en\/#website"},"datePublished":"2021-02-09T12:10:17+00:00","dateModified":"2023-08-09T09:36:18+00:00","breadcrumb":{"@id":"https:\/\/www.bioethanolshop.nl\/cookies\/#breadcrumb"},"inLanguage":"it-IT","potentialAction":[{"@type":"ReadAction","target":["https:\/\/www.bioethanolshop.nl\/cookies\/"]}]},{"@type":"BreadcrumbList","@id":"https:\/\/www.bioethanolshop.nl\/cookies\/#breadcrumb","itemListElement":[{"@type":"ListItem","position":1,"name":"Home","item":"https:\/\/www.bioethanolshop.nl\/"},{"@type":"ListItem","position":2,"name":"Cookies"}]},{"@type":"WebSite","@id":"https:\/\/www.bioethanolshop.nl\/en\/#website","url":"https:\/\/www.bioethanolshop.nl\/en\/","name":"Bioethanolshop.nl","description":"Il pi\u00f9 grande in bioetanolo e la migliore qualit\u00e0 di bioetanolo!","potentialAction":[{"@type":"SearchAction","target":{"@type":"EntryPoint","urlTemplate":"https:\/\/www.bioethanolshop.nl\/en\/?s={search_term_string}"},"query-input":{"@type":"PropertyValueSpecification","valueRequired":true,"valueName":"search_term_string"}}],"inLanguage":"it-IT"}]}},"_links":{"self":[{"href":"https:\/\/www.bioethanolshop.nl\/it\/wp-json\/wp\/v2\/pages\/91","targetHints":{"allow":["GET"]}}],"collection":[{"href":"https:\/\/www.bioethanolshop.nl\/it\/wp-json\/wp\/v2\/pages"}],"about":[{"href":"https:\/\/www.bioethanolshop.nl\/it\/wp-json\/wp\/v2\/types\/page"}],"author":[{"embeddable":true,"href":"https:\/\/www.bioethanolshop.nl\/it\/wp-json\/wp\/v2\/users\/1"}],"replies":[{"embeddable":true,"href":"https:\/\/www.bioethanolshop.nl\/it\/wp-json\/wp\/v2\/comments?post=91"}],"version-history":[{"count":3,"href":"https:\/\/www.bioethanolshop.nl\/it\/wp-json\/wp\/v2\/pages\/91\/revisions"}],"predecessor-version":[{"id":8333,"href":"https:\/\/www.bioethanolshop.nl\/it\/wp-json\/wp\/v2\/pages\/91\/revisions\/8333"}],"wp:attachment":[{"href":"https:\/\/www.bioethanolshop.nl\/it\/wp-json\/wp\/v2\/media?parent=91"}],"curies":[{"name":"wp","href":"https:\/\/api.w.org\/{rel}","templated":true}]}}