{"id":89,"date":"2021-02-09T12:09:19","date_gmt":"2021-02-09T12:09:19","guid":{"rendered":"https:\/\/www.bioethanolshop.nl\/?page_id=89"},"modified":"2023-08-09T11:49:35","modified_gmt":"2023-08-09T09:49:35","slug":"condizioni-duso","status":"publish","type":"page","link":"https:\/\/www.bioethanolshop.nl\/it\/gebruikersvoorwaarden\/","title":{"rendered":"Condizioni d'uso"},"content":{"rendered":"<div data-elementor-type=\"wp-page\" data-elementor-id=\"89\" class=\"elementor elementor-89\" data-elementor-post-type=\"page\">\n\t\t\t\t\t\t<section class=\"elementor-section elementor-top-section elementor-element elementor-element-21a62b1e elementor-section-boxed elementor-section-height-default elementor-section-height-default wd-section-disabled\" data-id=\"21a62b1e\" data-element_type=\"section\" data-e-type=\"section\">\n\t\t\t\t\t\t<div class=\"elementor-container elementor-column-gap-default\">\n\t\t\t\t\t<div class=\"elementor-column elementor-col-100 elementor-top-column elementor-element elementor-element-7da138d2\" data-id=\"7da138d2\" data-element_type=\"column\" data-e-type=\"column\">\n\t\t\t<div class=\"elementor-widget-wrap elementor-element-populated\">\n\t\t\t\t\t\t<div class=\"elementor-element elementor-element-6f324228 color-scheme-inherit text-left elementor-widget elementor-widget-text-editor\" data-id=\"6f324228\" data-element_type=\"widget\" data-e-type=\"widget\" data-widget_type=\"text-editor.default\">\n\t\t\t\t<div class=\"elementor-widget-container\">\n\t\t\t\t\t\t\t\t\t\n<ol class=\"wp-block-list\">\n<li><strong>Propriet\u00e0<\/strong><\/li>\n<\/ol>\n\n\n\n<p>Questo sito web \u00e8 di propriet\u00e0 di KBH B.V. (KvK 66830257), che opera sotto il nome di Bioethanolshop. Utilizzando questo sito web, l'utente dichiara di essere d'accordo con l'applicabilit\u00e0 di queste condizioni d'uso. Se non si desidera accettare queste condizioni d'uso (o una parte di esse) o non si accetta l'applicabilit\u00e0 di queste condizioni in qualsiasi altro modo, non \u00e8 consentito utilizzare questo sito web.<\/p>\n\n\n\n<ol class=\"wp-block-list\" start=\"2\">\n<li><strong>Usa<br><\/strong>Gli utenti non sono autorizzati a fare un uso improprio del sito web. Salvo autorizzazione scritta, le informazioni, i dati e i materiali di questo sito web non possono essere utilizzati per fornire servizi per o a terzi e non possono essere condivisi o resi accessibili a terzi. Questo implica, tra l'altro, che l'utente non \u00e8 autorizzato a utilizzare strumenti e\/o soluzioni soft e\/o hardware, o processi manuali di natura simile o analoga, che hanno come obiettivo quello di appropriarsi di qualsiasi informazione e dati resi accessibili attraverso il sito web (come lo 'screen scrapping' e\/o l'utilizzo di un robot, 'bot', 'spider', 'web crawler', eccetera). L'utente dovr\u00e0 inoltre astenersi dal creare o far creare link al sito web.<br><\/li>\n\n\n\n<li><strong>Propriet\u00e0 intellettuale<br><\/strong>Le informazioni, i dati, i materiali e il design di questo sito web, compresi i testi, i file di dati, le fotografie, i loghi e altro materiale visivo e sonoro (fisso e\/o in movimento) sono protetti da copyright, marchi, diritti di database e\/o altri diritti di propriet\u00e0 intellettuale. Nulla in queste condizioni d'uso \u00e8 inteso a trasferire all'utente alcun diritto di propriet\u00e0 intellettuale. Qualsiasi uso del sito web non espressamente permesso da queste condizioni e\/o qualsiasi riproduzione (incluso l'editing) e\/o pubblicazione del contenuto e del design del sito web costituisce una violazione dei diritti di propriet\u00e0 intellettuale di KBH BV e\/o di quelli della parte da cui \u00e8 stata ottenuta la licenza e non \u00e8 quindi permesso senza un precedente consenso scritto.<br><\/li>\n\n\n\n<li><strong>Responsabilit\u00e0<\/strong><br>Anche se KBH BV fa sforzi continui per mantenere le informazioni sul sito web affidabili, complete e aggiornate, non pu\u00f2 garantire che le informazioni siano corrette, complete e aggiornate.<br>KBH BV non \u00e8 responsabile per qualsiasi danno o perdita diretta o indiretta subita dall'utente o da qualsiasi terza parte derivante dall'uso di (le informazioni e i materiali) su questo sito web.<br><\/li>\n\n\n\n<li><strong>Cessioni intracomunitarie senza IVA<br><\/strong>Se si ordina all'interno dell'UE, ma al di fuori dei Paesi Bassi, \u00e8 possibile utilizzare un numero IVA valido (VAT-ID) per effettuare un ordine nel carrello e pagare senza IVA. Se il tuo numero di partita IVA \u00e8 convalidato, l'IVA non sar\u00e0 mostrata nel carrello e l'importo da pagare sar\u00e0 anche mostrato senza IVA nel checkout, sulla tua conferma d'ordine e sulla fattura corrispondente. Se il tuo numero di partita IVA NON viene convalidato nel carrello, ma desideri ricevere in seguito una fattura esente da IVA, c'\u00e8 un costo per questo. Questi costi sono di \u20ac 15,- IVA esclusa per ogni fattura o correzione da effettuare.<br><\/li>\n\n\n\n<li><strong>Altro<br><\/strong>L'uso del sito web e di questi termini e condizioni \u00e8 soggetto alla legge olandese. Tutte le controversie relative al sito web saranno sottoposte al tribunale distrettuale di Almelo, Paesi Bassi.<\/li>\n<\/ol>\n\t\t\t\t\t\t\t\t<\/div>\n\t\t\t\t<\/div>\n\t\t\t\t\t<\/div>\n\t\t<\/div>\n\t\t\t\t\t<\/div>\n\t\t<\/section>\n\t\t\t\t<\/div>","protected":false},"excerpt":{"rendered":"<p>Questo sito web \u00e8 di propriet\u00e0 di KBH B.V. (KvK 66830257), che opera con il nome di Bioethanolshop. Utilizzando questo<\/p>","protected":false},"author":1,"featured_media":0,"parent":0,"menu_order":900,"comment_status":"closed","ping_status":"closed","template":"","meta":{"_acf_changed":false,"footnotes":""},"class_list":["post-89","page","type-page","status-publish","hentry"],"acf":[],"yoast_head":"<!-- This site is optimized with the Yoast SEO Premium plugin v27.2 (Yoast SEO v27.2) - https:\/\/yoast.com\/product\/yoast-seo-premium-wordpress\/ -->\n<title>Gebruikersvoorwaarden | Bioethanolshop.nl<\/title>\n<meta name=\"robots\" content=\"index, follow, max-snippet:-1, max-image-preview:large, max-video-preview:-1\" \/>\n<link rel=\"canonical\" href=\"https:\/\/www.bioethanolshop.nl\/it\/condizioni-duso\/\" \/>\n<meta property=\"og:locale\" content=\"it_IT\" \/>\n<meta property=\"og:type\" content=\"article\" \/>\n<meta property=\"og:title\" content=\"Gebruikersvoorwaarden\" \/>\n<meta property=\"og:description\" content=\"Deze website is eigendom van KBH B.V. (KvK 66830257), ondermeer handelend onder de naam Bioethanolshop. Door het gebruik van deze\" \/>\n<meta property=\"og:url\" content=\"https:\/\/www.bioethanolshop.nl\/it\/condizioni-duso\/\" \/>\n<meta property=\"og:site_name\" content=\"Bioethanolshop.nl\" \/>\n<meta property=\"article:publisher\" content=\"https:\/\/www.facebook.com\/profile.php?id=100064154436458\" \/>\n<meta property=\"article:modified_time\" content=\"2023-08-09T09:49:35+00:00\" \/>\n<meta name=\"twitter:card\" content=\"summary_large_image\" \/>\n<meta name=\"twitter:label1\" content=\"Tempo di lettura stimato\" \/>\n\t<meta name=\"twitter:data1\" content=\"3 minuti\" \/>\n<!-- \/ Yoast SEO Premium plugin. -->","yoast_head_json":{"title":"Condizioni di utilizzo | Bioethanolshop.com","robots":{"index":"index","follow":"follow","max-snippet":"max-snippet:-1","max-image-preview":"max-image-preview:large","max-video-preview":"max-video-preview:-1"},"canonical":"https:\/\/www.bioethanolshop.nl\/it\/condizioni-duso\/","og_locale":"it_IT","og_type":"article","og_title":"Gebruikersvoorwaarden","og_description":"Deze website is eigendom van KBH B.V. (KvK 66830257), ondermeer handelend onder de naam Bioethanolshop. Door het gebruik van deze","og_url":"https:\/\/www.bioethanolshop.nl\/it\/condizioni-duso\/","og_site_name":"Bioethanolshop.nl","article_publisher":"https:\/\/www.facebook.com\/profile.php?id=100064154436458","article_modified_time":"2023-08-09T09:49:35+00:00","twitter_card":"summary_large_image","twitter_misc":{"Tempo di lettura stimato":"3 minuti"},"schema":{"@context":"https:\/\/schema.org","@graph":[{"@type":"WebPage","@id":"https:\/\/www.bioethanolshop.nl\/gebruikersvoorwaarden\/","url":"https:\/\/www.bioethanolshop.nl\/gebruikersvoorwaarden\/","name":"Condizioni di utilizzo | Bioethanolshop.com","isPartOf":{"@id":"https:\/\/www.bioethanolshop.nl\/en\/#website"},"datePublished":"2021-02-09T12:09:19+00:00","dateModified":"2023-08-09T09:49:35+00:00","breadcrumb":{"@id":"https:\/\/www.bioethanolshop.nl\/gebruikersvoorwaarden\/#breadcrumb"},"inLanguage":"it-IT","potentialAction":[{"@type":"ReadAction","target":["https:\/\/www.bioethanolshop.nl\/gebruikersvoorwaarden\/"]}]},{"@type":"BreadcrumbList","@id":"https:\/\/www.bioethanolshop.nl\/gebruikersvoorwaarden\/#breadcrumb","itemListElement":[{"@type":"ListItem","position":1,"name":"Home","item":"https:\/\/www.bioethanolshop.nl\/"},{"@type":"ListItem","position":2,"name":"Gebruikersvoorwaarden"}]},{"@type":"WebSite","@id":"https:\/\/www.bioethanolshop.nl\/en\/#website","url":"https:\/\/www.bioethanolshop.nl\/en\/","name":"Bioethanolshop.nl","description":"Il pi\u00f9 grande in bioetanolo e la migliore qualit\u00e0 di bioetanolo!","potentialAction":[{"@type":"SearchAction","target":{"@type":"EntryPoint","urlTemplate":"https:\/\/www.bioethanolshop.nl\/en\/?s={search_term_string}"},"query-input":{"@type":"PropertyValueSpecification","valueRequired":true,"valueName":"search_term_string"}}],"inLanguage":"it-IT"}]}},"_links":{"self":[{"href":"https:\/\/www.bioethanolshop.nl\/it\/wp-json\/wp\/v2\/pages\/89","targetHints":{"allow":["GET"]}}],"collection":[{"href":"https:\/\/www.bioethanolshop.nl\/it\/wp-json\/wp\/v2\/pages"}],"about":[{"href":"https:\/\/www.bioethanolshop.nl\/it\/wp-json\/wp\/v2\/types\/page"}],"author":[{"embeddable":true,"href":"https:\/\/www.bioethanolshop.nl\/it\/wp-json\/wp\/v2\/users\/1"}],"replies":[{"embeddable":true,"href":"https:\/\/www.bioethanolshop.nl\/it\/wp-json\/wp\/v2\/comments?post=89"}],"version-history":[{"count":3,"href":"https:\/\/www.bioethanolshop.nl\/it\/wp-json\/wp\/v2\/pages\/89\/revisions"}],"predecessor-version":[{"id":8345,"href":"https:\/\/www.bioethanolshop.nl\/it\/wp-json\/wp\/v2\/pages\/89\/revisions\/8345"}],"wp:attachment":[{"href":"https:\/\/www.bioethanolshop.nl\/it\/wp-json\/wp\/v2\/media?parent=89"}],"curies":[{"name":"wp","href":"https:\/\/api.w.org\/{rel}","templated":true}]}}